{"id":47,"date":"2023-10-28T16:31:06","date_gmt":"2023-10-28T16:31:06","guid":{"rendered":"https:\/\/dev.borgarbyggd.is\/odal\/?page_id=47"},"modified":"2025-09-10T10:05:36","modified_gmt":"2025-09-10T10:05:36","slug":"forsida","status":"publish","type":"page","link":"https:\/\/dev.borgarbyggd.is\/odal\/","title":{"rendered":"Fors\u00ed\u00f0a"},"content":{"rendered":"<h4><span style=\"color: #00658d;\">\u00d3\u00f0al er f\u00e9lagsmi\u00f0st\u00f6\u00f0 fyrir b\u00f6rn og unglinga \u00ed Borgarbygg\u00f0. F\u00e9lagsmi\u00f0st\u00f6\u00f0in er opin tvisvar \u00ed viku fyrir 8.-10. bekk og tvisvar \u00ed viku fyrir 5.-7. bekk.\u00a0<\/span><\/h4>\n<p>&nbsp;<\/p>\n<p>\u00d3\u00f0al er a\u00f0ili a\u00f0 <a href=\"http:\/\/www.samfes.is\">SAMF\u00c9S<\/a>, samt\u00f6kum f\u00e9lagsmi\u00f0st\u00f6\u00f0va. \u00cd \u00d3\u00f0ali starfar h\u00fasr\u00e1\u00f0 unglinga sem skipuleggur dagskr\u00e1 og vi\u00f0bur\u00f0i \u00ed samvinnu vi\u00f0 starfsf\u00f3lk. Me\u00f0al \u00e1rlegra vi\u00f0bur\u00f0a \u00ed \u00d3\u00f0ali m\u00e1 nefna \u00c6skul\u00fd\u00f0sballi\u00f0, S\u00f6ngkeppni \u00d3\u00f0als og h\u00f3pfer\u00f0 \u00e1 Samfestinginn. \u00c1 reglubundnum opnunum er bo\u00f0i\u00f0 upp \u00e1 alls kyns skemmtilega vi\u00f0bur\u00f0i, b\u00f6ll og opi\u00f0 h\u00fas.<\/p>\n","protected":false},"excerpt":{"rendered":"<p>\u00d3\u00f0al er f\u00e9lagsmi\u00f0st\u00f6\u00f0 fyrir b\u00f6rn og unglinga \u00ed Borgarbygg\u00f0. F\u00e9lagsmi\u00f0st\u00f6\u00f0in er opin tvisvar \u00ed viku fyrir 8.-10. bekk og tvisvar \u00ed viku fyrir 5.-7. bekk.\u00a0 &nbsp; \u00d3\u00f0al er a\u00f0ili a\u00f0 SAMF\u00c9S, samt\u00f6kum f\u00e9lagsmi\u00f0st\u00f6\u00f0va. \u00cd \u00d3\u00f0ali starfar h\u00fasr\u00e1\u00f0 unglinga sem skipuleggur dagskr\u00e1 og vi\u00f0bur\u00f0i \u00ed samvinnu vi\u00f0 starfsf\u00f3lk. Me\u00f0al \u00e1rlegra vi\u00f0bur\u00f0a \u00ed \u00d3\u00f0ali m\u00e1 nefna \u00c6skul\u00fd\u00f0sballi\u00f0, S\u00f6ngkeppni \u00d3\u00f0als og h\u00f3pfer\u00f0 \u00e1 &#8230; <\/p>\n<div><a href=\"https:\/\/dev.borgarbyggd.is\/odal\/\" class=\"more-link\">Read More<\/a><\/div>\n","protected":false},"author":1,"featured_media":118,"parent":0,"menu_order":2,"comment_status":"closed","ping_status":"closed","template":"","meta":{"_acf_changed":false,"footnotes":""},"class_list":["post-47","page","type-page","status-publish","has-post-thumbnail","hentry"],"acf":{"quickaccess":[{"takn":"search","title":"Vinnusk\u00f3li","url":"https:\/\/dev.borgarbyggd.is\/odal\/forsida\/vinnuskoli\/","description":"","tegund":"https:\/\/borgarbyggd.is\/stofnun\/odal\/sidur\/forsida\/vinnuskoli","skjol":false},{"takn":"home","title":"Opnunart\u00edmar 8.-10. bekkur","url":"https:\/\/dev.borgarbyggd.is\/odal\/8-10-bekkur\/opnunartimi\/","description":"","tegund":"","skjol":false},{"takn":"home","title":"Opnunart\u00edmar 5.-7. bekkur","url":"https:\/\/dev.borgarbyggd.is\/odal\/5-7-bekkur\/opnunartimi\/","description":"","tegund":"","skjol":false},{"takn":"search","title":"R\u00fatufer\u00f0ir","url":"https:\/\/dev.borgarbyggd.is\/odal\/8-10-bekkur\/rutuferdir\/","description":"","tegund":"","skjol":false},{"takn":"open_in_new","title":"Instagram s\u00ed\u00f0a","url":"","description":"","tegund":"https:\/\/www.instagram.com\/odal310\/","skjol":false},{"takn":"search","title":"Foreldras\u00ed\u00f0ur \u00e1 Facebook ","url":"https:\/\/dev.borgarbyggd.is\/odal\/forsida\/foreldrahopar-a-facebook\/","description":"","tegund":"","skjol":false}]},"yoast_head":"<!-- This site is optimized with the Yoast SEO plugin v24.0 - https:\/\/yoast.com\/wordpress\/plugins\/seo\/ -->\n<title>Fors\u00ed\u00f0a - \u00d3\u00f0al<\/title>\n<meta name=\"robots\" content=\"noindex, follow, max-snippet:-1, max-image-preview:large, max-video-preview:-1\" \/>\n<meta property=\"og:locale\" content=\"is_IS\" \/>\n<meta property=\"og:type\" content=\"article\" \/>\n<meta property=\"og:title\" content=\"Fors\u00ed\u00f0a - \u00d3\u00f0al\" \/>\n<meta property=\"og:description\" content=\"\u00d3\u00f0al er f\u00e9lagsmi\u00f0st\u00f6\u00f0 fyrir b\u00f6rn og unglinga \u00ed Borgarbygg\u00f0. F\u00e9lagsmi\u00f0st\u00f6\u00f0in er opin tvisvar \u00ed viku fyrir 8.-10. bekk og tvisvar \u00ed viku fyrir 5.-7. bekk.\u00a0 &nbsp; \u00d3\u00f0al er a\u00f0ili a\u00f0 SAMF\u00c9S, samt\u00f6kum f\u00e9lagsmi\u00f0st\u00f6\u00f0va. \u00cd \u00d3\u00f0ali starfar h\u00fasr\u00e1\u00f0 unglinga sem skipuleggur dagskr\u00e1 og vi\u00f0bur\u00f0i \u00ed samvinnu vi\u00f0 starfsf\u00f3lk. Me\u00f0al \u00e1rlegra vi\u00f0bur\u00f0a \u00ed \u00d3\u00f0ali m\u00e1 nefna \u00c6skul\u00fd\u00f0sballi\u00f0, S\u00f6ngkeppni \u00d3\u00f0als og h\u00f3pfer\u00f0 \u00e1 ... Read More\" \/>\n<meta property=\"og:url\" content=\"https:\/\/dev.borgarbyggd.is\/odal\/\" \/>\n<meta property=\"og:site_name\" content=\"\u00d3\u00f0al\" \/>\n<meta property=\"article:modified_time\" content=\"2025-09-10T10:05:36+00:00\" \/>\n<meta property=\"og:image\" content=\"https:\/\/dev.borgarbyggd.is\/odal\/wp-content\/uploads\/sites\/17\/2025\/03\/71b90ae8-ba5c-4e60-867c-c7de9f1ae82d.jpg\" \/>\n\t<meta property=\"og:image:width\" content=\"1024\" \/>\n\t<meta property=\"og:image:height\" content=\"768\" \/>\n\t<meta property=\"og:image:type\" content=\"image\/jpeg\" \/>\n<meta name=\"twitter:card\" content=\"summary_large_image\" \/>\n<meta name=\"twitter:label1\" content=\"Est. reading time\" \/>\n\t<meta name=\"twitter:data1\" content=\"1 minute\" \/>\n<script type=\"application\/ld+json\" class=\"yoast-schema-graph\">{\"@context\":\"https:\/\/schema.org\",\"@graph\":[{\"@type\":\"WebPage\",\"@id\":\"https:\/\/dev.borgarbyggd.is\/odal\/\",\"url\":\"https:\/\/dev.borgarbyggd.is\/odal\/\",\"name\":\"Fors\u00ed\u00f0a - \u00d3\u00f0al\",\"isPartOf\":{\"@id\":\"https:\/\/dev.borgarbyggd.is\/odal\/#website\"},\"primaryImageOfPage\":{\"@id\":\"https:\/\/dev.borgarbyggd.is\/odal\/#primaryimage\"},\"image\":{\"@id\":\"https:\/\/dev.borgarbyggd.is\/odal\/#primaryimage\"},\"thumbnailUrl\":\"https:\/\/dev.borgarbyggd.is\/odal\/wp-content\/uploads\/sites\/17\/2025\/03\/71b90ae8-ba5c-4e60-867c-c7de9f1ae82d.jpg\",\"datePublished\":\"2023-10-28T16:31:06+00:00\",\"dateModified\":\"2025-09-10T10:05:36+00:00\",\"breadcrumb\":{\"@id\":\"https:\/\/dev.borgarbyggd.is\/odal\/#breadcrumb\"},\"inLanguage\":\"is\",\"potentialAction\":[{\"@type\":\"ReadAction\",\"target\":[\"https:\/\/dev.borgarbyggd.is\/odal\/\"]}]},{\"@type\":\"ImageObject\",\"inLanguage\":\"is\",\"@id\":\"https:\/\/dev.borgarbyggd.is\/odal\/#primaryimage\",\"url\":\"https:\/\/dev.borgarbyggd.is\/odal\/wp-content\/uploads\/sites\/17\/2025\/03\/71b90ae8-ba5c-4e60-867c-c7de9f1ae82d.jpg\",\"contentUrl\":\"https:\/\/dev.borgarbyggd.is\/odal\/wp-content\/uploads\/sites\/17\/2025\/03\/71b90ae8-ba5c-4e60-867c-c7de9f1ae82d.jpg\",\"width\":1024,\"height\":768},{\"@type\":\"BreadcrumbList\",\"@id\":\"https:\/\/dev.borgarbyggd.is\/odal\/#breadcrumb\",\"itemListElement\":[{\"@type\":\"ListItem\",\"position\":1,\"name\":\"Home\",\"item\":\"https:\/\/dev.borgarbyggd.is\/odal\/\"},{\"@type\":\"ListItem\",\"position\":2,\"name\":\"Fors\u00ed\u00f0a\"}]},{\"@type\":\"WebSite\",\"@id\":\"https:\/\/dev.borgarbyggd.is\/odal\/#website\",\"url\":\"https:\/\/dev.borgarbyggd.is\/odal\/\",\"name\":\"\u00d3\u00f0al\",\"description\":\"\",\"potentialAction\":[{\"@type\":\"SearchAction\",\"target\":{\"@type\":\"EntryPoint\",\"urlTemplate\":\"https:\/\/dev.borgarbyggd.is\/odal\/?s={search_term_string}\"},\"query-input\":{\"@type\":\"PropertyValueSpecification\",\"valueRequired\":true,\"valueName\":\"search_term_string\"}}],\"inLanguage\":\"is\"}]}<\/script>\n<!-- \/ Yoast SEO plugin. -->","yoast_head_json":{"title":"Fors\u00ed\u00f0a - \u00d3\u00f0al","robots":{"index":"noindex","follow":"follow","max-snippet":"max-snippet:-1","max-image-preview":"max-image-preview:large","max-video-preview":"max-video-preview:-1"},"og_locale":"is_IS","og_type":"article","og_title":"Fors\u00ed\u00f0a - \u00d3\u00f0al","og_description":"\u00d3\u00f0al er f\u00e9lagsmi\u00f0st\u00f6\u00f0 fyrir b\u00f6rn og unglinga \u00ed Borgarbygg\u00f0. F\u00e9lagsmi\u00f0st\u00f6\u00f0in er opin tvisvar \u00ed viku fyrir 8.-10. bekk og tvisvar \u00ed viku fyrir 5.-7. bekk.\u00a0 &nbsp; \u00d3\u00f0al er a\u00f0ili a\u00f0 SAMF\u00c9S, samt\u00f6kum f\u00e9lagsmi\u00f0st\u00f6\u00f0va. \u00cd \u00d3\u00f0ali starfar h\u00fasr\u00e1\u00f0 unglinga sem skipuleggur dagskr\u00e1 og vi\u00f0bur\u00f0i \u00ed samvinnu vi\u00f0 starfsf\u00f3lk. Me\u00f0al \u00e1rlegra vi\u00f0bur\u00f0a \u00ed \u00d3\u00f0ali m\u00e1 nefna \u00c6skul\u00fd\u00f0sballi\u00f0, S\u00f6ngkeppni \u00d3\u00f0als og h\u00f3pfer\u00f0 \u00e1 ... Read More","og_url":"https:\/\/dev.borgarbyggd.is\/odal\/","og_site_name":"\u00d3\u00f0al","article_modified_time":"2025-09-10T10:05:36+00:00","og_image":[{"width":1024,"height":768,"url":"https:\/\/dev.borgarbyggd.is\/odal\/wp-content\/uploads\/sites\/17\/2025\/03\/71b90ae8-ba5c-4e60-867c-c7de9f1ae82d.jpg","type":"image\/jpeg"}],"twitter_card":"summary_large_image","twitter_misc":{"Est. reading time":"1 minute"},"schema":{"@context":"https:\/\/schema.org","@graph":[{"@type":"WebPage","@id":"https:\/\/dev.borgarbyggd.is\/odal\/","url":"https:\/\/dev.borgarbyggd.is\/odal\/","name":"Fors\u00ed\u00f0a - \u00d3\u00f0al","isPartOf":{"@id":"https:\/\/dev.borgarbyggd.is\/odal\/#website"},"primaryImageOfPage":{"@id":"https:\/\/dev.borgarbyggd.is\/odal\/#primaryimage"},"image":{"@id":"https:\/\/dev.borgarbyggd.is\/odal\/#primaryimage"},"thumbnailUrl":"https:\/\/dev.borgarbyggd.is\/odal\/wp-content\/uploads\/sites\/17\/2025\/03\/71b90ae8-ba5c-4e60-867c-c7de9f1ae82d.jpg","datePublished":"2023-10-28T16:31:06+00:00","dateModified":"2025-09-10T10:05:36+00:00","breadcrumb":{"@id":"https:\/\/dev.borgarbyggd.is\/odal\/#breadcrumb"},"inLanguage":"is","potentialAction":[{"@type":"ReadAction","target":["https:\/\/dev.borgarbyggd.is\/odal\/"]}]},{"@type":"ImageObject","inLanguage":"is","@id":"https:\/\/dev.borgarbyggd.is\/odal\/#primaryimage","url":"https:\/\/dev.borgarbyggd.is\/odal\/wp-content\/uploads\/sites\/17\/2025\/03\/71b90ae8-ba5c-4e60-867c-c7de9f1ae82d.jpg","contentUrl":"https:\/\/dev.borgarbyggd.is\/odal\/wp-content\/uploads\/sites\/17\/2025\/03\/71b90ae8-ba5c-4e60-867c-c7de9f1ae82d.jpg","width":1024,"height":768},{"@type":"BreadcrumbList","@id":"https:\/\/dev.borgarbyggd.is\/odal\/#breadcrumb","itemListElement":[{"@type":"ListItem","position":1,"name":"Home","item":"https:\/\/dev.borgarbyggd.is\/odal\/"},{"@type":"ListItem","position":2,"name":"Fors\u00ed\u00f0a"}]},{"@type":"WebSite","@id":"https:\/\/dev.borgarbyggd.is\/odal\/#website","url":"https:\/\/dev.borgarbyggd.is\/odal\/","name":"\u00d3\u00f0al","description":"","potentialAction":[{"@type":"SearchAction","target":{"@type":"EntryPoint","urlTemplate":"https:\/\/dev.borgarbyggd.is\/odal\/?s={search_term_string}"},"query-input":{"@type":"PropertyValueSpecification","valueRequired":true,"valueName":"search_term_string"}}],"inLanguage":"is"}]}},"_links":{"self":[{"href":"https:\/\/dev.borgarbyggd.is\/odal\/wp-json\/wp\/v2\/pages\/47","targetHints":{"allow":["GET"]}}],"collection":[{"href":"https:\/\/dev.borgarbyggd.is\/odal\/wp-json\/wp\/v2\/pages"}],"about":[{"href":"https:\/\/dev.borgarbyggd.is\/odal\/wp-json\/wp\/v2\/types\/page"}],"author":[{"embeddable":true,"href":"https:\/\/dev.borgarbyggd.is\/odal\/wp-json\/wp\/v2\/users\/1"}],"replies":[{"embeddable":true,"href":"https:\/\/dev.borgarbyggd.is\/odal\/wp-json\/wp\/v2\/comments?post=47"}],"version-history":[{"count":0,"href":"https:\/\/dev.borgarbyggd.is\/odal\/wp-json\/wp\/v2\/pages\/47\/revisions"}],"wp:featuredmedia":[{"embeddable":true,"href":"https:\/\/dev.borgarbyggd.is\/odal\/wp-json\/wp\/v2\/media\/118"}],"wp:attachment":[{"href":"https:\/\/dev.borgarbyggd.is\/odal\/wp-json\/wp\/v2\/media?parent=47"}],"curies":[{"name":"wp","href":"https:\/\/api.w.org\/{rel}","templated":true}]}}