{"id":42,"date":"2023-10-27T13:54:30","date_gmt":"2023-10-27T13:54:30","guid":{"rendered":"https:\/\/dev.borgarbyggd.is\/odal\/?page_id=42"},"modified":"2025-03-18T16:54:36","modified_gmt":"2025-03-18T16:54:36","slug":"um-felagsmidstodina-odal","status":"publish","type":"page","link":"https:\/\/dev.borgarbyggd.is\/odal\/um-felagsmidstodina-odal\/","title":{"rendered":"Um f\u00e9lagsmi\u00f0st\u00f6\u00f0ina \u00d3\u00f0al"},"content":{"rendered":"<p><span style=\"color: #000000\">\u00cd Borgarbygg\u00f0 er starfr\u00e6kt ein f\u00e9lagsmi\u00f0st\u00f6\u00f0 fyrir 10-16 \u00e1ra b\u00f6rn og ungmenni \u00ed sveitarf\u00e9laginu. F\u00e9lagsmi\u00f0st\u00f6\u00f0in \u00d3\u00f0al er sta\u00f0sett \u00ed Borgarnesi \u00e1 Gunnlaugsg\u00f6tu 8b.<\/span><\/p>\n<p><span style=\"color: #000000\"><strong><u>Fyrir hva\u00f0 stendur f\u00e9lagsmi\u00f0st\u00f6\u00f0in?\u00a0<\/u><\/strong><\/span><\/p>\n<p><span style=\"color: #000000\">Starf \u00e1 vegum f\u00e9lagsmi\u00f0st\u00f6\u00f0va er \u00ed e\u00f0li s\u00ednu forvarnarstarf sem unni\u00f0 er me\u00f0 vi\u00f0horf og atferli unglinga \u00ed \u00e1tt til heilbrig\u00f0s l\u00edfsst\u00edls og virkni \u00ed samf\u00e9laginu. F\u00e9lagsmi\u00f0st\u00f6\u00f0varstarfinu er jafnframt \u00e6tla\u00f0 a\u00f0 sty\u00f0ja vi\u00f0 f\u00e9lagsf\u00e6rni, sj\u00e1lfseflingu, sk\u00f6pun og heilbrig\u00f0i. \u00de\u00e1tttaka \u00ed skipul\u00f6g\u00f0u fr\u00edstundastarfi \u00ed umsj\u00e1 fagf\u00f3lks \u00ed \u00f6ruggu umhverfi hefur miki\u00f0 forvarnargildi. Me\u00f0 \u00fev\u00ed a\u00f0 bj\u00f3\u00f0a b\u00f6rnum og ungmennum upp \u00e1 j\u00e1kv\u00e6\u00f0 vi\u00f0fangsefni \u00ed fr\u00edt\u00edmanum me\u00f0 j\u00e1kv\u00e6\u00f0um fyrirmyndum aukast l\u00edkur \u00e1 \u00fev\u00ed a\u00f0 \u00feau kj\u00f3si heilbrig\u00f0an l\u00edfsst\u00edl og for\u00f0ist \u00e1h\u00e6ttuheg\u00f0un. \u00cd f\u00e9lagsmi\u00f0st\u00f6\u00f0vastarfi er l\u00f6g\u00f0 \u00e1hersla \u00e1 forvarnir gegn \u00f3\u00e6skilegri heg\u00f0un en \u00ed \u00feeim reglum sem gilda \u00ed starfi \u00d3\u00f0als er sk\u00fdr afsta\u00f0a tekin gegn allri v\u00edmuefnaneyslu og neyslu orkudrykkja sem og annarri neikv\u00e6\u00f0ri og \u00f3\u00e6skilegri heg\u00f0un.<\/span><\/p>\n<p><span style=\"color: #000000\"><strong><u>Hva\u00f0 b\u00fd\u00f0ur \u00d3\u00f0al upp \u00e1?\u00a0<\/u><\/strong><\/span><\/p>\n<p><span style=\"color: #000000\">\u00cd \u00d3\u00f0ali er bo\u00f0i\u00f0 upp \u00e1 uppbyggilegt f\u00e9lagsstarf fyrir 10-16 \u00e1ra b\u00f6rn og unglinga \u00ed Borgarbygg\u00f0. \u00c1hersla er \u00e1 fj\u00f6lbreytt vi\u00f0fangsefni svo a\u00f0 \u00f6ll geti fundi\u00f0 eitthva\u00f0 vi\u00f0 sitt h\u00e6fi. Unni\u00f0 er \u00ed kl\u00fabbum, s\u00e9rt\u00e6ku h\u00f3pastarfi, opnu starfi og t\u00edmabundnum verkefnum. Vi\u00f0 leggjum \u00e1herslu \u00e1 virkt barnal\u00fd\u00f0r\u00e6\u00f0i \u00ed f\u00e9lagsmi\u00f0st\u00f6\u00f0inni og s\u00e9r h\u00fasr\u00e1\u00f0 \u00d3\u00f0als um a\u00f0 setja upp dagskr\u00e1 og skipuleggja vi\u00f0bur\u00f0i \u00ed samstarfi vi\u00f0 starfsf\u00f3lk. Me\u00f0al \u00e1rlegra vi\u00f0bur\u00f0a m\u00e1 nefna \u00c6skul\u00fd\u00f0sballi\u00f0, S\u00f6ngkeppni \u00d3\u00f0als og h\u00f3pfer\u00f0 \u00e1 SamFestinginn, uppskeruh\u00e1t\u00ed\u00f0 f\u00e9lagsmi\u00f0st\u00f6\u00f0va.<\/span><\/p>\n","protected":false},"excerpt":{"rendered":"<p>\u00cd Borgarbygg\u00f0 er starfr\u00e6kt ein f\u00e9lagsmi\u00f0st\u00f6\u00f0 fyrir 10-16 \u00e1ra b\u00f6rn og ungmenni \u00ed sveitarf\u00e9laginu. F\u00e9lagsmi\u00f0st\u00f6\u00f0in \u00d3\u00f0al er sta\u00f0sett \u00ed Borgarnesi \u00e1 Gunnlaugsg\u00f6tu 8b. Fyrir hva\u00f0 stendur f\u00e9lagsmi\u00f0st\u00f6\u00f0in?\u00a0 Starf \u00e1 vegum f\u00e9lagsmi\u00f0st\u00f6\u00f0va er \u00ed e\u00f0li s\u00ednu forvarnarstarf sem unni\u00f0 er me\u00f0 vi\u00f0horf og atferli unglinga \u00ed \u00e1tt til heilbrig\u00f0s l\u00edfsst\u00edls og virkni \u00ed samf\u00e9laginu. F\u00e9lagsmi\u00f0st\u00f6\u00f0varstarfinu er jafnframt \u00e6tla\u00f0 a\u00f0 sty\u00f0ja vi\u00f0 &#8230; <\/p>\n<div><a href=\"https:\/\/dev.borgarbyggd.is\/odal\/um-felagsmidstodina-odal\/\" class=\"more-link\">Read More<\/a><\/div>\n","protected":false},"author":4,"featured_media":118,"parent":0,"menu_order":0,"comment_status":"closed","ping_status":"closed","template":"","meta":{"_acf_changed":false,"footnotes":""},"class_list":["post-42","page","type-page","status-publish","has-post-thumbnail","hentry"],"acf":{"quickaccess":false},"yoast_head":"<!-- This site is optimized with the Yoast SEO plugin v24.0 - https:\/\/yoast.com\/wordpress\/plugins\/seo\/ -->\n<title>Um f\u00e9lagsmi\u00f0st\u00f6\u00f0ina \u00d3\u00f0al - \u00d3\u00f0al<\/title>\n<meta name=\"robots\" content=\"noindex, follow, max-snippet:-1, max-image-preview:large, max-video-preview:-1\" \/>\n<meta property=\"og:locale\" content=\"is_IS\" \/>\n<meta property=\"og:type\" content=\"article\" \/>\n<meta property=\"og:title\" content=\"Um f\u00e9lagsmi\u00f0st\u00f6\u00f0ina \u00d3\u00f0al - \u00d3\u00f0al\" \/>\n<meta property=\"og:description\" content=\"\u00cd Borgarbygg\u00f0 er starfr\u00e6kt ein f\u00e9lagsmi\u00f0st\u00f6\u00f0 fyrir 10-16 \u00e1ra b\u00f6rn og ungmenni \u00ed sveitarf\u00e9laginu. F\u00e9lagsmi\u00f0st\u00f6\u00f0in \u00d3\u00f0al er sta\u00f0sett \u00ed Borgarnesi \u00e1 Gunnlaugsg\u00f6tu 8b. Fyrir hva\u00f0 stendur f\u00e9lagsmi\u00f0st\u00f6\u00f0in?\u00a0 Starf \u00e1 vegum f\u00e9lagsmi\u00f0st\u00f6\u00f0va er \u00ed e\u00f0li s\u00ednu forvarnarstarf sem unni\u00f0 er me\u00f0 vi\u00f0horf og atferli unglinga \u00ed \u00e1tt til heilbrig\u00f0s l\u00edfsst\u00edls og virkni \u00ed samf\u00e9laginu. F\u00e9lagsmi\u00f0st\u00f6\u00f0varstarfinu er jafnframt \u00e6tla\u00f0 a\u00f0 sty\u00f0ja vi\u00f0 ... Read More\" \/>\n<meta property=\"og:url\" content=\"https:\/\/dev.borgarbyggd.is\/odal\/um-felagsmidstodina-odal\/\" \/>\n<meta property=\"og:site_name\" content=\"\u00d3\u00f0al\" \/>\n<meta property=\"article:modified_time\" content=\"2025-03-18T16:54:36+00:00\" \/>\n<meta property=\"og:image\" content=\"https:\/\/dev.borgarbyggd.is\/odal\/wp-content\/uploads\/sites\/17\/2025\/03\/71b90ae8-ba5c-4e60-867c-c7de9f1ae82d.jpg\" \/>\n\t<meta property=\"og:image:width\" content=\"1024\" \/>\n\t<meta property=\"og:image:height\" content=\"768\" \/>\n\t<meta property=\"og:image:type\" content=\"image\/jpeg\" \/>\n<meta name=\"twitter:card\" content=\"summary_large_image\" \/>\n<meta name=\"twitter:label1\" content=\"Est. reading time\" \/>\n\t<meta name=\"twitter:data1\" content=\"2 minutes\" \/>\n<script type=\"application\/ld+json\" class=\"yoast-schema-graph\">{\"@context\":\"https:\/\/schema.org\",\"@graph\":[{\"@type\":\"WebPage\",\"@id\":\"https:\/\/dev.borgarbyggd.is\/odal\/um-felagsmidstodina-odal\/\",\"url\":\"https:\/\/dev.borgarbyggd.is\/odal\/um-felagsmidstodina-odal\/\",\"name\":\"Um f\u00e9lagsmi\u00f0st\u00f6\u00f0ina \u00d3\u00f0al - \u00d3\u00f0al\",\"isPartOf\":{\"@id\":\"https:\/\/dev.borgarbyggd.is\/odal\/#website\"},\"primaryImageOfPage\":{\"@id\":\"https:\/\/dev.borgarbyggd.is\/odal\/um-felagsmidstodina-odal\/#primaryimage\"},\"image\":{\"@id\":\"https:\/\/dev.borgarbyggd.is\/odal\/um-felagsmidstodina-odal\/#primaryimage\"},\"thumbnailUrl\":\"https:\/\/dev.borgarbyggd.is\/odal\/wp-content\/uploads\/sites\/17\/2025\/03\/71b90ae8-ba5c-4e60-867c-c7de9f1ae82d.jpg\",\"datePublished\":\"2023-10-27T13:54:30+00:00\",\"dateModified\":\"2025-03-18T16:54:36+00:00\",\"breadcrumb\":{\"@id\":\"https:\/\/dev.borgarbyggd.is\/odal\/um-felagsmidstodina-odal\/#breadcrumb\"},\"inLanguage\":\"is\",\"potentialAction\":[{\"@type\":\"ReadAction\",\"target\":[\"https:\/\/dev.borgarbyggd.is\/odal\/um-felagsmidstodina-odal\/\"]}]},{\"@type\":\"ImageObject\",\"inLanguage\":\"is\",\"@id\":\"https:\/\/dev.borgarbyggd.is\/odal\/um-felagsmidstodina-odal\/#primaryimage\",\"url\":\"https:\/\/dev.borgarbyggd.is\/odal\/wp-content\/uploads\/sites\/17\/2025\/03\/71b90ae8-ba5c-4e60-867c-c7de9f1ae82d.jpg\",\"contentUrl\":\"https:\/\/dev.borgarbyggd.is\/odal\/wp-content\/uploads\/sites\/17\/2025\/03\/71b90ae8-ba5c-4e60-867c-c7de9f1ae82d.jpg\",\"width\":1024,\"height\":768},{\"@type\":\"BreadcrumbList\",\"@id\":\"https:\/\/dev.borgarbyggd.is\/odal\/um-felagsmidstodina-odal\/#breadcrumb\",\"itemListElement\":[{\"@type\":\"ListItem\",\"position\":1,\"name\":\"Home\",\"item\":\"https:\/\/dev.borgarbyggd.is\/odal\/\"},{\"@type\":\"ListItem\",\"position\":2,\"name\":\"Um f\u00e9lagsmi\u00f0st\u00f6\u00f0ina \u00d3\u00f0al\"}]},{\"@type\":\"WebSite\",\"@id\":\"https:\/\/dev.borgarbyggd.is\/odal\/#website\",\"url\":\"https:\/\/dev.borgarbyggd.is\/odal\/\",\"name\":\"\u00d3\u00f0al\",\"description\":\"\",\"potentialAction\":[{\"@type\":\"SearchAction\",\"target\":{\"@type\":\"EntryPoint\",\"urlTemplate\":\"https:\/\/dev.borgarbyggd.is\/odal\/?s={search_term_string}\"},\"query-input\":{\"@type\":\"PropertyValueSpecification\",\"valueRequired\":true,\"valueName\":\"search_term_string\"}}],\"inLanguage\":\"is\"}]}<\/script>\n<!-- \/ Yoast SEO plugin. -->","yoast_head_json":{"title":"Um f\u00e9lagsmi\u00f0st\u00f6\u00f0ina \u00d3\u00f0al - \u00d3\u00f0al","robots":{"index":"noindex","follow":"follow","max-snippet":"max-snippet:-1","max-image-preview":"max-image-preview:large","max-video-preview":"max-video-preview:-1"},"og_locale":"is_IS","og_type":"article","og_title":"Um f\u00e9lagsmi\u00f0st\u00f6\u00f0ina \u00d3\u00f0al - \u00d3\u00f0al","og_description":"\u00cd Borgarbygg\u00f0 er starfr\u00e6kt ein f\u00e9lagsmi\u00f0st\u00f6\u00f0 fyrir 10-16 \u00e1ra b\u00f6rn og ungmenni \u00ed sveitarf\u00e9laginu. F\u00e9lagsmi\u00f0st\u00f6\u00f0in \u00d3\u00f0al er sta\u00f0sett \u00ed Borgarnesi \u00e1 Gunnlaugsg\u00f6tu 8b. Fyrir hva\u00f0 stendur f\u00e9lagsmi\u00f0st\u00f6\u00f0in?\u00a0 Starf \u00e1 vegum f\u00e9lagsmi\u00f0st\u00f6\u00f0va er \u00ed e\u00f0li s\u00ednu forvarnarstarf sem unni\u00f0 er me\u00f0 vi\u00f0horf og atferli unglinga \u00ed \u00e1tt til heilbrig\u00f0s l\u00edfsst\u00edls og virkni \u00ed samf\u00e9laginu. F\u00e9lagsmi\u00f0st\u00f6\u00f0varstarfinu er jafnframt \u00e6tla\u00f0 a\u00f0 sty\u00f0ja vi\u00f0 ... Read More","og_url":"https:\/\/dev.borgarbyggd.is\/odal\/um-felagsmidstodina-odal\/","og_site_name":"\u00d3\u00f0al","article_modified_time":"2025-03-18T16:54:36+00:00","og_image":[{"width":1024,"height":768,"url":"https:\/\/dev.borgarbyggd.is\/odal\/wp-content\/uploads\/sites\/17\/2025\/03\/71b90ae8-ba5c-4e60-867c-c7de9f1ae82d.jpg","type":"image\/jpeg"}],"twitter_card":"summary_large_image","twitter_misc":{"Est. reading time":"2 minutes"},"schema":{"@context":"https:\/\/schema.org","@graph":[{"@type":"WebPage","@id":"https:\/\/dev.borgarbyggd.is\/odal\/um-felagsmidstodina-odal\/","url":"https:\/\/dev.borgarbyggd.is\/odal\/um-felagsmidstodina-odal\/","name":"Um f\u00e9lagsmi\u00f0st\u00f6\u00f0ina \u00d3\u00f0al - \u00d3\u00f0al","isPartOf":{"@id":"https:\/\/dev.borgarbyggd.is\/odal\/#website"},"primaryImageOfPage":{"@id":"https:\/\/dev.borgarbyggd.is\/odal\/um-felagsmidstodina-odal\/#primaryimage"},"image":{"@id":"https:\/\/dev.borgarbyggd.is\/odal\/um-felagsmidstodina-odal\/#primaryimage"},"thumbnailUrl":"https:\/\/dev.borgarbyggd.is\/odal\/wp-content\/uploads\/sites\/17\/2025\/03\/71b90ae8-ba5c-4e60-867c-c7de9f1ae82d.jpg","datePublished":"2023-10-27T13:54:30+00:00","dateModified":"2025-03-18T16:54:36+00:00","breadcrumb":{"@id":"https:\/\/dev.borgarbyggd.is\/odal\/um-felagsmidstodina-odal\/#breadcrumb"},"inLanguage":"is","potentialAction":[{"@type":"ReadAction","target":["https:\/\/dev.borgarbyggd.is\/odal\/um-felagsmidstodina-odal\/"]}]},{"@type":"ImageObject","inLanguage":"is","@id":"https:\/\/dev.borgarbyggd.is\/odal\/um-felagsmidstodina-odal\/#primaryimage","url":"https:\/\/dev.borgarbyggd.is\/odal\/wp-content\/uploads\/sites\/17\/2025\/03\/71b90ae8-ba5c-4e60-867c-c7de9f1ae82d.jpg","contentUrl":"https:\/\/dev.borgarbyggd.is\/odal\/wp-content\/uploads\/sites\/17\/2025\/03\/71b90ae8-ba5c-4e60-867c-c7de9f1ae82d.jpg","width":1024,"height":768},{"@type":"BreadcrumbList","@id":"https:\/\/dev.borgarbyggd.is\/odal\/um-felagsmidstodina-odal\/#breadcrumb","itemListElement":[{"@type":"ListItem","position":1,"name":"Home","item":"https:\/\/dev.borgarbyggd.is\/odal\/"},{"@type":"ListItem","position":2,"name":"Um f\u00e9lagsmi\u00f0st\u00f6\u00f0ina \u00d3\u00f0al"}]},{"@type":"WebSite","@id":"https:\/\/dev.borgarbyggd.is\/odal\/#website","url":"https:\/\/dev.borgarbyggd.is\/odal\/","name":"\u00d3\u00f0al","description":"","potentialAction":[{"@type":"SearchAction","target":{"@type":"EntryPoint","urlTemplate":"https:\/\/dev.borgarbyggd.is\/odal\/?s={search_term_string}"},"query-input":{"@type":"PropertyValueSpecification","valueRequired":true,"valueName":"search_term_string"}}],"inLanguage":"is"}]}},"_links":{"self":[{"href":"https:\/\/dev.borgarbyggd.is\/odal\/wp-json\/wp\/v2\/pages\/42","targetHints":{"allow":["GET"]}}],"collection":[{"href":"https:\/\/dev.borgarbyggd.is\/odal\/wp-json\/wp\/v2\/pages"}],"about":[{"href":"https:\/\/dev.borgarbyggd.is\/odal\/wp-json\/wp\/v2\/types\/page"}],"author":[{"embeddable":true,"href":"https:\/\/dev.borgarbyggd.is\/odal\/wp-json\/wp\/v2\/users\/4"}],"replies":[{"embeddable":true,"href":"https:\/\/dev.borgarbyggd.is\/odal\/wp-json\/wp\/v2\/comments?post=42"}],"version-history":[{"count":0,"href":"https:\/\/dev.borgarbyggd.is\/odal\/wp-json\/wp\/v2\/pages\/42\/revisions"}],"wp:featuredmedia":[{"embeddable":true,"href":"https:\/\/dev.borgarbyggd.is\/odal\/wp-json\/wp\/v2\/media\/118"}],"wp:attachment":[{"href":"https:\/\/dev.borgarbyggd.is\/odal\/wp-json\/wp\/v2\/media?parent=42"}],"curies":[{"name":"wp","href":"https:\/\/api.w.org\/{rel}","templated":true}]}}