{"id":40,"date":"2023-10-27T13:53:48","date_gmt":"2023-10-27T13:53:48","guid":{"rendered":"https:\/\/dev.borgarbyggd.is\/odal\/?page_id=40"},"modified":"2025-03-18T14:04:27","modified_gmt":"2025-03-18T14:04:27","slug":"rutuferdir","status":"publish","type":"page","link":"https:\/\/dev.borgarbyggd.is\/odal\/8-10-bekkur\/rutuferdir\/","title":{"rendered":"R\u00fatufer\u00f0ir"},"content":{"rendered":"<p><span class=\"ui-provider a b c d e f g h i j k l m n o p q r s t u v w x y z ab ac ae af ag ah ai aj ak\" dir=\"ltr\">Bo\u00f0i\u00f0 er upp \u00e1 r\u00fatu heim \u00far \u00d3\u00f0ali einu sinni \u00ed viku fyrir unglinga utan Borgarness. R\u00faturnar keyra GBF hringinn (Hvanneyri, Kleppj\u00e1rnsreykir, Varmaland, Bifr\u00f6st) og einnig fer b\u00edll \u00e1 M\u00fdrarnar sem stoppar vi\u00f0 afleggjara upp a\u00f0 b\u00e6jum \u00e1 \u00fej\u00f3\u00f0veginum.<\/span><\/p>\n<p><span class=\"ui-provider a b c d e f g h i j k l m n o p q r s t u v w x y z ab ac ae af ag ah ai aj ak\" dir=\"ltr\">Nau\u00f0synlegt er a\u00f0 skr\u00e1 sig \u00ed r\u00fatu. Skr\u00e1ning fer fram vikulega \u00ed gegnum Abler.<\/span><\/p>\n<p><span class=\"ui-provider a b c d e f g h i j k l m n o p q r s t u v w x y z ab ac ae af ag ah ai aj ak\" dir=\"ltr\">Ekki er rukka\u00f0 gjald fyrir fyrir r\u00fatufer\u00f0irnar.\u00a0\u00a0<\/span><\/p>\n<p><strong>Lei\u00f0beiningar fyrir Abler<\/strong><\/p>\n<ul>\n<li>Heims\u00e6ki\u00f0 vefverslun Abler <a href=\"https:\/\/www.abler.io\/shop\/borgarbyggd\/odal\/\">h\u00e9r<\/a><\/li>\n<li>Velji\u00f0 r\u00e9ttan aldursh\u00f3p (mi\u00f0stig e\u00f0a unglingastig)<\/li>\n<li>Starfsf\u00f3lk \u00fearf svo a\u00f0 b\u00e6ta unglingi vi\u00f0 h\u00f3p sem getur skr\u00e1\u00f0 sig \u00ed r\u00fatur heim. Sendi\u00f0 skilabo\u00f0 \u00e1 starfsf\u00f3lk \u00ed gegnum Abler e\u00f0a t\u00f6lvup\u00f3st \u00e1 odal@borgarbyggd.is og \u00f3ski\u00f0 eftir a\u00f0 b\u00e6ta vi\u00f0komandi vi\u00f0 M\u00fdrar e\u00f0a GBF.<\/li>\n<li>N\u00fa geti\u00f0 \u00fei\u00f0 skr\u00e1\u00f0 ykkur \u00ed r\u00fatur heim!<\/li>\n<\/ul>\n","protected":false},"excerpt":{"rendered":"<p>Bo\u00f0i\u00f0 er upp \u00e1 r\u00fatu heim \u00far \u00d3\u00f0ali einu sinni \u00ed viku fyrir unglinga utan Borgarness. R\u00faturnar keyra GBF hringinn (Hvanneyri, Kleppj\u00e1rnsreykir, Varmaland, Bifr\u00f6st) og einnig fer b\u00edll \u00e1 M\u00fdrarnar sem stoppar vi\u00f0 afleggjara upp a\u00f0 b\u00e6jum \u00e1 \u00fej\u00f3\u00f0veginum. Nau\u00f0synlegt er a\u00f0 skr\u00e1 sig \u00ed r\u00fatu. Skr\u00e1ning fer fram vikulega \u00ed gegnum Abler. Ekki er rukka\u00f0 gjald fyrir fyrir r\u00fatufer\u00f0irnar.\u00a0\u00a0 &#8230; <\/p>\n<div><a href=\"https:\/\/dev.borgarbyggd.is\/odal\/8-10-bekkur\/rutuferdir\/\" class=\"more-link\">Read More<\/a><\/div>\n","protected":false},"author":4,"featured_media":0,"parent":37,"menu_order":0,"comment_status":"closed","ping_status":"closed","template":"","meta":{"_acf_changed":false,"footnotes":""},"class_list":["post-40","page","type-page","status-publish","hentry","no-post-thumbnail"],"acf":{"quickaccess":false},"yoast_head":"<!-- This site is optimized with the Yoast SEO plugin v24.0 - https:\/\/yoast.com\/wordpress\/plugins\/seo\/ -->\n<title>R\u00fatufer\u00f0ir - \u00d3\u00f0al<\/title>\n<meta name=\"robots\" content=\"noindex, follow, max-snippet:-1, max-image-preview:large, max-video-preview:-1\" \/>\n<meta property=\"og:locale\" content=\"is_IS\" \/>\n<meta property=\"og:type\" content=\"article\" \/>\n<meta property=\"og:title\" content=\"R\u00fatufer\u00f0ir - \u00d3\u00f0al\" \/>\n<meta property=\"og:description\" content=\"Bo\u00f0i\u00f0 er upp \u00e1 r\u00fatu heim \u00far \u00d3\u00f0ali einu sinni \u00ed viku fyrir unglinga utan Borgarness. R\u00faturnar keyra GBF hringinn (Hvanneyri, Kleppj\u00e1rnsreykir, Varmaland, Bifr\u00f6st) og einnig fer b\u00edll \u00e1 M\u00fdrarnar sem stoppar vi\u00f0 afleggjara upp a\u00f0 b\u00e6jum \u00e1 \u00fej\u00f3\u00f0veginum. Nau\u00f0synlegt er a\u00f0 skr\u00e1 sig \u00ed r\u00fatu. Skr\u00e1ning fer fram vikulega \u00ed gegnum Abler. Ekki er rukka\u00f0 gjald fyrir fyrir r\u00fatufer\u00f0irnar.\u00a0\u00a0 ... Read More\" \/>\n<meta property=\"og:url\" content=\"https:\/\/dev.borgarbyggd.is\/odal\/8-10-bekkur\/rutuferdir\/\" \/>\n<meta property=\"og:site_name\" content=\"\u00d3\u00f0al\" \/>\n<meta property=\"article:modified_time\" content=\"2025-03-18T14:04:27+00:00\" \/>\n<meta name=\"twitter:card\" content=\"summary_large_image\" \/>\n<meta name=\"twitter:label1\" content=\"Est. reading time\" \/>\n\t<meta name=\"twitter:data1\" content=\"1 minute\" \/>\n<script type=\"application\/ld+json\" class=\"yoast-schema-graph\">{\"@context\":\"https:\/\/schema.org\",\"@graph\":[{\"@type\":\"WebPage\",\"@id\":\"https:\/\/dev.borgarbyggd.is\/odal\/8-10-bekkur\/rutuferdir\/\",\"url\":\"https:\/\/dev.borgarbyggd.is\/odal\/8-10-bekkur\/rutuferdir\/\",\"name\":\"R\u00fatufer\u00f0ir - \u00d3\u00f0al\",\"isPartOf\":{\"@id\":\"https:\/\/dev.borgarbyggd.is\/odal\/#website\"},\"datePublished\":\"2023-10-27T13:53:48+00:00\",\"dateModified\":\"2025-03-18T14:04:27+00:00\",\"breadcrumb\":{\"@id\":\"https:\/\/dev.borgarbyggd.is\/odal\/8-10-bekkur\/rutuferdir\/#breadcrumb\"},\"inLanguage\":\"is\",\"potentialAction\":[{\"@type\":\"ReadAction\",\"target\":[\"https:\/\/dev.borgarbyggd.is\/odal\/8-10-bekkur\/rutuferdir\/\"]}]},{\"@type\":\"BreadcrumbList\",\"@id\":\"https:\/\/dev.borgarbyggd.is\/odal\/8-10-bekkur\/rutuferdir\/#breadcrumb\",\"itemListElement\":[{\"@type\":\"ListItem\",\"position\":1,\"name\":\"Home\",\"item\":\"https:\/\/dev.borgarbyggd.is\/odal\/\"},{\"@type\":\"ListItem\",\"position\":2,\"name\":\"8.-10. bekkur\",\"item\":\"https:\/\/dev.borgarbyggd.is\/odal\/8-10-bekkur\/\"},{\"@type\":\"ListItem\",\"position\":3,\"name\":\"R\u00fatufer\u00f0ir\"}]},{\"@type\":\"WebSite\",\"@id\":\"https:\/\/dev.borgarbyggd.is\/odal\/#website\",\"url\":\"https:\/\/dev.borgarbyggd.is\/odal\/\",\"name\":\"\u00d3\u00f0al\",\"description\":\"\",\"potentialAction\":[{\"@type\":\"SearchAction\",\"target\":{\"@type\":\"EntryPoint\",\"urlTemplate\":\"https:\/\/dev.borgarbyggd.is\/odal\/?s={search_term_string}\"},\"query-input\":{\"@type\":\"PropertyValueSpecification\",\"valueRequired\":true,\"valueName\":\"search_term_string\"}}],\"inLanguage\":\"is\"}]}<\/script>\n<!-- \/ Yoast SEO plugin. -->","yoast_head_json":{"title":"R\u00fatufer\u00f0ir - \u00d3\u00f0al","robots":{"index":"noindex","follow":"follow","max-snippet":"max-snippet:-1","max-image-preview":"max-image-preview:large","max-video-preview":"max-video-preview:-1"},"og_locale":"is_IS","og_type":"article","og_title":"R\u00fatufer\u00f0ir - \u00d3\u00f0al","og_description":"Bo\u00f0i\u00f0 er upp \u00e1 r\u00fatu heim \u00far \u00d3\u00f0ali einu sinni \u00ed viku fyrir unglinga utan Borgarness. R\u00faturnar keyra GBF hringinn (Hvanneyri, Kleppj\u00e1rnsreykir, Varmaland, Bifr\u00f6st) og einnig fer b\u00edll \u00e1 M\u00fdrarnar sem stoppar vi\u00f0 afleggjara upp a\u00f0 b\u00e6jum \u00e1 \u00fej\u00f3\u00f0veginum. Nau\u00f0synlegt er a\u00f0 skr\u00e1 sig \u00ed r\u00fatu. Skr\u00e1ning fer fram vikulega \u00ed gegnum Abler. Ekki er rukka\u00f0 gjald fyrir fyrir r\u00fatufer\u00f0irnar.\u00a0\u00a0 ... Read More","og_url":"https:\/\/dev.borgarbyggd.is\/odal\/8-10-bekkur\/rutuferdir\/","og_site_name":"\u00d3\u00f0al","article_modified_time":"2025-03-18T14:04:27+00:00","twitter_card":"summary_large_image","twitter_misc":{"Est. reading time":"1 minute"},"schema":{"@context":"https:\/\/schema.org","@graph":[{"@type":"WebPage","@id":"https:\/\/dev.borgarbyggd.is\/odal\/8-10-bekkur\/rutuferdir\/","url":"https:\/\/dev.borgarbyggd.is\/odal\/8-10-bekkur\/rutuferdir\/","name":"R\u00fatufer\u00f0ir - \u00d3\u00f0al","isPartOf":{"@id":"https:\/\/dev.borgarbyggd.is\/odal\/#website"},"datePublished":"2023-10-27T13:53:48+00:00","dateModified":"2025-03-18T14:04:27+00:00","breadcrumb":{"@id":"https:\/\/dev.borgarbyggd.is\/odal\/8-10-bekkur\/rutuferdir\/#breadcrumb"},"inLanguage":"is","potentialAction":[{"@type":"ReadAction","target":["https:\/\/dev.borgarbyggd.is\/odal\/8-10-bekkur\/rutuferdir\/"]}]},{"@type":"BreadcrumbList","@id":"https:\/\/dev.borgarbyggd.is\/odal\/8-10-bekkur\/rutuferdir\/#breadcrumb","itemListElement":[{"@type":"ListItem","position":1,"name":"Home","item":"https:\/\/dev.borgarbyggd.is\/odal\/"},{"@type":"ListItem","position":2,"name":"8.-10. bekkur","item":"https:\/\/dev.borgarbyggd.is\/odal\/8-10-bekkur\/"},{"@type":"ListItem","position":3,"name":"R\u00fatufer\u00f0ir"}]},{"@type":"WebSite","@id":"https:\/\/dev.borgarbyggd.is\/odal\/#website","url":"https:\/\/dev.borgarbyggd.is\/odal\/","name":"\u00d3\u00f0al","description":"","potentialAction":[{"@type":"SearchAction","target":{"@type":"EntryPoint","urlTemplate":"https:\/\/dev.borgarbyggd.is\/odal\/?s={search_term_string}"},"query-input":{"@type":"PropertyValueSpecification","valueRequired":true,"valueName":"search_term_string"}}],"inLanguage":"is"}]}},"_links":{"self":[{"href":"https:\/\/dev.borgarbyggd.is\/odal\/wp-json\/wp\/v2\/pages\/40","targetHints":{"allow":["GET"]}}],"collection":[{"href":"https:\/\/dev.borgarbyggd.is\/odal\/wp-json\/wp\/v2\/pages"}],"about":[{"href":"https:\/\/dev.borgarbyggd.is\/odal\/wp-json\/wp\/v2\/types\/page"}],"author":[{"embeddable":true,"href":"https:\/\/dev.borgarbyggd.is\/odal\/wp-json\/wp\/v2\/users\/4"}],"replies":[{"embeddable":true,"href":"https:\/\/dev.borgarbyggd.is\/odal\/wp-json\/wp\/v2\/comments?post=40"}],"version-history":[{"count":0,"href":"https:\/\/dev.borgarbyggd.is\/odal\/wp-json\/wp\/v2\/pages\/40\/revisions"}],"up":[{"embeddable":true,"href":"https:\/\/dev.borgarbyggd.is\/odal\/wp-json\/wp\/v2\/pages\/37"}],"wp:attachment":[{"href":"https:\/\/dev.borgarbyggd.is\/odal\/wp-json\/wp\/v2\/media?parent=40"}],"curies":[{"name":"wp","href":"https:\/\/api.w.org\/{rel}","templated":true}]}}