{"id":39,"date":"2023-10-27T13:53:32","date_gmt":"2023-10-27T13:53:32","guid":{"rendered":"https:\/\/dev.borgarbyggd.is\/odal\/?page_id=39"},"modified":"2025-09-10T15:28:14","modified_gmt":"2025-09-10T15:28:14","slug":"opnunartimi","status":"publish","type":"page","link":"https:\/\/dev.borgarbyggd.is\/odal\/8-10-bekkur\/opnunartimi\/","title":{"rendered":"Opnunart\u00edmi fyrir unglingastig"},"content":{"rendered":"<div class=\"x_elementToProof\" style=\"text-align: center;\">\n<div><b>Unglingastig opnun 2025-2026<\/b><\/div>\n<div>\u00deri\u00f0judaga 17:00-21:30<\/div>\n<div>fimmtudaga 14:00-21:30<\/div>\n<\/div>\n<p>&nbsp;<\/p>\n<p>Einu sinni \u00ed viku er bo\u00f0i\u00f0 upp \u00e1 r\u00fatu heim fyrir unglinga sem b\u00faa utan Borgarness. N\u00e1nari uppl\u00fdsingar \u00ed dagskr\u00e1 fyrir hvern m\u00e1nu\u00f0. Skr\u00e1ning \u00ed r\u00fatu fer fram \u00ed Abler.<\/p>\n","protected":false},"excerpt":{"rendered":"<p>Unglingastig opnun 2025-2026 \u00deri\u00f0judaga 17:00-21:30 fimmtudaga 14:00-21:30 &nbsp; Einu sinni \u00ed viku er bo\u00f0i\u00f0 upp \u00e1 r\u00fatu heim fyrir unglinga sem b\u00faa utan Borgarness. N\u00e1nari uppl\u00fdsingar \u00ed dagskr\u00e1 fyrir hvern m\u00e1nu\u00f0. Skr\u00e1ning \u00ed r\u00fatu fer fram \u00ed Abler.<\/p>\n","protected":false},"author":4,"featured_media":58,"parent":37,"menu_order":0,"comment_status":"closed","ping_status":"closed","template":"","meta":{"_acf_changed":false,"footnotes":""},"class_list":["post-39","page","type-page","status-publish","has-post-thumbnail","hentry"],"acf":{"quickaccess":false},"yoast_head":"<!-- This site is optimized with the Yoast SEO plugin v24.0 - https:\/\/yoast.com\/wordpress\/plugins\/seo\/ -->\n<title>Opnunart\u00edmi fyrir unglingastig - \u00d3\u00f0al<\/title>\n<meta name=\"robots\" content=\"noindex, follow, max-snippet:-1, max-image-preview:large, max-video-preview:-1\" \/>\n<meta property=\"og:locale\" content=\"is_IS\" \/>\n<meta property=\"og:type\" content=\"article\" \/>\n<meta property=\"og:title\" content=\"Opnunart\u00edmi fyrir unglingastig - \u00d3\u00f0al\" \/>\n<meta property=\"og:description\" content=\"Unglingastig opnun 2025-2026 \u00deri\u00f0judaga 17:00-21:30 fimmtudaga 14:00-21:30 &nbsp; Einu sinni \u00ed viku er bo\u00f0i\u00f0 upp \u00e1 r\u00fatu heim fyrir unglinga sem b\u00faa utan Borgarness. N\u00e1nari uppl\u00fdsingar \u00ed dagskr\u00e1 fyrir hvern m\u00e1nu\u00f0. Skr\u00e1ning \u00ed r\u00fatu fer fram \u00ed Abler.\" \/>\n<meta property=\"og:url\" content=\"https:\/\/dev.borgarbyggd.is\/odal\/8-10-bekkur\/opnunartimi\/\" \/>\n<meta property=\"og:site_name\" content=\"\u00d3\u00f0al\" \/>\n<meta property=\"article:modified_time\" content=\"2025-09-10T15:28:14+00:00\" \/>\n<meta property=\"og:image\" content=\"https:\/\/dev.borgarbyggd.is\/odal\/wp-content\/uploads\/sites\/17\/2023\/10\/Odal_fyrirh.png\" \/>\n\t<meta property=\"og:image:width\" content=\"630\" \/>\n\t<meta property=\"og:image:height\" content=\"470\" \/>\n\t<meta property=\"og:image:type\" content=\"image\/png\" \/>\n<meta name=\"twitter:card\" content=\"summary_large_image\" \/>\n<meta name=\"twitter:label1\" content=\"Est. reading time\" \/>\n\t<meta name=\"twitter:data1\" content=\"1 minute\" \/>\n<script type=\"application\/ld+json\" class=\"yoast-schema-graph\">{\"@context\":\"https:\/\/schema.org\",\"@graph\":[{\"@type\":\"WebPage\",\"@id\":\"https:\/\/dev.borgarbyggd.is\/odal\/8-10-bekkur\/opnunartimi\/\",\"url\":\"https:\/\/dev.borgarbyggd.is\/odal\/8-10-bekkur\/opnunartimi\/\",\"name\":\"Opnunart\u00edmi fyrir unglingastig - \u00d3\u00f0al\",\"isPartOf\":{\"@id\":\"https:\/\/dev.borgarbyggd.is\/odal\/#website\"},\"primaryImageOfPage\":{\"@id\":\"https:\/\/dev.borgarbyggd.is\/odal\/8-10-bekkur\/opnunartimi\/#primaryimage\"},\"image\":{\"@id\":\"https:\/\/dev.borgarbyggd.is\/odal\/8-10-bekkur\/opnunartimi\/#primaryimage\"},\"thumbnailUrl\":\"https:\/\/dev.borgarbyggd.is\/odal\/wp-content\/uploads\/sites\/17\/2023\/10\/Odal_fyrirh.png\",\"datePublished\":\"2023-10-27T13:53:32+00:00\",\"dateModified\":\"2025-09-10T15:28:14+00:00\",\"breadcrumb\":{\"@id\":\"https:\/\/dev.borgarbyggd.is\/odal\/8-10-bekkur\/opnunartimi\/#breadcrumb\"},\"inLanguage\":\"is\",\"potentialAction\":[{\"@type\":\"ReadAction\",\"target\":[\"https:\/\/dev.borgarbyggd.is\/odal\/8-10-bekkur\/opnunartimi\/\"]}]},{\"@type\":\"ImageObject\",\"inLanguage\":\"is\",\"@id\":\"https:\/\/dev.borgarbyggd.is\/odal\/8-10-bekkur\/opnunartimi\/#primaryimage\",\"url\":\"https:\/\/dev.borgarbyggd.is\/odal\/wp-content\/uploads\/sites\/17\/2023\/10\/Odal_fyrirh.png\",\"contentUrl\":\"https:\/\/dev.borgarbyggd.is\/odal\/wp-content\/uploads\/sites\/17\/2023\/10\/Odal_fyrirh.png\",\"width\":630,\"height\":470},{\"@type\":\"BreadcrumbList\",\"@id\":\"https:\/\/dev.borgarbyggd.is\/odal\/8-10-bekkur\/opnunartimi\/#breadcrumb\",\"itemListElement\":[{\"@type\":\"ListItem\",\"position\":1,\"name\":\"Home\",\"item\":\"https:\/\/dev.borgarbyggd.is\/odal\/\"},{\"@type\":\"ListItem\",\"position\":2,\"name\":\"8.-10. bekkur\",\"item\":\"https:\/\/dev.borgarbyggd.is\/odal\/8-10-bekkur\/\"},{\"@type\":\"ListItem\",\"position\":3,\"name\":\"Opnunart\u00edmi fyrir unglingastig\"}]},{\"@type\":\"WebSite\",\"@id\":\"https:\/\/dev.borgarbyggd.is\/odal\/#website\",\"url\":\"https:\/\/dev.borgarbyggd.is\/odal\/\",\"name\":\"\u00d3\u00f0al\",\"description\":\"\",\"potentialAction\":[{\"@type\":\"SearchAction\",\"target\":{\"@type\":\"EntryPoint\",\"urlTemplate\":\"https:\/\/dev.borgarbyggd.is\/odal\/?s={search_term_string}\"},\"query-input\":{\"@type\":\"PropertyValueSpecification\",\"valueRequired\":true,\"valueName\":\"search_term_string\"}}],\"inLanguage\":\"is\"}]}<\/script>\n<!-- \/ Yoast SEO plugin. -->","yoast_head_json":{"title":"Opnunart\u00edmi fyrir unglingastig - \u00d3\u00f0al","robots":{"index":"noindex","follow":"follow","max-snippet":"max-snippet:-1","max-image-preview":"max-image-preview:large","max-video-preview":"max-video-preview:-1"},"og_locale":"is_IS","og_type":"article","og_title":"Opnunart\u00edmi fyrir unglingastig - \u00d3\u00f0al","og_description":"Unglingastig opnun 2025-2026 \u00deri\u00f0judaga 17:00-21:30 fimmtudaga 14:00-21:30 &nbsp; Einu sinni \u00ed viku er bo\u00f0i\u00f0 upp \u00e1 r\u00fatu heim fyrir unglinga sem b\u00faa utan Borgarness. N\u00e1nari uppl\u00fdsingar \u00ed dagskr\u00e1 fyrir hvern m\u00e1nu\u00f0. Skr\u00e1ning \u00ed r\u00fatu fer fram \u00ed Abler.","og_url":"https:\/\/dev.borgarbyggd.is\/odal\/8-10-bekkur\/opnunartimi\/","og_site_name":"\u00d3\u00f0al","article_modified_time":"2025-09-10T15:28:14+00:00","og_image":[{"width":630,"height":470,"url":"https:\/\/dev.borgarbyggd.is\/odal\/wp-content\/uploads\/sites\/17\/2023\/10\/Odal_fyrirh.png","type":"image\/png"}],"twitter_card":"summary_large_image","twitter_misc":{"Est. reading time":"1 minute"},"schema":{"@context":"https:\/\/schema.org","@graph":[{"@type":"WebPage","@id":"https:\/\/dev.borgarbyggd.is\/odal\/8-10-bekkur\/opnunartimi\/","url":"https:\/\/dev.borgarbyggd.is\/odal\/8-10-bekkur\/opnunartimi\/","name":"Opnunart\u00edmi fyrir unglingastig - \u00d3\u00f0al","isPartOf":{"@id":"https:\/\/dev.borgarbyggd.is\/odal\/#website"},"primaryImageOfPage":{"@id":"https:\/\/dev.borgarbyggd.is\/odal\/8-10-bekkur\/opnunartimi\/#primaryimage"},"image":{"@id":"https:\/\/dev.borgarbyggd.is\/odal\/8-10-bekkur\/opnunartimi\/#primaryimage"},"thumbnailUrl":"https:\/\/dev.borgarbyggd.is\/odal\/wp-content\/uploads\/sites\/17\/2023\/10\/Odal_fyrirh.png","datePublished":"2023-10-27T13:53:32+00:00","dateModified":"2025-09-10T15:28:14+00:00","breadcrumb":{"@id":"https:\/\/dev.borgarbyggd.is\/odal\/8-10-bekkur\/opnunartimi\/#breadcrumb"},"inLanguage":"is","potentialAction":[{"@type":"ReadAction","target":["https:\/\/dev.borgarbyggd.is\/odal\/8-10-bekkur\/opnunartimi\/"]}]},{"@type":"ImageObject","inLanguage":"is","@id":"https:\/\/dev.borgarbyggd.is\/odal\/8-10-bekkur\/opnunartimi\/#primaryimage","url":"https:\/\/dev.borgarbyggd.is\/odal\/wp-content\/uploads\/sites\/17\/2023\/10\/Odal_fyrirh.png","contentUrl":"https:\/\/dev.borgarbyggd.is\/odal\/wp-content\/uploads\/sites\/17\/2023\/10\/Odal_fyrirh.png","width":630,"height":470},{"@type":"BreadcrumbList","@id":"https:\/\/dev.borgarbyggd.is\/odal\/8-10-bekkur\/opnunartimi\/#breadcrumb","itemListElement":[{"@type":"ListItem","position":1,"name":"Home","item":"https:\/\/dev.borgarbyggd.is\/odal\/"},{"@type":"ListItem","position":2,"name":"8.-10. bekkur","item":"https:\/\/dev.borgarbyggd.is\/odal\/8-10-bekkur\/"},{"@type":"ListItem","position":3,"name":"Opnunart\u00edmi fyrir unglingastig"}]},{"@type":"WebSite","@id":"https:\/\/dev.borgarbyggd.is\/odal\/#website","url":"https:\/\/dev.borgarbyggd.is\/odal\/","name":"\u00d3\u00f0al","description":"","potentialAction":[{"@type":"SearchAction","target":{"@type":"EntryPoint","urlTemplate":"https:\/\/dev.borgarbyggd.is\/odal\/?s={search_term_string}"},"query-input":{"@type":"PropertyValueSpecification","valueRequired":true,"valueName":"search_term_string"}}],"inLanguage":"is"}]}},"_links":{"self":[{"href":"https:\/\/dev.borgarbyggd.is\/odal\/wp-json\/wp\/v2\/pages\/39","targetHints":{"allow":["GET"]}}],"collection":[{"href":"https:\/\/dev.borgarbyggd.is\/odal\/wp-json\/wp\/v2\/pages"}],"about":[{"href":"https:\/\/dev.borgarbyggd.is\/odal\/wp-json\/wp\/v2\/types\/page"}],"author":[{"embeddable":true,"href":"https:\/\/dev.borgarbyggd.is\/odal\/wp-json\/wp\/v2\/users\/4"}],"replies":[{"embeddable":true,"href":"https:\/\/dev.borgarbyggd.is\/odal\/wp-json\/wp\/v2\/comments?post=39"}],"version-history":[{"count":0,"href":"https:\/\/dev.borgarbyggd.is\/odal\/wp-json\/wp\/v2\/pages\/39\/revisions"}],"up":[{"embeddable":true,"href":"https:\/\/dev.borgarbyggd.is\/odal\/wp-json\/wp\/v2\/pages\/37"}],"wp:featuredmedia":[{"embeddable":true,"href":"https:\/\/dev.borgarbyggd.is\/odal\/wp-json\/wp\/v2\/media\/58"}],"wp:attachment":[{"href":"https:\/\/dev.borgarbyggd.is\/odal\/wp-json\/wp\/v2\/media?parent=39"}],"curies":[{"name":"wp","href":"https:\/\/api.w.org\/{rel}","templated":true}]}}