{"id":38,"date":"2023-10-27T13:53:17","date_gmt":"2023-10-27T13:53:17","guid":{"rendered":"https:\/\/dev.borgarbyggd.is\/odal\/?page_id=38"},"modified":"2025-08-27T10:21:49","modified_gmt":"2025-08-27T10:21:49","slug":"dagskra","status":"publish","type":"page","link":"https:\/\/dev.borgarbyggd.is\/odal\/8-10-bekkur\/dagskra\/","title":{"rendered":"Dagskr\u00e1"},"content":{"rendered":"","protected":false},"excerpt":{"rendered":"","protected":false},"author":4,"featured_media":125,"parent":37,"menu_order":0,"comment_status":"closed","ping_status":"closed","template":"","meta":{"_acf_changed":false,"footnotes":""},"class_list":["post-38","page","type-page","status-publish","has-post-thumbnail","hentry"],"acf":{"quickaccess":false},"yoast_head":"<!-- This site is optimized with the Yoast SEO plugin v24.0 - https:\/\/yoast.com\/wordpress\/plugins\/seo\/ -->\n<title>Dagskr\u00e1 - \u00d3\u00f0al<\/title>\n<meta name=\"robots\" content=\"noindex, follow, max-snippet:-1, max-image-preview:large, max-video-preview:-1\" \/>\n<meta property=\"og:locale\" content=\"is_IS\" \/>\n<meta property=\"og:type\" content=\"article\" \/>\n<meta property=\"og:title\" content=\"Dagskr\u00e1 - \u00d3\u00f0al\" \/>\n<meta property=\"og:url\" content=\"https:\/\/dev.borgarbyggd.is\/odal\/8-10-bekkur\/dagskra\/\" \/>\n<meta property=\"og:site_name\" content=\"\u00d3\u00f0al\" \/>\n<meta property=\"article:modified_time\" content=\"2025-08-27T10:21:49+00:00\" \/>\n<meta property=\"og:image\" content=\"https:\/\/dev.borgarbyggd.is\/odal\/wp-content\/uploads\/sites\/17\/2025\/04\/April_ungl.jpg\" \/>\n\t<meta property=\"og:image:width\" content=\"1920\" \/>\n\t<meta property=\"og:image:height\" content=\"1080\" \/>\n\t<meta property=\"og:image:type\" content=\"image\/jpeg\" \/>\n<meta name=\"twitter:card\" content=\"summary_large_image\" \/>\n<meta name=\"twitter:label1\" content=\"Est. reading time\" \/>\n\t<meta name=\"twitter:data1\" content=\"1 minute\" \/>\n<script type=\"application\/ld+json\" class=\"yoast-schema-graph\">{\"@context\":\"https:\/\/schema.org\",\"@graph\":[{\"@type\":\"WebPage\",\"@id\":\"https:\/\/dev.borgarbyggd.is\/odal\/8-10-bekkur\/dagskra\/\",\"url\":\"https:\/\/dev.borgarbyggd.is\/odal\/8-10-bekkur\/dagskra\/\",\"name\":\"Dagskr\u00e1 - \u00d3\u00f0al\",\"isPartOf\":{\"@id\":\"https:\/\/dev.borgarbyggd.is\/odal\/#website\"},\"primaryImageOfPage\":{\"@id\":\"https:\/\/dev.borgarbyggd.is\/odal\/8-10-bekkur\/dagskra\/#primaryimage\"},\"image\":{\"@id\":\"https:\/\/dev.borgarbyggd.is\/odal\/8-10-bekkur\/dagskra\/#primaryimage\"},\"thumbnailUrl\":\"https:\/\/dev.borgarbyggd.is\/odal\/wp-content\/uploads\/sites\/17\/2025\/04\/April_ungl.jpg\",\"datePublished\":\"2023-10-27T13:53:17+00:00\",\"dateModified\":\"2025-08-27T10:21:49+00:00\",\"breadcrumb\":{\"@id\":\"https:\/\/dev.borgarbyggd.is\/odal\/8-10-bekkur\/dagskra\/#breadcrumb\"},\"inLanguage\":\"is\",\"potentialAction\":[{\"@type\":\"ReadAction\",\"target\":[\"https:\/\/dev.borgarbyggd.is\/odal\/8-10-bekkur\/dagskra\/\"]}]},{\"@type\":\"ImageObject\",\"inLanguage\":\"is\",\"@id\":\"https:\/\/dev.borgarbyggd.is\/odal\/8-10-bekkur\/dagskra\/#primaryimage\",\"url\":\"https:\/\/dev.borgarbyggd.is\/odal\/wp-content\/uploads\/sites\/17\/2025\/04\/April_ungl.jpg\",\"contentUrl\":\"https:\/\/dev.borgarbyggd.is\/odal\/wp-content\/uploads\/sites\/17\/2025\/04\/April_ungl.jpg\",\"width\":1920,\"height\":1080},{\"@type\":\"BreadcrumbList\",\"@id\":\"https:\/\/dev.borgarbyggd.is\/odal\/8-10-bekkur\/dagskra\/#breadcrumb\",\"itemListElement\":[{\"@type\":\"ListItem\",\"position\":1,\"name\":\"Home\",\"item\":\"https:\/\/dev.borgarbyggd.is\/odal\/\"},{\"@type\":\"ListItem\",\"position\":2,\"name\":\"8.-10. bekkur\",\"item\":\"https:\/\/dev.borgarbyggd.is\/odal\/8-10-bekkur\/\"},{\"@type\":\"ListItem\",\"position\":3,\"name\":\"Dagskr\u00e1\"}]},{\"@type\":\"WebSite\",\"@id\":\"https:\/\/dev.borgarbyggd.is\/odal\/#website\",\"url\":\"https:\/\/dev.borgarbyggd.is\/odal\/\",\"name\":\"\u00d3\u00f0al\",\"description\":\"\",\"potentialAction\":[{\"@type\":\"SearchAction\",\"target\":{\"@type\":\"EntryPoint\",\"urlTemplate\":\"https:\/\/dev.borgarbyggd.is\/odal\/?s={search_term_string}\"},\"query-input\":{\"@type\":\"PropertyValueSpecification\",\"valueRequired\":true,\"valueName\":\"search_term_string\"}}],\"inLanguage\":\"is\"}]}<\/script>\n<!-- \/ Yoast SEO plugin. -->","yoast_head_json":{"title":"Dagskr\u00e1 - \u00d3\u00f0al","robots":{"index":"noindex","follow":"follow","max-snippet":"max-snippet:-1","max-image-preview":"max-image-preview:large","max-video-preview":"max-video-preview:-1"},"og_locale":"is_IS","og_type":"article","og_title":"Dagskr\u00e1 - \u00d3\u00f0al","og_url":"https:\/\/dev.borgarbyggd.is\/odal\/8-10-bekkur\/dagskra\/","og_site_name":"\u00d3\u00f0al","article_modified_time":"2025-08-27T10:21:49+00:00","og_image":[{"width":1920,"height":1080,"url":"https:\/\/dev.borgarbyggd.is\/odal\/wp-content\/uploads\/sites\/17\/2025\/04\/April_ungl.jpg","type":"image\/jpeg"}],"twitter_card":"summary_large_image","twitter_misc":{"Est. reading time":"1 minute"},"schema":{"@context":"https:\/\/schema.org","@graph":[{"@type":"WebPage","@id":"https:\/\/dev.borgarbyggd.is\/odal\/8-10-bekkur\/dagskra\/","url":"https:\/\/dev.borgarbyggd.is\/odal\/8-10-bekkur\/dagskra\/","name":"Dagskr\u00e1 - \u00d3\u00f0al","isPartOf":{"@id":"https:\/\/dev.borgarbyggd.is\/odal\/#website"},"primaryImageOfPage":{"@id":"https:\/\/dev.borgarbyggd.is\/odal\/8-10-bekkur\/dagskra\/#primaryimage"},"image":{"@id":"https:\/\/dev.borgarbyggd.is\/odal\/8-10-bekkur\/dagskra\/#primaryimage"},"thumbnailUrl":"https:\/\/dev.borgarbyggd.is\/odal\/wp-content\/uploads\/sites\/17\/2025\/04\/April_ungl.jpg","datePublished":"2023-10-27T13:53:17+00:00","dateModified":"2025-08-27T10:21:49+00:00","breadcrumb":{"@id":"https:\/\/dev.borgarbyggd.is\/odal\/8-10-bekkur\/dagskra\/#breadcrumb"},"inLanguage":"is","potentialAction":[{"@type":"ReadAction","target":["https:\/\/dev.borgarbyggd.is\/odal\/8-10-bekkur\/dagskra\/"]}]},{"@type":"ImageObject","inLanguage":"is","@id":"https:\/\/dev.borgarbyggd.is\/odal\/8-10-bekkur\/dagskra\/#primaryimage","url":"https:\/\/dev.borgarbyggd.is\/odal\/wp-content\/uploads\/sites\/17\/2025\/04\/April_ungl.jpg","contentUrl":"https:\/\/dev.borgarbyggd.is\/odal\/wp-content\/uploads\/sites\/17\/2025\/04\/April_ungl.jpg","width":1920,"height":1080},{"@type":"BreadcrumbList","@id":"https:\/\/dev.borgarbyggd.is\/odal\/8-10-bekkur\/dagskra\/#breadcrumb","itemListElement":[{"@type":"ListItem","position":1,"name":"Home","item":"https:\/\/dev.borgarbyggd.is\/odal\/"},{"@type":"ListItem","position":2,"name":"8.-10. bekkur","item":"https:\/\/dev.borgarbyggd.is\/odal\/8-10-bekkur\/"},{"@type":"ListItem","position":3,"name":"Dagskr\u00e1"}]},{"@type":"WebSite","@id":"https:\/\/dev.borgarbyggd.is\/odal\/#website","url":"https:\/\/dev.borgarbyggd.is\/odal\/","name":"\u00d3\u00f0al","description":"","potentialAction":[{"@type":"SearchAction","target":{"@type":"EntryPoint","urlTemplate":"https:\/\/dev.borgarbyggd.is\/odal\/?s={search_term_string}"},"query-input":{"@type":"PropertyValueSpecification","valueRequired":true,"valueName":"search_term_string"}}],"inLanguage":"is"}]}},"_links":{"self":[{"href":"https:\/\/dev.borgarbyggd.is\/odal\/wp-json\/wp\/v2\/pages\/38","targetHints":{"allow":["GET"]}}],"collection":[{"href":"https:\/\/dev.borgarbyggd.is\/odal\/wp-json\/wp\/v2\/pages"}],"about":[{"href":"https:\/\/dev.borgarbyggd.is\/odal\/wp-json\/wp\/v2\/types\/page"}],"author":[{"embeddable":true,"href":"https:\/\/dev.borgarbyggd.is\/odal\/wp-json\/wp\/v2\/users\/4"}],"replies":[{"embeddable":true,"href":"https:\/\/dev.borgarbyggd.is\/odal\/wp-json\/wp\/v2\/comments?post=38"}],"version-history":[{"count":0,"href":"https:\/\/dev.borgarbyggd.is\/odal\/wp-json\/wp\/v2\/pages\/38\/revisions"}],"up":[{"embeddable":true,"href":"https:\/\/dev.borgarbyggd.is\/odal\/wp-json\/wp\/v2\/pages\/37"}],"wp:featuredmedia":[{"embeddable":true,"href":"https:\/\/dev.borgarbyggd.is\/odal\/wp-json\/wp\/v2\/media\/125"}],"wp:attachment":[{"href":"https:\/\/dev.borgarbyggd.is\/odal\/wp-json\/wp\/v2\/media?parent=38"}],"curies":[{"name":"wp","href":"https:\/\/api.w.org\/{rel}","templated":true}]}}