{"id":37,"date":"2023-10-27T13:53:03","date_gmt":"2023-10-27T13:53:03","guid":{"rendered":"https:\/\/dev.borgarbyggd.is\/odal\/?page_id=37"},"modified":"2025-09-10T15:27:27","modified_gmt":"2025-09-10T15:27:27","slug":"8-10-bekkur","status":"publish","type":"page","link":"https:\/\/dev.borgarbyggd.is\/odal\/8-10-bekkur\/","title":{"rendered":"8.-10. bekkur"},"content":{"rendered":"<div style=\"text-align: center;\"><b data-olk-copy-source=\"MessageBody\">Unglingastig opnun 2025-2026<\/b><\/div>\n<div style=\"text-align: center;\">\u00deri\u00f0judaga 17:00-21:30<\/div>\n<div style=\"text-align: center;\">\n<p>fimmtudaga 14:00-21:30<\/p>\n<p>\u00cd byrjun hvers m\u00e1na\u00f0ar kemur dagskr\u00e1 sem birt er \u00e1 s\u00ed\u00f0unni, \u00e1 samf\u00e9lagsmi\u00f0lum \u00d3\u00f0als og \u00ed b\u00e1\u00f0um sk\u00f3lum, Grunnsk\u00f3lanum \u00ed Borgarnesi og Grunnsk\u00f3la Borgarfjar\u00f0ar. \u00der\u00e1tt fyrir a\u00f0 eitthva\u00f0 s\u00e9rstakt s\u00e9 \u00e1 dagskr\u00e1nni m\u00e1 l\u00edka alltaf k\u00edkja vi\u00f0 \u00ed \u00d3\u00f0ali og spjalla, spila e\u00f0a bara vera til.<\/p>\n<\/div>\n<p>\u00c1 unglingastigsopnunum er h\u00e6gt a\u00f0 kaupa grilla\u00f0ar samlokur, n\u00fa\u00f0lur, k\u00f3k\u00f3mj\u00f3lk og safa \u00ed sjoppunni. Vi\u00f0 bj\u00f3\u00f0um l\u00edka upp \u00e1 vegan samlokur og hafrak\u00f3k\u00f3mj\u00f3lk.<\/p>\n","protected":false},"excerpt":{"rendered":"<p>Unglingastig opnun 2025-2026 \u00deri\u00f0judaga 17:00-21:30 fimmtudaga 14:00-21:30 \u00cd byrjun hvers m\u00e1na\u00f0ar kemur dagskr\u00e1 sem birt er \u00e1 s\u00ed\u00f0unni, \u00e1 samf\u00e9lagsmi\u00f0lum \u00d3\u00f0als og \u00ed b\u00e1\u00f0um sk\u00f3lum, Grunnsk\u00f3lanum \u00ed Borgarnesi og Grunnsk\u00f3la Borgarfjar\u00f0ar. \u00der\u00e1tt fyrir a\u00f0 eitthva\u00f0 s\u00e9rstakt s\u00e9 \u00e1 dagskr\u00e1nni m\u00e1 l\u00edka alltaf k\u00edkja vi\u00f0 \u00ed \u00d3\u00f0ali og spjalla, spila e\u00f0a bara vera til. \u00c1 unglingastigsopnunum er h\u00e6gt a\u00f0 kaupa grilla\u00f0ar &#8230; <\/p>\n<div><a href=\"https:\/\/dev.borgarbyggd.is\/odal\/8-10-bekkur\/\" class=\"more-link\">Read More<\/a><\/div>\n","protected":false},"author":4,"featured_media":0,"parent":0,"menu_order":0,"comment_status":"closed","ping_status":"closed","template":"","meta":{"_acf_changed":false,"footnotes":""},"class_list":["post-37","page","type-page","status-publish","hentry","no-post-thumbnail"],"acf":{"quickaccess":false},"yoast_head":"<!-- This site is optimized with the Yoast SEO plugin v24.0 - https:\/\/yoast.com\/wordpress\/plugins\/seo\/ -->\n<title>8.-10. bekkur - \u00d3\u00f0al<\/title>\n<meta name=\"robots\" content=\"noindex, follow, max-snippet:-1, max-image-preview:large, max-video-preview:-1\" \/>\n<meta property=\"og:locale\" content=\"is_IS\" \/>\n<meta property=\"og:type\" content=\"article\" \/>\n<meta property=\"og:title\" content=\"8.-10. bekkur - \u00d3\u00f0al\" \/>\n<meta property=\"og:description\" content=\"Unglingastig opnun 2025-2026 \u00deri\u00f0judaga 17:00-21:30 fimmtudaga 14:00-21:30 \u00cd byrjun hvers m\u00e1na\u00f0ar kemur dagskr\u00e1 sem birt er \u00e1 s\u00ed\u00f0unni, \u00e1 samf\u00e9lagsmi\u00f0lum \u00d3\u00f0als og \u00ed b\u00e1\u00f0um sk\u00f3lum, Grunnsk\u00f3lanum \u00ed Borgarnesi og Grunnsk\u00f3la Borgarfjar\u00f0ar. \u00der\u00e1tt fyrir a\u00f0 eitthva\u00f0 s\u00e9rstakt s\u00e9 \u00e1 dagskr\u00e1nni m\u00e1 l\u00edka alltaf k\u00edkja vi\u00f0 \u00ed \u00d3\u00f0ali og spjalla, spila e\u00f0a bara vera til. \u00c1 unglingastigsopnunum er h\u00e6gt a\u00f0 kaupa grilla\u00f0ar ... Read More\" \/>\n<meta property=\"og:url\" content=\"https:\/\/dev.borgarbyggd.is\/odal\/8-10-bekkur\/\" \/>\n<meta property=\"og:site_name\" content=\"\u00d3\u00f0al\" \/>\n<meta property=\"article:modified_time\" content=\"2025-09-10T15:27:27+00:00\" \/>\n<meta name=\"twitter:card\" content=\"summary_large_image\" \/>\n<meta name=\"twitter:label1\" content=\"Est. reading time\" \/>\n\t<meta name=\"twitter:data1\" content=\"1 minute\" \/>\n<script type=\"application\/ld+json\" class=\"yoast-schema-graph\">{\"@context\":\"https:\/\/schema.org\",\"@graph\":[{\"@type\":\"WebPage\",\"@id\":\"https:\/\/dev.borgarbyggd.is\/odal\/8-10-bekkur\/\",\"url\":\"https:\/\/dev.borgarbyggd.is\/odal\/8-10-bekkur\/\",\"name\":\"8.-10. bekkur - \u00d3\u00f0al\",\"isPartOf\":{\"@id\":\"https:\/\/dev.borgarbyggd.is\/odal\/#website\"},\"datePublished\":\"2023-10-27T13:53:03+00:00\",\"dateModified\":\"2025-09-10T15:27:27+00:00\",\"breadcrumb\":{\"@id\":\"https:\/\/dev.borgarbyggd.is\/odal\/8-10-bekkur\/#breadcrumb\"},\"inLanguage\":\"is\",\"potentialAction\":[{\"@type\":\"ReadAction\",\"target\":[\"https:\/\/dev.borgarbyggd.is\/odal\/8-10-bekkur\/\"]}]},{\"@type\":\"BreadcrumbList\",\"@id\":\"https:\/\/dev.borgarbyggd.is\/odal\/8-10-bekkur\/#breadcrumb\",\"itemListElement\":[{\"@type\":\"ListItem\",\"position\":1,\"name\":\"Home\",\"item\":\"https:\/\/dev.borgarbyggd.is\/odal\/\"},{\"@type\":\"ListItem\",\"position\":2,\"name\":\"8.-10. bekkur\"}]},{\"@type\":\"WebSite\",\"@id\":\"https:\/\/dev.borgarbyggd.is\/odal\/#website\",\"url\":\"https:\/\/dev.borgarbyggd.is\/odal\/\",\"name\":\"\u00d3\u00f0al\",\"description\":\"\",\"potentialAction\":[{\"@type\":\"SearchAction\",\"target\":{\"@type\":\"EntryPoint\",\"urlTemplate\":\"https:\/\/dev.borgarbyggd.is\/odal\/?s={search_term_string}\"},\"query-input\":{\"@type\":\"PropertyValueSpecification\",\"valueRequired\":true,\"valueName\":\"search_term_string\"}}],\"inLanguage\":\"is\"}]}<\/script>\n<!-- \/ Yoast SEO plugin. -->","yoast_head_json":{"title":"8.-10. bekkur - \u00d3\u00f0al","robots":{"index":"noindex","follow":"follow","max-snippet":"max-snippet:-1","max-image-preview":"max-image-preview:large","max-video-preview":"max-video-preview:-1"},"og_locale":"is_IS","og_type":"article","og_title":"8.-10. bekkur - \u00d3\u00f0al","og_description":"Unglingastig opnun 2025-2026 \u00deri\u00f0judaga 17:00-21:30 fimmtudaga 14:00-21:30 \u00cd byrjun hvers m\u00e1na\u00f0ar kemur dagskr\u00e1 sem birt er \u00e1 s\u00ed\u00f0unni, \u00e1 samf\u00e9lagsmi\u00f0lum \u00d3\u00f0als og \u00ed b\u00e1\u00f0um sk\u00f3lum, Grunnsk\u00f3lanum \u00ed Borgarnesi og Grunnsk\u00f3la Borgarfjar\u00f0ar. \u00der\u00e1tt fyrir a\u00f0 eitthva\u00f0 s\u00e9rstakt s\u00e9 \u00e1 dagskr\u00e1nni m\u00e1 l\u00edka alltaf k\u00edkja vi\u00f0 \u00ed \u00d3\u00f0ali og spjalla, spila e\u00f0a bara vera til. \u00c1 unglingastigsopnunum er h\u00e6gt a\u00f0 kaupa grilla\u00f0ar ... Read More","og_url":"https:\/\/dev.borgarbyggd.is\/odal\/8-10-bekkur\/","og_site_name":"\u00d3\u00f0al","article_modified_time":"2025-09-10T15:27:27+00:00","twitter_card":"summary_large_image","twitter_misc":{"Est. reading time":"1 minute"},"schema":{"@context":"https:\/\/schema.org","@graph":[{"@type":"WebPage","@id":"https:\/\/dev.borgarbyggd.is\/odal\/8-10-bekkur\/","url":"https:\/\/dev.borgarbyggd.is\/odal\/8-10-bekkur\/","name":"8.-10. bekkur - \u00d3\u00f0al","isPartOf":{"@id":"https:\/\/dev.borgarbyggd.is\/odal\/#website"},"datePublished":"2023-10-27T13:53:03+00:00","dateModified":"2025-09-10T15:27:27+00:00","breadcrumb":{"@id":"https:\/\/dev.borgarbyggd.is\/odal\/8-10-bekkur\/#breadcrumb"},"inLanguage":"is","potentialAction":[{"@type":"ReadAction","target":["https:\/\/dev.borgarbyggd.is\/odal\/8-10-bekkur\/"]}]},{"@type":"BreadcrumbList","@id":"https:\/\/dev.borgarbyggd.is\/odal\/8-10-bekkur\/#breadcrumb","itemListElement":[{"@type":"ListItem","position":1,"name":"Home","item":"https:\/\/dev.borgarbyggd.is\/odal\/"},{"@type":"ListItem","position":2,"name":"8.-10. bekkur"}]},{"@type":"WebSite","@id":"https:\/\/dev.borgarbyggd.is\/odal\/#website","url":"https:\/\/dev.borgarbyggd.is\/odal\/","name":"\u00d3\u00f0al","description":"","potentialAction":[{"@type":"SearchAction","target":{"@type":"EntryPoint","urlTemplate":"https:\/\/dev.borgarbyggd.is\/odal\/?s={search_term_string}"},"query-input":{"@type":"PropertyValueSpecification","valueRequired":true,"valueName":"search_term_string"}}],"inLanguage":"is"}]}},"_links":{"self":[{"href":"https:\/\/dev.borgarbyggd.is\/odal\/wp-json\/wp\/v2\/pages\/37","targetHints":{"allow":["GET"]}}],"collection":[{"href":"https:\/\/dev.borgarbyggd.is\/odal\/wp-json\/wp\/v2\/pages"}],"about":[{"href":"https:\/\/dev.borgarbyggd.is\/odal\/wp-json\/wp\/v2\/types\/page"}],"author":[{"embeddable":true,"href":"https:\/\/dev.borgarbyggd.is\/odal\/wp-json\/wp\/v2\/users\/4"}],"replies":[{"embeddable":true,"href":"https:\/\/dev.borgarbyggd.is\/odal\/wp-json\/wp\/v2\/comments?post=37"}],"version-history":[{"count":0,"href":"https:\/\/dev.borgarbyggd.is\/odal\/wp-json\/wp\/v2\/pages\/37\/revisions"}],"wp:attachment":[{"href":"https:\/\/dev.borgarbyggd.is\/odal\/wp-json\/wp\/v2\/media?parent=37"}],"curies":[{"name":"wp","href":"https:\/\/api.w.org\/{rel}","templated":true}]}}