{"id":36,"date":"2023-10-27T13:51:56","date_gmt":"2023-10-27T13:51:56","guid":{"rendered":"https:\/\/dev.borgarbyggd.is\/odal\/?page_id=36"},"modified":"2025-09-10T15:26:50","modified_gmt":"2025-09-10T15:26:50","slug":"opnunartimi","status":"publish","type":"page","link":"https:\/\/dev.borgarbyggd.is\/odal\/5-7-bekkur\/opnunartimi\/","title":{"rendered":"Opnunart\u00edmi fyrir mi\u00f0stig"},"content":{"rendered":"<div class=\"x_elementToProof\" style=\"text-align: center;\">\n<div><b data-olk-copy-source=\"MessageBody\">Mi\u00f0stig opnun 2025-2026<\/b><\/div>\n<div>M\u00e1nudaga 14:00-17:00<\/div>\n<div>\u00deri\u00f0judaga 14:00-17:00<\/div>\n<\/div>\n","protected":false},"excerpt":{"rendered":"<p>Mi\u00f0stig opnun 2025-2026 M\u00e1nudaga 14:00-17:00 \u00deri\u00f0judaga 14:00-17:00<\/p>\n","protected":false},"author":4,"featured_media":0,"parent":34,"menu_order":0,"comment_status":"closed","ping_status":"closed","template":"","meta":{"_acf_changed":false,"footnotes":""},"class_list":["post-36","page","type-page","status-publish","hentry","no-post-thumbnail"],"acf":{"quickaccess":false},"yoast_head":"<!-- This site is optimized with the Yoast SEO plugin v24.0 - https:\/\/yoast.com\/wordpress\/plugins\/seo\/ -->\n<title>Opnunart\u00edmi fyrir mi\u00f0stig - \u00d3\u00f0al<\/title>\n<meta name=\"robots\" content=\"noindex, follow, max-snippet:-1, max-image-preview:large, max-video-preview:-1\" \/>\n<meta property=\"og:locale\" content=\"is_IS\" \/>\n<meta property=\"og:type\" content=\"article\" \/>\n<meta property=\"og:title\" content=\"Opnunart\u00edmi fyrir mi\u00f0stig - \u00d3\u00f0al\" \/>\n<meta property=\"og:description\" content=\"Mi\u00f0stig opnun 2025-2026 M\u00e1nudaga 14:00-17:00 \u00deri\u00f0judaga 14:00-17:00\" \/>\n<meta property=\"og:url\" content=\"https:\/\/dev.borgarbyggd.is\/odal\/5-7-bekkur\/opnunartimi\/\" \/>\n<meta property=\"og:site_name\" content=\"\u00d3\u00f0al\" \/>\n<meta property=\"article:modified_time\" content=\"2025-09-10T15:26:50+00:00\" \/>\n<meta name=\"twitter:card\" content=\"summary_large_image\" \/>\n<meta name=\"twitter:label1\" content=\"Est. reading time\" \/>\n\t<meta name=\"twitter:data1\" content=\"1 minute\" \/>\n<script type=\"application\/ld+json\" class=\"yoast-schema-graph\">{\"@context\":\"https:\/\/schema.org\",\"@graph\":[{\"@type\":\"WebPage\",\"@id\":\"https:\/\/dev.borgarbyggd.is\/odal\/5-7-bekkur\/opnunartimi\/\",\"url\":\"https:\/\/dev.borgarbyggd.is\/odal\/5-7-bekkur\/opnunartimi\/\",\"name\":\"Opnunart\u00edmi fyrir mi\u00f0stig - \u00d3\u00f0al\",\"isPartOf\":{\"@id\":\"https:\/\/dev.borgarbyggd.is\/odal\/#website\"},\"datePublished\":\"2023-10-27T13:51:56+00:00\",\"dateModified\":\"2025-09-10T15:26:50+00:00\",\"breadcrumb\":{\"@id\":\"https:\/\/dev.borgarbyggd.is\/odal\/5-7-bekkur\/opnunartimi\/#breadcrumb\"},\"inLanguage\":\"is\",\"potentialAction\":[{\"@type\":\"ReadAction\",\"target\":[\"https:\/\/dev.borgarbyggd.is\/odal\/5-7-bekkur\/opnunartimi\/\"]}]},{\"@type\":\"BreadcrumbList\",\"@id\":\"https:\/\/dev.borgarbyggd.is\/odal\/5-7-bekkur\/opnunartimi\/#breadcrumb\",\"itemListElement\":[{\"@type\":\"ListItem\",\"position\":1,\"name\":\"Home\",\"item\":\"https:\/\/dev.borgarbyggd.is\/odal\/\"},{\"@type\":\"ListItem\",\"position\":2,\"name\":\"5.-7. bekkur\",\"item\":\"https:\/\/dev.borgarbyggd.is\/odal\/5-7-bekkur\/\"},{\"@type\":\"ListItem\",\"position\":3,\"name\":\"Opnunart\u00edmi fyrir mi\u00f0stig\"}]},{\"@type\":\"WebSite\",\"@id\":\"https:\/\/dev.borgarbyggd.is\/odal\/#website\",\"url\":\"https:\/\/dev.borgarbyggd.is\/odal\/\",\"name\":\"\u00d3\u00f0al\",\"description\":\"\",\"potentialAction\":[{\"@type\":\"SearchAction\",\"target\":{\"@type\":\"EntryPoint\",\"urlTemplate\":\"https:\/\/dev.borgarbyggd.is\/odal\/?s={search_term_string}\"},\"query-input\":{\"@type\":\"PropertyValueSpecification\",\"valueRequired\":true,\"valueName\":\"search_term_string\"}}],\"inLanguage\":\"is\"}]}<\/script>\n<!-- \/ Yoast SEO plugin. -->","yoast_head_json":{"title":"Opnunart\u00edmi fyrir mi\u00f0stig - \u00d3\u00f0al","robots":{"index":"noindex","follow":"follow","max-snippet":"max-snippet:-1","max-image-preview":"max-image-preview:large","max-video-preview":"max-video-preview:-1"},"og_locale":"is_IS","og_type":"article","og_title":"Opnunart\u00edmi fyrir mi\u00f0stig - \u00d3\u00f0al","og_description":"Mi\u00f0stig opnun 2025-2026 M\u00e1nudaga 14:00-17:00 \u00deri\u00f0judaga 14:00-17:00","og_url":"https:\/\/dev.borgarbyggd.is\/odal\/5-7-bekkur\/opnunartimi\/","og_site_name":"\u00d3\u00f0al","article_modified_time":"2025-09-10T15:26:50+00:00","twitter_card":"summary_large_image","twitter_misc":{"Est. reading time":"1 minute"},"schema":{"@context":"https:\/\/schema.org","@graph":[{"@type":"WebPage","@id":"https:\/\/dev.borgarbyggd.is\/odal\/5-7-bekkur\/opnunartimi\/","url":"https:\/\/dev.borgarbyggd.is\/odal\/5-7-bekkur\/opnunartimi\/","name":"Opnunart\u00edmi fyrir mi\u00f0stig - \u00d3\u00f0al","isPartOf":{"@id":"https:\/\/dev.borgarbyggd.is\/odal\/#website"},"datePublished":"2023-10-27T13:51:56+00:00","dateModified":"2025-09-10T15:26:50+00:00","breadcrumb":{"@id":"https:\/\/dev.borgarbyggd.is\/odal\/5-7-bekkur\/opnunartimi\/#breadcrumb"},"inLanguage":"is","potentialAction":[{"@type":"ReadAction","target":["https:\/\/dev.borgarbyggd.is\/odal\/5-7-bekkur\/opnunartimi\/"]}]},{"@type":"BreadcrumbList","@id":"https:\/\/dev.borgarbyggd.is\/odal\/5-7-bekkur\/opnunartimi\/#breadcrumb","itemListElement":[{"@type":"ListItem","position":1,"name":"Home","item":"https:\/\/dev.borgarbyggd.is\/odal\/"},{"@type":"ListItem","position":2,"name":"5.-7. bekkur","item":"https:\/\/dev.borgarbyggd.is\/odal\/5-7-bekkur\/"},{"@type":"ListItem","position":3,"name":"Opnunart\u00edmi fyrir mi\u00f0stig"}]},{"@type":"WebSite","@id":"https:\/\/dev.borgarbyggd.is\/odal\/#website","url":"https:\/\/dev.borgarbyggd.is\/odal\/","name":"\u00d3\u00f0al","description":"","potentialAction":[{"@type":"SearchAction","target":{"@type":"EntryPoint","urlTemplate":"https:\/\/dev.borgarbyggd.is\/odal\/?s={search_term_string}"},"query-input":{"@type":"PropertyValueSpecification","valueRequired":true,"valueName":"search_term_string"}}],"inLanguage":"is"}]}},"_links":{"self":[{"href":"https:\/\/dev.borgarbyggd.is\/odal\/wp-json\/wp\/v2\/pages\/36","targetHints":{"allow":["GET"]}}],"collection":[{"href":"https:\/\/dev.borgarbyggd.is\/odal\/wp-json\/wp\/v2\/pages"}],"about":[{"href":"https:\/\/dev.borgarbyggd.is\/odal\/wp-json\/wp\/v2\/types\/page"}],"author":[{"embeddable":true,"href":"https:\/\/dev.borgarbyggd.is\/odal\/wp-json\/wp\/v2\/users\/4"}],"replies":[{"embeddable":true,"href":"https:\/\/dev.borgarbyggd.is\/odal\/wp-json\/wp\/v2\/comments?post=36"}],"version-history":[{"count":0,"href":"https:\/\/dev.borgarbyggd.is\/odal\/wp-json\/wp\/v2\/pages\/36\/revisions"}],"up":[{"embeddable":true,"href":"https:\/\/dev.borgarbyggd.is\/odal\/wp-json\/wp\/v2\/pages\/34"}],"wp:attachment":[{"href":"https:\/\/dev.borgarbyggd.is\/odal\/wp-json\/wp\/v2\/media?parent=36"}],"curies":[{"name":"wp","href":"https:\/\/api.w.org\/{rel}","templated":true}]}}