{"id":34,"date":"2023-10-27T13:51:28","date_gmt":"2023-10-27T13:51:28","guid":{"rendered":"https:\/\/dev.borgarbyggd.is\/odal\/?page_id=34"},"modified":"2025-09-10T15:36:52","modified_gmt":"2025-09-10T15:36:52","slug":"5-7-bekkur","status":"publish","type":"page","link":"https:\/\/dev.borgarbyggd.is\/odal\/5-7-bekkur\/","title":{"rendered":"5.-7. bekkur"},"content":{"rendered":"<div style=\"text-align: center;\"><b data-olk-copy-source=\"MessageBody\">Mi\u00f0stig opnun 2025-2026<\/b><\/div>\n<div style=\"text-align: center;\">M\u00e1nudaga 14:00-17:00<\/div>\n<div style=\"text-align: center;\">\u00deri\u00f0judaga 14:00-17:00<\/div>\n<p>\u00d3\u00f0al b\u00fd\u00f0ur upp \u00e1 tv\u00e6r opnanir \u00e1 viku fyrir mi\u00f0stig. \u00cd byrjun m\u00e1na\u00f0ar kemur dagskr\u00e1 sem birt er \u00e1 s\u00ed\u00f0unni, \u00e1 samf\u00e9lagsmi\u00f0lum \u00d3\u00f0als og \u00ed b\u00e1\u00f0um sk\u00f3lum, Grunnsk\u00f3lanum \u00ed Borgarnesi og Grunnsk\u00f3la Borgarfjar\u00f0ar. \u00der\u00e1tt fyrir a\u00f0 eitthva\u00f0 s\u00e9rstakt s\u00e9 \u00e1 dagskr\u00e1nni m\u00e1 l\u00edka alltaf k\u00edkja vi\u00f0 \u00ed \u00d3\u00f0ali og spjalla, spila e\u00f0a bara vera til.<\/p>\n<p>\u00c1 mi\u00f0stigsopnunum er h\u00e6gt a\u00f0 kaupa grilla\u00f0ar samlokur, n\u00fa\u00f0lur, k\u00f3k\u00f3mj\u00f3lk og safa \u00ed sjoppunni. Vi\u00f0 bj\u00f3\u00f0um l\u00edka upp \u00e1 vegan samlokur og hafrak\u00f3k\u00f3mj\u00f3lk.<\/p>\n","protected":false},"excerpt":{"rendered":"<p>Mi\u00f0stig opnun 2025-2026 M\u00e1nudaga 14:00-17:00 \u00deri\u00f0judaga 14:00-17:00 \u00d3\u00f0al b\u00fd\u00f0ur upp \u00e1 tv\u00e6r opnanir \u00e1 viku fyrir mi\u00f0stig. \u00cd byrjun m\u00e1na\u00f0ar kemur dagskr\u00e1 sem birt er \u00e1 s\u00ed\u00f0unni, \u00e1 samf\u00e9lagsmi\u00f0lum \u00d3\u00f0als og \u00ed b\u00e1\u00f0um sk\u00f3lum, Grunnsk\u00f3lanum \u00ed Borgarnesi og Grunnsk\u00f3la Borgarfjar\u00f0ar. \u00der\u00e1tt fyrir a\u00f0 eitthva\u00f0 s\u00e9rstakt s\u00e9 \u00e1 dagskr\u00e1nni m\u00e1 l\u00edka alltaf k\u00edkja vi\u00f0 \u00ed \u00d3\u00f0ali og spjalla, spila e\u00f0a bara &#8230; <\/p>\n<div><a href=\"https:\/\/dev.borgarbyggd.is\/odal\/5-7-bekkur\/\" class=\"more-link\">Read More<\/a><\/div>\n","protected":false},"author":4,"featured_media":0,"parent":0,"menu_order":0,"comment_status":"closed","ping_status":"closed","template":"","meta":{"_acf_changed":false,"footnotes":""},"class_list":["post-34","page","type-page","status-publish","hentry","no-post-thumbnail"],"acf":{"quickaccess":false},"yoast_head":"<!-- This site is optimized with the Yoast SEO plugin v24.0 - https:\/\/yoast.com\/wordpress\/plugins\/seo\/ -->\n<title>5.-7. bekkur - \u00d3\u00f0al<\/title>\n<meta name=\"robots\" content=\"noindex, follow, max-snippet:-1, max-image-preview:large, max-video-preview:-1\" \/>\n<meta property=\"og:locale\" content=\"is_IS\" \/>\n<meta property=\"og:type\" content=\"article\" \/>\n<meta property=\"og:title\" content=\"5.-7. bekkur - \u00d3\u00f0al\" \/>\n<meta property=\"og:description\" content=\"Mi\u00f0stig opnun 2025-2026 M\u00e1nudaga 14:00-17:00 \u00deri\u00f0judaga 14:00-17:00 \u00d3\u00f0al b\u00fd\u00f0ur upp \u00e1 tv\u00e6r opnanir \u00e1 viku fyrir mi\u00f0stig. \u00cd byrjun m\u00e1na\u00f0ar kemur dagskr\u00e1 sem birt er \u00e1 s\u00ed\u00f0unni, \u00e1 samf\u00e9lagsmi\u00f0lum \u00d3\u00f0als og \u00ed b\u00e1\u00f0um sk\u00f3lum, Grunnsk\u00f3lanum \u00ed Borgarnesi og Grunnsk\u00f3la Borgarfjar\u00f0ar. \u00der\u00e1tt fyrir a\u00f0 eitthva\u00f0 s\u00e9rstakt s\u00e9 \u00e1 dagskr\u00e1nni m\u00e1 l\u00edka alltaf k\u00edkja vi\u00f0 \u00ed \u00d3\u00f0ali og spjalla, spila e\u00f0a bara ... Read More\" \/>\n<meta property=\"og:url\" content=\"https:\/\/dev.borgarbyggd.is\/odal\/5-7-bekkur\/\" \/>\n<meta property=\"og:site_name\" content=\"\u00d3\u00f0al\" \/>\n<meta property=\"article:modified_time\" content=\"2025-09-10T15:36:52+00:00\" \/>\n<meta name=\"twitter:card\" content=\"summary_large_image\" \/>\n<meta name=\"twitter:label1\" content=\"Est. reading time\" \/>\n\t<meta name=\"twitter:data1\" content=\"1 minute\" \/>\n<script type=\"application\/ld+json\" class=\"yoast-schema-graph\">{\"@context\":\"https:\/\/schema.org\",\"@graph\":[{\"@type\":\"WebPage\",\"@id\":\"https:\/\/dev.borgarbyggd.is\/odal\/5-7-bekkur\/\",\"url\":\"https:\/\/dev.borgarbyggd.is\/odal\/5-7-bekkur\/\",\"name\":\"5.-7. bekkur - \u00d3\u00f0al\",\"isPartOf\":{\"@id\":\"https:\/\/dev.borgarbyggd.is\/odal\/#website\"},\"datePublished\":\"2023-10-27T13:51:28+00:00\",\"dateModified\":\"2025-09-10T15:36:52+00:00\",\"breadcrumb\":{\"@id\":\"https:\/\/dev.borgarbyggd.is\/odal\/5-7-bekkur\/#breadcrumb\"},\"inLanguage\":\"is\",\"potentialAction\":[{\"@type\":\"ReadAction\",\"target\":[\"https:\/\/dev.borgarbyggd.is\/odal\/5-7-bekkur\/\"]}]},{\"@type\":\"BreadcrumbList\",\"@id\":\"https:\/\/dev.borgarbyggd.is\/odal\/5-7-bekkur\/#breadcrumb\",\"itemListElement\":[{\"@type\":\"ListItem\",\"position\":1,\"name\":\"Home\",\"item\":\"https:\/\/dev.borgarbyggd.is\/odal\/\"},{\"@type\":\"ListItem\",\"position\":2,\"name\":\"5.-7. bekkur\"}]},{\"@type\":\"WebSite\",\"@id\":\"https:\/\/dev.borgarbyggd.is\/odal\/#website\",\"url\":\"https:\/\/dev.borgarbyggd.is\/odal\/\",\"name\":\"\u00d3\u00f0al\",\"description\":\"\",\"potentialAction\":[{\"@type\":\"SearchAction\",\"target\":{\"@type\":\"EntryPoint\",\"urlTemplate\":\"https:\/\/dev.borgarbyggd.is\/odal\/?s={search_term_string}\"},\"query-input\":{\"@type\":\"PropertyValueSpecification\",\"valueRequired\":true,\"valueName\":\"search_term_string\"}}],\"inLanguage\":\"is\"}]}<\/script>\n<!-- \/ Yoast SEO plugin. -->","yoast_head_json":{"title":"5.-7. bekkur - \u00d3\u00f0al","robots":{"index":"noindex","follow":"follow","max-snippet":"max-snippet:-1","max-image-preview":"max-image-preview:large","max-video-preview":"max-video-preview:-1"},"og_locale":"is_IS","og_type":"article","og_title":"5.-7. bekkur - \u00d3\u00f0al","og_description":"Mi\u00f0stig opnun 2025-2026 M\u00e1nudaga 14:00-17:00 \u00deri\u00f0judaga 14:00-17:00 \u00d3\u00f0al b\u00fd\u00f0ur upp \u00e1 tv\u00e6r opnanir \u00e1 viku fyrir mi\u00f0stig. \u00cd byrjun m\u00e1na\u00f0ar kemur dagskr\u00e1 sem birt er \u00e1 s\u00ed\u00f0unni, \u00e1 samf\u00e9lagsmi\u00f0lum \u00d3\u00f0als og \u00ed b\u00e1\u00f0um sk\u00f3lum, Grunnsk\u00f3lanum \u00ed Borgarnesi og Grunnsk\u00f3la Borgarfjar\u00f0ar. \u00der\u00e1tt fyrir a\u00f0 eitthva\u00f0 s\u00e9rstakt s\u00e9 \u00e1 dagskr\u00e1nni m\u00e1 l\u00edka alltaf k\u00edkja vi\u00f0 \u00ed \u00d3\u00f0ali og spjalla, spila e\u00f0a bara ... Read More","og_url":"https:\/\/dev.borgarbyggd.is\/odal\/5-7-bekkur\/","og_site_name":"\u00d3\u00f0al","article_modified_time":"2025-09-10T15:36:52+00:00","twitter_card":"summary_large_image","twitter_misc":{"Est. reading time":"1 minute"},"schema":{"@context":"https:\/\/schema.org","@graph":[{"@type":"WebPage","@id":"https:\/\/dev.borgarbyggd.is\/odal\/5-7-bekkur\/","url":"https:\/\/dev.borgarbyggd.is\/odal\/5-7-bekkur\/","name":"5.-7. bekkur - \u00d3\u00f0al","isPartOf":{"@id":"https:\/\/dev.borgarbyggd.is\/odal\/#website"},"datePublished":"2023-10-27T13:51:28+00:00","dateModified":"2025-09-10T15:36:52+00:00","breadcrumb":{"@id":"https:\/\/dev.borgarbyggd.is\/odal\/5-7-bekkur\/#breadcrumb"},"inLanguage":"is","potentialAction":[{"@type":"ReadAction","target":["https:\/\/dev.borgarbyggd.is\/odal\/5-7-bekkur\/"]}]},{"@type":"BreadcrumbList","@id":"https:\/\/dev.borgarbyggd.is\/odal\/5-7-bekkur\/#breadcrumb","itemListElement":[{"@type":"ListItem","position":1,"name":"Home","item":"https:\/\/dev.borgarbyggd.is\/odal\/"},{"@type":"ListItem","position":2,"name":"5.-7. bekkur"}]},{"@type":"WebSite","@id":"https:\/\/dev.borgarbyggd.is\/odal\/#website","url":"https:\/\/dev.borgarbyggd.is\/odal\/","name":"\u00d3\u00f0al","description":"","potentialAction":[{"@type":"SearchAction","target":{"@type":"EntryPoint","urlTemplate":"https:\/\/dev.borgarbyggd.is\/odal\/?s={search_term_string}"},"query-input":{"@type":"PropertyValueSpecification","valueRequired":true,"valueName":"search_term_string"}}],"inLanguage":"is"}]}},"_links":{"self":[{"href":"https:\/\/dev.borgarbyggd.is\/odal\/wp-json\/wp\/v2\/pages\/34","targetHints":{"allow":["GET"]}}],"collection":[{"href":"https:\/\/dev.borgarbyggd.is\/odal\/wp-json\/wp\/v2\/pages"}],"about":[{"href":"https:\/\/dev.borgarbyggd.is\/odal\/wp-json\/wp\/v2\/types\/page"}],"author":[{"embeddable":true,"href":"https:\/\/dev.borgarbyggd.is\/odal\/wp-json\/wp\/v2\/users\/4"}],"replies":[{"embeddable":true,"href":"https:\/\/dev.borgarbyggd.is\/odal\/wp-json\/wp\/v2\/comments?post=34"}],"version-history":[{"count":0,"href":"https:\/\/dev.borgarbyggd.is\/odal\/wp-json\/wp\/v2\/pages\/34\/revisions"}],"wp:attachment":[{"href":"https:\/\/dev.borgarbyggd.is\/odal\/wp-json\/wp\/v2\/media?parent=34"}],"curies":[{"name":"wp","href":"https:\/\/api.w.org\/{rel}","templated":true}]}}