{"id":98,"date":"2023-09-04T14:22:50","date_gmt":"2023-09-04T14:22:50","guid":{"rendered":"https:\/\/dev.borgarbyggd.is\/klettaborg\/?page_id=98"},"modified":"2024-03-27T10:11:34","modified_gmt":"2024-03-27T10:11:34","slug":"hafa-samband","status":"publish","type":"page","link":"https:\/\/dev.borgarbyggd.is\/klettaborg\/upplysingar\/hafa-samband\/","title":{"rendered":"Hafa samband"},"content":{"rendered":"<p><b><span data-contrast=\"auto\">Leiksk\u00f3lastj\u00f3ri: <\/span><\/b><b><span data-contrast=\"auto\">433-7169<\/span><\/b><span data-ccp-props=\"{&quot;201341983&quot;:0,&quot;335551550&quot;:2,&quot;335551620&quot;:2,&quot;335559739&quot;:160,&quot;335559740&quot;:240}\">\u00a0<\/span><span data-ccp-props=\"{&quot;201341983&quot;:0,&quot;335551550&quot;:2,&quot;335551620&quot;:2,&quot;335559739&quot;:160,&quot;335559740&quot;:240}\">\u00a0<\/span><\/p>\n<p><b><span data-contrast=\"auto\">Kaffistofa: <\/span><\/b><b><span data-contrast=\"auto\">433-7160<\/span><\/b><span data-ccp-props=\"{&quot;201341983&quot;:0,&quot;335551550&quot;:2,&quot;335551620&quot;:2,&quot;335559739&quot;:160,&quot;335559740&quot;:240}\">\u00a0<\/span><b><span data-contrast=\"auto\">\u00a0<\/span><\/b><span data-ccp-props=\"{&quot;201341983&quot;:0,&quot;335551550&quot;:2,&quot;335551620&quot;:2,&quot;335559739&quot;:160,&quot;335559740&quot;:240}\">\u00a0<\/span><\/p>\n<p><b><span data-contrast=\"auto\">\u00d3l\u00e1tagar\u00f0ur: <\/span><\/b><b><span data-contrast=\"auto\">433-7161<\/span><\/b><span data-ccp-props=\"{&quot;201341983&quot;:0,&quot;335551550&quot;:2,&quot;335551620&quot;:2,&quot;335559739&quot;:160,&quot;335559740&quot;:240}\">\u00a0<\/span><\/p>\n<p><b><span data-contrast=\"auto\">Kattholt: <\/span><\/b><b><span data-contrast=\"auto\">433-7162<\/span><\/b><span data-ccp-props=\"{&quot;201341983&quot;:0,&quot;335551550&quot;:2,&quot;335551620&quot;:2,&quot;335559739&quot;:160,&quot;335559740&quot;:240}\">\u00a0<\/span><span data-ccp-props=\"{&quot;201341983&quot;:0,&quot;335551550&quot;:2,&quot;335551620&quot;:2,&quot;335559739&quot;:160,&quot;335559740&quot;:240}\">\u00a0<\/span><\/p>\n<p><b><span data-contrast=\"auto\">Sj\u00f3narh\u00f3ll: <\/span><\/b><b><span data-contrast=\"auto\">433-7163<\/span><\/b><span data-ccp-props=\"{&quot;201341983&quot;:0,&quot;335551550&quot;:2,&quot;335551620&quot;:2,&quot;335559739&quot;:160,&quot;335559740&quot;:259}\">\u00a0<\/span><\/p>\n<p><b><span data-contrast=\"auto\">Eldh\u00fas: <\/span><\/b><b><span data-contrast=\"auto\">433-7164<\/span><\/b><span data-ccp-props=\"{&quot;201341983&quot;:0,&quot;335551550&quot;:2,&quot;335551620&quot;:2,&quot;335559739&quot;:160,&quot;335559740&quot;:259}\">\u00a0<\/span><\/p>\n<p><b><span data-contrast=\"auto\">S\u00e9rkennsla: <\/span><\/b><b><span data-contrast=\"auto\">433-7165<\/span><\/b><span data-ccp-props=\"{&quot;201341983&quot;:0,&quot;335551550&quot;:2,&quot;335551620&quot;:2,&quot;335559739&quot;:160,&quot;335559740&quot;:259}\">\u00a0<\/span><\/p>\n<p><b><span data-contrast=\"auto\">Skemman:<\/span><\/b><b><span data-contrast=\"auto\"> 433-7167<\/span><\/b><span data-ccp-props=\"{&quot;201341983&quot;:0,&quot;335551550&quot;:2,&quot;335551620&quot;:2,&quot;335559739&quot;:160,&quot;335559740&quot;:259}\">\u00a0<\/span><\/p>\n<p><span data-ccp-props=\"{&quot;201341983&quot;:0,&quot;335551550&quot;:2,&quot;335551620&quot;:2,&quot;335559739&quot;:160,&quot;335559740&quot;:259}\">\u00a0<\/span><\/p>\n<p><b><span data-contrast=\"auto\">Netfang: <\/span><\/b><a href=\"mailto:klettaborg@borgarbyggd.is\"><b><span data-contrast=\"none\">klettaborg@borgarbyggd.is<\/span><\/b><\/a><span data-ccp-props=\"{&quot;201341983&quot;:0,&quot;335551550&quot;:2,&quot;335551620&quot;:2,&quot;335559739&quot;:160,&quot;335559740&quot;:259}\">\u00a0<\/span><\/p>\n<p>&nbsp;<\/p>\n","protected":false},"excerpt":{"rendered":"<p>Leiksk\u00f3lastj\u00f3ri: 433-7169\u00a0\u00a0 Kaffistofa: 433-7160\u00a0\u00a0\u00a0 \u00d3l\u00e1tagar\u00f0ur: 433-7161\u00a0 Kattholt: 433-7162\u00a0\u00a0 Sj\u00f3narh\u00f3ll: 433-7163\u00a0 Eldh\u00fas: 433-7164\u00a0 S\u00e9rkennsla: 433-7165\u00a0 Skemman: 433-7167\u00a0 \u00a0 Netfang: klettaborg@borgarbyggd.is\u00a0 &nbsp;<\/p>\n","protected":false},"author":4,"featured_media":0,"parent":33,"menu_order":0,"comment_status":"closed","ping_status":"closed","template":"","meta":{"_acf_changed":false,"footnotes":""},"class_list":["post-98","page","type-page","status-publish","hentry","no-post-thumbnail"],"acf":{"quickaccess":false},"yoast_head":"<!-- This site is optimized with the Yoast SEO plugin v24.0 - https:\/\/yoast.com\/wordpress\/plugins\/seo\/ -->\n<title>Hafa samband - Klettaborg<\/title>\n<meta name=\"robots\" content=\"noindex, follow, max-snippet:-1, max-image-preview:large, max-video-preview:-1\" \/>\n<meta property=\"og:locale\" content=\"is_IS\" \/>\n<meta property=\"og:type\" content=\"article\" \/>\n<meta property=\"og:title\" content=\"Hafa samband - Klettaborg\" \/>\n<meta property=\"og:description\" content=\"Leiksk\u00f3lastj\u00f3ri: 433-7169\u00a0\u00a0 Kaffistofa: 433-7160\u00a0\u00a0\u00a0 \u00d3l\u00e1tagar\u00f0ur: 433-7161\u00a0 Kattholt: 433-7162\u00a0\u00a0 Sj\u00f3narh\u00f3ll: 433-7163\u00a0 Eldh\u00fas: 433-7164\u00a0 S\u00e9rkennsla: 433-7165\u00a0 Skemman: 433-7167\u00a0 \u00a0 Netfang: klettaborg@borgarbyggd.is\u00a0 &nbsp;\" \/>\n<meta property=\"og:url\" content=\"https:\/\/dev.borgarbyggd.is\/klettaborg\/upplysingar\/hafa-samband\/\" \/>\n<meta property=\"og:site_name\" content=\"Klettaborg\" \/>\n<meta property=\"article:modified_time\" content=\"2024-03-27T10:11:34+00:00\" \/>\n<meta name=\"twitter:card\" content=\"summary_large_image\" \/>\n<meta name=\"twitter:label1\" content=\"Est. reading time\" \/>\n\t<meta name=\"twitter:data1\" content=\"1 minute\" \/>\n<script type=\"application\/ld+json\" class=\"yoast-schema-graph\">{\"@context\":\"https:\/\/schema.org\",\"@graph\":[{\"@type\":\"WebPage\",\"@id\":\"https:\/\/dev.borgarbyggd.is\/klettaborg\/upplysingar\/hafa-samband\/\",\"url\":\"https:\/\/dev.borgarbyggd.is\/klettaborg\/upplysingar\/hafa-samband\/\",\"name\":\"Hafa samband - Klettaborg\",\"isPartOf\":{\"@id\":\"https:\/\/dev.borgarbyggd.is\/klettaborg\/#website\"},\"datePublished\":\"2023-09-04T14:22:50+00:00\",\"dateModified\":\"2024-03-27T10:11:34+00:00\",\"breadcrumb\":{\"@id\":\"https:\/\/dev.borgarbyggd.is\/klettaborg\/upplysingar\/hafa-samband\/#breadcrumb\"},\"inLanguage\":\"is\",\"potentialAction\":[{\"@type\":\"ReadAction\",\"target\":[\"https:\/\/dev.borgarbyggd.is\/klettaborg\/upplysingar\/hafa-samband\/\"]}]},{\"@type\":\"BreadcrumbList\",\"@id\":\"https:\/\/dev.borgarbyggd.is\/klettaborg\/upplysingar\/hafa-samband\/#breadcrumb\",\"itemListElement\":[{\"@type\":\"ListItem\",\"position\":1,\"name\":\"Home\",\"item\":\"https:\/\/dev.borgarbyggd.is\/klettaborg\/\"},{\"@type\":\"ListItem\",\"position\":2,\"name\":\"Uppl\u00fdsingar\",\"item\":\"https:\/\/dev.borgarbyggd.is\/klettaborg\/upplysingar\/\"},{\"@type\":\"ListItem\",\"position\":3,\"name\":\"Hafa samband\"}]},{\"@type\":\"WebSite\",\"@id\":\"https:\/\/dev.borgarbyggd.is\/klettaborg\/#website\",\"url\":\"https:\/\/dev.borgarbyggd.is\/klettaborg\/\",\"name\":\"Klettaborg\",\"description\":\"\",\"potentialAction\":[{\"@type\":\"SearchAction\",\"target\":{\"@type\":\"EntryPoint\",\"urlTemplate\":\"https:\/\/dev.borgarbyggd.is\/klettaborg\/?s={search_term_string}\"},\"query-input\":{\"@type\":\"PropertyValueSpecification\",\"valueRequired\":true,\"valueName\":\"search_term_string\"}}],\"inLanguage\":\"is\"}]}<\/script>\n<!-- \/ Yoast SEO plugin. -->","yoast_head_json":{"title":"Hafa samband - Klettaborg","robots":{"index":"noindex","follow":"follow","max-snippet":"max-snippet:-1","max-image-preview":"max-image-preview:large","max-video-preview":"max-video-preview:-1"},"og_locale":"is_IS","og_type":"article","og_title":"Hafa samband - Klettaborg","og_description":"Leiksk\u00f3lastj\u00f3ri: 433-7169\u00a0\u00a0 Kaffistofa: 433-7160\u00a0\u00a0\u00a0 \u00d3l\u00e1tagar\u00f0ur: 433-7161\u00a0 Kattholt: 433-7162\u00a0\u00a0 Sj\u00f3narh\u00f3ll: 433-7163\u00a0 Eldh\u00fas: 433-7164\u00a0 S\u00e9rkennsla: 433-7165\u00a0 Skemman: 433-7167\u00a0 \u00a0 Netfang: klettaborg@borgarbyggd.is\u00a0 &nbsp;","og_url":"https:\/\/dev.borgarbyggd.is\/klettaborg\/upplysingar\/hafa-samband\/","og_site_name":"Klettaborg","article_modified_time":"2024-03-27T10:11:34+00:00","twitter_card":"summary_large_image","twitter_misc":{"Est. reading time":"1 minute"},"schema":{"@context":"https:\/\/schema.org","@graph":[{"@type":"WebPage","@id":"https:\/\/dev.borgarbyggd.is\/klettaborg\/upplysingar\/hafa-samband\/","url":"https:\/\/dev.borgarbyggd.is\/klettaborg\/upplysingar\/hafa-samband\/","name":"Hafa samband - Klettaborg","isPartOf":{"@id":"https:\/\/dev.borgarbyggd.is\/klettaborg\/#website"},"datePublished":"2023-09-04T14:22:50+00:00","dateModified":"2024-03-27T10:11:34+00:00","breadcrumb":{"@id":"https:\/\/dev.borgarbyggd.is\/klettaborg\/upplysingar\/hafa-samband\/#breadcrumb"},"inLanguage":"is","potentialAction":[{"@type":"ReadAction","target":["https:\/\/dev.borgarbyggd.is\/klettaborg\/upplysingar\/hafa-samband\/"]}]},{"@type":"BreadcrumbList","@id":"https:\/\/dev.borgarbyggd.is\/klettaborg\/upplysingar\/hafa-samband\/#breadcrumb","itemListElement":[{"@type":"ListItem","position":1,"name":"Home","item":"https:\/\/dev.borgarbyggd.is\/klettaborg\/"},{"@type":"ListItem","position":2,"name":"Uppl\u00fdsingar","item":"https:\/\/dev.borgarbyggd.is\/klettaborg\/upplysingar\/"},{"@type":"ListItem","position":3,"name":"Hafa samband"}]},{"@type":"WebSite","@id":"https:\/\/dev.borgarbyggd.is\/klettaborg\/#website","url":"https:\/\/dev.borgarbyggd.is\/klettaborg\/","name":"Klettaborg","description":"","potentialAction":[{"@type":"SearchAction","target":{"@type":"EntryPoint","urlTemplate":"https:\/\/dev.borgarbyggd.is\/klettaborg\/?s={search_term_string}"},"query-input":{"@type":"PropertyValueSpecification","valueRequired":true,"valueName":"search_term_string"}}],"inLanguage":"is"}]}},"_links":{"self":[{"href":"https:\/\/dev.borgarbyggd.is\/klettaborg\/wp-json\/wp\/v2\/pages\/98","targetHints":{"allow":["GET"]}}],"collection":[{"href":"https:\/\/dev.borgarbyggd.is\/klettaborg\/wp-json\/wp\/v2\/pages"}],"about":[{"href":"https:\/\/dev.borgarbyggd.is\/klettaborg\/wp-json\/wp\/v2\/types\/page"}],"author":[{"embeddable":true,"href":"https:\/\/dev.borgarbyggd.is\/klettaborg\/wp-json\/wp\/v2\/users\/4"}],"replies":[{"embeddable":true,"href":"https:\/\/dev.borgarbyggd.is\/klettaborg\/wp-json\/wp\/v2\/comments?post=98"}],"version-history":[{"count":0,"href":"https:\/\/dev.borgarbyggd.is\/klettaborg\/wp-json\/wp\/v2\/pages\/98\/revisions"}],"up":[{"embeddable":true,"href":"https:\/\/dev.borgarbyggd.is\/klettaborg\/wp-json\/wp\/v2\/pages\/33"}],"wp:attachment":[{"href":"https:\/\/dev.borgarbyggd.is\/klettaborg\/wp-json\/wp\/v2\/media?parent=98"}],"curies":[{"name":"wp","href":"https:\/\/api.w.org\/{rel}","templated":true}]}}