{"id":86,"date":"2023-09-04T14:14:01","date_gmt":"2023-09-04T14:14:01","guid":{"rendered":"https:\/\/dev.borgarbyggd.is\/klettaborg\/?page_id=86"},"modified":"2024-08-09T10:06:24","modified_gmt":"2024-08-09T10:06:24","slug":"skolanamskra","status":"publish","type":"page","link":"https:\/\/dev.borgarbyggd.is\/klettaborg\/skolastarfid\/skolanamskra\/","title":{"rendered":"Sk\u00f3lan\u00e1mskr\u00e1"},"content":{"rendered":"<p><span data-contrast=\"none\">Sk\u00f3lan\u00e1mskr\u00e1 Klettaborgar var fyrst gefin \u00fat \u00e1ri\u00f0 1999, endursko\u00f0u\u00f0 2002, 2004, 2007 og s\u00ed\u00f0ast gefin \u00fat \u00ed febr\u00faar 2016 og er \u00ed endursko\u00f0un.<\/span><span data-ccp-props=\"{&quot;134233117&quot;:false,&quot;134233118&quot;:false,&quot;201341983&quot;:0,&quot;335559738&quot;:0,&quot;335559739&quot;:150,&quot;335559740&quot;:240}\">\u00a0<\/span><\/p>\n<p><span data-contrast=\"none\">G\u00f3\u00f0 sk\u00f3lan\u00e1mskr\u00e1 er \u00ed st\u00f6\u00f0ugri \u00fer\u00f3un \u00ed takt vi\u00f0 stefnur og strauma \u00e1 hverjum t\u00edma til a\u00f0 auka \u00feekkingu og framfarir til hagsb\u00f3ta fyrir sk\u00f3lasamf\u00e9lagi\u00f0 \u00ed heild.<\/span><span data-ccp-props=\"{&quot;134233117&quot;:false,&quot;134233118&quot;:false,&quot;201341983&quot;:0,&quot;335559738&quot;:0,&quot;335559739&quot;:150,&quot;335559740&quot;:240}\">\u00a0<\/span><\/p>\n<p>Sk\u00f3lan\u00e1mskr\u00e1 Klettaborgar m\u00e1 n\u00e1lgast <a href=\"https:\/\/dev.borgarbyggd.is\/klettaborg\/wp-content\/uploads\/sites\/12\/2023\/09\/Skolanamskra.pdf\">h\u00e9r.<\/a><\/p>\n","protected":false},"excerpt":{"rendered":"<p>Sk\u00f3lan\u00e1mskr\u00e1 Klettaborgar var fyrst gefin \u00fat \u00e1ri\u00f0 1999, endursko\u00f0u\u00f0 2002, 2004, 2007 og s\u00ed\u00f0ast gefin \u00fat \u00ed febr\u00faar 2016 og er \u00ed endursko\u00f0un.\u00a0 G\u00f3\u00f0 sk\u00f3lan\u00e1mskr\u00e1 er \u00ed st\u00f6\u00f0ugri \u00fer\u00f3un \u00ed takt vi\u00f0 stefnur og strauma \u00e1 hverjum t\u00edma til a\u00f0 auka \u00feekkingu og framfarir til hagsb\u00f3ta fyrir sk\u00f3lasamf\u00e9lagi\u00f0 \u00ed heild.\u00a0 Sk\u00f3lan\u00e1mskr\u00e1 Klettaborgar m\u00e1 n\u00e1lgast h\u00e9r.<\/p>\n","protected":false},"author":4,"featured_media":0,"parent":32,"menu_order":0,"comment_status":"closed","ping_status":"closed","template":"","meta":{"_acf_changed":false,"footnotes":""},"class_list":["post-86","page","type-page","status-publish","hentry","no-post-thumbnail"],"acf":{"quickaccess":false},"yoast_head":"<!-- This site is optimized with the Yoast SEO plugin v24.0 - https:\/\/yoast.com\/wordpress\/plugins\/seo\/ -->\n<title>Sk\u00f3lan\u00e1mskr\u00e1 - Klettaborg<\/title>\n<meta name=\"robots\" content=\"noindex, follow, max-snippet:-1, max-image-preview:large, max-video-preview:-1\" \/>\n<meta property=\"og:locale\" content=\"is_IS\" \/>\n<meta property=\"og:type\" content=\"article\" \/>\n<meta property=\"og:title\" content=\"Sk\u00f3lan\u00e1mskr\u00e1 - Klettaborg\" \/>\n<meta property=\"og:description\" content=\"Sk\u00f3lan\u00e1mskr\u00e1 Klettaborgar var fyrst gefin \u00fat \u00e1ri\u00f0 1999, endursko\u00f0u\u00f0 2002, 2004, 2007 og s\u00ed\u00f0ast gefin \u00fat \u00ed febr\u00faar 2016 og er \u00ed endursko\u00f0un.\u00a0 G\u00f3\u00f0 sk\u00f3lan\u00e1mskr\u00e1 er \u00ed st\u00f6\u00f0ugri \u00fer\u00f3un \u00ed takt vi\u00f0 stefnur og strauma \u00e1 hverjum t\u00edma til a\u00f0 auka \u00feekkingu og framfarir til hagsb\u00f3ta fyrir sk\u00f3lasamf\u00e9lagi\u00f0 \u00ed heild.\u00a0 Sk\u00f3lan\u00e1mskr\u00e1 Klettaborgar m\u00e1 n\u00e1lgast h\u00e9r.\" \/>\n<meta property=\"og:url\" content=\"https:\/\/dev.borgarbyggd.is\/klettaborg\/skolastarfid\/skolanamskra\/\" \/>\n<meta property=\"og:site_name\" content=\"Klettaborg\" \/>\n<meta property=\"article:modified_time\" content=\"2024-08-09T10:06:24+00:00\" \/>\n<meta name=\"twitter:card\" content=\"summary_large_image\" \/>\n<meta name=\"twitter:label1\" content=\"Est. reading time\" \/>\n\t<meta name=\"twitter:data1\" content=\"1 minute\" \/>\n<script type=\"application\/ld+json\" class=\"yoast-schema-graph\">{\"@context\":\"https:\/\/schema.org\",\"@graph\":[{\"@type\":\"WebPage\",\"@id\":\"https:\/\/dev.borgarbyggd.is\/klettaborg\/skolastarfid\/skolanamskra\/\",\"url\":\"https:\/\/dev.borgarbyggd.is\/klettaborg\/skolastarfid\/skolanamskra\/\",\"name\":\"Sk\u00f3lan\u00e1mskr\u00e1 - Klettaborg\",\"isPartOf\":{\"@id\":\"https:\/\/dev.borgarbyggd.is\/klettaborg\/#website\"},\"datePublished\":\"2023-09-04T14:14:01+00:00\",\"dateModified\":\"2024-08-09T10:06:24+00:00\",\"breadcrumb\":{\"@id\":\"https:\/\/dev.borgarbyggd.is\/klettaborg\/skolastarfid\/skolanamskra\/#breadcrumb\"},\"inLanguage\":\"is\",\"potentialAction\":[{\"@type\":\"ReadAction\",\"target\":[\"https:\/\/dev.borgarbyggd.is\/klettaborg\/skolastarfid\/skolanamskra\/\"]}]},{\"@type\":\"BreadcrumbList\",\"@id\":\"https:\/\/dev.borgarbyggd.is\/klettaborg\/skolastarfid\/skolanamskra\/#breadcrumb\",\"itemListElement\":[{\"@type\":\"ListItem\",\"position\":1,\"name\":\"Home\",\"item\":\"https:\/\/dev.borgarbyggd.is\/klettaborg\/\"},{\"@type\":\"ListItem\",\"position\":2,\"name\":\"Sk\u00f3lastarf\",\"item\":\"https:\/\/dev.borgarbyggd.is\/klettaborg\/skolastarfid\/\"},{\"@type\":\"ListItem\",\"position\":3,\"name\":\"Sk\u00f3lan\u00e1mskr\u00e1\"}]},{\"@type\":\"WebSite\",\"@id\":\"https:\/\/dev.borgarbyggd.is\/klettaborg\/#website\",\"url\":\"https:\/\/dev.borgarbyggd.is\/klettaborg\/\",\"name\":\"Klettaborg\",\"description\":\"\",\"potentialAction\":[{\"@type\":\"SearchAction\",\"target\":{\"@type\":\"EntryPoint\",\"urlTemplate\":\"https:\/\/dev.borgarbyggd.is\/klettaborg\/?s={search_term_string}\"},\"query-input\":{\"@type\":\"PropertyValueSpecification\",\"valueRequired\":true,\"valueName\":\"search_term_string\"}}],\"inLanguage\":\"is\"}]}<\/script>\n<!-- \/ Yoast SEO plugin. -->","yoast_head_json":{"title":"Sk\u00f3lan\u00e1mskr\u00e1 - Klettaborg","robots":{"index":"noindex","follow":"follow","max-snippet":"max-snippet:-1","max-image-preview":"max-image-preview:large","max-video-preview":"max-video-preview:-1"},"og_locale":"is_IS","og_type":"article","og_title":"Sk\u00f3lan\u00e1mskr\u00e1 - Klettaborg","og_description":"Sk\u00f3lan\u00e1mskr\u00e1 Klettaborgar var fyrst gefin \u00fat \u00e1ri\u00f0 1999, endursko\u00f0u\u00f0 2002, 2004, 2007 og s\u00ed\u00f0ast gefin \u00fat \u00ed febr\u00faar 2016 og er \u00ed endursko\u00f0un.\u00a0 G\u00f3\u00f0 sk\u00f3lan\u00e1mskr\u00e1 er \u00ed st\u00f6\u00f0ugri \u00fer\u00f3un \u00ed takt vi\u00f0 stefnur og strauma \u00e1 hverjum t\u00edma til a\u00f0 auka \u00feekkingu og framfarir til hagsb\u00f3ta fyrir sk\u00f3lasamf\u00e9lagi\u00f0 \u00ed heild.\u00a0 Sk\u00f3lan\u00e1mskr\u00e1 Klettaborgar m\u00e1 n\u00e1lgast h\u00e9r.","og_url":"https:\/\/dev.borgarbyggd.is\/klettaborg\/skolastarfid\/skolanamskra\/","og_site_name":"Klettaborg","article_modified_time":"2024-08-09T10:06:24+00:00","twitter_card":"summary_large_image","twitter_misc":{"Est. reading time":"1 minute"},"schema":{"@context":"https:\/\/schema.org","@graph":[{"@type":"WebPage","@id":"https:\/\/dev.borgarbyggd.is\/klettaborg\/skolastarfid\/skolanamskra\/","url":"https:\/\/dev.borgarbyggd.is\/klettaborg\/skolastarfid\/skolanamskra\/","name":"Sk\u00f3lan\u00e1mskr\u00e1 - Klettaborg","isPartOf":{"@id":"https:\/\/dev.borgarbyggd.is\/klettaborg\/#website"},"datePublished":"2023-09-04T14:14:01+00:00","dateModified":"2024-08-09T10:06:24+00:00","breadcrumb":{"@id":"https:\/\/dev.borgarbyggd.is\/klettaborg\/skolastarfid\/skolanamskra\/#breadcrumb"},"inLanguage":"is","potentialAction":[{"@type":"ReadAction","target":["https:\/\/dev.borgarbyggd.is\/klettaborg\/skolastarfid\/skolanamskra\/"]}]},{"@type":"BreadcrumbList","@id":"https:\/\/dev.borgarbyggd.is\/klettaborg\/skolastarfid\/skolanamskra\/#breadcrumb","itemListElement":[{"@type":"ListItem","position":1,"name":"Home","item":"https:\/\/dev.borgarbyggd.is\/klettaborg\/"},{"@type":"ListItem","position":2,"name":"Sk\u00f3lastarf","item":"https:\/\/dev.borgarbyggd.is\/klettaborg\/skolastarfid\/"},{"@type":"ListItem","position":3,"name":"Sk\u00f3lan\u00e1mskr\u00e1"}]},{"@type":"WebSite","@id":"https:\/\/dev.borgarbyggd.is\/klettaborg\/#website","url":"https:\/\/dev.borgarbyggd.is\/klettaborg\/","name":"Klettaborg","description":"","potentialAction":[{"@type":"SearchAction","target":{"@type":"EntryPoint","urlTemplate":"https:\/\/dev.borgarbyggd.is\/klettaborg\/?s={search_term_string}"},"query-input":{"@type":"PropertyValueSpecification","valueRequired":true,"valueName":"search_term_string"}}],"inLanguage":"is"}]}},"_links":{"self":[{"href":"https:\/\/dev.borgarbyggd.is\/klettaborg\/wp-json\/wp\/v2\/pages\/86","targetHints":{"allow":["GET"]}}],"collection":[{"href":"https:\/\/dev.borgarbyggd.is\/klettaborg\/wp-json\/wp\/v2\/pages"}],"about":[{"href":"https:\/\/dev.borgarbyggd.is\/klettaborg\/wp-json\/wp\/v2\/types\/page"}],"author":[{"embeddable":true,"href":"https:\/\/dev.borgarbyggd.is\/klettaborg\/wp-json\/wp\/v2\/users\/4"}],"replies":[{"embeddable":true,"href":"https:\/\/dev.borgarbyggd.is\/klettaborg\/wp-json\/wp\/v2\/comments?post=86"}],"version-history":[{"count":0,"href":"https:\/\/dev.borgarbyggd.is\/klettaborg\/wp-json\/wp\/v2\/pages\/86\/revisions"}],"up":[{"embeddable":true,"href":"https:\/\/dev.borgarbyggd.is\/klettaborg\/wp-json\/wp\/v2\/pages\/32"}],"wp:attachment":[{"href":"https:\/\/dev.borgarbyggd.is\/klettaborg\/wp-json\/wp\/v2\/media?parent=86"}],"curies":[{"name":"wp","href":"https:\/\/api.w.org\/{rel}","templated":true}]}}