{"id":82,"date":"2023-09-04T14:12:25","date_gmt":"2023-09-04T14:12:25","guid":{"rendered":"https:\/\/dev.borgarbyggd.is\/klettaborg\/?page_id=82"},"modified":"2026-01-12T15:49:01","modified_gmt":"2026-01-12T15:49:01","slug":"skoladagatal","status":"publish","type":"page","link":"https:\/\/dev.borgarbyggd.is\/klettaborg\/upplysingar\/skoladagatal\/","title":{"rendered":"Sk\u00f3ladagatal"},"content":{"rendered":"<p><span class=\"TextRun Highlight SCXW9625502 BCX9\" lang=\"IS-IS\" xml:lang=\"IS-IS\" data-contrast=\"none\"><span class=\"NormalTextRun SCXW9625502 BCX9\">\u00c1 hverju vori er gefi\u00f0 \u00fat sk\u00f3ladagatal fyrir n\u00e6sta sk\u00f3la\u00e1r sem <\/span><span class=\"NormalTextRun SpellingErrorV2Themed SCXW9625502 BCX9\">framundan<\/span><span class=\"NormalTextRun SCXW9625502 BCX9\"> er. Sk\u00f3ladagatal er lagt fyrir foreldrar\u00e1\u00f0 leiksk\u00f3lans sem gefur ums\u00f6gn og fer svo til sam\u00feykktar \u00ed fr\u00e6\u00f0slunefnd.<\/span><\/span><\/p>\n<ul>\n<li style=\"list-style-type: none\">\n<ul>\n<li style=\"list-style-type: none\">\n<ul>\n<li><a href=\"https:\/\/dev.borgarbyggd.is\/klettaborg\/wp-content\/uploads\/sites\/12\/2024\/11\/Copy-of-skoladagatal-2024-2025-foreld1.pdf\">Sk\u00f3ladagatal 2024-2025<\/a><\/li>\n<li><a href=\"https:\/\/dev.borgarbyggd.is\/klettaborg\/leikskoladagatal-2025-2026-foreldrar-skraningard2\/\">Sk\u00f3ladagatal 2025-2026<\/a><\/li>\n<\/ul>\n<\/li>\n<\/ul>\n<\/li>\n<\/ul>\n","protected":false},"excerpt":{"rendered":"<p>\u00c1 hverju vori er gefi\u00f0 \u00fat sk\u00f3ladagatal fyrir n\u00e6sta sk\u00f3la\u00e1r sem framundan er. Sk\u00f3ladagatal er lagt fyrir foreldrar\u00e1\u00f0 leiksk\u00f3lans sem gefur ums\u00f6gn og fer svo til sam\u00feykktar \u00ed fr\u00e6\u00f0slunefnd. Sk\u00f3ladagatal 2024-2025 Sk\u00f3ladagatal 2025-2026<\/p>\n","protected":false},"author":4,"featured_media":0,"parent":33,"menu_order":0,"comment_status":"closed","ping_status":"closed","template":"","meta":{"_acf_changed":false,"footnotes":""},"class_list":["post-82","page","type-page","status-publish","hentry","no-post-thumbnail"],"acf":{"quickaccess":false},"yoast_head":"<!-- This site is optimized with the Yoast SEO plugin v24.0 - https:\/\/yoast.com\/wordpress\/plugins\/seo\/ -->\n<title>Sk\u00f3ladagatal - Klettaborg<\/title>\n<meta name=\"robots\" content=\"noindex, follow, max-snippet:-1, max-image-preview:large, max-video-preview:-1\" \/>\n<meta property=\"og:locale\" content=\"is_IS\" \/>\n<meta property=\"og:type\" content=\"article\" \/>\n<meta property=\"og:title\" content=\"Sk\u00f3ladagatal - Klettaborg\" \/>\n<meta property=\"og:description\" content=\"\u00c1 hverju vori er gefi\u00f0 \u00fat sk\u00f3ladagatal fyrir n\u00e6sta sk\u00f3la\u00e1r sem framundan er. Sk\u00f3ladagatal er lagt fyrir foreldrar\u00e1\u00f0 leiksk\u00f3lans sem gefur ums\u00f6gn og fer svo til sam\u00feykktar \u00ed fr\u00e6\u00f0slunefnd. Sk\u00f3ladagatal 2024-2025 Sk\u00f3ladagatal 2025-2026\" \/>\n<meta property=\"og:url\" content=\"https:\/\/dev.borgarbyggd.is\/klettaborg\/upplysingar\/skoladagatal\/\" \/>\n<meta property=\"og:site_name\" content=\"Klettaborg\" \/>\n<meta property=\"article:modified_time\" content=\"2026-01-12T15:49:01+00:00\" \/>\n<meta name=\"twitter:card\" content=\"summary_large_image\" \/>\n<meta name=\"twitter:label1\" content=\"Est. reading time\" \/>\n\t<meta name=\"twitter:data1\" content=\"1 minute\" \/>\n<script type=\"application\/ld+json\" class=\"yoast-schema-graph\">{\"@context\":\"https:\/\/schema.org\",\"@graph\":[{\"@type\":\"WebPage\",\"@id\":\"https:\/\/dev.borgarbyggd.is\/klettaborg\/upplysingar\/skoladagatal\/\",\"url\":\"https:\/\/dev.borgarbyggd.is\/klettaborg\/upplysingar\/skoladagatal\/\",\"name\":\"Sk\u00f3ladagatal - Klettaborg\",\"isPartOf\":{\"@id\":\"https:\/\/dev.borgarbyggd.is\/klettaborg\/#website\"},\"datePublished\":\"2023-09-04T14:12:25+00:00\",\"dateModified\":\"2026-01-12T15:49:01+00:00\",\"breadcrumb\":{\"@id\":\"https:\/\/dev.borgarbyggd.is\/klettaborg\/upplysingar\/skoladagatal\/#breadcrumb\"},\"inLanguage\":\"is\",\"potentialAction\":[{\"@type\":\"ReadAction\",\"target\":[\"https:\/\/dev.borgarbyggd.is\/klettaborg\/upplysingar\/skoladagatal\/\"]}]},{\"@type\":\"BreadcrumbList\",\"@id\":\"https:\/\/dev.borgarbyggd.is\/klettaborg\/upplysingar\/skoladagatal\/#breadcrumb\",\"itemListElement\":[{\"@type\":\"ListItem\",\"position\":1,\"name\":\"Home\",\"item\":\"https:\/\/dev.borgarbyggd.is\/klettaborg\/\"},{\"@type\":\"ListItem\",\"position\":2,\"name\":\"Uppl\u00fdsingar\",\"item\":\"https:\/\/dev.borgarbyggd.is\/klettaborg\/upplysingar\/\"},{\"@type\":\"ListItem\",\"position\":3,\"name\":\"Sk\u00f3ladagatal\"}]},{\"@type\":\"WebSite\",\"@id\":\"https:\/\/dev.borgarbyggd.is\/klettaborg\/#website\",\"url\":\"https:\/\/dev.borgarbyggd.is\/klettaborg\/\",\"name\":\"Klettaborg\",\"description\":\"\",\"potentialAction\":[{\"@type\":\"SearchAction\",\"target\":{\"@type\":\"EntryPoint\",\"urlTemplate\":\"https:\/\/dev.borgarbyggd.is\/klettaborg\/?s={search_term_string}\"},\"query-input\":{\"@type\":\"PropertyValueSpecification\",\"valueRequired\":true,\"valueName\":\"search_term_string\"}}],\"inLanguage\":\"is\"}]}<\/script>\n<!-- \/ Yoast SEO plugin. -->","yoast_head_json":{"title":"Sk\u00f3ladagatal - Klettaborg","robots":{"index":"noindex","follow":"follow","max-snippet":"max-snippet:-1","max-image-preview":"max-image-preview:large","max-video-preview":"max-video-preview:-1"},"og_locale":"is_IS","og_type":"article","og_title":"Sk\u00f3ladagatal - Klettaborg","og_description":"\u00c1 hverju vori er gefi\u00f0 \u00fat sk\u00f3ladagatal fyrir n\u00e6sta sk\u00f3la\u00e1r sem framundan er. Sk\u00f3ladagatal er lagt fyrir foreldrar\u00e1\u00f0 leiksk\u00f3lans sem gefur ums\u00f6gn og fer svo til sam\u00feykktar \u00ed fr\u00e6\u00f0slunefnd. Sk\u00f3ladagatal 2024-2025 Sk\u00f3ladagatal 2025-2026","og_url":"https:\/\/dev.borgarbyggd.is\/klettaborg\/upplysingar\/skoladagatal\/","og_site_name":"Klettaborg","article_modified_time":"2026-01-12T15:49:01+00:00","twitter_card":"summary_large_image","twitter_misc":{"Est. reading time":"1 minute"},"schema":{"@context":"https:\/\/schema.org","@graph":[{"@type":"WebPage","@id":"https:\/\/dev.borgarbyggd.is\/klettaborg\/upplysingar\/skoladagatal\/","url":"https:\/\/dev.borgarbyggd.is\/klettaborg\/upplysingar\/skoladagatal\/","name":"Sk\u00f3ladagatal - Klettaborg","isPartOf":{"@id":"https:\/\/dev.borgarbyggd.is\/klettaborg\/#website"},"datePublished":"2023-09-04T14:12:25+00:00","dateModified":"2026-01-12T15:49:01+00:00","breadcrumb":{"@id":"https:\/\/dev.borgarbyggd.is\/klettaborg\/upplysingar\/skoladagatal\/#breadcrumb"},"inLanguage":"is","potentialAction":[{"@type":"ReadAction","target":["https:\/\/dev.borgarbyggd.is\/klettaborg\/upplysingar\/skoladagatal\/"]}]},{"@type":"BreadcrumbList","@id":"https:\/\/dev.borgarbyggd.is\/klettaborg\/upplysingar\/skoladagatal\/#breadcrumb","itemListElement":[{"@type":"ListItem","position":1,"name":"Home","item":"https:\/\/dev.borgarbyggd.is\/klettaborg\/"},{"@type":"ListItem","position":2,"name":"Uppl\u00fdsingar","item":"https:\/\/dev.borgarbyggd.is\/klettaborg\/upplysingar\/"},{"@type":"ListItem","position":3,"name":"Sk\u00f3ladagatal"}]},{"@type":"WebSite","@id":"https:\/\/dev.borgarbyggd.is\/klettaborg\/#website","url":"https:\/\/dev.borgarbyggd.is\/klettaborg\/","name":"Klettaborg","description":"","potentialAction":[{"@type":"SearchAction","target":{"@type":"EntryPoint","urlTemplate":"https:\/\/dev.borgarbyggd.is\/klettaborg\/?s={search_term_string}"},"query-input":{"@type":"PropertyValueSpecification","valueRequired":true,"valueName":"search_term_string"}}],"inLanguage":"is"}]}},"_links":{"self":[{"href":"https:\/\/dev.borgarbyggd.is\/klettaborg\/wp-json\/wp\/v2\/pages\/82","targetHints":{"allow":["GET"]}}],"collection":[{"href":"https:\/\/dev.borgarbyggd.is\/klettaborg\/wp-json\/wp\/v2\/pages"}],"about":[{"href":"https:\/\/dev.borgarbyggd.is\/klettaborg\/wp-json\/wp\/v2\/types\/page"}],"author":[{"embeddable":true,"href":"https:\/\/dev.borgarbyggd.is\/klettaborg\/wp-json\/wp\/v2\/users\/4"}],"replies":[{"embeddable":true,"href":"https:\/\/dev.borgarbyggd.is\/klettaborg\/wp-json\/wp\/v2\/comments?post=82"}],"version-history":[{"count":0,"href":"https:\/\/dev.borgarbyggd.is\/klettaborg\/wp-json\/wp\/v2\/pages\/82\/revisions"}],"up":[{"embeddable":true,"href":"https:\/\/dev.borgarbyggd.is\/klettaborg\/wp-json\/wp\/v2\/pages\/33"}],"wp:attachment":[{"href":"https:\/\/dev.borgarbyggd.is\/klettaborg\/wp-json\/wp\/v2\/media?parent=82"}],"curies":[{"name":"wp","href":"https:\/\/api.w.org\/{rel}","templated":true}]}}