{"id":81,"date":"2023-09-04T14:12:01","date_gmt":"2023-09-04T14:12:01","guid":{"rendered":"https:\/\/dev.borgarbyggd.is\/klettaborg\/?page_id=81"},"modified":"2024-03-27T11:39:36","modified_gmt":"2024-03-27T11:39:36","slug":"lestrarstefna-borgarbyggdar-2022-2026","status":"publish","type":"page","link":"https:\/\/dev.borgarbyggd.is\/klettaborg\/skolastarfid\/lestrarstefna-borgarbyggdar-2022-2026\/","title":{"rendered":"Lestrarstefna"},"content":{"rendered":"<p>H\u00e9r m\u00e1 n\u00e1lgast lestrarstefnu Borgarbygg\u00f0ar 2022 &#8211; 2026.<\/p>\n<div><div class=\"hlekkur_a_skjal\" style=\"text-align: left;\"><a style=\"max-width: 100%;\" href=\"https:\/\/dev.borgarbyggd.is\/klettaborg\/wp-content\/uploads\/sites\/12\/2024\/03\/Lestrarstefna-Borgarbyggdar-2022-2026.pdf\">Lestrarstefna-Borgarbyggdar-2022-2026<\/a><\/div><\/div>\n","protected":false},"excerpt":{"rendered":"<p>H\u00e9r m\u00e1 n\u00e1lgast lestrarstefnu Borgarbygg\u00f0ar 2022 &#8211; 2026.<\/p>\n","protected":false},"author":4,"featured_media":0,"parent":32,"menu_order":0,"comment_status":"closed","ping_status":"closed","template":"","meta":{"_acf_changed":false,"footnotes":""},"class_list":["post-81","page","type-page","status-publish","hentry","no-post-thumbnail"],"acf":{"quickaccess":false},"yoast_head":"<!-- This site is optimized with the Yoast SEO plugin v24.0 - https:\/\/yoast.com\/wordpress\/plugins\/seo\/ -->\n<title>Lestrarstefna - Klettaborg<\/title>\n<meta name=\"robots\" content=\"noindex, follow, max-snippet:-1, max-image-preview:large, max-video-preview:-1\" \/>\n<meta property=\"og:locale\" content=\"is_IS\" \/>\n<meta property=\"og:type\" content=\"article\" \/>\n<meta property=\"og:title\" content=\"Lestrarstefna - Klettaborg\" \/>\n<meta property=\"og:description\" content=\"H\u00e9r m\u00e1 n\u00e1lgast lestrarstefnu Borgarbygg\u00f0ar 2022 &#8211; 2026.\" \/>\n<meta property=\"og:url\" content=\"https:\/\/dev.borgarbyggd.is\/klettaborg\/skolastarfid\/lestrarstefna-borgarbyggdar-2022-2026\/\" \/>\n<meta property=\"og:site_name\" content=\"Klettaborg\" \/>\n<meta property=\"article:modified_time\" content=\"2024-03-27T11:39:36+00:00\" \/>\n<meta name=\"twitter:card\" content=\"summary_large_image\" \/>\n<meta name=\"twitter:label1\" content=\"Est. reading time\" \/>\n\t<meta name=\"twitter:data1\" content=\"1 minute\" \/>\n<script type=\"application\/ld+json\" class=\"yoast-schema-graph\">{\"@context\":\"https:\/\/schema.org\",\"@graph\":[{\"@type\":\"WebPage\",\"@id\":\"https:\/\/dev.borgarbyggd.is\/klettaborg\/skolastarfid\/lestrarstefna-borgarbyggdar-2022-2026\/\",\"url\":\"https:\/\/dev.borgarbyggd.is\/klettaborg\/skolastarfid\/lestrarstefna-borgarbyggdar-2022-2026\/\",\"name\":\"Lestrarstefna - Klettaborg\",\"isPartOf\":{\"@id\":\"https:\/\/dev.borgarbyggd.is\/klettaborg\/#website\"},\"datePublished\":\"2023-09-04T14:12:01+00:00\",\"dateModified\":\"2024-03-27T11:39:36+00:00\",\"breadcrumb\":{\"@id\":\"https:\/\/dev.borgarbyggd.is\/klettaborg\/skolastarfid\/lestrarstefna-borgarbyggdar-2022-2026\/#breadcrumb\"},\"inLanguage\":\"is\",\"potentialAction\":[{\"@type\":\"ReadAction\",\"target\":[\"https:\/\/dev.borgarbyggd.is\/klettaborg\/skolastarfid\/lestrarstefna-borgarbyggdar-2022-2026\/\"]}]},{\"@type\":\"BreadcrumbList\",\"@id\":\"https:\/\/dev.borgarbyggd.is\/klettaborg\/skolastarfid\/lestrarstefna-borgarbyggdar-2022-2026\/#breadcrumb\",\"itemListElement\":[{\"@type\":\"ListItem\",\"position\":1,\"name\":\"Home\",\"item\":\"https:\/\/dev.borgarbyggd.is\/klettaborg\/\"},{\"@type\":\"ListItem\",\"position\":2,\"name\":\"Sk\u00f3lastarf\",\"item\":\"https:\/\/dev.borgarbyggd.is\/klettaborg\/skolastarfid\/\"},{\"@type\":\"ListItem\",\"position\":3,\"name\":\"Lestrarstefna\"}]},{\"@type\":\"WebSite\",\"@id\":\"https:\/\/dev.borgarbyggd.is\/klettaborg\/#website\",\"url\":\"https:\/\/dev.borgarbyggd.is\/klettaborg\/\",\"name\":\"Klettaborg\",\"description\":\"\",\"potentialAction\":[{\"@type\":\"SearchAction\",\"target\":{\"@type\":\"EntryPoint\",\"urlTemplate\":\"https:\/\/dev.borgarbyggd.is\/klettaborg\/?s={search_term_string}\"},\"query-input\":{\"@type\":\"PropertyValueSpecification\",\"valueRequired\":true,\"valueName\":\"search_term_string\"}}],\"inLanguage\":\"is\"}]}<\/script>\n<!-- \/ Yoast SEO plugin. -->","yoast_head_json":{"title":"Lestrarstefna - Klettaborg","robots":{"index":"noindex","follow":"follow","max-snippet":"max-snippet:-1","max-image-preview":"max-image-preview:large","max-video-preview":"max-video-preview:-1"},"og_locale":"is_IS","og_type":"article","og_title":"Lestrarstefna - Klettaborg","og_description":"H\u00e9r m\u00e1 n\u00e1lgast lestrarstefnu Borgarbygg\u00f0ar 2022 &#8211; 2026.","og_url":"https:\/\/dev.borgarbyggd.is\/klettaborg\/skolastarfid\/lestrarstefna-borgarbyggdar-2022-2026\/","og_site_name":"Klettaborg","article_modified_time":"2024-03-27T11:39:36+00:00","twitter_card":"summary_large_image","twitter_misc":{"Est. reading time":"1 minute"},"schema":{"@context":"https:\/\/schema.org","@graph":[{"@type":"WebPage","@id":"https:\/\/dev.borgarbyggd.is\/klettaborg\/skolastarfid\/lestrarstefna-borgarbyggdar-2022-2026\/","url":"https:\/\/dev.borgarbyggd.is\/klettaborg\/skolastarfid\/lestrarstefna-borgarbyggdar-2022-2026\/","name":"Lestrarstefna - Klettaborg","isPartOf":{"@id":"https:\/\/dev.borgarbyggd.is\/klettaborg\/#website"},"datePublished":"2023-09-04T14:12:01+00:00","dateModified":"2024-03-27T11:39:36+00:00","breadcrumb":{"@id":"https:\/\/dev.borgarbyggd.is\/klettaborg\/skolastarfid\/lestrarstefna-borgarbyggdar-2022-2026\/#breadcrumb"},"inLanguage":"is","potentialAction":[{"@type":"ReadAction","target":["https:\/\/dev.borgarbyggd.is\/klettaborg\/skolastarfid\/lestrarstefna-borgarbyggdar-2022-2026\/"]}]},{"@type":"BreadcrumbList","@id":"https:\/\/dev.borgarbyggd.is\/klettaborg\/skolastarfid\/lestrarstefna-borgarbyggdar-2022-2026\/#breadcrumb","itemListElement":[{"@type":"ListItem","position":1,"name":"Home","item":"https:\/\/dev.borgarbyggd.is\/klettaborg\/"},{"@type":"ListItem","position":2,"name":"Sk\u00f3lastarf","item":"https:\/\/dev.borgarbyggd.is\/klettaborg\/skolastarfid\/"},{"@type":"ListItem","position":3,"name":"Lestrarstefna"}]},{"@type":"WebSite","@id":"https:\/\/dev.borgarbyggd.is\/klettaborg\/#website","url":"https:\/\/dev.borgarbyggd.is\/klettaborg\/","name":"Klettaborg","description":"","potentialAction":[{"@type":"SearchAction","target":{"@type":"EntryPoint","urlTemplate":"https:\/\/dev.borgarbyggd.is\/klettaborg\/?s={search_term_string}"},"query-input":{"@type":"PropertyValueSpecification","valueRequired":true,"valueName":"search_term_string"}}],"inLanguage":"is"}]}},"_links":{"self":[{"href":"https:\/\/dev.borgarbyggd.is\/klettaborg\/wp-json\/wp\/v2\/pages\/81","targetHints":{"allow":["GET"]}}],"collection":[{"href":"https:\/\/dev.borgarbyggd.is\/klettaborg\/wp-json\/wp\/v2\/pages"}],"about":[{"href":"https:\/\/dev.borgarbyggd.is\/klettaborg\/wp-json\/wp\/v2\/types\/page"}],"author":[{"embeddable":true,"href":"https:\/\/dev.borgarbyggd.is\/klettaborg\/wp-json\/wp\/v2\/users\/4"}],"replies":[{"embeddable":true,"href":"https:\/\/dev.borgarbyggd.is\/klettaborg\/wp-json\/wp\/v2\/comments?post=81"}],"version-history":[{"count":0,"href":"https:\/\/dev.borgarbyggd.is\/klettaborg\/wp-json\/wp\/v2\/pages\/81\/revisions"}],"up":[{"embeddable":true,"href":"https:\/\/dev.borgarbyggd.is\/klettaborg\/wp-json\/wp\/v2\/pages\/32"}],"wp:attachment":[{"href":"https:\/\/dev.borgarbyggd.is\/klettaborg\/wp-json\/wp\/v2\/media?parent=81"}],"curies":[{"name":"wp","href":"https:\/\/api.w.org\/{rel}","templated":true}]}}