{"id":74,"date":"2023-09-04T14:08:23","date_gmt":"2023-09-04T14:08:23","guid":{"rendered":"https:\/\/dev.borgarbyggd.is\/klettaborg\/?page_id=74"},"modified":"2025-05-09T12:15:33","modified_gmt":"2025-05-09T12:15:33","slug":"mat-a-skolastarfi","status":"publish","type":"page","link":"https:\/\/dev.borgarbyggd.is\/klettaborg\/aaetlanir-og-skyrslur\/mat-a-skolastarfi\/","title":{"rendered":"Mat \u00e1 sk\u00f3lastarfi"},"content":{"rendered":"<p><span data-contrast=\"none\">Leiksk\u00f3lastarf er \u00fer\u00f3unarstarf sem \u00fearf a\u00f0 vera \u00ed st\u00f6\u00f0ugri endursko\u00f0un og \u00fer\u00f3un til \u00feess a\u00f0 markmi\u00f0um s\u00e9 n\u00e1\u00f0.<\/span><span data-ccp-props=\"{&quot;134233117&quot;:false,&quot;134233118&quot;:false,&quot;201341983&quot;:0,&quot;335559738&quot;:0,&quot;335559739&quot;:150,&quot;335559740&quot;:240}\">\u00a0<\/span><\/p>\n<p><span data-contrast=\"none\">Tilgangur \u00feess a\u00f0 meta leiksk\u00f3lastarf er a\u00f0 tryggja a\u00f0 r\u00e9ttindi leiksk\u00f3labarna s\u00e9u virt og \u00feau f\u00e1i \u00fe\u00e1 menntun sem \u00feeim ber samkv\u00e6mt l\u00f6gum um leiksk\u00f3la. Mati\u00f0 er tv\u00ed\u00fe\u00e6tt, annars vegar innra mat og hins vegar ytra mat.<\/span><span data-ccp-props=\"{&quot;134233117&quot;:false,&quot;134233118&quot;:false,&quot;201341983&quot;:0,&quot;335559738&quot;:0,&quot;335559739&quot;:150,&quot;335559740&quot;:240}\">\u00a0<\/span><\/p>\n<p><span data-contrast=\"none\">Leiksk\u00f3lar Borgarbygg\u00f0ar nota \u00fej\u00f3nustu Sk\u00f3lap\u00falsins vi\u00f0 a\u00f0 meta leiksk\u00f3lastarfi\u00f0.<\/span><\/p>\n<p><span data-contrast=\"none\">Jafnframt er sk\u00f3lastarfi\u00f0 endurmeti\u00f0 jafn\u00f3\u00f0um \u00e1 deildarstj\u00f3rafundum, starfsmannafundum og skipulagsd\u00f6gum.<\/span><span data-ccp-props=\"{&quot;134233117&quot;:false,&quot;134233118&quot;:false,&quot;201341983&quot;:0,&quot;335559738&quot;:0,&quot;335559739&quot;:150,&quot;335559740&quot;:240}\">\u00a0<\/span><\/p>\n<p><span data-contrast=\"none\">Reglulega heldur leiksk\u00f3lastj\u00f3ri krakkafundi \u00fear sem \u00e1kve\u00f0in m\u00e1lefni eru tekin fyrir, \u00feannig f\u00e1 b\u00f6rnin a\u00f0 koma s\u00ednum sko\u00f0unum \u00e1 framf\u00e6ri og auka l\u00fd\u00f0r\u00e6\u00f0i innan leiksk\u00f3lans.<\/span><span data-ccp-props=\"{&quot;134233117&quot;:false,&quot;134233118&quot;:false,&quot;201341983&quot;:0,&quot;335559738&quot;:0,&quot;335559739&quot;:150,&quot;335559740&quot;:240}\">\u00a0<\/span><\/p>\n<p><span data-contrast=\"none\">\u00c1rlega er ger\u00f0 k\u00f6nnun \u00e1 l\u00ed\u00f0an elstu barna \u00fear sem b\u00f6rnin fylla \u00fat k\u00f6nnun me\u00f0 foreldrum s\u00ednum, ni\u00f0urst\u00f6\u00f0urnar eru n\u00fdttar til a\u00f0 b\u00e6ta l\u00ed\u00f0an barnanna \u00ed leiksk\u00f3lanum.<\/span><span data-ccp-props=\"{&quot;134233117&quot;:false,&quot;134233118&quot;:false,&quot;201341983&quot;:0,&quot;335559738&quot;:0,&quot;335559739&quot;:150,&quot;335559740&quot;:240}\">\u00a0<\/span><\/p>\n<p><span data-contrast=\"none\">Skipul\u00f6g\u00f0 starfsmannasamt\u00f6l eru einu sinni \u00e1 \u00e1ri (jan\u00faar\/febr\u00faar) og einnig eftir \u00fe\u00f6rfum<\/span><span data-ccp-props=\"{&quot;134233117&quot;:false,&quot;134233118&quot;:false,&quot;201341983&quot;:0,&quot;335559738&quot;:0,&quot;335559739&quot;:150,&quot;335559740&quot;:240}\">\u00a0<\/span><\/p>\n<p><span data-ccp-props=\"{&quot;201341983&quot;:0,&quot;335559739&quot;:160,&quot;335559740&quot;:259}\">\u00a0<\/span><\/p>\n","protected":false},"excerpt":{"rendered":"<p>Leiksk\u00f3lastarf er \u00fer\u00f3unarstarf sem \u00fearf a\u00f0 vera \u00ed st\u00f6\u00f0ugri endursko\u00f0un og \u00fer\u00f3un til \u00feess a\u00f0 markmi\u00f0um s\u00e9 n\u00e1\u00f0.\u00a0 Tilgangur \u00feess a\u00f0 meta leiksk\u00f3lastarf er a\u00f0 tryggja a\u00f0 r\u00e9ttindi leiksk\u00f3labarna s\u00e9u virt og \u00feau f\u00e1i \u00fe\u00e1 menntun sem \u00feeim ber samkv\u00e6mt l\u00f6gum um leiksk\u00f3la. Mati\u00f0 er tv\u00ed\u00fe\u00e6tt, annars vegar innra mat og hins vegar ytra mat.\u00a0 Leiksk\u00f3lar Borgarbygg\u00f0ar nota \u00fej\u00f3nustu Sk\u00f3lap\u00falsins &#8230; <\/p>\n<div><a href=\"https:\/\/dev.borgarbyggd.is\/klettaborg\/aaetlanir-og-skyrslur\/mat-a-skolastarfi\/\" class=\"more-link\">Read More<\/a><\/div>\n","protected":false},"author":4,"featured_media":0,"parent":528,"menu_order":0,"comment_status":"closed","ping_status":"closed","template":"","meta":{"_acf_changed":false,"footnotes":""},"class_list":["post-74","page","type-page","status-publish","hentry","no-post-thumbnail"],"acf":{"quickaccess":false},"yoast_head":"<!-- This site is optimized with the Yoast SEO plugin v24.0 - https:\/\/yoast.com\/wordpress\/plugins\/seo\/ -->\n<title>Mat \u00e1 sk\u00f3lastarfi - Klettaborg<\/title>\n<meta name=\"robots\" content=\"noindex, follow, max-snippet:-1, max-image-preview:large, max-video-preview:-1\" \/>\n<meta property=\"og:locale\" content=\"is_IS\" \/>\n<meta property=\"og:type\" content=\"article\" \/>\n<meta property=\"og:title\" content=\"Mat \u00e1 sk\u00f3lastarfi - Klettaborg\" \/>\n<meta property=\"og:description\" content=\"Leiksk\u00f3lastarf er \u00fer\u00f3unarstarf sem \u00fearf a\u00f0 vera \u00ed st\u00f6\u00f0ugri endursko\u00f0un og \u00fer\u00f3un til \u00feess a\u00f0 markmi\u00f0um s\u00e9 n\u00e1\u00f0.\u00a0 Tilgangur \u00feess a\u00f0 meta leiksk\u00f3lastarf er a\u00f0 tryggja a\u00f0 r\u00e9ttindi leiksk\u00f3labarna s\u00e9u virt og \u00feau f\u00e1i \u00fe\u00e1 menntun sem \u00feeim ber samkv\u00e6mt l\u00f6gum um leiksk\u00f3la. Mati\u00f0 er tv\u00ed\u00fe\u00e6tt, annars vegar innra mat og hins vegar ytra mat.\u00a0 Leiksk\u00f3lar Borgarbygg\u00f0ar nota \u00fej\u00f3nustu Sk\u00f3lap\u00falsins ... Read More\" \/>\n<meta property=\"og:url\" content=\"https:\/\/dev.borgarbyggd.is\/klettaborg\/aaetlanir-og-skyrslur\/mat-a-skolastarfi\/\" \/>\n<meta property=\"og:site_name\" content=\"Klettaborg\" \/>\n<meta property=\"article:modified_time\" content=\"2025-05-09T12:15:33+00:00\" \/>\n<meta name=\"twitter:card\" content=\"summary_large_image\" \/>\n<meta name=\"twitter:label1\" content=\"Est. reading time\" \/>\n\t<meta name=\"twitter:data1\" content=\"1 minute\" \/>\n<script type=\"application\/ld+json\" class=\"yoast-schema-graph\">{\"@context\":\"https:\/\/schema.org\",\"@graph\":[{\"@type\":\"WebPage\",\"@id\":\"https:\/\/dev.borgarbyggd.is\/klettaborg\/aaetlanir-og-skyrslur\/mat-a-skolastarfi\/\",\"url\":\"https:\/\/dev.borgarbyggd.is\/klettaborg\/aaetlanir-og-skyrslur\/mat-a-skolastarfi\/\",\"name\":\"Mat \u00e1 sk\u00f3lastarfi - Klettaborg\",\"isPartOf\":{\"@id\":\"https:\/\/dev.borgarbyggd.is\/klettaborg\/#website\"},\"datePublished\":\"2023-09-04T14:08:23+00:00\",\"dateModified\":\"2025-05-09T12:15:33+00:00\",\"breadcrumb\":{\"@id\":\"https:\/\/dev.borgarbyggd.is\/klettaborg\/aaetlanir-og-skyrslur\/mat-a-skolastarfi\/#breadcrumb\"},\"inLanguage\":\"is\",\"potentialAction\":[{\"@type\":\"ReadAction\",\"target\":[\"https:\/\/dev.borgarbyggd.is\/klettaborg\/aaetlanir-og-skyrslur\/mat-a-skolastarfi\/\"]}]},{\"@type\":\"BreadcrumbList\",\"@id\":\"https:\/\/dev.borgarbyggd.is\/klettaborg\/aaetlanir-og-skyrslur\/mat-a-skolastarfi\/#breadcrumb\",\"itemListElement\":[{\"@type\":\"ListItem\",\"position\":1,\"name\":\"Home\",\"item\":\"https:\/\/dev.borgarbyggd.is\/klettaborg\/\"},{\"@type\":\"ListItem\",\"position\":2,\"name\":\"\u00c1\u00e6tlanir og sk\u00fdrslur\",\"item\":\"https:\/\/dev.borgarbyggd.is\/klettaborg\/aaetlanir-og-skyrslur\/\"},{\"@type\":\"ListItem\",\"position\":3,\"name\":\"Mat \u00e1 sk\u00f3lastarfi\"}]},{\"@type\":\"WebSite\",\"@id\":\"https:\/\/dev.borgarbyggd.is\/klettaborg\/#website\",\"url\":\"https:\/\/dev.borgarbyggd.is\/klettaborg\/\",\"name\":\"Klettaborg\",\"description\":\"\",\"potentialAction\":[{\"@type\":\"SearchAction\",\"target\":{\"@type\":\"EntryPoint\",\"urlTemplate\":\"https:\/\/dev.borgarbyggd.is\/klettaborg\/?s={search_term_string}\"},\"query-input\":{\"@type\":\"PropertyValueSpecification\",\"valueRequired\":true,\"valueName\":\"search_term_string\"}}],\"inLanguage\":\"is\"}]}<\/script>\n<!-- \/ Yoast SEO plugin. -->","yoast_head_json":{"title":"Mat \u00e1 sk\u00f3lastarfi - Klettaborg","robots":{"index":"noindex","follow":"follow","max-snippet":"max-snippet:-1","max-image-preview":"max-image-preview:large","max-video-preview":"max-video-preview:-1"},"og_locale":"is_IS","og_type":"article","og_title":"Mat \u00e1 sk\u00f3lastarfi - Klettaborg","og_description":"Leiksk\u00f3lastarf er \u00fer\u00f3unarstarf sem \u00fearf a\u00f0 vera \u00ed st\u00f6\u00f0ugri endursko\u00f0un og \u00fer\u00f3un til \u00feess a\u00f0 markmi\u00f0um s\u00e9 n\u00e1\u00f0.\u00a0 Tilgangur \u00feess a\u00f0 meta leiksk\u00f3lastarf er a\u00f0 tryggja a\u00f0 r\u00e9ttindi leiksk\u00f3labarna s\u00e9u virt og \u00feau f\u00e1i \u00fe\u00e1 menntun sem \u00feeim ber samkv\u00e6mt l\u00f6gum um leiksk\u00f3la. Mati\u00f0 er tv\u00ed\u00fe\u00e6tt, annars vegar innra mat og hins vegar ytra mat.\u00a0 Leiksk\u00f3lar Borgarbygg\u00f0ar nota \u00fej\u00f3nustu Sk\u00f3lap\u00falsins ... Read More","og_url":"https:\/\/dev.borgarbyggd.is\/klettaborg\/aaetlanir-og-skyrslur\/mat-a-skolastarfi\/","og_site_name":"Klettaborg","article_modified_time":"2025-05-09T12:15:33+00:00","twitter_card":"summary_large_image","twitter_misc":{"Est. reading time":"1 minute"},"schema":{"@context":"https:\/\/schema.org","@graph":[{"@type":"WebPage","@id":"https:\/\/dev.borgarbyggd.is\/klettaborg\/aaetlanir-og-skyrslur\/mat-a-skolastarfi\/","url":"https:\/\/dev.borgarbyggd.is\/klettaborg\/aaetlanir-og-skyrslur\/mat-a-skolastarfi\/","name":"Mat \u00e1 sk\u00f3lastarfi - Klettaborg","isPartOf":{"@id":"https:\/\/dev.borgarbyggd.is\/klettaborg\/#website"},"datePublished":"2023-09-04T14:08:23+00:00","dateModified":"2025-05-09T12:15:33+00:00","breadcrumb":{"@id":"https:\/\/dev.borgarbyggd.is\/klettaborg\/aaetlanir-og-skyrslur\/mat-a-skolastarfi\/#breadcrumb"},"inLanguage":"is","potentialAction":[{"@type":"ReadAction","target":["https:\/\/dev.borgarbyggd.is\/klettaborg\/aaetlanir-og-skyrslur\/mat-a-skolastarfi\/"]}]},{"@type":"BreadcrumbList","@id":"https:\/\/dev.borgarbyggd.is\/klettaborg\/aaetlanir-og-skyrslur\/mat-a-skolastarfi\/#breadcrumb","itemListElement":[{"@type":"ListItem","position":1,"name":"Home","item":"https:\/\/dev.borgarbyggd.is\/klettaborg\/"},{"@type":"ListItem","position":2,"name":"\u00c1\u00e6tlanir og sk\u00fdrslur","item":"https:\/\/dev.borgarbyggd.is\/klettaborg\/aaetlanir-og-skyrslur\/"},{"@type":"ListItem","position":3,"name":"Mat \u00e1 sk\u00f3lastarfi"}]},{"@type":"WebSite","@id":"https:\/\/dev.borgarbyggd.is\/klettaborg\/#website","url":"https:\/\/dev.borgarbyggd.is\/klettaborg\/","name":"Klettaborg","description":"","potentialAction":[{"@type":"SearchAction","target":{"@type":"EntryPoint","urlTemplate":"https:\/\/dev.borgarbyggd.is\/klettaborg\/?s={search_term_string}"},"query-input":{"@type":"PropertyValueSpecification","valueRequired":true,"valueName":"search_term_string"}}],"inLanguage":"is"}]}},"_links":{"self":[{"href":"https:\/\/dev.borgarbyggd.is\/klettaborg\/wp-json\/wp\/v2\/pages\/74","targetHints":{"allow":["GET"]}}],"collection":[{"href":"https:\/\/dev.borgarbyggd.is\/klettaborg\/wp-json\/wp\/v2\/pages"}],"about":[{"href":"https:\/\/dev.borgarbyggd.is\/klettaborg\/wp-json\/wp\/v2\/types\/page"}],"author":[{"embeddable":true,"href":"https:\/\/dev.borgarbyggd.is\/klettaborg\/wp-json\/wp\/v2\/users\/4"}],"replies":[{"embeddable":true,"href":"https:\/\/dev.borgarbyggd.is\/klettaborg\/wp-json\/wp\/v2\/comments?post=74"}],"version-history":[{"count":0,"href":"https:\/\/dev.borgarbyggd.is\/klettaborg\/wp-json\/wp\/v2\/pages\/74\/revisions"}],"up":[{"embeddable":true,"href":"https:\/\/dev.borgarbyggd.is\/klettaborg\/wp-json\/wp\/v2\/pages\/528"}],"wp:attachment":[{"href":"https:\/\/dev.borgarbyggd.is\/klettaborg\/wp-json\/wp\/v2\/media?parent=74"}],"curies":[{"name":"wp","href":"https:\/\/api.w.org\/{rel}","templated":true}]}}