{"id":73,"date":"2023-09-04T14:03:53","date_gmt":"2023-09-04T14:03:53","guid":{"rendered":"https:\/\/dev.borgarbyggd.is\/klettaborg\/?page_id=73"},"modified":"2024-01-05T13:02:15","modified_gmt":"2024-01-05T13:02:15","slug":"leidtoginn-i-mer","status":"publish","type":"page","link":"https:\/\/dev.borgarbyggd.is\/klettaborg\/skolastarfid\/leidtoginn-i-mer\/","title":{"rendered":"Leiksk\u00f3lal\u00e6si"},"content":{"rendered":"<p><span data-contrast=\"none\">Leiksk\u00f3lal\u00e6si hefur veri\u00f0 grundvallar\u00fe\u00e1ttur \u00ed leiksk\u00f3lastarfinu fr\u00e1 hausti 2011.<\/span><span data-ccp-props=\"{&quot;134233117&quot;:false,&quot;134233118&quot;:false,&quot;201341983&quot;:0,&quot;335559738&quot;:0,&quot;335559739&quot;:150,&quot;335559740&quot;:240}\">\u00a0<\/span><\/p>\n<p><span data-contrast=\"none\">\u00c1 leiksk\u00f3la\u00e1runum \u00fer\u00f3ast m\u00e1l\u00feroskinn hratt og mikilv\u00e6gur grunnur er lag\u00f0ur a\u00f0 alhli\u00f0a \u00feroska barna \u00e1 \u00feessum \u00e1rum. G\u00f3\u00f0ur m\u00e1l\u00feroski \u00e1 leiksk\u00f3laaldri eykur l\u00edkur \u00e1 fars\u00e6lu lestrarn\u00e1mi. Leiksk\u00f3lal\u00e6si v\u00edsar til \u00fer\u00f3unar \u00e1 mikilv\u00e6gum undirst\u00f6\u00f0u\u00fe\u00e1ttum lestrarf\u00e6rni \u00e1\u00f0ur en formleg lestrarkennsla hefst. Me\u00f0al \u00feessara \u00fe\u00e1tta eru or\u00f0afor\u00f0i, b\u00f3kstafa\u00feekking, hlj\u00f3\u00f0kerfisvitund, m\u00e1lskilningur\/hlustunarskilningur og m\u00e1ltj\u00e1ning. Helstu \u00e1hrifavaldar eru forvitni barns, samskipti og reynsla \u00feess af ritm\u00e1li. \u00c1 \u00feennan h\u00e1tt byggja b\u00f6rn upp lestrarn\u00e1mi\u00f0 sitt allt fr\u00e1 f\u00e6\u00f0ingu. Vi\u00f0horf barns til l\u00e6sis er einnig mikilv\u00e6gt \u00fear sem grunnur er lag\u00f0ur a\u00f0 lestrarf\u00e6rni \u00e1 heimilum og \u00ed leiksk\u00f3la.<\/span><span data-ccp-props=\"{&quot;134233117&quot;:false,&quot;134233118&quot;:false,&quot;201341983&quot;:0,&quot;335559738&quot;:0,&quot;335559739&quot;:150,&quot;335559740&quot;:240}\">\u00a0<\/span><\/p>\n<p><span data-contrast=\"none\">Lestrarhvetjandi umhverfi og a\u00f0fer\u00f0ir hafa veri\u00f0 \u00ed Klettaborg m\u00f6rg undanfarin \u00e1r. H\u00e9r er lag\u00f0ur g\u00f3\u00f0ur grunnur a\u00f0 lestrarf\u00e6rni og \u00fer\u00f3unar leiksk\u00f3lal\u00e6sis. \u00c1hersla er \u00e1 a\u00f0 efla grunn\u00fe\u00e6tti \u00feess \u00fe.e. or\u00f0afor\u00f0a, b\u00f3kstafa\u00feekkingu, hlj\u00f3\u00f0kerfisvitund, m\u00e1lskilning\/hlustunarskilning og m\u00e1ltj\u00e1ningu \u00ed gegnum leik og skipulagt starf. L\u00f6g\u00f0 er \u00e1hersla \u00e1 fj\u00f6lbreytta vinnu og a\u00f0 b\u00f6rnin hafi g\u00f3\u00f0an a\u00f0gang a\u00f0 l\u00e6sis- og ritm\u00e1ls\u00f6rvandi efnivi\u00f0. Barnab\u00e6kur skipa st\u00f3ran sess \u00ed leiksk\u00f3lastarfinu og lesi\u00f0 er \u00e1 hverjum degi og a\u00f0gengi a\u00f0 b\u00f3kum gott. Unni\u00f0 er me\u00f0 spil sem reyna \u00e1 m\u00e1li\u00f0, ritf\u00f6ng og lestrarhvetjandi efnivi\u00f0ur eru \u00ed bo\u00f0i, s\u00f6ngvar sungnir \u00ed s\u00f6ngstundum og unni\u00f0 er markvisst me\u00f0 Lubba. Lubbi er \u00edslenskur fj\u00e1rhundur sem langar a\u00f0 l\u00e6ra a\u00f0 tala og \u00fearf a\u00f0 l\u00e6ra \u00f6ll \u00edslensku m\u00e1lhlj\u00f3\u00f0in. B\u00f6rnin hj\u00e1lpa Lubba a\u00f0 l\u00e6ra m\u00e1lhlj\u00f3\u00f0in me\u00f0 s\u00f6ng og \u00fdmsum \u00e6fingum. Hvert m\u00e1lhlj\u00f3\u00f0 hefur \u00e1kve\u00f0i\u00f0 t\u00e1kn sem hj\u00e1lpar b\u00f6rnum a\u00f0 muna heiti \u00feess. Unni\u00f0 er einnig me\u00f0 stuttar s\u00f6gur sem tengjast hverju m\u00e1lhlj\u00f3\u00f0i sem finna m\u00e1 hlj\u00f3\u00f0i\u00f0 fremst \u00ed or\u00f0i, inni \u00ed or\u00f0i e\u00f0a aftast \u00ed or\u00f0i. S\u00f6gurnar geyma fj\u00f6lbreyttan or\u00f0afor\u00f0a sem hvetja til au\u00f0ugs m\u00e1lfars.<\/span><span data-ccp-props=\"{&quot;134233117&quot;:false,&quot;134233118&quot;:false,&quot;201341983&quot;:0,&quot;335559738&quot;:0,&quot;335559739&quot;:150,&quot;335559740&quot;:240}\">\u00a0<\/span><\/p>\n","protected":false},"excerpt":{"rendered":"<p>Leiksk\u00f3lal\u00e6si hefur veri\u00f0 grundvallar\u00fe\u00e1ttur \u00ed leiksk\u00f3lastarfinu fr\u00e1 hausti 2011.\u00a0 \u00c1 leiksk\u00f3la\u00e1runum \u00fer\u00f3ast m\u00e1l\u00feroskinn hratt og mikilv\u00e6gur grunnur er lag\u00f0ur a\u00f0 alhli\u00f0a \u00feroska barna \u00e1 \u00feessum \u00e1rum. G\u00f3\u00f0ur m\u00e1l\u00feroski \u00e1 leiksk\u00f3laaldri eykur l\u00edkur \u00e1 fars\u00e6lu lestrarn\u00e1mi. Leiksk\u00f3lal\u00e6si v\u00edsar til \u00fer\u00f3unar \u00e1 mikilv\u00e6gum undirst\u00f6\u00f0u\u00fe\u00e1ttum lestrarf\u00e6rni \u00e1\u00f0ur en formleg lestrarkennsla hefst. Me\u00f0al \u00feessara \u00fe\u00e1tta eru or\u00f0afor\u00f0i, b\u00f3kstafa\u00feekking, hlj\u00f3\u00f0kerfisvitund, m\u00e1lskilningur\/hlustunarskilningur og m\u00e1ltj\u00e1ning. Helstu \u00e1hrifavaldar &#8230; <\/p>\n<div><a href=\"https:\/\/dev.borgarbyggd.is\/klettaborg\/skolastarfid\/leidtoginn-i-mer\/\" class=\"more-link\">Read More<\/a><\/div>\n","protected":false},"author":4,"featured_media":0,"parent":32,"menu_order":0,"comment_status":"closed","ping_status":"closed","template":"","meta":{"_acf_changed":false,"footnotes":""},"class_list":["post-73","page","type-page","status-publish","hentry","no-post-thumbnail"],"acf":{"quickaccess":false},"yoast_head":"<!-- This site is optimized with the Yoast SEO plugin v24.0 - https:\/\/yoast.com\/wordpress\/plugins\/seo\/ -->\n<title>Leiksk\u00f3lal\u00e6si - Klettaborg<\/title>\n<meta name=\"robots\" content=\"noindex, follow, max-snippet:-1, max-image-preview:large, max-video-preview:-1\" \/>\n<meta property=\"og:locale\" content=\"is_IS\" \/>\n<meta property=\"og:type\" content=\"article\" \/>\n<meta property=\"og:title\" content=\"Leiksk\u00f3lal\u00e6si - Klettaborg\" \/>\n<meta property=\"og:description\" content=\"Leiksk\u00f3lal\u00e6si hefur veri\u00f0 grundvallar\u00fe\u00e1ttur \u00ed leiksk\u00f3lastarfinu fr\u00e1 hausti 2011.\u00a0 \u00c1 leiksk\u00f3la\u00e1runum \u00fer\u00f3ast m\u00e1l\u00feroskinn hratt og mikilv\u00e6gur grunnur er lag\u00f0ur a\u00f0 alhli\u00f0a \u00feroska barna \u00e1 \u00feessum \u00e1rum. G\u00f3\u00f0ur m\u00e1l\u00feroski \u00e1 leiksk\u00f3laaldri eykur l\u00edkur \u00e1 fars\u00e6lu lestrarn\u00e1mi. Leiksk\u00f3lal\u00e6si v\u00edsar til \u00fer\u00f3unar \u00e1 mikilv\u00e6gum undirst\u00f6\u00f0u\u00fe\u00e1ttum lestrarf\u00e6rni \u00e1\u00f0ur en formleg lestrarkennsla hefst. Me\u00f0al \u00feessara \u00fe\u00e1tta eru or\u00f0afor\u00f0i, b\u00f3kstafa\u00feekking, hlj\u00f3\u00f0kerfisvitund, m\u00e1lskilningur\/hlustunarskilningur og m\u00e1ltj\u00e1ning. Helstu \u00e1hrifavaldar ... Read More\" \/>\n<meta property=\"og:url\" content=\"https:\/\/dev.borgarbyggd.is\/klettaborg\/skolastarfid\/leidtoginn-i-mer\/\" \/>\n<meta property=\"og:site_name\" content=\"Klettaborg\" \/>\n<meta property=\"article:modified_time\" content=\"2024-01-05T13:02:15+00:00\" \/>\n<meta name=\"twitter:card\" content=\"summary_large_image\" \/>\n<meta name=\"twitter:label1\" content=\"Est. reading time\" \/>\n\t<meta name=\"twitter:data1\" content=\"2 minutes\" \/>\n<script type=\"application\/ld+json\" class=\"yoast-schema-graph\">{\"@context\":\"https:\/\/schema.org\",\"@graph\":[{\"@type\":\"WebPage\",\"@id\":\"https:\/\/dev.borgarbyggd.is\/klettaborg\/skolastarfid\/leidtoginn-i-mer\/\",\"url\":\"https:\/\/dev.borgarbyggd.is\/klettaborg\/skolastarfid\/leidtoginn-i-mer\/\",\"name\":\"Leiksk\u00f3lal\u00e6si - Klettaborg\",\"isPartOf\":{\"@id\":\"https:\/\/dev.borgarbyggd.is\/klettaborg\/#website\"},\"datePublished\":\"2023-09-04T14:03:53+00:00\",\"dateModified\":\"2024-01-05T13:02:15+00:00\",\"breadcrumb\":{\"@id\":\"https:\/\/dev.borgarbyggd.is\/klettaborg\/skolastarfid\/leidtoginn-i-mer\/#breadcrumb\"},\"inLanguage\":\"is\",\"potentialAction\":[{\"@type\":\"ReadAction\",\"target\":[\"https:\/\/dev.borgarbyggd.is\/klettaborg\/skolastarfid\/leidtoginn-i-mer\/\"]}]},{\"@type\":\"BreadcrumbList\",\"@id\":\"https:\/\/dev.borgarbyggd.is\/klettaborg\/skolastarfid\/leidtoginn-i-mer\/#breadcrumb\",\"itemListElement\":[{\"@type\":\"ListItem\",\"position\":1,\"name\":\"Home\",\"item\":\"https:\/\/dev.borgarbyggd.is\/klettaborg\/\"},{\"@type\":\"ListItem\",\"position\":2,\"name\":\"Sk\u00f3lastarf\",\"item\":\"https:\/\/dev.borgarbyggd.is\/klettaborg\/skolastarfid\/\"},{\"@type\":\"ListItem\",\"position\":3,\"name\":\"Leiksk\u00f3lal\u00e6si\"}]},{\"@type\":\"WebSite\",\"@id\":\"https:\/\/dev.borgarbyggd.is\/klettaborg\/#website\",\"url\":\"https:\/\/dev.borgarbyggd.is\/klettaborg\/\",\"name\":\"Klettaborg\",\"description\":\"\",\"potentialAction\":[{\"@type\":\"SearchAction\",\"target\":{\"@type\":\"EntryPoint\",\"urlTemplate\":\"https:\/\/dev.borgarbyggd.is\/klettaborg\/?s={search_term_string}\"},\"query-input\":{\"@type\":\"PropertyValueSpecification\",\"valueRequired\":true,\"valueName\":\"search_term_string\"}}],\"inLanguage\":\"is\"}]}<\/script>\n<!-- \/ Yoast SEO plugin. -->","yoast_head_json":{"title":"Leiksk\u00f3lal\u00e6si - Klettaborg","robots":{"index":"noindex","follow":"follow","max-snippet":"max-snippet:-1","max-image-preview":"max-image-preview:large","max-video-preview":"max-video-preview:-1"},"og_locale":"is_IS","og_type":"article","og_title":"Leiksk\u00f3lal\u00e6si - Klettaborg","og_description":"Leiksk\u00f3lal\u00e6si hefur veri\u00f0 grundvallar\u00fe\u00e1ttur \u00ed leiksk\u00f3lastarfinu fr\u00e1 hausti 2011.\u00a0 \u00c1 leiksk\u00f3la\u00e1runum \u00fer\u00f3ast m\u00e1l\u00feroskinn hratt og mikilv\u00e6gur grunnur er lag\u00f0ur a\u00f0 alhli\u00f0a \u00feroska barna \u00e1 \u00feessum \u00e1rum. G\u00f3\u00f0ur m\u00e1l\u00feroski \u00e1 leiksk\u00f3laaldri eykur l\u00edkur \u00e1 fars\u00e6lu lestrarn\u00e1mi. Leiksk\u00f3lal\u00e6si v\u00edsar til \u00fer\u00f3unar \u00e1 mikilv\u00e6gum undirst\u00f6\u00f0u\u00fe\u00e1ttum lestrarf\u00e6rni \u00e1\u00f0ur en formleg lestrarkennsla hefst. Me\u00f0al \u00feessara \u00fe\u00e1tta eru or\u00f0afor\u00f0i, b\u00f3kstafa\u00feekking, hlj\u00f3\u00f0kerfisvitund, m\u00e1lskilningur\/hlustunarskilningur og m\u00e1ltj\u00e1ning. Helstu \u00e1hrifavaldar ... Read More","og_url":"https:\/\/dev.borgarbyggd.is\/klettaborg\/skolastarfid\/leidtoginn-i-mer\/","og_site_name":"Klettaborg","article_modified_time":"2024-01-05T13:02:15+00:00","twitter_card":"summary_large_image","twitter_misc":{"Est. reading time":"2 minutes"},"schema":{"@context":"https:\/\/schema.org","@graph":[{"@type":"WebPage","@id":"https:\/\/dev.borgarbyggd.is\/klettaborg\/skolastarfid\/leidtoginn-i-mer\/","url":"https:\/\/dev.borgarbyggd.is\/klettaborg\/skolastarfid\/leidtoginn-i-mer\/","name":"Leiksk\u00f3lal\u00e6si - Klettaborg","isPartOf":{"@id":"https:\/\/dev.borgarbyggd.is\/klettaborg\/#website"},"datePublished":"2023-09-04T14:03:53+00:00","dateModified":"2024-01-05T13:02:15+00:00","breadcrumb":{"@id":"https:\/\/dev.borgarbyggd.is\/klettaborg\/skolastarfid\/leidtoginn-i-mer\/#breadcrumb"},"inLanguage":"is","potentialAction":[{"@type":"ReadAction","target":["https:\/\/dev.borgarbyggd.is\/klettaborg\/skolastarfid\/leidtoginn-i-mer\/"]}]},{"@type":"BreadcrumbList","@id":"https:\/\/dev.borgarbyggd.is\/klettaborg\/skolastarfid\/leidtoginn-i-mer\/#breadcrumb","itemListElement":[{"@type":"ListItem","position":1,"name":"Home","item":"https:\/\/dev.borgarbyggd.is\/klettaborg\/"},{"@type":"ListItem","position":2,"name":"Sk\u00f3lastarf","item":"https:\/\/dev.borgarbyggd.is\/klettaborg\/skolastarfid\/"},{"@type":"ListItem","position":3,"name":"Leiksk\u00f3lal\u00e6si"}]},{"@type":"WebSite","@id":"https:\/\/dev.borgarbyggd.is\/klettaborg\/#website","url":"https:\/\/dev.borgarbyggd.is\/klettaborg\/","name":"Klettaborg","description":"","potentialAction":[{"@type":"SearchAction","target":{"@type":"EntryPoint","urlTemplate":"https:\/\/dev.borgarbyggd.is\/klettaborg\/?s={search_term_string}"},"query-input":{"@type":"PropertyValueSpecification","valueRequired":true,"valueName":"search_term_string"}}],"inLanguage":"is"}]}},"_links":{"self":[{"href":"https:\/\/dev.borgarbyggd.is\/klettaborg\/wp-json\/wp\/v2\/pages\/73","targetHints":{"allow":["GET"]}}],"collection":[{"href":"https:\/\/dev.borgarbyggd.is\/klettaborg\/wp-json\/wp\/v2\/pages"}],"about":[{"href":"https:\/\/dev.borgarbyggd.is\/klettaborg\/wp-json\/wp\/v2\/types\/page"}],"author":[{"embeddable":true,"href":"https:\/\/dev.borgarbyggd.is\/klettaborg\/wp-json\/wp\/v2\/users\/4"}],"replies":[{"embeddable":true,"href":"https:\/\/dev.borgarbyggd.is\/klettaborg\/wp-json\/wp\/v2\/comments?post=73"}],"version-history":[{"count":0,"href":"https:\/\/dev.borgarbyggd.is\/klettaborg\/wp-json\/wp\/v2\/pages\/73\/revisions"}],"up":[{"embeddable":true,"href":"https:\/\/dev.borgarbyggd.is\/klettaborg\/wp-json\/wp\/v2\/pages\/32"}],"wp:attachment":[{"href":"https:\/\/dev.borgarbyggd.is\/klettaborg\/wp-json\/wp\/v2\/media?parent=73"}],"curies":[{"name":"wp","href":"https:\/\/api.w.org\/{rel}","templated":true}]}}