{"id":70,"date":"2023-09-04T13:59:33","date_gmt":"2023-09-04T13:59:33","guid":{"rendered":"https:\/\/dev.borgarbyggd.is\/klettaborg\/?page_id=70"},"modified":"2024-04-02T10:43:58","modified_gmt":"2024-04-02T10:43:58","slug":"olatagardur","status":"publish","type":"page","link":"https:\/\/dev.borgarbyggd.is\/klettaborg\/deildir\/olatagardur\/","title":{"rendered":"\u00d3l\u00e1tagar\u00f0ur"},"content":{"rendered":"<p><span data-ccp-props=\"{&quot;134245417&quot;:false,&quot;201341983&quot;:0,&quot;335551550&quot;:2,&quot;335551620&quot;:2,&quot;335559685&quot;:567,&quot;335559739&quot;:120,&quot;335559740&quot;:360,&quot;335559991&quot;:567}\">\u00c1 \u00d3l\u00e1tagar\u00f0i eru b\u00f6rn \u00e1 aldrinum 1-2 \u00e1ra<\/span><\/p>\n<p>Deildarstj\u00f3ri: S\u00f3lveig Hei\u00f0a \u00dalfsd\u00f3ttir<\/p>\n<p>Netfang: solveig.ulfsdottir@borgarbyggd.is<\/p>\n<p>Hafa samband: 433-7161 e\u00f0a 778-4933<\/p>\n<p>Lesa m\u00e1 um \u00e1herslur \u00ed starfi og um \u00feroska barna \u00e1 aldrinum 1-2 \u00e1ra \u00ed deildarn\u00e1mskr\u00e1 \u00d3l\u00e1tagar\u00f0s<\/p>\n<div class=\"hlekkur_a_skjal\" style=\"text-align: left;\"><a style=\"max-width: 100%;\" href=\"https:\/\/dev.borgarbyggd.is\/klettaborg\/wp-content\/uploads\/sites\/12\/2024\/04\/Deildarnamskra-Olatagards.pdf\">Deildarnamskra-Olatagards<\/a><\/div>\n","protected":false},"excerpt":{"rendered":"<p>\u00c1 \u00d3l\u00e1tagar\u00f0i eru b\u00f6rn \u00e1 aldrinum 1-2 \u00e1ra Deildarstj\u00f3ri: S\u00f3lveig Hei\u00f0a \u00dalfsd\u00f3ttir Netfang: solveig.ulfsdottir@borgarbyggd.is Hafa samband: 433-7161 e\u00f0a 778-4933 Lesa m\u00e1 um \u00e1herslur \u00ed starfi og um \u00feroska barna \u00e1 aldrinum 1-2 \u00e1ra \u00ed deildarn\u00e1mskr\u00e1 \u00d3l\u00e1tagar\u00f0s<\/p>\n","protected":false},"author":4,"featured_media":0,"parent":30,"menu_order":0,"comment_status":"closed","ping_status":"closed","template":"","meta":{"_acf_changed":false,"footnotes":""},"class_list":["post-70","page","type-page","status-publish","hentry","no-post-thumbnail"],"acf":{"quickaccess":false},"yoast_head":"<!-- This site is optimized with the Yoast SEO plugin v24.0 - https:\/\/yoast.com\/wordpress\/plugins\/seo\/ -->\n<title>\u00d3l\u00e1tagar\u00f0ur - Klettaborg<\/title>\n<meta name=\"robots\" content=\"noindex, follow, max-snippet:-1, max-image-preview:large, max-video-preview:-1\" \/>\n<meta property=\"og:locale\" content=\"is_IS\" \/>\n<meta property=\"og:type\" content=\"article\" \/>\n<meta property=\"og:title\" content=\"\u00d3l\u00e1tagar\u00f0ur - Klettaborg\" \/>\n<meta property=\"og:description\" content=\"\u00c1 \u00d3l\u00e1tagar\u00f0i eru b\u00f6rn \u00e1 aldrinum 1-2 \u00e1ra Deildarstj\u00f3ri: S\u00f3lveig Hei\u00f0a \u00dalfsd\u00f3ttir Netfang: solveig.ulfsdottir@borgarbyggd.is Hafa samband: 433-7161 e\u00f0a 778-4933 Lesa m\u00e1 um \u00e1herslur \u00ed starfi og um \u00feroska barna \u00e1 aldrinum 1-2 \u00e1ra \u00ed deildarn\u00e1mskr\u00e1 \u00d3l\u00e1tagar\u00f0s\" \/>\n<meta property=\"og:url\" content=\"https:\/\/dev.borgarbyggd.is\/klettaborg\/deildir\/olatagardur\/\" \/>\n<meta property=\"og:site_name\" content=\"Klettaborg\" \/>\n<meta property=\"article:modified_time\" content=\"2024-04-02T10:43:58+00:00\" \/>\n<meta name=\"twitter:card\" content=\"summary_large_image\" \/>\n<meta name=\"twitter:label1\" content=\"Est. reading time\" \/>\n\t<meta name=\"twitter:data1\" content=\"1 minute\" \/>\n<script type=\"application\/ld+json\" class=\"yoast-schema-graph\">{\"@context\":\"https:\/\/schema.org\",\"@graph\":[{\"@type\":\"WebPage\",\"@id\":\"https:\/\/dev.borgarbyggd.is\/klettaborg\/deildir\/olatagardur\/\",\"url\":\"https:\/\/dev.borgarbyggd.is\/klettaborg\/deildir\/olatagardur\/\",\"name\":\"\u00d3l\u00e1tagar\u00f0ur - Klettaborg\",\"isPartOf\":{\"@id\":\"https:\/\/dev.borgarbyggd.is\/klettaborg\/#website\"},\"datePublished\":\"2023-09-04T13:59:33+00:00\",\"dateModified\":\"2024-04-02T10:43:58+00:00\",\"breadcrumb\":{\"@id\":\"https:\/\/dev.borgarbyggd.is\/klettaborg\/deildir\/olatagardur\/#breadcrumb\"},\"inLanguage\":\"is\",\"potentialAction\":[{\"@type\":\"ReadAction\",\"target\":[\"https:\/\/dev.borgarbyggd.is\/klettaborg\/deildir\/olatagardur\/\"]}]},{\"@type\":\"BreadcrumbList\",\"@id\":\"https:\/\/dev.borgarbyggd.is\/klettaborg\/deildir\/olatagardur\/#breadcrumb\",\"itemListElement\":[{\"@type\":\"ListItem\",\"position\":1,\"name\":\"Home\",\"item\":\"https:\/\/dev.borgarbyggd.is\/klettaborg\/\"},{\"@type\":\"ListItem\",\"position\":2,\"name\":\"Deildir\",\"item\":\"https:\/\/dev.borgarbyggd.is\/klettaborg\/deildir\/\"},{\"@type\":\"ListItem\",\"position\":3,\"name\":\"\u00d3l\u00e1tagar\u00f0ur\"}]},{\"@type\":\"WebSite\",\"@id\":\"https:\/\/dev.borgarbyggd.is\/klettaborg\/#website\",\"url\":\"https:\/\/dev.borgarbyggd.is\/klettaborg\/\",\"name\":\"Klettaborg\",\"description\":\"\",\"potentialAction\":[{\"@type\":\"SearchAction\",\"target\":{\"@type\":\"EntryPoint\",\"urlTemplate\":\"https:\/\/dev.borgarbyggd.is\/klettaborg\/?s={search_term_string}\"},\"query-input\":{\"@type\":\"PropertyValueSpecification\",\"valueRequired\":true,\"valueName\":\"search_term_string\"}}],\"inLanguage\":\"is\"}]}<\/script>\n<!-- \/ Yoast SEO plugin. -->","yoast_head_json":{"title":"\u00d3l\u00e1tagar\u00f0ur - Klettaborg","robots":{"index":"noindex","follow":"follow","max-snippet":"max-snippet:-1","max-image-preview":"max-image-preview:large","max-video-preview":"max-video-preview:-1"},"og_locale":"is_IS","og_type":"article","og_title":"\u00d3l\u00e1tagar\u00f0ur - Klettaborg","og_description":"\u00c1 \u00d3l\u00e1tagar\u00f0i eru b\u00f6rn \u00e1 aldrinum 1-2 \u00e1ra Deildarstj\u00f3ri: S\u00f3lveig Hei\u00f0a \u00dalfsd\u00f3ttir Netfang: solveig.ulfsdottir@borgarbyggd.is Hafa samband: 433-7161 e\u00f0a 778-4933 Lesa m\u00e1 um \u00e1herslur \u00ed starfi og um \u00feroska barna \u00e1 aldrinum 1-2 \u00e1ra \u00ed deildarn\u00e1mskr\u00e1 \u00d3l\u00e1tagar\u00f0s","og_url":"https:\/\/dev.borgarbyggd.is\/klettaborg\/deildir\/olatagardur\/","og_site_name":"Klettaborg","article_modified_time":"2024-04-02T10:43:58+00:00","twitter_card":"summary_large_image","twitter_misc":{"Est. reading time":"1 minute"},"schema":{"@context":"https:\/\/schema.org","@graph":[{"@type":"WebPage","@id":"https:\/\/dev.borgarbyggd.is\/klettaborg\/deildir\/olatagardur\/","url":"https:\/\/dev.borgarbyggd.is\/klettaborg\/deildir\/olatagardur\/","name":"\u00d3l\u00e1tagar\u00f0ur - Klettaborg","isPartOf":{"@id":"https:\/\/dev.borgarbyggd.is\/klettaborg\/#website"},"datePublished":"2023-09-04T13:59:33+00:00","dateModified":"2024-04-02T10:43:58+00:00","breadcrumb":{"@id":"https:\/\/dev.borgarbyggd.is\/klettaborg\/deildir\/olatagardur\/#breadcrumb"},"inLanguage":"is","potentialAction":[{"@type":"ReadAction","target":["https:\/\/dev.borgarbyggd.is\/klettaborg\/deildir\/olatagardur\/"]}]},{"@type":"BreadcrumbList","@id":"https:\/\/dev.borgarbyggd.is\/klettaborg\/deildir\/olatagardur\/#breadcrumb","itemListElement":[{"@type":"ListItem","position":1,"name":"Home","item":"https:\/\/dev.borgarbyggd.is\/klettaborg\/"},{"@type":"ListItem","position":2,"name":"Deildir","item":"https:\/\/dev.borgarbyggd.is\/klettaborg\/deildir\/"},{"@type":"ListItem","position":3,"name":"\u00d3l\u00e1tagar\u00f0ur"}]},{"@type":"WebSite","@id":"https:\/\/dev.borgarbyggd.is\/klettaborg\/#website","url":"https:\/\/dev.borgarbyggd.is\/klettaborg\/","name":"Klettaborg","description":"","potentialAction":[{"@type":"SearchAction","target":{"@type":"EntryPoint","urlTemplate":"https:\/\/dev.borgarbyggd.is\/klettaborg\/?s={search_term_string}"},"query-input":{"@type":"PropertyValueSpecification","valueRequired":true,"valueName":"search_term_string"}}],"inLanguage":"is"}]}},"_links":{"self":[{"href":"https:\/\/dev.borgarbyggd.is\/klettaborg\/wp-json\/wp\/v2\/pages\/70","targetHints":{"allow":["GET"]}}],"collection":[{"href":"https:\/\/dev.borgarbyggd.is\/klettaborg\/wp-json\/wp\/v2\/pages"}],"about":[{"href":"https:\/\/dev.borgarbyggd.is\/klettaborg\/wp-json\/wp\/v2\/types\/page"}],"author":[{"embeddable":true,"href":"https:\/\/dev.borgarbyggd.is\/klettaborg\/wp-json\/wp\/v2\/users\/4"}],"replies":[{"embeddable":true,"href":"https:\/\/dev.borgarbyggd.is\/klettaborg\/wp-json\/wp\/v2\/comments?post=70"}],"version-history":[{"count":0,"href":"https:\/\/dev.borgarbyggd.is\/klettaborg\/wp-json\/wp\/v2\/pages\/70\/revisions"}],"up":[{"embeddable":true,"href":"https:\/\/dev.borgarbyggd.is\/klettaborg\/wp-json\/wp\/v2\/pages\/30"}],"wp:attachment":[{"href":"https:\/\/dev.borgarbyggd.is\/klettaborg\/wp-json\/wp\/v2\/media?parent=70"}],"curies":[{"name":"wp","href":"https:\/\/api.w.org\/{rel}","templated":true}]}}