{"id":69,"date":"2023-09-04T13:56:02","date_gmt":"2023-09-04T13:56:02","guid":{"rendered":"https:\/\/dev.borgarbyggd.is\/klettaborg\/?page_id=69"},"modified":"2024-04-02T10:56:41","modified_gmt":"2024-04-02T10:56:41","slug":"kattholt","status":"publish","type":"page","link":"https:\/\/dev.borgarbyggd.is\/klettaborg\/deildir\/kattholt\/","title":{"rendered":"Kattholt"},"content":{"rendered":"<p>\u00c1 Kattholti eru b\u00f6rn \u00e1 aldrinum 2-4 \u00e1ra<\/p>\n<p>Deildastj\u00f3ri: Anna Hei\u00f0r\u00fan \u00deorvaldsd\u00f3ttir<\/p>\n<p>Netfang: annaheidrun@borgarbyggd.is<\/p>\n<p>Hafa samband: 433-7162 e\u00f0a 783-0692<\/p>\n<div>Lesa m\u00e1 um \u00e1herslur \u00ed starfi og \u00feroskavi\u00f0mi\u00f0 barna \u00e1 aldrinum 2-4 \u00e1ra \u00ed deildarn\u00e1mskr\u00e1 Kattholts<\/div>\n<div><div class=\"hlekkur_a_skjal\" style=\"text-align: left;\"><a style=\"max-width: 100%;\" href=\"https:\/\/dev.borgarbyggd.is\/klettaborg\/wp-content\/uploads\/sites\/12\/2024\/04\/Deildarnamskra-Kattholts.pdf\">Deildarnamskra-Kattholts<\/a><\/div><\/div>\n","protected":false},"excerpt":{"rendered":"<p>\u00c1 Kattholti eru b\u00f6rn \u00e1 aldrinum 2-4 \u00e1ra Deildastj\u00f3ri: Anna Hei\u00f0r\u00fan \u00deorvaldsd\u00f3ttir Netfang: annaheidrun@borgarbyggd.is Hafa samband: 433-7162 e\u00f0a 783-0692 Lesa m\u00e1 um \u00e1herslur \u00ed starfi og \u00feroskavi\u00f0mi\u00f0 barna \u00e1 aldrinum 2-4 \u00e1ra \u00ed deildarn\u00e1mskr\u00e1 Kattholts<\/p>\n","protected":false},"author":4,"featured_media":0,"parent":30,"menu_order":0,"comment_status":"closed","ping_status":"closed","template":"","meta":{"_acf_changed":false,"footnotes":""},"class_list":["post-69","page","type-page","status-publish","hentry","no-post-thumbnail"],"acf":{"quickaccess":false},"yoast_head":"<!-- This site is optimized with the Yoast SEO plugin v24.0 - https:\/\/yoast.com\/wordpress\/plugins\/seo\/ -->\n<title>Kattholt - Klettaborg<\/title>\n<meta name=\"robots\" content=\"noindex, follow, max-snippet:-1, max-image-preview:large, max-video-preview:-1\" \/>\n<meta property=\"og:locale\" content=\"is_IS\" \/>\n<meta property=\"og:type\" content=\"article\" \/>\n<meta property=\"og:title\" content=\"Kattholt - Klettaborg\" \/>\n<meta property=\"og:description\" content=\"\u00c1 Kattholti eru b\u00f6rn \u00e1 aldrinum 2-4 \u00e1ra Deildastj\u00f3ri: Anna Hei\u00f0r\u00fan \u00deorvaldsd\u00f3ttir Netfang: annaheidrun@borgarbyggd.is Hafa samband: 433-7162 e\u00f0a 783-0692 Lesa m\u00e1 um \u00e1herslur \u00ed starfi og \u00feroskavi\u00f0mi\u00f0 barna \u00e1 aldrinum 2-4 \u00e1ra \u00ed deildarn\u00e1mskr\u00e1 Kattholts\" \/>\n<meta property=\"og:url\" content=\"https:\/\/dev.borgarbyggd.is\/klettaborg\/deildir\/kattholt\/\" \/>\n<meta property=\"og:site_name\" content=\"Klettaborg\" \/>\n<meta property=\"article:modified_time\" content=\"2024-04-02T10:56:41+00:00\" \/>\n<meta name=\"twitter:card\" content=\"summary_large_image\" \/>\n<meta name=\"twitter:label1\" content=\"Est. reading time\" \/>\n\t<meta name=\"twitter:data1\" content=\"1 minute\" \/>\n<script type=\"application\/ld+json\" class=\"yoast-schema-graph\">{\"@context\":\"https:\/\/schema.org\",\"@graph\":[{\"@type\":\"WebPage\",\"@id\":\"https:\/\/dev.borgarbyggd.is\/klettaborg\/deildir\/kattholt\/\",\"url\":\"https:\/\/dev.borgarbyggd.is\/klettaborg\/deildir\/kattholt\/\",\"name\":\"Kattholt - Klettaborg\",\"isPartOf\":{\"@id\":\"https:\/\/dev.borgarbyggd.is\/klettaborg\/#website\"},\"datePublished\":\"2023-09-04T13:56:02+00:00\",\"dateModified\":\"2024-04-02T10:56:41+00:00\",\"breadcrumb\":{\"@id\":\"https:\/\/dev.borgarbyggd.is\/klettaborg\/deildir\/kattholt\/#breadcrumb\"},\"inLanguage\":\"is\",\"potentialAction\":[{\"@type\":\"ReadAction\",\"target\":[\"https:\/\/dev.borgarbyggd.is\/klettaborg\/deildir\/kattholt\/\"]}]},{\"@type\":\"BreadcrumbList\",\"@id\":\"https:\/\/dev.borgarbyggd.is\/klettaborg\/deildir\/kattholt\/#breadcrumb\",\"itemListElement\":[{\"@type\":\"ListItem\",\"position\":1,\"name\":\"Home\",\"item\":\"https:\/\/dev.borgarbyggd.is\/klettaborg\/\"},{\"@type\":\"ListItem\",\"position\":2,\"name\":\"Deildir\",\"item\":\"https:\/\/dev.borgarbyggd.is\/klettaborg\/deildir\/\"},{\"@type\":\"ListItem\",\"position\":3,\"name\":\"Kattholt\"}]},{\"@type\":\"WebSite\",\"@id\":\"https:\/\/dev.borgarbyggd.is\/klettaborg\/#website\",\"url\":\"https:\/\/dev.borgarbyggd.is\/klettaborg\/\",\"name\":\"Klettaborg\",\"description\":\"\",\"potentialAction\":[{\"@type\":\"SearchAction\",\"target\":{\"@type\":\"EntryPoint\",\"urlTemplate\":\"https:\/\/dev.borgarbyggd.is\/klettaborg\/?s={search_term_string}\"},\"query-input\":{\"@type\":\"PropertyValueSpecification\",\"valueRequired\":true,\"valueName\":\"search_term_string\"}}],\"inLanguage\":\"is\"}]}<\/script>\n<!-- \/ Yoast SEO plugin. -->","yoast_head_json":{"title":"Kattholt - Klettaborg","robots":{"index":"noindex","follow":"follow","max-snippet":"max-snippet:-1","max-image-preview":"max-image-preview:large","max-video-preview":"max-video-preview:-1"},"og_locale":"is_IS","og_type":"article","og_title":"Kattholt - Klettaborg","og_description":"\u00c1 Kattholti eru b\u00f6rn \u00e1 aldrinum 2-4 \u00e1ra Deildastj\u00f3ri: Anna Hei\u00f0r\u00fan \u00deorvaldsd\u00f3ttir Netfang: annaheidrun@borgarbyggd.is Hafa samband: 433-7162 e\u00f0a 783-0692 Lesa m\u00e1 um \u00e1herslur \u00ed starfi og \u00feroskavi\u00f0mi\u00f0 barna \u00e1 aldrinum 2-4 \u00e1ra \u00ed deildarn\u00e1mskr\u00e1 Kattholts","og_url":"https:\/\/dev.borgarbyggd.is\/klettaborg\/deildir\/kattholt\/","og_site_name":"Klettaborg","article_modified_time":"2024-04-02T10:56:41+00:00","twitter_card":"summary_large_image","twitter_misc":{"Est. reading time":"1 minute"},"schema":{"@context":"https:\/\/schema.org","@graph":[{"@type":"WebPage","@id":"https:\/\/dev.borgarbyggd.is\/klettaborg\/deildir\/kattholt\/","url":"https:\/\/dev.borgarbyggd.is\/klettaborg\/deildir\/kattholt\/","name":"Kattholt - Klettaborg","isPartOf":{"@id":"https:\/\/dev.borgarbyggd.is\/klettaborg\/#website"},"datePublished":"2023-09-04T13:56:02+00:00","dateModified":"2024-04-02T10:56:41+00:00","breadcrumb":{"@id":"https:\/\/dev.borgarbyggd.is\/klettaborg\/deildir\/kattholt\/#breadcrumb"},"inLanguage":"is","potentialAction":[{"@type":"ReadAction","target":["https:\/\/dev.borgarbyggd.is\/klettaborg\/deildir\/kattholt\/"]}]},{"@type":"BreadcrumbList","@id":"https:\/\/dev.borgarbyggd.is\/klettaborg\/deildir\/kattholt\/#breadcrumb","itemListElement":[{"@type":"ListItem","position":1,"name":"Home","item":"https:\/\/dev.borgarbyggd.is\/klettaborg\/"},{"@type":"ListItem","position":2,"name":"Deildir","item":"https:\/\/dev.borgarbyggd.is\/klettaborg\/deildir\/"},{"@type":"ListItem","position":3,"name":"Kattholt"}]},{"@type":"WebSite","@id":"https:\/\/dev.borgarbyggd.is\/klettaborg\/#website","url":"https:\/\/dev.borgarbyggd.is\/klettaborg\/","name":"Klettaborg","description":"","potentialAction":[{"@type":"SearchAction","target":{"@type":"EntryPoint","urlTemplate":"https:\/\/dev.borgarbyggd.is\/klettaborg\/?s={search_term_string}"},"query-input":{"@type":"PropertyValueSpecification","valueRequired":true,"valueName":"search_term_string"}}],"inLanguage":"is"}]}},"_links":{"self":[{"href":"https:\/\/dev.borgarbyggd.is\/klettaborg\/wp-json\/wp\/v2\/pages\/69","targetHints":{"allow":["GET"]}}],"collection":[{"href":"https:\/\/dev.borgarbyggd.is\/klettaborg\/wp-json\/wp\/v2\/pages"}],"about":[{"href":"https:\/\/dev.borgarbyggd.is\/klettaborg\/wp-json\/wp\/v2\/types\/page"}],"author":[{"embeddable":true,"href":"https:\/\/dev.borgarbyggd.is\/klettaborg\/wp-json\/wp\/v2\/users\/4"}],"replies":[{"embeddable":true,"href":"https:\/\/dev.borgarbyggd.is\/klettaborg\/wp-json\/wp\/v2\/comments?post=69"}],"version-history":[{"count":0,"href":"https:\/\/dev.borgarbyggd.is\/klettaborg\/wp-json\/wp\/v2\/pages\/69\/revisions"}],"up":[{"embeddable":true,"href":"https:\/\/dev.borgarbyggd.is\/klettaborg\/wp-json\/wp\/v2\/pages\/30"}],"wp:attachment":[{"href":"https:\/\/dev.borgarbyggd.is\/klettaborg\/wp-json\/wp\/v2\/media?parent=69"}],"curies":[{"name":"wp","href":"https:\/\/api.w.org\/{rel}","templated":true}]}}