{"id":67,"date":"2023-09-04T13:51:02","date_gmt":"2023-09-04T13:51:02","guid":{"rendered":"https:\/\/dev.borgarbyggd.is\/klettaborg\/?page_id=67"},"modified":"2023-09-04T13:51:02","modified_gmt":"2023-09-04T13:51:02","slug":"roleg-stund","status":"publish","type":"page","link":"https:\/\/dev.borgarbyggd.is\/klettaborg\/daglegt-starf\/roleg-stund\/","title":{"rendered":"R\u00f3leg stund"},"content":{"rendered":"<p><span data-contrast=\"none\">R\u00f3leg stund\/ hv\u00edld er nau\u00f0synleg \u00ed erli dagsins til a\u00f0 tryggja andlega og l\u00edkamlega vell\u00ed\u00f0an. R\u00f3leg stund er \u00e1 \u00f6llum deildum eftir h\u00e1degismat, mismunandi \u00fatf\u00e6rsla er eftir aldri barnanna.<\/span><span data-ccp-props=\"{&quot;134233117&quot;:false,&quot;134233118&quot;:false,&quot;201341983&quot;:0,&quot;335559738&quot;:0,&quot;335559739&quot;:150,&quot;335559740&quot;:240}\">\u00a0<\/span><\/p>\n<p><span data-contrast=\"none\">Yngri b\u00f6rnin hv\u00edla sig vi\u00f0 lestur s\u00f6gu, leikrits e\u00f0a t\u00f3nlistar.<\/span><span data-ccp-props=\"{&quot;134233117&quot;:false,&quot;134233118&quot;:false,&quot;201341983&quot;:0,&quot;335559738&quot;:0,&quot;335559739&quot;:150,&quot;335559740&quot;:240}\">\u00a0<\/span><\/p>\n<p><span data-contrast=\"none\">Me\u00f0 eldri b\u00f6rnum eru unnin \u00fdmis verkefni tengd leiksk\u00f3lal\u00e6si, st\u00e6r\u00f0fr\u00e6\u00f0i o.fl. auk \u00feess a\u00f0 efla einbeitingu og \u00fathald.<\/span><span data-ccp-props=\"{&quot;134233117&quot;:false,&quot;134233118&quot;:false,&quot;201341983&quot;:0,&quot;335559738&quot;:0,&quot;335559739&quot;:150,&quot;335559740&quot;:240}\">\u00a0<\/span><\/p>\n<p><span data-ccp-props=\"{&quot;201341983&quot;:0,&quot;335559739&quot;:160,&quot;335559740&quot;:259}\">\u00a0<\/span><\/p>\n","protected":false},"excerpt":{"rendered":"<p>R\u00f3leg stund\/ hv\u00edld er nau\u00f0synleg \u00ed erli dagsins til a\u00f0 tryggja andlega og l\u00edkamlega vell\u00ed\u00f0an. R\u00f3leg stund er \u00e1 \u00f6llum deildum eftir h\u00e1degismat, mismunandi \u00fatf\u00e6rsla er eftir aldri barnanna.\u00a0 Yngri b\u00f6rnin hv\u00edla sig vi\u00f0 lestur s\u00f6gu, leikrits e\u00f0a t\u00f3nlistar.\u00a0 Me\u00f0 eldri b\u00f6rnum eru unnin \u00fdmis verkefni tengd leiksk\u00f3lal\u00e6si, st\u00e6r\u00f0fr\u00e6\u00f0i o.fl. auk \u00feess a\u00f0 efla einbeitingu og \u00fathald.\u00a0 \u00a0<\/p>\n","protected":false},"author":4,"featured_media":0,"parent":29,"menu_order":0,"comment_status":"closed","ping_status":"closed","template":"","meta":{"_acf_changed":false,"footnotes":""},"class_list":["post-67","page","type-page","status-publish","hentry","no-post-thumbnail"],"acf":{"quickaccess":false},"yoast_head":"<!-- This site is optimized with the Yoast SEO plugin v24.0 - https:\/\/yoast.com\/wordpress\/plugins\/seo\/ -->\n<title>R\u00f3leg stund - Klettaborg<\/title>\n<meta name=\"robots\" content=\"noindex, follow, max-snippet:-1, max-image-preview:large, max-video-preview:-1\" \/>\n<meta property=\"og:locale\" content=\"is_IS\" \/>\n<meta property=\"og:type\" content=\"article\" \/>\n<meta property=\"og:title\" content=\"R\u00f3leg stund - Klettaborg\" \/>\n<meta property=\"og:description\" content=\"R\u00f3leg stund\/ hv\u00edld er nau\u00f0synleg \u00ed erli dagsins til a\u00f0 tryggja andlega og l\u00edkamlega vell\u00ed\u00f0an. R\u00f3leg stund er \u00e1 \u00f6llum deildum eftir h\u00e1degismat, mismunandi \u00fatf\u00e6rsla er eftir aldri barnanna.\u00a0 Yngri b\u00f6rnin hv\u00edla sig vi\u00f0 lestur s\u00f6gu, leikrits e\u00f0a t\u00f3nlistar.\u00a0 Me\u00f0 eldri b\u00f6rnum eru unnin \u00fdmis verkefni tengd leiksk\u00f3lal\u00e6si, st\u00e6r\u00f0fr\u00e6\u00f0i o.fl. auk \u00feess a\u00f0 efla einbeitingu og \u00fathald.\u00a0 \u00a0\" \/>\n<meta property=\"og:url\" content=\"https:\/\/dev.borgarbyggd.is\/klettaborg\/daglegt-starf\/roleg-stund\/\" \/>\n<meta property=\"og:site_name\" content=\"Klettaborg\" \/>\n<meta name=\"twitter:card\" content=\"summary_large_image\" \/>\n<meta name=\"twitter:label1\" content=\"Est. reading time\" \/>\n\t<meta name=\"twitter:data1\" content=\"1 minute\" \/>\n<script type=\"application\/ld+json\" class=\"yoast-schema-graph\">{\"@context\":\"https:\/\/schema.org\",\"@graph\":[{\"@type\":\"WebPage\",\"@id\":\"https:\/\/dev.borgarbyggd.is\/klettaborg\/daglegt-starf\/roleg-stund\/\",\"url\":\"https:\/\/dev.borgarbyggd.is\/klettaborg\/daglegt-starf\/roleg-stund\/\",\"name\":\"R\u00f3leg stund - Klettaborg\",\"isPartOf\":{\"@id\":\"https:\/\/dev.borgarbyggd.is\/klettaborg\/#website\"},\"datePublished\":\"2023-09-04T13:51:02+00:00\",\"dateModified\":\"2023-09-04T13:51:02+00:00\",\"breadcrumb\":{\"@id\":\"https:\/\/dev.borgarbyggd.is\/klettaborg\/daglegt-starf\/roleg-stund\/#breadcrumb\"},\"inLanguage\":\"is\",\"potentialAction\":[{\"@type\":\"ReadAction\",\"target\":[\"https:\/\/dev.borgarbyggd.is\/klettaborg\/daglegt-starf\/roleg-stund\/\"]}]},{\"@type\":\"BreadcrumbList\",\"@id\":\"https:\/\/dev.borgarbyggd.is\/klettaborg\/daglegt-starf\/roleg-stund\/#breadcrumb\",\"itemListElement\":[{\"@type\":\"ListItem\",\"position\":1,\"name\":\"Home\",\"item\":\"https:\/\/dev.borgarbyggd.is\/klettaborg\/\"},{\"@type\":\"ListItem\",\"position\":2,\"name\":\"Daglegt starf\",\"item\":\"https:\/\/dev.borgarbyggd.is\/klettaborg\/daglegt-starf\/\"},{\"@type\":\"ListItem\",\"position\":3,\"name\":\"R\u00f3leg stund\"}]},{\"@type\":\"WebSite\",\"@id\":\"https:\/\/dev.borgarbyggd.is\/klettaborg\/#website\",\"url\":\"https:\/\/dev.borgarbyggd.is\/klettaborg\/\",\"name\":\"Klettaborg\",\"description\":\"\",\"potentialAction\":[{\"@type\":\"SearchAction\",\"target\":{\"@type\":\"EntryPoint\",\"urlTemplate\":\"https:\/\/dev.borgarbyggd.is\/klettaborg\/?s={search_term_string}\"},\"query-input\":{\"@type\":\"PropertyValueSpecification\",\"valueRequired\":true,\"valueName\":\"search_term_string\"}}],\"inLanguage\":\"is\"}]}<\/script>\n<!-- \/ Yoast SEO plugin. -->","yoast_head_json":{"title":"R\u00f3leg stund - Klettaborg","robots":{"index":"noindex","follow":"follow","max-snippet":"max-snippet:-1","max-image-preview":"max-image-preview:large","max-video-preview":"max-video-preview:-1"},"og_locale":"is_IS","og_type":"article","og_title":"R\u00f3leg stund - Klettaborg","og_description":"R\u00f3leg stund\/ hv\u00edld er nau\u00f0synleg \u00ed erli dagsins til a\u00f0 tryggja andlega og l\u00edkamlega vell\u00ed\u00f0an. R\u00f3leg stund er \u00e1 \u00f6llum deildum eftir h\u00e1degismat, mismunandi \u00fatf\u00e6rsla er eftir aldri barnanna.\u00a0 Yngri b\u00f6rnin hv\u00edla sig vi\u00f0 lestur s\u00f6gu, leikrits e\u00f0a t\u00f3nlistar.\u00a0 Me\u00f0 eldri b\u00f6rnum eru unnin \u00fdmis verkefni tengd leiksk\u00f3lal\u00e6si, st\u00e6r\u00f0fr\u00e6\u00f0i o.fl. auk \u00feess a\u00f0 efla einbeitingu og \u00fathald.\u00a0 \u00a0","og_url":"https:\/\/dev.borgarbyggd.is\/klettaborg\/daglegt-starf\/roleg-stund\/","og_site_name":"Klettaborg","twitter_card":"summary_large_image","twitter_misc":{"Est. reading time":"1 minute"},"schema":{"@context":"https:\/\/schema.org","@graph":[{"@type":"WebPage","@id":"https:\/\/dev.borgarbyggd.is\/klettaborg\/daglegt-starf\/roleg-stund\/","url":"https:\/\/dev.borgarbyggd.is\/klettaborg\/daglegt-starf\/roleg-stund\/","name":"R\u00f3leg stund - Klettaborg","isPartOf":{"@id":"https:\/\/dev.borgarbyggd.is\/klettaborg\/#website"},"datePublished":"2023-09-04T13:51:02+00:00","dateModified":"2023-09-04T13:51:02+00:00","breadcrumb":{"@id":"https:\/\/dev.borgarbyggd.is\/klettaborg\/daglegt-starf\/roleg-stund\/#breadcrumb"},"inLanguage":"is","potentialAction":[{"@type":"ReadAction","target":["https:\/\/dev.borgarbyggd.is\/klettaborg\/daglegt-starf\/roleg-stund\/"]}]},{"@type":"BreadcrumbList","@id":"https:\/\/dev.borgarbyggd.is\/klettaborg\/daglegt-starf\/roleg-stund\/#breadcrumb","itemListElement":[{"@type":"ListItem","position":1,"name":"Home","item":"https:\/\/dev.borgarbyggd.is\/klettaborg\/"},{"@type":"ListItem","position":2,"name":"Daglegt starf","item":"https:\/\/dev.borgarbyggd.is\/klettaborg\/daglegt-starf\/"},{"@type":"ListItem","position":3,"name":"R\u00f3leg stund"}]},{"@type":"WebSite","@id":"https:\/\/dev.borgarbyggd.is\/klettaborg\/#website","url":"https:\/\/dev.borgarbyggd.is\/klettaborg\/","name":"Klettaborg","description":"","potentialAction":[{"@type":"SearchAction","target":{"@type":"EntryPoint","urlTemplate":"https:\/\/dev.borgarbyggd.is\/klettaborg\/?s={search_term_string}"},"query-input":{"@type":"PropertyValueSpecification","valueRequired":true,"valueName":"search_term_string"}}],"inLanguage":"is"}]}},"_links":{"self":[{"href":"https:\/\/dev.borgarbyggd.is\/klettaborg\/wp-json\/wp\/v2\/pages\/67","targetHints":{"allow":["GET"]}}],"collection":[{"href":"https:\/\/dev.borgarbyggd.is\/klettaborg\/wp-json\/wp\/v2\/pages"}],"about":[{"href":"https:\/\/dev.borgarbyggd.is\/klettaborg\/wp-json\/wp\/v2\/types\/page"}],"author":[{"embeddable":true,"href":"https:\/\/dev.borgarbyggd.is\/klettaborg\/wp-json\/wp\/v2\/users\/4"}],"replies":[{"embeddable":true,"href":"https:\/\/dev.borgarbyggd.is\/klettaborg\/wp-json\/wp\/v2\/comments?post=67"}],"version-history":[{"count":0,"href":"https:\/\/dev.borgarbyggd.is\/klettaborg\/wp-json\/wp\/v2\/pages\/67\/revisions"}],"up":[{"embeddable":true,"href":"https:\/\/dev.borgarbyggd.is\/klettaborg\/wp-json\/wp\/v2\/pages\/29"}],"wp:attachment":[{"href":"https:\/\/dev.borgarbyggd.is\/klettaborg\/wp-json\/wp\/v2\/media?parent=67"}],"curies":[{"name":"wp","href":"https:\/\/api.w.org\/{rel}","templated":true}]}}