{"id":66,"date":"2023-09-04T13:50:39","date_gmt":"2023-09-04T13:50:39","guid":{"rendered":"https:\/\/dev.borgarbyggd.is\/klettaborg\/?page_id=66"},"modified":"2024-03-27T11:48:12","modified_gmt":"2024-03-27T11:48:12","slug":"oryggi-barna-i-leikskolanum","status":"publish","type":"page","link":"https:\/\/dev.borgarbyggd.is\/klettaborg\/daglegt-starf\/oryggi-barna-i-leikskolanum\/","title":{"rendered":"\u00d6ryggi barna \u00ed leiksk\u00f3lanum"},"content":{"rendered":"<p><span data-contrast=\"none\">\u00d6ryggi barna \u00ed leiksk\u00f3lanum er tryggt eftir fremsta megni og mikil \u00e1byrg\u00f0 hv\u00edlir \u00e1 kennurum vi\u00f0 a\u00f0 hl\u00faa a\u00f0 b\u00f6rnum og tryggja \u00f6ryggi \u00ed daglegu starfi. Teki\u00f0 er mi\u00f0 af\u202f <\/span><a href=\"https:\/\/mms.is\/sites\/mms.is\/files\/handbok_um_velferd_og_oryggi_barna_i_leikskolum_2023.pdf\"><b><span data-contrast=\"none\">Handb\u00f3k um velfer\u00f0 og \u00f6ryggi barna<\/span><\/b><\/a><span data-contrast=\"none\"><strong>\u202f\u00ed leiksk\u00f3lunum<\/strong> sem Mennta- og menningarm\u00e1lar\u00e1\u00f0uneytir\u00f0 gaf \u00fat 2014.<\/span><span data-ccp-props=\"{&quot;134233117&quot;:false,&quot;134233118&quot;:false,&quot;201341983&quot;:0,&quot;335559738&quot;:0,&quot;335559739&quot;:150,&quot;335559740&quot;:240}\">\u00a0<\/span><\/p>\n<p><span data-contrast=\"none\">\u00dear sem st\u00f3r h\u00f3pur barna er saman kominn m\u00e1 alltaf b\u00faast vi\u00f0 \u00f3h\u00f6ppum. Ef barn slasast e\u00f0a veikist er strax haft samband vi\u00f0 foreldra og \u00e1framhaldandi a\u00f0ger\u00f0ir metnar \u00ed samr\u00e1\u00f0i vi\u00f0 \u00fe\u00e1. Slys \u00e1 b\u00f6rnum eru skr\u00e1\u00f0 \u00e1 s\u00e9rst\u00f6k ey\u00f0ubl\u00f6\u00f0 sem geymd eru \u00ed slysaskr\u00e1ningarm\u00f6ppu.<\/span><span data-ccp-props=\"{&quot;134233117&quot;:false,&quot;134233118&quot;:false,&quot;201341983&quot;:0,&quot;335559738&quot;:0,&quot;335559739&quot;:150,&quot;335559740&quot;:240}\">\u00a0<\/span><\/p>\n","protected":false},"excerpt":{"rendered":"<p>\u00d6ryggi barna \u00ed leiksk\u00f3lanum er tryggt eftir fremsta megni og mikil \u00e1byrg\u00f0 hv\u00edlir \u00e1 kennurum vi\u00f0 a\u00f0 hl\u00faa a\u00f0 b\u00f6rnum og tryggja \u00f6ryggi \u00ed daglegu starfi. Teki\u00f0 er mi\u00f0 af\u202f Handb\u00f3k um velfer\u00f0 og \u00f6ryggi barna\u202f\u00ed leiksk\u00f3lunum sem Mennta- og menningarm\u00e1lar\u00e1\u00f0uneytir\u00f0 gaf \u00fat 2014.\u00a0 \u00dear sem st\u00f3r h\u00f3pur barna er saman kominn m\u00e1 alltaf b\u00faast vi\u00f0 \u00f3h\u00f6ppum. Ef barn slasast &#8230; <\/p>\n<div><a href=\"https:\/\/dev.borgarbyggd.is\/klettaborg\/daglegt-starf\/oryggi-barna-i-leikskolanum\/\" class=\"more-link\">Read More<\/a><\/div>\n","protected":false},"author":4,"featured_media":0,"parent":29,"menu_order":0,"comment_status":"closed","ping_status":"closed","template":"","meta":{"_acf_changed":false,"footnotes":""},"class_list":["post-66","page","type-page","status-publish","hentry","no-post-thumbnail"],"acf":{"quickaccess":false},"yoast_head":"<!-- This site is optimized with the Yoast SEO plugin v24.0 - https:\/\/yoast.com\/wordpress\/plugins\/seo\/ -->\n<title>\u00d6ryggi barna \u00ed leiksk\u00f3lanum - Klettaborg<\/title>\n<meta name=\"robots\" content=\"noindex, follow, max-snippet:-1, max-image-preview:large, max-video-preview:-1\" \/>\n<meta property=\"og:locale\" content=\"is_IS\" \/>\n<meta property=\"og:type\" content=\"article\" \/>\n<meta property=\"og:title\" content=\"\u00d6ryggi barna \u00ed leiksk\u00f3lanum - Klettaborg\" \/>\n<meta property=\"og:description\" content=\"\u00d6ryggi barna \u00ed leiksk\u00f3lanum er tryggt eftir fremsta megni og mikil \u00e1byrg\u00f0 hv\u00edlir \u00e1 kennurum vi\u00f0 a\u00f0 hl\u00faa a\u00f0 b\u00f6rnum og tryggja \u00f6ryggi \u00ed daglegu starfi. Teki\u00f0 er mi\u00f0 af\u202f Handb\u00f3k um velfer\u00f0 og \u00f6ryggi barna\u202f\u00ed leiksk\u00f3lunum sem Mennta- og menningarm\u00e1lar\u00e1\u00f0uneytir\u00f0 gaf \u00fat 2014.\u00a0 \u00dear sem st\u00f3r h\u00f3pur barna er saman kominn m\u00e1 alltaf b\u00faast vi\u00f0 \u00f3h\u00f6ppum. Ef barn slasast ... Read More\" \/>\n<meta property=\"og:url\" content=\"https:\/\/dev.borgarbyggd.is\/klettaborg\/daglegt-starf\/oryggi-barna-i-leikskolanum\/\" \/>\n<meta property=\"og:site_name\" content=\"Klettaborg\" \/>\n<meta property=\"article:modified_time\" content=\"2024-03-27T11:48:12+00:00\" \/>\n<meta name=\"twitter:card\" content=\"summary_large_image\" \/>\n<meta name=\"twitter:label1\" content=\"Est. reading time\" \/>\n\t<meta name=\"twitter:data1\" content=\"1 minute\" \/>\n<script type=\"application\/ld+json\" class=\"yoast-schema-graph\">{\"@context\":\"https:\/\/schema.org\",\"@graph\":[{\"@type\":\"WebPage\",\"@id\":\"https:\/\/dev.borgarbyggd.is\/klettaborg\/daglegt-starf\/oryggi-barna-i-leikskolanum\/\",\"url\":\"https:\/\/dev.borgarbyggd.is\/klettaborg\/daglegt-starf\/oryggi-barna-i-leikskolanum\/\",\"name\":\"\u00d6ryggi barna \u00ed leiksk\u00f3lanum - Klettaborg\",\"isPartOf\":{\"@id\":\"https:\/\/dev.borgarbyggd.is\/klettaborg\/#website\"},\"datePublished\":\"2023-09-04T13:50:39+00:00\",\"dateModified\":\"2024-03-27T11:48:12+00:00\",\"breadcrumb\":{\"@id\":\"https:\/\/dev.borgarbyggd.is\/klettaborg\/daglegt-starf\/oryggi-barna-i-leikskolanum\/#breadcrumb\"},\"inLanguage\":\"is\",\"potentialAction\":[{\"@type\":\"ReadAction\",\"target\":[\"https:\/\/dev.borgarbyggd.is\/klettaborg\/daglegt-starf\/oryggi-barna-i-leikskolanum\/\"]}]},{\"@type\":\"BreadcrumbList\",\"@id\":\"https:\/\/dev.borgarbyggd.is\/klettaborg\/daglegt-starf\/oryggi-barna-i-leikskolanum\/#breadcrumb\",\"itemListElement\":[{\"@type\":\"ListItem\",\"position\":1,\"name\":\"Home\",\"item\":\"https:\/\/dev.borgarbyggd.is\/klettaborg\/\"},{\"@type\":\"ListItem\",\"position\":2,\"name\":\"Daglegt starf\",\"item\":\"https:\/\/dev.borgarbyggd.is\/klettaborg\/daglegt-starf\/\"},{\"@type\":\"ListItem\",\"position\":3,\"name\":\"\u00d6ryggi barna \u00ed leiksk\u00f3lanum\"}]},{\"@type\":\"WebSite\",\"@id\":\"https:\/\/dev.borgarbyggd.is\/klettaborg\/#website\",\"url\":\"https:\/\/dev.borgarbyggd.is\/klettaborg\/\",\"name\":\"Klettaborg\",\"description\":\"\",\"potentialAction\":[{\"@type\":\"SearchAction\",\"target\":{\"@type\":\"EntryPoint\",\"urlTemplate\":\"https:\/\/dev.borgarbyggd.is\/klettaborg\/?s={search_term_string}\"},\"query-input\":{\"@type\":\"PropertyValueSpecification\",\"valueRequired\":true,\"valueName\":\"search_term_string\"}}],\"inLanguage\":\"is\"}]}<\/script>\n<!-- \/ Yoast SEO plugin. -->","yoast_head_json":{"title":"\u00d6ryggi barna \u00ed leiksk\u00f3lanum - Klettaborg","robots":{"index":"noindex","follow":"follow","max-snippet":"max-snippet:-1","max-image-preview":"max-image-preview:large","max-video-preview":"max-video-preview:-1"},"og_locale":"is_IS","og_type":"article","og_title":"\u00d6ryggi barna \u00ed leiksk\u00f3lanum - Klettaborg","og_description":"\u00d6ryggi barna \u00ed leiksk\u00f3lanum er tryggt eftir fremsta megni og mikil \u00e1byrg\u00f0 hv\u00edlir \u00e1 kennurum vi\u00f0 a\u00f0 hl\u00faa a\u00f0 b\u00f6rnum og tryggja \u00f6ryggi \u00ed daglegu starfi. Teki\u00f0 er mi\u00f0 af\u202f Handb\u00f3k um velfer\u00f0 og \u00f6ryggi barna\u202f\u00ed leiksk\u00f3lunum sem Mennta- og menningarm\u00e1lar\u00e1\u00f0uneytir\u00f0 gaf \u00fat 2014.\u00a0 \u00dear sem st\u00f3r h\u00f3pur barna er saman kominn m\u00e1 alltaf b\u00faast vi\u00f0 \u00f3h\u00f6ppum. Ef barn slasast ... Read More","og_url":"https:\/\/dev.borgarbyggd.is\/klettaborg\/daglegt-starf\/oryggi-barna-i-leikskolanum\/","og_site_name":"Klettaborg","article_modified_time":"2024-03-27T11:48:12+00:00","twitter_card":"summary_large_image","twitter_misc":{"Est. reading time":"1 minute"},"schema":{"@context":"https:\/\/schema.org","@graph":[{"@type":"WebPage","@id":"https:\/\/dev.borgarbyggd.is\/klettaborg\/daglegt-starf\/oryggi-barna-i-leikskolanum\/","url":"https:\/\/dev.borgarbyggd.is\/klettaborg\/daglegt-starf\/oryggi-barna-i-leikskolanum\/","name":"\u00d6ryggi barna \u00ed leiksk\u00f3lanum - Klettaborg","isPartOf":{"@id":"https:\/\/dev.borgarbyggd.is\/klettaborg\/#website"},"datePublished":"2023-09-04T13:50:39+00:00","dateModified":"2024-03-27T11:48:12+00:00","breadcrumb":{"@id":"https:\/\/dev.borgarbyggd.is\/klettaborg\/daglegt-starf\/oryggi-barna-i-leikskolanum\/#breadcrumb"},"inLanguage":"is","potentialAction":[{"@type":"ReadAction","target":["https:\/\/dev.borgarbyggd.is\/klettaborg\/daglegt-starf\/oryggi-barna-i-leikskolanum\/"]}]},{"@type":"BreadcrumbList","@id":"https:\/\/dev.borgarbyggd.is\/klettaborg\/daglegt-starf\/oryggi-barna-i-leikskolanum\/#breadcrumb","itemListElement":[{"@type":"ListItem","position":1,"name":"Home","item":"https:\/\/dev.borgarbyggd.is\/klettaborg\/"},{"@type":"ListItem","position":2,"name":"Daglegt starf","item":"https:\/\/dev.borgarbyggd.is\/klettaborg\/daglegt-starf\/"},{"@type":"ListItem","position":3,"name":"\u00d6ryggi barna \u00ed leiksk\u00f3lanum"}]},{"@type":"WebSite","@id":"https:\/\/dev.borgarbyggd.is\/klettaborg\/#website","url":"https:\/\/dev.borgarbyggd.is\/klettaborg\/","name":"Klettaborg","description":"","potentialAction":[{"@type":"SearchAction","target":{"@type":"EntryPoint","urlTemplate":"https:\/\/dev.borgarbyggd.is\/klettaborg\/?s={search_term_string}"},"query-input":{"@type":"PropertyValueSpecification","valueRequired":true,"valueName":"search_term_string"}}],"inLanguage":"is"}]}},"_links":{"self":[{"href":"https:\/\/dev.borgarbyggd.is\/klettaborg\/wp-json\/wp\/v2\/pages\/66","targetHints":{"allow":["GET"]}}],"collection":[{"href":"https:\/\/dev.borgarbyggd.is\/klettaborg\/wp-json\/wp\/v2\/pages"}],"about":[{"href":"https:\/\/dev.borgarbyggd.is\/klettaborg\/wp-json\/wp\/v2\/types\/page"}],"author":[{"embeddable":true,"href":"https:\/\/dev.borgarbyggd.is\/klettaborg\/wp-json\/wp\/v2\/users\/4"}],"replies":[{"embeddable":true,"href":"https:\/\/dev.borgarbyggd.is\/klettaborg\/wp-json\/wp\/v2\/comments?post=66"}],"version-history":[{"count":0,"href":"https:\/\/dev.borgarbyggd.is\/klettaborg\/wp-json\/wp\/v2\/pages\/66\/revisions"}],"up":[{"embeddable":true,"href":"https:\/\/dev.borgarbyggd.is\/klettaborg\/wp-json\/wp\/v2\/pages\/29"}],"wp:attachment":[{"href":"https:\/\/dev.borgarbyggd.is\/klettaborg\/wp-json\/wp\/v2\/media?parent=66"}],"curies":[{"name":"wp","href":"https:\/\/api.w.org\/{rel}","templated":true}]}}