{"id":65,"date":"2023-09-04T13:50:08","date_gmt":"2023-09-04T13:50:08","guid":{"rendered":"https:\/\/dev.borgarbyggd.is\/klettaborg\/?page_id=65"},"modified":"2023-09-04T13:50:08","modified_gmt":"2023-09-04T13:50:08","slug":"fatnadur","status":"publish","type":"page","link":"https:\/\/dev.borgarbyggd.is\/klettaborg\/daglegt-starf\/fatnadur\/","title":{"rendered":"Fatna\u00f0ur"},"content":{"rendered":"<p><span data-contrast=\"none\">Leiksk\u00f3linn er vinnusta\u00f0ur barnanna og er \u00fev\u00ed nau\u00f0synlegt a\u00f0 \u00feau s\u00e9u \u00ed f\u00f6tum sem sj\u00e1 m\u00e1 \u00e1.<\/span><span data-ccp-props=\"{&quot;134233117&quot;:false,&quot;134233118&quot;:false,&quot;201341983&quot;:0,&quot;335559738&quot;:0,&quot;335559739&quot;:150,&quot;335559740&quot;:240}\">\u00a0<\/span><\/p>\n<p><span data-contrast=\"none\">\u00datif\u00f6t \u00feurfa a\u00f0 vera \u00ed samr\u00e6mi vi\u00f0 ve\u00f0urfar og allur kl\u00e6\u00f0na\u00f0ur vel merktur barninu. Nau\u00f0synlegt er a\u00f0 b\u00f6rnin hafi g\u00f3\u00f0 og hl\u00fd f\u00f6t \u00feegar \u00feannig vi\u00f0rar.<\/span><span data-ccp-props=\"{&quot;134233117&quot;:false,&quot;134233118&quot;:false,&quot;201341983&quot;:0,&quot;335559738&quot;:0,&quot;335559739&quot;:150,&quot;335559740&quot;:240}\">\u00a0<\/span><\/p>\n<p><span data-contrast=\"none\">Fatakassar me\u00f0 aukaf\u00f6tum eru \u00ed fataklefum. Foreldrar \u00feurfa a\u00f0 fylla \u00e1 fatakassana \u00feegar eitthva\u00f0 vantar.<\/span><span data-ccp-props=\"{&quot;134233117&quot;:false,&quot;134233118&quot;:false,&quot;201341983&quot;:0,&quot;335559738&quot;:0,&quot;335559739&quot;:150,&quot;335559740&quot;:240}\">\u00a0<\/span><\/p>\n<p><span data-contrast=\"none\">\u00c1 f\u00f6stud\u00f6gum \u00feurfa foreldrar a\u00f0 taka allt \u00far h\u00f3lfum barnanna vegna \u00ferifa.<\/span><span data-ccp-props=\"{&quot;134233117&quot;:false,&quot;134233118&quot;:false,&quot;201341983&quot;:0,&quot;335559738&quot;:0,&quot;335559739&quot;:150,&quot;335559740&quot;:240}\">\u00a0<\/span><\/p>\n","protected":false},"excerpt":{"rendered":"<p>Leiksk\u00f3linn er vinnusta\u00f0ur barnanna og er \u00fev\u00ed nau\u00f0synlegt a\u00f0 \u00feau s\u00e9u \u00ed f\u00f6tum sem sj\u00e1 m\u00e1 \u00e1.\u00a0 \u00datif\u00f6t \u00feurfa a\u00f0 vera \u00ed samr\u00e6mi vi\u00f0 ve\u00f0urfar og allur kl\u00e6\u00f0na\u00f0ur vel merktur barninu. Nau\u00f0synlegt er a\u00f0 b\u00f6rnin hafi g\u00f3\u00f0 og hl\u00fd f\u00f6t \u00feegar \u00feannig vi\u00f0rar.\u00a0 Fatakassar me\u00f0 aukaf\u00f6tum eru \u00ed fataklefum. Foreldrar \u00feurfa a\u00f0 fylla \u00e1 fatakassana \u00feegar eitthva\u00f0 vantar.\u00a0 \u00c1 f\u00f6stud\u00f6gum &#8230; <\/p>\n<div><a href=\"https:\/\/dev.borgarbyggd.is\/klettaborg\/daglegt-starf\/fatnadur\/\" class=\"more-link\">Read More<\/a><\/div>\n","protected":false},"author":4,"featured_media":0,"parent":29,"menu_order":0,"comment_status":"closed","ping_status":"closed","template":"","meta":{"_acf_changed":false,"footnotes":""},"class_list":["post-65","page","type-page","status-publish","hentry","no-post-thumbnail"],"acf":{"quickaccess":false},"yoast_head":"<!-- This site is optimized with the Yoast SEO plugin v24.0 - https:\/\/yoast.com\/wordpress\/plugins\/seo\/ -->\n<title>Fatna\u00f0ur - Klettaborg<\/title>\n<meta name=\"robots\" content=\"noindex, follow, max-snippet:-1, max-image-preview:large, max-video-preview:-1\" \/>\n<meta property=\"og:locale\" content=\"is_IS\" \/>\n<meta property=\"og:type\" content=\"article\" \/>\n<meta property=\"og:title\" content=\"Fatna\u00f0ur - Klettaborg\" \/>\n<meta property=\"og:description\" content=\"Leiksk\u00f3linn er vinnusta\u00f0ur barnanna og er \u00fev\u00ed nau\u00f0synlegt a\u00f0 \u00feau s\u00e9u \u00ed f\u00f6tum sem sj\u00e1 m\u00e1 \u00e1.\u00a0 \u00datif\u00f6t \u00feurfa a\u00f0 vera \u00ed samr\u00e6mi vi\u00f0 ve\u00f0urfar og allur kl\u00e6\u00f0na\u00f0ur vel merktur barninu. Nau\u00f0synlegt er a\u00f0 b\u00f6rnin hafi g\u00f3\u00f0 og hl\u00fd f\u00f6t \u00feegar \u00feannig vi\u00f0rar.\u00a0 Fatakassar me\u00f0 aukaf\u00f6tum eru \u00ed fataklefum. Foreldrar \u00feurfa a\u00f0 fylla \u00e1 fatakassana \u00feegar eitthva\u00f0 vantar.\u00a0 \u00c1 f\u00f6stud\u00f6gum ... Read More\" \/>\n<meta property=\"og:url\" content=\"https:\/\/dev.borgarbyggd.is\/klettaborg\/daglegt-starf\/fatnadur\/\" \/>\n<meta property=\"og:site_name\" content=\"Klettaborg\" \/>\n<meta name=\"twitter:card\" content=\"summary_large_image\" \/>\n<meta name=\"twitter:label1\" content=\"Est. reading time\" \/>\n\t<meta name=\"twitter:data1\" content=\"1 minute\" \/>\n<script type=\"application\/ld+json\" class=\"yoast-schema-graph\">{\"@context\":\"https:\/\/schema.org\",\"@graph\":[{\"@type\":\"WebPage\",\"@id\":\"https:\/\/dev.borgarbyggd.is\/klettaborg\/daglegt-starf\/fatnadur\/\",\"url\":\"https:\/\/dev.borgarbyggd.is\/klettaborg\/daglegt-starf\/fatnadur\/\",\"name\":\"Fatna\u00f0ur - Klettaborg\",\"isPartOf\":{\"@id\":\"https:\/\/dev.borgarbyggd.is\/klettaborg\/#website\"},\"datePublished\":\"2023-09-04T13:50:08+00:00\",\"dateModified\":\"2023-09-04T13:50:08+00:00\",\"breadcrumb\":{\"@id\":\"https:\/\/dev.borgarbyggd.is\/klettaborg\/daglegt-starf\/fatnadur\/#breadcrumb\"},\"inLanguage\":\"is\",\"potentialAction\":[{\"@type\":\"ReadAction\",\"target\":[\"https:\/\/dev.borgarbyggd.is\/klettaborg\/daglegt-starf\/fatnadur\/\"]}]},{\"@type\":\"BreadcrumbList\",\"@id\":\"https:\/\/dev.borgarbyggd.is\/klettaborg\/daglegt-starf\/fatnadur\/#breadcrumb\",\"itemListElement\":[{\"@type\":\"ListItem\",\"position\":1,\"name\":\"Home\",\"item\":\"https:\/\/dev.borgarbyggd.is\/klettaborg\/\"},{\"@type\":\"ListItem\",\"position\":2,\"name\":\"Daglegt starf\",\"item\":\"https:\/\/dev.borgarbyggd.is\/klettaborg\/daglegt-starf\/\"},{\"@type\":\"ListItem\",\"position\":3,\"name\":\"Fatna\u00f0ur\"}]},{\"@type\":\"WebSite\",\"@id\":\"https:\/\/dev.borgarbyggd.is\/klettaborg\/#website\",\"url\":\"https:\/\/dev.borgarbyggd.is\/klettaborg\/\",\"name\":\"Klettaborg\",\"description\":\"\",\"potentialAction\":[{\"@type\":\"SearchAction\",\"target\":{\"@type\":\"EntryPoint\",\"urlTemplate\":\"https:\/\/dev.borgarbyggd.is\/klettaborg\/?s={search_term_string}\"},\"query-input\":{\"@type\":\"PropertyValueSpecification\",\"valueRequired\":true,\"valueName\":\"search_term_string\"}}],\"inLanguage\":\"is\"}]}<\/script>\n<!-- \/ Yoast SEO plugin. -->","yoast_head_json":{"title":"Fatna\u00f0ur - Klettaborg","robots":{"index":"noindex","follow":"follow","max-snippet":"max-snippet:-1","max-image-preview":"max-image-preview:large","max-video-preview":"max-video-preview:-1"},"og_locale":"is_IS","og_type":"article","og_title":"Fatna\u00f0ur - Klettaborg","og_description":"Leiksk\u00f3linn er vinnusta\u00f0ur barnanna og er \u00fev\u00ed nau\u00f0synlegt a\u00f0 \u00feau s\u00e9u \u00ed f\u00f6tum sem sj\u00e1 m\u00e1 \u00e1.\u00a0 \u00datif\u00f6t \u00feurfa a\u00f0 vera \u00ed samr\u00e6mi vi\u00f0 ve\u00f0urfar og allur kl\u00e6\u00f0na\u00f0ur vel merktur barninu. Nau\u00f0synlegt er a\u00f0 b\u00f6rnin hafi g\u00f3\u00f0 og hl\u00fd f\u00f6t \u00feegar \u00feannig vi\u00f0rar.\u00a0 Fatakassar me\u00f0 aukaf\u00f6tum eru \u00ed fataklefum. Foreldrar \u00feurfa a\u00f0 fylla \u00e1 fatakassana \u00feegar eitthva\u00f0 vantar.\u00a0 \u00c1 f\u00f6stud\u00f6gum ... Read More","og_url":"https:\/\/dev.borgarbyggd.is\/klettaborg\/daglegt-starf\/fatnadur\/","og_site_name":"Klettaborg","twitter_card":"summary_large_image","twitter_misc":{"Est. reading time":"1 minute"},"schema":{"@context":"https:\/\/schema.org","@graph":[{"@type":"WebPage","@id":"https:\/\/dev.borgarbyggd.is\/klettaborg\/daglegt-starf\/fatnadur\/","url":"https:\/\/dev.borgarbyggd.is\/klettaborg\/daglegt-starf\/fatnadur\/","name":"Fatna\u00f0ur - Klettaborg","isPartOf":{"@id":"https:\/\/dev.borgarbyggd.is\/klettaborg\/#website"},"datePublished":"2023-09-04T13:50:08+00:00","dateModified":"2023-09-04T13:50:08+00:00","breadcrumb":{"@id":"https:\/\/dev.borgarbyggd.is\/klettaborg\/daglegt-starf\/fatnadur\/#breadcrumb"},"inLanguage":"is","potentialAction":[{"@type":"ReadAction","target":["https:\/\/dev.borgarbyggd.is\/klettaborg\/daglegt-starf\/fatnadur\/"]}]},{"@type":"BreadcrumbList","@id":"https:\/\/dev.borgarbyggd.is\/klettaborg\/daglegt-starf\/fatnadur\/#breadcrumb","itemListElement":[{"@type":"ListItem","position":1,"name":"Home","item":"https:\/\/dev.borgarbyggd.is\/klettaborg\/"},{"@type":"ListItem","position":2,"name":"Daglegt starf","item":"https:\/\/dev.borgarbyggd.is\/klettaborg\/daglegt-starf\/"},{"@type":"ListItem","position":3,"name":"Fatna\u00f0ur"}]},{"@type":"WebSite","@id":"https:\/\/dev.borgarbyggd.is\/klettaborg\/#website","url":"https:\/\/dev.borgarbyggd.is\/klettaborg\/","name":"Klettaborg","description":"","potentialAction":[{"@type":"SearchAction","target":{"@type":"EntryPoint","urlTemplate":"https:\/\/dev.borgarbyggd.is\/klettaborg\/?s={search_term_string}"},"query-input":{"@type":"PropertyValueSpecification","valueRequired":true,"valueName":"search_term_string"}}],"inLanguage":"is"}]}},"_links":{"self":[{"href":"https:\/\/dev.borgarbyggd.is\/klettaborg\/wp-json\/wp\/v2\/pages\/65","targetHints":{"allow":["GET"]}}],"collection":[{"href":"https:\/\/dev.borgarbyggd.is\/klettaborg\/wp-json\/wp\/v2\/pages"}],"about":[{"href":"https:\/\/dev.borgarbyggd.is\/klettaborg\/wp-json\/wp\/v2\/types\/page"}],"author":[{"embeddable":true,"href":"https:\/\/dev.borgarbyggd.is\/klettaborg\/wp-json\/wp\/v2\/users\/4"}],"replies":[{"embeddable":true,"href":"https:\/\/dev.borgarbyggd.is\/klettaborg\/wp-json\/wp\/v2\/comments?post=65"}],"version-history":[{"count":0,"href":"https:\/\/dev.borgarbyggd.is\/klettaborg\/wp-json\/wp\/v2\/pages\/65\/revisions"}],"up":[{"embeddable":true,"href":"https:\/\/dev.borgarbyggd.is\/klettaborg\/wp-json\/wp\/v2\/pages\/29"}],"wp:attachment":[{"href":"https:\/\/dev.borgarbyggd.is\/klettaborg\/wp-json\/wp\/v2\/media?parent=65"}],"curies":[{"name":"wp","href":"https:\/\/api.w.org\/{rel}","templated":true}]}}