{"id":618,"date":"2026-02-19T14:33:54","date_gmt":"2026-02-19T14:33:54","guid":{"rendered":"https:\/\/dev.borgarbyggd.is\/klettaborg\/?page_id=618"},"modified":"2026-02-19T14:33:54","modified_gmt":"2026-02-19T14:33:54","slug":"skarkalagata","status":"publish","type":"page","link":"https:\/\/dev.borgarbyggd.is\/klettaborg\/deildir\/skarkalagata\/","title":{"rendered":"Skarkalagata"},"content":{"rendered":"<p>\u00c1 Skarkalag\u00f6tu eru b\u00f6rn \u00e1 4-5 \u00e1ra<\/p>\n<p>Deildastj\u00f3ri: Ingi R\u00fanar \u00c1rnason<\/p>\n<p>Netfang: ingi.arnason@borgarbyggd.is<\/p>\n<p>Hafa samband: 433-7163 e\u00f0a 792-4814<\/p>\n<p>&nbsp;<\/p>\n","protected":false},"excerpt":{"rendered":"<p>\u00c1 Skarkalag\u00f6tu eru b\u00f6rn \u00e1 4-5 \u00e1ra Deildastj\u00f3ri: Ingi R\u00fanar \u00c1rnason Netfang: ingi.arnason@borgarbyggd.is Hafa samband: 433-7163 e\u00f0a 792-4814 &nbsp;<\/p>\n","protected":false},"author":14,"featured_media":0,"parent":30,"menu_order":0,"comment_status":"closed","ping_status":"closed","template":"","meta":{"_acf_changed":false,"footnotes":""},"class_list":["post-618","page","type-page","status-publish","hentry","no-post-thumbnail"],"acf":{"quickaccess":false},"yoast_head":"<!-- This site is optimized with the Yoast SEO plugin v24.0 - https:\/\/yoast.com\/wordpress\/plugins\/seo\/ -->\n<title>Skarkalagata - Klettaborg<\/title>\n<meta name=\"robots\" content=\"noindex, follow, max-snippet:-1, max-image-preview:large, max-video-preview:-1\" \/>\n<meta property=\"og:locale\" content=\"is_IS\" \/>\n<meta property=\"og:type\" content=\"article\" \/>\n<meta property=\"og:title\" content=\"Skarkalagata - Klettaborg\" \/>\n<meta property=\"og:description\" content=\"\u00c1 Skarkalag\u00f6tu eru b\u00f6rn \u00e1 4-5 \u00e1ra Deildastj\u00f3ri: Ingi R\u00fanar \u00c1rnason Netfang: ingi.arnason@borgarbyggd.is Hafa samband: 433-7163 e\u00f0a 792-4814 &nbsp;\" \/>\n<meta property=\"og:url\" content=\"https:\/\/dev.borgarbyggd.is\/klettaborg\/deildir\/skarkalagata\/\" \/>\n<meta property=\"og:site_name\" content=\"Klettaborg\" \/>\n<meta name=\"twitter:card\" content=\"summary_large_image\" \/>\n<meta name=\"twitter:label1\" content=\"Est. reading time\" \/>\n\t<meta name=\"twitter:data1\" content=\"1 minute\" \/>\n<script type=\"application\/ld+json\" class=\"yoast-schema-graph\">{\"@context\":\"https:\/\/schema.org\",\"@graph\":[{\"@type\":\"WebPage\",\"@id\":\"https:\/\/dev.borgarbyggd.is\/klettaborg\/deildir\/skarkalagata\/\",\"url\":\"https:\/\/dev.borgarbyggd.is\/klettaborg\/deildir\/skarkalagata\/\",\"name\":\"Skarkalagata - Klettaborg\",\"isPartOf\":{\"@id\":\"https:\/\/dev.borgarbyggd.is\/klettaborg\/#website\"},\"datePublished\":\"2026-02-19T14:33:54+00:00\",\"dateModified\":\"2026-02-19T14:33:54+00:00\",\"breadcrumb\":{\"@id\":\"https:\/\/dev.borgarbyggd.is\/klettaborg\/deildir\/skarkalagata\/#breadcrumb\"},\"inLanguage\":\"is\",\"potentialAction\":[{\"@type\":\"ReadAction\",\"target\":[\"https:\/\/dev.borgarbyggd.is\/klettaborg\/deildir\/skarkalagata\/\"]}]},{\"@type\":\"BreadcrumbList\",\"@id\":\"https:\/\/dev.borgarbyggd.is\/klettaborg\/deildir\/skarkalagata\/#breadcrumb\",\"itemListElement\":[{\"@type\":\"ListItem\",\"position\":1,\"name\":\"Home\",\"item\":\"https:\/\/dev.borgarbyggd.is\/klettaborg\/\"},{\"@type\":\"ListItem\",\"position\":2,\"name\":\"Deildir\",\"item\":\"https:\/\/dev.borgarbyggd.is\/klettaborg\/deildir\/\"},{\"@type\":\"ListItem\",\"position\":3,\"name\":\"Skarkalagata\"}]},{\"@type\":\"WebSite\",\"@id\":\"https:\/\/dev.borgarbyggd.is\/klettaborg\/#website\",\"url\":\"https:\/\/dev.borgarbyggd.is\/klettaborg\/\",\"name\":\"Klettaborg\",\"description\":\"\",\"potentialAction\":[{\"@type\":\"SearchAction\",\"target\":{\"@type\":\"EntryPoint\",\"urlTemplate\":\"https:\/\/dev.borgarbyggd.is\/klettaborg\/?s={search_term_string}\"},\"query-input\":{\"@type\":\"PropertyValueSpecification\",\"valueRequired\":true,\"valueName\":\"search_term_string\"}}],\"inLanguage\":\"is\"}]}<\/script>\n<!-- \/ Yoast SEO plugin. -->","yoast_head_json":{"title":"Skarkalagata - Klettaborg","robots":{"index":"noindex","follow":"follow","max-snippet":"max-snippet:-1","max-image-preview":"max-image-preview:large","max-video-preview":"max-video-preview:-1"},"og_locale":"is_IS","og_type":"article","og_title":"Skarkalagata - Klettaborg","og_description":"\u00c1 Skarkalag\u00f6tu eru b\u00f6rn \u00e1 4-5 \u00e1ra Deildastj\u00f3ri: Ingi R\u00fanar \u00c1rnason Netfang: ingi.arnason@borgarbyggd.is Hafa samband: 433-7163 e\u00f0a 792-4814 &nbsp;","og_url":"https:\/\/dev.borgarbyggd.is\/klettaborg\/deildir\/skarkalagata\/","og_site_name":"Klettaborg","twitter_card":"summary_large_image","twitter_misc":{"Est. reading time":"1 minute"},"schema":{"@context":"https:\/\/schema.org","@graph":[{"@type":"WebPage","@id":"https:\/\/dev.borgarbyggd.is\/klettaborg\/deildir\/skarkalagata\/","url":"https:\/\/dev.borgarbyggd.is\/klettaborg\/deildir\/skarkalagata\/","name":"Skarkalagata - Klettaborg","isPartOf":{"@id":"https:\/\/dev.borgarbyggd.is\/klettaborg\/#website"},"datePublished":"2026-02-19T14:33:54+00:00","dateModified":"2026-02-19T14:33:54+00:00","breadcrumb":{"@id":"https:\/\/dev.borgarbyggd.is\/klettaborg\/deildir\/skarkalagata\/#breadcrumb"},"inLanguage":"is","potentialAction":[{"@type":"ReadAction","target":["https:\/\/dev.borgarbyggd.is\/klettaborg\/deildir\/skarkalagata\/"]}]},{"@type":"BreadcrumbList","@id":"https:\/\/dev.borgarbyggd.is\/klettaborg\/deildir\/skarkalagata\/#breadcrumb","itemListElement":[{"@type":"ListItem","position":1,"name":"Home","item":"https:\/\/dev.borgarbyggd.is\/klettaborg\/"},{"@type":"ListItem","position":2,"name":"Deildir","item":"https:\/\/dev.borgarbyggd.is\/klettaborg\/deildir\/"},{"@type":"ListItem","position":3,"name":"Skarkalagata"}]},{"@type":"WebSite","@id":"https:\/\/dev.borgarbyggd.is\/klettaborg\/#website","url":"https:\/\/dev.borgarbyggd.is\/klettaborg\/","name":"Klettaborg","description":"","potentialAction":[{"@type":"SearchAction","target":{"@type":"EntryPoint","urlTemplate":"https:\/\/dev.borgarbyggd.is\/klettaborg\/?s={search_term_string}"},"query-input":{"@type":"PropertyValueSpecification","valueRequired":true,"valueName":"search_term_string"}}],"inLanguage":"is"}]}},"_links":{"self":[{"href":"https:\/\/dev.borgarbyggd.is\/klettaborg\/wp-json\/wp\/v2\/pages\/618","targetHints":{"allow":["GET"]}}],"collection":[{"href":"https:\/\/dev.borgarbyggd.is\/klettaborg\/wp-json\/wp\/v2\/pages"}],"about":[{"href":"https:\/\/dev.borgarbyggd.is\/klettaborg\/wp-json\/wp\/v2\/types\/page"}],"author":[{"embeddable":true,"href":"https:\/\/dev.borgarbyggd.is\/klettaborg\/wp-json\/wp\/v2\/users\/14"}],"replies":[{"embeddable":true,"href":"https:\/\/dev.borgarbyggd.is\/klettaborg\/wp-json\/wp\/v2\/comments?post=618"}],"version-history":[{"count":0,"href":"https:\/\/dev.borgarbyggd.is\/klettaborg\/wp-json\/wp\/v2\/pages\/618\/revisions"}],"up":[{"embeddable":true,"href":"https:\/\/dev.borgarbyggd.is\/klettaborg\/wp-json\/wp\/v2\/pages\/30"}],"wp:attachment":[{"href":"https:\/\/dev.borgarbyggd.is\/klettaborg\/wp-json\/wp\/v2\/media?parent=618"}],"curies":[{"name":"wp","href":"https:\/\/api.w.org\/{rel}","templated":true}]}}