{"id":535,"date":"2025-05-09T12:04:51","date_gmt":"2025-05-09T12:04:51","guid":{"rendered":"https:\/\/dev.borgarbyggd.is\/klettaborg\/?page_id=535"},"modified":"2025-05-09T13:23:03","modified_gmt":"2025-05-09T13:23:03","slug":"aaetlanir","status":"publish","type":"page","link":"https:\/\/dev.borgarbyggd.is\/klettaborg\/aaetlanir-og-skyrslur\/aaetlanir\/","title":{"rendered":"\u00c1\u00e6tlanir"},"content":{"rendered":"<div class=\"hlekkur_a_skjal\" style=\"text-align: left;\"><a style=\"max-width: 100%;\" href=\"https:\/\/dev.borgarbyggd.is\/klettaborg\/wp-content\/uploads\/sites\/12\/2025\/05\/Vidbragdsaetlun-vid-jardskjalfta2025.pdf\">Vi\u00f0brag\u00f0s\u00e1\u00e6tlun vi\u00f0 jar\u00f0skj\u00e1lfta<\/a><\/div>\n<div class=\"hlekkur_a_skjal\" style=\"text-align: left;\"><a style=\"max-width: 100%;\" href=\"https:\/\/dev.borgarbyggd.is\/klettaborg\/wp-content\/uploads\/sites\/12\/2025\/05\/Vidbragsaaetlun-vid-ymsum-haettum2025.pdf\">Vi\u00f0brag\u00f0s\u00e1\u00e6tlun vi\u00f0 \u00fdmsum h\u00e6ttum<\/a><\/div>\n<div class=\"hlekkur_a_skjal\" style=\"text-align: left;\"><a style=\"max-width: 100%;\" href=\"https:\/\/dev.borgarbyggd.is\/klettaborg\/wp-content\/uploads\/sites\/12\/2025\/05\/Stefna-og-vidbragdsaaetlun-vegna-eineltis-2025.pdf\">Stefna og vi\u00f0brag\u00f0s\u00e1\u00e6tlun vegna eineltis<\/a><\/div>\n<div class=\"hlekkur_a_skjal\" style=\"text-align: left;\"><a style=\"max-width: 100%;\" href=\"https:\/\/dev.borgarbyggd.is\/klettaborg\/wp-content\/uploads\/sites\/12\/2025\/05\/rymingaraetlun-feb-2025.pdf\">R\u00fdmingar\u00e1\u00e6tlun<\/a><\/div>\n<div class=\"hlekkur_a_skjal\" style=\"text-align: left;\"><a style=\"max-width: 100%;\" href=\"https:\/\/dev.borgarbyggd.is\/klettaborg\/wp-content\/uploads\/sites\/12\/2025\/05\/Naeringarstefna19.02.25.pdf\">N\u00e6ringarstefna Klettaborgar<\/a><\/div>\n<div class=\"hlekkur_a_skjal\" style=\"text-align: left;\"><a style=\"max-width: 100%;\" href=\"https:\/\/dev.borgarbyggd.is\/klettaborg\/wp-content\/uploads\/sites\/12\/2025\/05\/verkferlar-vid-slysum-a-bornum.pdf\">Verkferlar vi\u00f0 slysum \u00e1 b\u00f6rnum<\/a><\/div>\n","protected":false},"excerpt":{"rendered":"","protected":false},"author":14,"featured_media":0,"parent":528,"menu_order":0,"comment_status":"closed","ping_status":"closed","template":"","meta":{"_acf_changed":false,"footnotes":""},"class_list":["post-535","page","type-page","status-publish","hentry","no-post-thumbnail"],"acf":{"quickaccess":false},"yoast_head":"<!-- This site is optimized with the Yoast SEO plugin v24.0 - https:\/\/yoast.com\/wordpress\/plugins\/seo\/ -->\n<title>\u00c1\u00e6tlanir - Klettaborg<\/title>\n<meta name=\"robots\" content=\"noindex, follow, max-snippet:-1, max-image-preview:large, max-video-preview:-1\" \/>\n<meta property=\"og:locale\" content=\"is_IS\" \/>\n<meta property=\"og:type\" content=\"article\" \/>\n<meta property=\"og:title\" content=\"\u00c1\u00e6tlanir - Klettaborg\" \/>\n<meta property=\"og:url\" content=\"https:\/\/dev.borgarbyggd.is\/klettaborg\/aaetlanir-og-skyrslur\/aaetlanir\/\" \/>\n<meta property=\"og:site_name\" content=\"Klettaborg\" \/>\n<meta property=\"article:modified_time\" content=\"2025-05-09T13:23:03+00:00\" \/>\n<meta name=\"twitter:card\" content=\"summary_large_image\" \/>\n<meta name=\"twitter:label1\" content=\"Est. reading time\" \/>\n\t<meta name=\"twitter:data1\" content=\"1 minute\" \/>\n<script type=\"application\/ld+json\" class=\"yoast-schema-graph\">{\"@context\":\"https:\/\/schema.org\",\"@graph\":[{\"@type\":\"WebPage\",\"@id\":\"https:\/\/dev.borgarbyggd.is\/klettaborg\/aaetlanir-og-skyrslur\/aaetlanir\/\",\"url\":\"https:\/\/dev.borgarbyggd.is\/klettaborg\/aaetlanir-og-skyrslur\/aaetlanir\/\",\"name\":\"\u00c1\u00e6tlanir - Klettaborg\",\"isPartOf\":{\"@id\":\"https:\/\/dev.borgarbyggd.is\/klettaborg\/#website\"},\"datePublished\":\"2025-05-09T12:04:51+00:00\",\"dateModified\":\"2025-05-09T13:23:03+00:00\",\"breadcrumb\":{\"@id\":\"https:\/\/dev.borgarbyggd.is\/klettaborg\/aaetlanir-og-skyrslur\/aaetlanir\/#breadcrumb\"},\"inLanguage\":\"is\",\"potentialAction\":[{\"@type\":\"ReadAction\",\"target\":[\"https:\/\/dev.borgarbyggd.is\/klettaborg\/aaetlanir-og-skyrslur\/aaetlanir\/\"]}]},{\"@type\":\"BreadcrumbList\",\"@id\":\"https:\/\/dev.borgarbyggd.is\/klettaborg\/aaetlanir-og-skyrslur\/aaetlanir\/#breadcrumb\",\"itemListElement\":[{\"@type\":\"ListItem\",\"position\":1,\"name\":\"Home\",\"item\":\"https:\/\/dev.borgarbyggd.is\/klettaborg\/\"},{\"@type\":\"ListItem\",\"position\":2,\"name\":\"\u00c1\u00e6tlanir og sk\u00fdrslur\",\"item\":\"https:\/\/dev.borgarbyggd.is\/klettaborg\/aaetlanir-og-skyrslur\/\"},{\"@type\":\"ListItem\",\"position\":3,\"name\":\"\u00c1\u00e6tlanir\"}]},{\"@type\":\"WebSite\",\"@id\":\"https:\/\/dev.borgarbyggd.is\/klettaborg\/#website\",\"url\":\"https:\/\/dev.borgarbyggd.is\/klettaborg\/\",\"name\":\"Klettaborg\",\"description\":\"\",\"potentialAction\":[{\"@type\":\"SearchAction\",\"target\":{\"@type\":\"EntryPoint\",\"urlTemplate\":\"https:\/\/dev.borgarbyggd.is\/klettaborg\/?s={search_term_string}\"},\"query-input\":{\"@type\":\"PropertyValueSpecification\",\"valueRequired\":true,\"valueName\":\"search_term_string\"}}],\"inLanguage\":\"is\"}]}<\/script>\n<!-- \/ Yoast SEO plugin. -->","yoast_head_json":{"title":"\u00c1\u00e6tlanir - Klettaborg","robots":{"index":"noindex","follow":"follow","max-snippet":"max-snippet:-1","max-image-preview":"max-image-preview:large","max-video-preview":"max-video-preview:-1"},"og_locale":"is_IS","og_type":"article","og_title":"\u00c1\u00e6tlanir - Klettaborg","og_url":"https:\/\/dev.borgarbyggd.is\/klettaborg\/aaetlanir-og-skyrslur\/aaetlanir\/","og_site_name":"Klettaborg","article_modified_time":"2025-05-09T13:23:03+00:00","twitter_card":"summary_large_image","twitter_misc":{"Est. reading time":"1 minute"},"schema":{"@context":"https:\/\/schema.org","@graph":[{"@type":"WebPage","@id":"https:\/\/dev.borgarbyggd.is\/klettaborg\/aaetlanir-og-skyrslur\/aaetlanir\/","url":"https:\/\/dev.borgarbyggd.is\/klettaborg\/aaetlanir-og-skyrslur\/aaetlanir\/","name":"\u00c1\u00e6tlanir - Klettaborg","isPartOf":{"@id":"https:\/\/dev.borgarbyggd.is\/klettaborg\/#website"},"datePublished":"2025-05-09T12:04:51+00:00","dateModified":"2025-05-09T13:23:03+00:00","breadcrumb":{"@id":"https:\/\/dev.borgarbyggd.is\/klettaborg\/aaetlanir-og-skyrslur\/aaetlanir\/#breadcrumb"},"inLanguage":"is","potentialAction":[{"@type":"ReadAction","target":["https:\/\/dev.borgarbyggd.is\/klettaborg\/aaetlanir-og-skyrslur\/aaetlanir\/"]}]},{"@type":"BreadcrumbList","@id":"https:\/\/dev.borgarbyggd.is\/klettaborg\/aaetlanir-og-skyrslur\/aaetlanir\/#breadcrumb","itemListElement":[{"@type":"ListItem","position":1,"name":"Home","item":"https:\/\/dev.borgarbyggd.is\/klettaborg\/"},{"@type":"ListItem","position":2,"name":"\u00c1\u00e6tlanir og sk\u00fdrslur","item":"https:\/\/dev.borgarbyggd.is\/klettaborg\/aaetlanir-og-skyrslur\/"},{"@type":"ListItem","position":3,"name":"\u00c1\u00e6tlanir"}]},{"@type":"WebSite","@id":"https:\/\/dev.borgarbyggd.is\/klettaborg\/#website","url":"https:\/\/dev.borgarbyggd.is\/klettaborg\/","name":"Klettaborg","description":"","potentialAction":[{"@type":"SearchAction","target":{"@type":"EntryPoint","urlTemplate":"https:\/\/dev.borgarbyggd.is\/klettaborg\/?s={search_term_string}"},"query-input":{"@type":"PropertyValueSpecification","valueRequired":true,"valueName":"search_term_string"}}],"inLanguage":"is"}]}},"_links":{"self":[{"href":"https:\/\/dev.borgarbyggd.is\/klettaborg\/wp-json\/wp\/v2\/pages\/535","targetHints":{"allow":["GET"]}}],"collection":[{"href":"https:\/\/dev.borgarbyggd.is\/klettaborg\/wp-json\/wp\/v2\/pages"}],"about":[{"href":"https:\/\/dev.borgarbyggd.is\/klettaborg\/wp-json\/wp\/v2\/types\/page"}],"author":[{"embeddable":true,"href":"https:\/\/dev.borgarbyggd.is\/klettaborg\/wp-json\/wp\/v2\/users\/14"}],"replies":[{"embeddable":true,"href":"https:\/\/dev.borgarbyggd.is\/klettaborg\/wp-json\/wp\/v2\/comments?post=535"}],"version-history":[{"count":0,"href":"https:\/\/dev.borgarbyggd.is\/klettaborg\/wp-json\/wp\/v2\/pages\/535\/revisions"}],"up":[{"embeddable":true,"href":"https:\/\/dev.borgarbyggd.is\/klettaborg\/wp-json\/wp\/v2\/pages\/528"}],"wp:attachment":[{"href":"https:\/\/dev.borgarbyggd.is\/klettaborg\/wp-json\/wp\/v2\/media?parent=535"}],"curies":[{"name":"wp","href":"https:\/\/api.w.org\/{rel}","templated":true}]}}