{"id":5,"date":"2023-07-25T14:56:23","date_gmt":"2023-07-25T14:56:23","guid":{"rendered":"https:\/\/dev.borgarbyggd.is\/klettaborg\/?page_id=5"},"modified":"2026-03-02T13:20:05","modified_gmt":"2026-03-02T13:20:05","slug":"forsida","status":"publish","type":"page","link":"https:\/\/dev.borgarbyggd.is\/klettaborg\/","title":{"rendered":"Fors\u00ed\u00f0a"},"content":{"rendered":"<p><strong>Einkunnaror\u00f0 leiksk\u00f3lans eru: sj\u00e1lfst\u00e6\u00f0i &#8211; vir\u00f0ing &#8211; gle\u00f0i<\/strong><\/p>\n<p>Leiksk\u00f3linn Klettaborg er sta\u00f0settur a\u00f0 Borgarbraut 101 \u00ed Borgarnesi, umvafinn fj\u00f6lbreyttri n\u00e1tt\u00faru. Leiksk\u00f3linn var stofna\u00f0ur \u00e1ri\u00f0 1978 og er 3ja deilda fyrir b\u00f6rn \u00e1 aldrinum 12 m\u00e1na\u00f0a til 6 \u00e1ra. Deildirnar eru nefndar eftir s\u00edgildum \u00e6vint\u00fdrum s\u00e6nska barnab\u00f3kah\u00f6fundarins Astrid Lindgren. \u00c1 \u00d3l\u00e1tagar\u00f0i eru yngstu b\u00f6rnin, \u00e1 Kattholti eru 2-4 \u00e1ra b\u00f6rn og \u00e1 Sj\u00f3narh\u00f3li eru 4-6 \u00e1ra b\u00f6rn.<\/p>\n","protected":false},"excerpt":{"rendered":"<p>Einkunnaror\u00f0 leiksk\u00f3lans eru: sj\u00e1lfst\u00e6\u00f0i &#8211; vir\u00f0ing &#8211; gle\u00f0i Leiksk\u00f3linn Klettaborg er sta\u00f0settur a\u00f0 Borgarbraut 101 \u00ed Borgarnesi, umvafinn fj\u00f6lbreyttri n\u00e1tt\u00faru. Leiksk\u00f3linn var stofna\u00f0ur \u00e1ri\u00f0 1978 og er 3ja deilda fyrir b\u00f6rn \u00e1 aldrinum 12 m\u00e1na\u00f0a til 6 \u00e1ra. Deildirnar eru nefndar eftir s\u00edgildum \u00e6vint\u00fdrum s\u00e6nska barnab\u00f3kah\u00f6fundarins Astrid Lindgren. \u00c1 \u00d3l\u00e1tagar\u00f0i eru yngstu b\u00f6rnin, \u00e1 Kattholti eru 2-4 \u00e1ra b\u00f6rn og &#8230; <\/p>\n<div><a href=\"https:\/\/dev.borgarbyggd.is\/klettaborg\/\" class=\"more-link\">Read More<\/a><\/div>\n","protected":false},"author":1,"featured_media":172,"parent":0,"menu_order":0,"comment_status":"closed","ping_status":"closed","template":"","meta":{"_acf_changed":false,"footnotes":""},"class_list":["post-5","page","type-page","status-publish","has-post-thumbnail","hentry"],"acf":{"quickaccess":[{"takn":"calendar_month","title":"Sk\u00f3ladagatal","url":"https:\/\/dev.borgarbyggd.is\/klettaborg\/upplysingar\/skoladagatal\/","description":"","skjol":"https:\/\/dev.borgarbyggd.is\/klettaborg\/wp-content\/uploads\/sites\/12\/2025\/07\/leikskoladagatal-2025-2026-foreldrar1.pdf","tegund":""},{"takn":"sunny","title":"Sumarleyfi","url":"https:\/\/dev.borgarbyggd.is\/klettaborg\/sumarleyfi\/","description":"","skjol":false,"tegund":""},{"takn":"settings_accessibility","title":"Fars\u00e6ld barna","url":"","description":"","skjol":false,"tegund":"https:\/\/borgarbyggd.is\/sidur\/thjonusta\/felagsthjonusta\/samthaett-thjonusta-i-thagu-farsaeldar-barna"}]},"yoast_head":"<!-- This site is optimized with the Yoast SEO plugin v24.0 - https:\/\/yoast.com\/wordpress\/plugins\/seo\/ -->\n<title>Fors\u00ed\u00f0a - Klettaborg<\/title>\n<meta name=\"robots\" content=\"noindex, follow, max-snippet:-1, max-image-preview:large, max-video-preview:-1\" \/>\n<meta property=\"og:locale\" content=\"is_IS\" \/>\n<meta property=\"og:type\" content=\"article\" \/>\n<meta property=\"og:title\" content=\"Fors\u00ed\u00f0a - Klettaborg\" \/>\n<meta property=\"og:description\" content=\"Einkunnaror\u00f0 leiksk\u00f3lans eru: sj\u00e1lfst\u00e6\u00f0i &#8211; vir\u00f0ing &#8211; gle\u00f0i Leiksk\u00f3linn Klettaborg er sta\u00f0settur a\u00f0 Borgarbraut 101 \u00ed Borgarnesi, umvafinn fj\u00f6lbreyttri n\u00e1tt\u00faru. Leiksk\u00f3linn var stofna\u00f0ur \u00e1ri\u00f0 1978 og er 3ja deilda fyrir b\u00f6rn \u00e1 aldrinum 12 m\u00e1na\u00f0a til 6 \u00e1ra. Deildirnar eru nefndar eftir s\u00edgildum \u00e6vint\u00fdrum s\u00e6nska barnab\u00f3kah\u00f6fundarins Astrid Lindgren. \u00c1 \u00d3l\u00e1tagar\u00f0i eru yngstu b\u00f6rnin, \u00e1 Kattholti eru 2-4 \u00e1ra b\u00f6rn og ... Read More\" \/>\n<meta property=\"og:url\" content=\"https:\/\/dev.borgarbyggd.is\/klettaborg\/\" \/>\n<meta property=\"og:site_name\" content=\"Klettaborg\" \/>\n<meta property=\"article:modified_time\" content=\"2026-03-02T13:20:05+00:00\" \/>\n<meta property=\"og:image\" content=\"https:\/\/dev.borgarbyggd.is\/klettaborg\/wp-content\/uploads\/sites\/12\/2023\/10\/Klettaborg_fyrirh.png\" \/>\n\t<meta property=\"og:image:width\" content=\"630\" \/>\n\t<meta property=\"og:image:height\" content=\"470\" \/>\n\t<meta property=\"og:image:type\" content=\"image\/png\" \/>\n<meta name=\"twitter:card\" content=\"summary_large_image\" \/>\n<meta name=\"twitter:label1\" content=\"Est. reading time\" \/>\n\t<meta name=\"twitter:data1\" content=\"1 minute\" \/>\n<script type=\"application\/ld+json\" class=\"yoast-schema-graph\">{\"@context\":\"https:\/\/schema.org\",\"@graph\":[{\"@type\":\"WebPage\",\"@id\":\"https:\/\/dev.borgarbyggd.is\/klettaborg\/\",\"url\":\"https:\/\/dev.borgarbyggd.is\/klettaborg\/\",\"name\":\"Fors\u00ed\u00f0a - Klettaborg\",\"isPartOf\":{\"@id\":\"https:\/\/dev.borgarbyggd.is\/klettaborg\/#website\"},\"primaryImageOfPage\":{\"@id\":\"https:\/\/dev.borgarbyggd.is\/klettaborg\/#primaryimage\"},\"image\":{\"@id\":\"https:\/\/dev.borgarbyggd.is\/klettaborg\/#primaryimage\"},\"thumbnailUrl\":\"https:\/\/dev.borgarbyggd.is\/klettaborg\/wp-content\/uploads\/sites\/12\/2023\/10\/Klettaborg_fyrirh.png\",\"datePublished\":\"2023-07-25T14:56:23+00:00\",\"dateModified\":\"2026-03-02T13:20:05+00:00\",\"breadcrumb\":{\"@id\":\"https:\/\/dev.borgarbyggd.is\/klettaborg\/#breadcrumb\"},\"inLanguage\":\"is\",\"potentialAction\":[{\"@type\":\"ReadAction\",\"target\":[\"https:\/\/dev.borgarbyggd.is\/klettaborg\/\"]}]},{\"@type\":\"ImageObject\",\"inLanguage\":\"is\",\"@id\":\"https:\/\/dev.borgarbyggd.is\/klettaborg\/#primaryimage\",\"url\":\"https:\/\/dev.borgarbyggd.is\/klettaborg\/wp-content\/uploads\/sites\/12\/2023\/10\/Klettaborg_fyrirh.png\",\"contentUrl\":\"https:\/\/dev.borgarbyggd.is\/klettaborg\/wp-content\/uploads\/sites\/12\/2023\/10\/Klettaborg_fyrirh.png\",\"width\":630,\"height\":470},{\"@type\":\"BreadcrumbList\",\"@id\":\"https:\/\/dev.borgarbyggd.is\/klettaborg\/#breadcrumb\",\"itemListElement\":[{\"@type\":\"ListItem\",\"position\":1,\"name\":\"Home\",\"item\":\"https:\/\/dev.borgarbyggd.is\/klettaborg\/\"},{\"@type\":\"ListItem\",\"position\":2,\"name\":\"Fors\u00ed\u00f0a\"}]},{\"@type\":\"WebSite\",\"@id\":\"https:\/\/dev.borgarbyggd.is\/klettaborg\/#website\",\"url\":\"https:\/\/dev.borgarbyggd.is\/klettaborg\/\",\"name\":\"Klettaborg\",\"description\":\"\",\"potentialAction\":[{\"@type\":\"SearchAction\",\"target\":{\"@type\":\"EntryPoint\",\"urlTemplate\":\"https:\/\/dev.borgarbyggd.is\/klettaborg\/?s={search_term_string}\"},\"query-input\":{\"@type\":\"PropertyValueSpecification\",\"valueRequired\":true,\"valueName\":\"search_term_string\"}}],\"inLanguage\":\"is\"}]}<\/script>\n<!-- \/ Yoast SEO plugin. -->","yoast_head_json":{"title":"Fors\u00ed\u00f0a - Klettaborg","robots":{"index":"noindex","follow":"follow","max-snippet":"max-snippet:-1","max-image-preview":"max-image-preview:large","max-video-preview":"max-video-preview:-1"},"og_locale":"is_IS","og_type":"article","og_title":"Fors\u00ed\u00f0a - Klettaborg","og_description":"Einkunnaror\u00f0 leiksk\u00f3lans eru: sj\u00e1lfst\u00e6\u00f0i &#8211; vir\u00f0ing &#8211; gle\u00f0i Leiksk\u00f3linn Klettaborg er sta\u00f0settur a\u00f0 Borgarbraut 101 \u00ed Borgarnesi, umvafinn fj\u00f6lbreyttri n\u00e1tt\u00faru. Leiksk\u00f3linn var stofna\u00f0ur \u00e1ri\u00f0 1978 og er 3ja deilda fyrir b\u00f6rn \u00e1 aldrinum 12 m\u00e1na\u00f0a til 6 \u00e1ra. Deildirnar eru nefndar eftir s\u00edgildum \u00e6vint\u00fdrum s\u00e6nska barnab\u00f3kah\u00f6fundarins Astrid Lindgren. \u00c1 \u00d3l\u00e1tagar\u00f0i eru yngstu b\u00f6rnin, \u00e1 Kattholti eru 2-4 \u00e1ra b\u00f6rn og ... Read More","og_url":"https:\/\/dev.borgarbyggd.is\/klettaborg\/","og_site_name":"Klettaborg","article_modified_time":"2026-03-02T13:20:05+00:00","og_image":[{"width":630,"height":470,"url":"https:\/\/dev.borgarbyggd.is\/klettaborg\/wp-content\/uploads\/sites\/12\/2023\/10\/Klettaborg_fyrirh.png","type":"image\/png"}],"twitter_card":"summary_large_image","twitter_misc":{"Est. reading time":"1 minute"},"schema":{"@context":"https:\/\/schema.org","@graph":[{"@type":"WebPage","@id":"https:\/\/dev.borgarbyggd.is\/klettaborg\/","url":"https:\/\/dev.borgarbyggd.is\/klettaborg\/","name":"Fors\u00ed\u00f0a - Klettaborg","isPartOf":{"@id":"https:\/\/dev.borgarbyggd.is\/klettaborg\/#website"},"primaryImageOfPage":{"@id":"https:\/\/dev.borgarbyggd.is\/klettaborg\/#primaryimage"},"image":{"@id":"https:\/\/dev.borgarbyggd.is\/klettaborg\/#primaryimage"},"thumbnailUrl":"https:\/\/dev.borgarbyggd.is\/klettaborg\/wp-content\/uploads\/sites\/12\/2023\/10\/Klettaborg_fyrirh.png","datePublished":"2023-07-25T14:56:23+00:00","dateModified":"2026-03-02T13:20:05+00:00","breadcrumb":{"@id":"https:\/\/dev.borgarbyggd.is\/klettaborg\/#breadcrumb"},"inLanguage":"is","potentialAction":[{"@type":"ReadAction","target":["https:\/\/dev.borgarbyggd.is\/klettaborg\/"]}]},{"@type":"ImageObject","inLanguage":"is","@id":"https:\/\/dev.borgarbyggd.is\/klettaborg\/#primaryimage","url":"https:\/\/dev.borgarbyggd.is\/klettaborg\/wp-content\/uploads\/sites\/12\/2023\/10\/Klettaborg_fyrirh.png","contentUrl":"https:\/\/dev.borgarbyggd.is\/klettaborg\/wp-content\/uploads\/sites\/12\/2023\/10\/Klettaborg_fyrirh.png","width":630,"height":470},{"@type":"BreadcrumbList","@id":"https:\/\/dev.borgarbyggd.is\/klettaborg\/#breadcrumb","itemListElement":[{"@type":"ListItem","position":1,"name":"Home","item":"https:\/\/dev.borgarbyggd.is\/klettaborg\/"},{"@type":"ListItem","position":2,"name":"Fors\u00ed\u00f0a"}]},{"@type":"WebSite","@id":"https:\/\/dev.borgarbyggd.is\/klettaborg\/#website","url":"https:\/\/dev.borgarbyggd.is\/klettaborg\/","name":"Klettaborg","description":"","potentialAction":[{"@type":"SearchAction","target":{"@type":"EntryPoint","urlTemplate":"https:\/\/dev.borgarbyggd.is\/klettaborg\/?s={search_term_string}"},"query-input":{"@type":"PropertyValueSpecification","valueRequired":true,"valueName":"search_term_string"}}],"inLanguage":"is"}]}},"_links":{"self":[{"href":"https:\/\/dev.borgarbyggd.is\/klettaborg\/wp-json\/wp\/v2\/pages\/5","targetHints":{"allow":["GET"]}}],"collection":[{"href":"https:\/\/dev.borgarbyggd.is\/klettaborg\/wp-json\/wp\/v2\/pages"}],"about":[{"href":"https:\/\/dev.borgarbyggd.is\/klettaborg\/wp-json\/wp\/v2\/types\/page"}],"author":[{"embeddable":true,"href":"https:\/\/dev.borgarbyggd.is\/klettaborg\/wp-json\/wp\/v2\/users\/1"}],"replies":[{"embeddable":true,"href":"https:\/\/dev.borgarbyggd.is\/klettaborg\/wp-json\/wp\/v2\/comments?post=5"}],"version-history":[{"count":0,"href":"https:\/\/dev.borgarbyggd.is\/klettaborg\/wp-json\/wp\/v2\/pages\/5\/revisions"}],"wp:featuredmedia":[{"embeddable":true,"href":"https:\/\/dev.borgarbyggd.is\/klettaborg\/wp-json\/wp\/v2\/media\/172"}],"wp:attachment":[{"href":"https:\/\/dev.borgarbyggd.is\/klettaborg\/wp-json\/wp\/v2\/media?parent=5"}],"curies":[{"name":"wp","href":"https:\/\/api.w.org\/{rel}","templated":true}]}}