{"id":432,"date":"2024-04-02T10:36:15","date_gmt":"2024-04-02T10:36:15","guid":{"rendered":"https:\/\/dev.borgarbyggd.is\/klettaborg\/?page_id=432"},"modified":"2024-04-02T10:36:15","modified_gmt":"2024-04-02T10:36:15","slug":"adlogun","status":"publish","type":"page","link":"https:\/\/dev.borgarbyggd.is\/klettaborg\/skolastarfid\/adlogun\/","title":{"rendered":"A\u00f0l\u00f6gun"},"content":{"rendered":"<p>\u00c1\u00f0ur en barn byrjar \u00ed leiksk\u00f3lanum f\u00e1 foreldrar br\u00e9f um hvernig a\u00f0l\u00f6gun muni h\u00e1tta\u00f0. Fyrsta heims\u00f3kn foreldra er <u>\u00e1n barnsins<\/u> en tilgangurinn er a\u00f0 kynna foreldrum leiksk\u00f3lann \u00feannig a\u00f0 h\u00e6gt s\u00e9 a\u00f0 undirb\u00faa barni\u00f0 sem best og einnig a\u00f0 f\u00e1 helstu uppl\u00fdsingar um barni\u00f0. Fyrsta <u>a\u00f0l\u00f6gunardaginn<\/u> kemur barni\u00f0 \u00ed stutta heims\u00f3kn me\u00f0 foreldri\/foreldrum og a\u00f0lagast s\u00ed\u00f0an n\u00e6stu 3-4 dagana h\u00e6gt og r\u00f3lega. Barni\u00f0 a\u00f0lagast n\u00fdju umhverfi, kynnist kennurum og b\u00f6rnum, l\u00e6rir a\u00f0 vera \u00ed h\u00f3p og fleira. \u00dea\u00f0 skiptir miklu m\u00e1li fyrir veru barnsins \u00ed leiksk\u00f3lanum a\u00f0 a\u00f0l\u00f6gun gangi vel fyrir sig. A\u00f0l\u00f6gunin er einstaklingsbundin og s\u00e9r \u00e1kve\u00f0inn kennari a\u00f0 mestu um barni\u00f0 fyrstu dagana.<\/p>\n<p>\u00deegar barni\u00f0 f\u00e6rist \u00e1 milli deilda innan leiksk\u00f3lans sj\u00e1 kennarar um a\u00f0l\u00f6gunina, \u00fe.e. barni\u00f0 venst h\u00e6gt og r\u00f3lega \u201en\u00fdju deildinni\u201c. Deildarstj\u00f3ri mun s\u00fdna foreldri\/foreldrum deildina og kynna deildarstarfi\u00f0 og kennarana.<\/p>\n","protected":false},"excerpt":{"rendered":"<p>\u00c1\u00f0ur en barn byrjar \u00ed leiksk\u00f3lanum f\u00e1 foreldrar br\u00e9f um hvernig a\u00f0l\u00f6gun muni h\u00e1tta\u00f0. Fyrsta heims\u00f3kn foreldra er \u00e1n barnsins en tilgangurinn er a\u00f0 kynna foreldrum leiksk\u00f3lann \u00feannig a\u00f0 h\u00e6gt s\u00e9 a\u00f0 undirb\u00faa barni\u00f0 sem best og einnig a\u00f0 f\u00e1 helstu uppl\u00fdsingar um barni\u00f0. Fyrsta a\u00f0l\u00f6gunardaginn kemur barni\u00f0 \u00ed stutta heims\u00f3kn me\u00f0 foreldri\/foreldrum og a\u00f0lagast s\u00ed\u00f0an n\u00e6stu 3-4 dagana h\u00e6gt &#8230; <\/p>\n<div><a href=\"https:\/\/dev.borgarbyggd.is\/klettaborg\/skolastarfid\/adlogun\/\" class=\"more-link\">Read More<\/a><\/div>\n","protected":false},"author":14,"featured_media":0,"parent":32,"menu_order":0,"comment_status":"closed","ping_status":"closed","template":"","meta":{"_acf_changed":false,"footnotes":""},"class_list":["post-432","page","type-page","status-publish","hentry","no-post-thumbnail"],"acf":{"quickaccess":false},"yoast_head":"<!-- This site is optimized with the Yoast SEO plugin v24.0 - https:\/\/yoast.com\/wordpress\/plugins\/seo\/ -->\n<title>A\u00f0l\u00f6gun - Klettaborg<\/title>\n<meta name=\"robots\" content=\"noindex, follow, max-snippet:-1, max-image-preview:large, max-video-preview:-1\" \/>\n<meta property=\"og:locale\" content=\"is_IS\" \/>\n<meta property=\"og:type\" content=\"article\" \/>\n<meta property=\"og:title\" content=\"A\u00f0l\u00f6gun - Klettaborg\" \/>\n<meta property=\"og:description\" content=\"\u00c1\u00f0ur en barn byrjar \u00ed leiksk\u00f3lanum f\u00e1 foreldrar br\u00e9f um hvernig a\u00f0l\u00f6gun muni h\u00e1tta\u00f0. Fyrsta heims\u00f3kn foreldra er \u00e1n barnsins en tilgangurinn er a\u00f0 kynna foreldrum leiksk\u00f3lann \u00feannig a\u00f0 h\u00e6gt s\u00e9 a\u00f0 undirb\u00faa barni\u00f0 sem best og einnig a\u00f0 f\u00e1 helstu uppl\u00fdsingar um barni\u00f0. Fyrsta a\u00f0l\u00f6gunardaginn kemur barni\u00f0 \u00ed stutta heims\u00f3kn me\u00f0 foreldri\/foreldrum og a\u00f0lagast s\u00ed\u00f0an n\u00e6stu 3-4 dagana h\u00e6gt ... Read More\" \/>\n<meta property=\"og:url\" content=\"https:\/\/dev.borgarbyggd.is\/klettaborg\/skolastarfid\/adlogun\/\" \/>\n<meta property=\"og:site_name\" content=\"Klettaborg\" \/>\n<meta name=\"twitter:card\" content=\"summary_large_image\" \/>\n<meta name=\"twitter:label1\" content=\"Est. reading time\" \/>\n\t<meta name=\"twitter:data1\" content=\"1 minute\" \/>\n<script type=\"application\/ld+json\" class=\"yoast-schema-graph\">{\"@context\":\"https:\/\/schema.org\",\"@graph\":[{\"@type\":\"WebPage\",\"@id\":\"https:\/\/dev.borgarbyggd.is\/klettaborg\/skolastarfid\/adlogun\/\",\"url\":\"https:\/\/dev.borgarbyggd.is\/klettaborg\/skolastarfid\/adlogun\/\",\"name\":\"A\u00f0l\u00f6gun - Klettaborg\",\"isPartOf\":{\"@id\":\"https:\/\/dev.borgarbyggd.is\/klettaborg\/#website\"},\"datePublished\":\"2024-04-02T10:36:15+00:00\",\"dateModified\":\"2024-04-02T10:36:15+00:00\",\"breadcrumb\":{\"@id\":\"https:\/\/dev.borgarbyggd.is\/klettaborg\/skolastarfid\/adlogun\/#breadcrumb\"},\"inLanguage\":\"is\",\"potentialAction\":[{\"@type\":\"ReadAction\",\"target\":[\"https:\/\/dev.borgarbyggd.is\/klettaborg\/skolastarfid\/adlogun\/\"]}]},{\"@type\":\"BreadcrumbList\",\"@id\":\"https:\/\/dev.borgarbyggd.is\/klettaborg\/skolastarfid\/adlogun\/#breadcrumb\",\"itemListElement\":[{\"@type\":\"ListItem\",\"position\":1,\"name\":\"Home\",\"item\":\"https:\/\/dev.borgarbyggd.is\/klettaborg\/\"},{\"@type\":\"ListItem\",\"position\":2,\"name\":\"Sk\u00f3lastarf\",\"item\":\"https:\/\/dev.borgarbyggd.is\/klettaborg\/skolastarfid\/\"},{\"@type\":\"ListItem\",\"position\":3,\"name\":\"A\u00f0l\u00f6gun\"}]},{\"@type\":\"WebSite\",\"@id\":\"https:\/\/dev.borgarbyggd.is\/klettaborg\/#website\",\"url\":\"https:\/\/dev.borgarbyggd.is\/klettaborg\/\",\"name\":\"Klettaborg\",\"description\":\"\",\"potentialAction\":[{\"@type\":\"SearchAction\",\"target\":{\"@type\":\"EntryPoint\",\"urlTemplate\":\"https:\/\/dev.borgarbyggd.is\/klettaborg\/?s={search_term_string}\"},\"query-input\":{\"@type\":\"PropertyValueSpecification\",\"valueRequired\":true,\"valueName\":\"search_term_string\"}}],\"inLanguage\":\"is\"}]}<\/script>\n<!-- \/ Yoast SEO plugin. -->","yoast_head_json":{"title":"A\u00f0l\u00f6gun - Klettaborg","robots":{"index":"noindex","follow":"follow","max-snippet":"max-snippet:-1","max-image-preview":"max-image-preview:large","max-video-preview":"max-video-preview:-1"},"og_locale":"is_IS","og_type":"article","og_title":"A\u00f0l\u00f6gun - Klettaborg","og_description":"\u00c1\u00f0ur en barn byrjar \u00ed leiksk\u00f3lanum f\u00e1 foreldrar br\u00e9f um hvernig a\u00f0l\u00f6gun muni h\u00e1tta\u00f0. Fyrsta heims\u00f3kn foreldra er \u00e1n barnsins en tilgangurinn er a\u00f0 kynna foreldrum leiksk\u00f3lann \u00feannig a\u00f0 h\u00e6gt s\u00e9 a\u00f0 undirb\u00faa barni\u00f0 sem best og einnig a\u00f0 f\u00e1 helstu uppl\u00fdsingar um barni\u00f0. Fyrsta a\u00f0l\u00f6gunardaginn kemur barni\u00f0 \u00ed stutta heims\u00f3kn me\u00f0 foreldri\/foreldrum og a\u00f0lagast s\u00ed\u00f0an n\u00e6stu 3-4 dagana h\u00e6gt ... Read More","og_url":"https:\/\/dev.borgarbyggd.is\/klettaborg\/skolastarfid\/adlogun\/","og_site_name":"Klettaborg","twitter_card":"summary_large_image","twitter_misc":{"Est. reading time":"1 minute"},"schema":{"@context":"https:\/\/schema.org","@graph":[{"@type":"WebPage","@id":"https:\/\/dev.borgarbyggd.is\/klettaborg\/skolastarfid\/adlogun\/","url":"https:\/\/dev.borgarbyggd.is\/klettaborg\/skolastarfid\/adlogun\/","name":"A\u00f0l\u00f6gun - Klettaborg","isPartOf":{"@id":"https:\/\/dev.borgarbyggd.is\/klettaborg\/#website"},"datePublished":"2024-04-02T10:36:15+00:00","dateModified":"2024-04-02T10:36:15+00:00","breadcrumb":{"@id":"https:\/\/dev.borgarbyggd.is\/klettaborg\/skolastarfid\/adlogun\/#breadcrumb"},"inLanguage":"is","potentialAction":[{"@type":"ReadAction","target":["https:\/\/dev.borgarbyggd.is\/klettaborg\/skolastarfid\/adlogun\/"]}]},{"@type":"BreadcrumbList","@id":"https:\/\/dev.borgarbyggd.is\/klettaborg\/skolastarfid\/adlogun\/#breadcrumb","itemListElement":[{"@type":"ListItem","position":1,"name":"Home","item":"https:\/\/dev.borgarbyggd.is\/klettaborg\/"},{"@type":"ListItem","position":2,"name":"Sk\u00f3lastarf","item":"https:\/\/dev.borgarbyggd.is\/klettaborg\/skolastarfid\/"},{"@type":"ListItem","position":3,"name":"A\u00f0l\u00f6gun"}]},{"@type":"WebSite","@id":"https:\/\/dev.borgarbyggd.is\/klettaborg\/#website","url":"https:\/\/dev.borgarbyggd.is\/klettaborg\/","name":"Klettaborg","description":"","potentialAction":[{"@type":"SearchAction","target":{"@type":"EntryPoint","urlTemplate":"https:\/\/dev.borgarbyggd.is\/klettaborg\/?s={search_term_string}"},"query-input":{"@type":"PropertyValueSpecification","valueRequired":true,"valueName":"search_term_string"}}],"inLanguage":"is"}]}},"_links":{"self":[{"href":"https:\/\/dev.borgarbyggd.is\/klettaborg\/wp-json\/wp\/v2\/pages\/432","targetHints":{"allow":["GET"]}}],"collection":[{"href":"https:\/\/dev.borgarbyggd.is\/klettaborg\/wp-json\/wp\/v2\/pages"}],"about":[{"href":"https:\/\/dev.borgarbyggd.is\/klettaborg\/wp-json\/wp\/v2\/types\/page"}],"author":[{"embeddable":true,"href":"https:\/\/dev.borgarbyggd.is\/klettaborg\/wp-json\/wp\/v2\/users\/14"}],"replies":[{"embeddable":true,"href":"https:\/\/dev.borgarbyggd.is\/klettaborg\/wp-json\/wp\/v2\/comments?post=432"}],"version-history":[{"count":0,"href":"https:\/\/dev.borgarbyggd.is\/klettaborg\/wp-json\/wp\/v2\/pages\/432\/revisions"}],"up":[{"embeddable":true,"href":"https:\/\/dev.borgarbyggd.is\/klettaborg\/wp-json\/wp\/v2\/pages\/32"}],"wp:attachment":[{"href":"https:\/\/dev.borgarbyggd.is\/klettaborg\/wp-json\/wp\/v2\/media?parent=432"}],"curies":[{"name":"wp","href":"https:\/\/api.w.org\/{rel}","templated":true}]}}