{"id":406,"date":"2024-03-27T10:48:14","date_gmt":"2024-03-27T10:48:14","guid":{"rendered":"https:\/\/dev.borgarbyggd.is\/klettaborg\/?page_id=406"},"modified":"2024-03-27T10:48:14","modified_gmt":"2024-03-27T10:48:14","slug":"samthaett-thjonusta","status":"publish","type":"page","link":"https:\/\/dev.borgarbyggd.is\/klettaborg\/farsaeld-barna\/samthaett-thjonusta\/","title":{"rendered":"Sam\u00fe\u00e6tt \u00fej\u00f3nusta"},"content":{"rendered":"<h5 class=\"subtitle\">Lei\u00f0beiningar vegna sam\u00fe\u00e6ttingu \u00fej\u00f3nustu \u00ed \u00fe\u00e1gu fars\u00e6ldar barna m\u00e1 finna \u00e1 <a href=\"https:\/\/www.bofs.is\/farsaeld\/eydublod-og-leidbeiningar\/\">heimas\u00ed\u00f0u barna- og fj\u00f6lskyldustofu.<\/a><\/h5>\n<p>Tengili\u00f0ur fars\u00e6ldar skal vera\u00f0 a\u00f0gengilegur \u00f6llum b\u00f6rnum og foreldrum. Tengili\u00f0ur fars\u00e6ldar hefur vi\u00f0eigandi \u00feekkingu til a\u00f0 geta veri\u00f0 foreldrum og barni innan handar. Hann r\u00e1\u00f0leggur \u00feeim og a\u00f0sto\u00f0ar vi\u00f0 a\u00f0 rata \u00ed gegnum kerfi\u00f0 og s\u00e6kja \u00fej\u00f3nustu vi\u00f0 h\u00e6fi.<\/p>\n<p>Tengili\u00f0ur Klettaborgar er Ragnhildur \u00c1. Hallgr\u00edmsd\u00f3ttir, s\u00e9rkennslustj\u00f3ri.<br \/>\n<a href=\"mailto:ragnhildur@borgarbyggd.is\">ragnhildur@borgarbyggd.is<\/a><\/p>\n<p>&nbsp;<\/p>\n","protected":false},"excerpt":{"rendered":"<p>Lei\u00f0beiningar vegna sam\u00fe\u00e6ttingu \u00fej\u00f3nustu \u00ed \u00fe\u00e1gu fars\u00e6ldar barna m\u00e1 finna \u00e1 heimas\u00ed\u00f0u barna- og fj\u00f6lskyldustofu. Tengili\u00f0ur fars\u00e6ldar skal vera\u00f0 a\u00f0gengilegur \u00f6llum b\u00f6rnum og foreldrum. Tengili\u00f0ur fars\u00e6ldar hefur vi\u00f0eigandi \u00feekkingu til a\u00f0 geta veri\u00f0 foreldrum og barni innan handar. Hann r\u00e1\u00f0leggur \u00feeim og a\u00f0sto\u00f0ar vi\u00f0 a\u00f0 rata \u00ed gegnum kerfi\u00f0 og s\u00e6kja \u00fej\u00f3nustu vi\u00f0 h\u00e6fi. Tengili\u00f0ur Klettaborgar er Ragnhildur \u00c1. Hallgr\u00edmsd\u00f3ttir, &#8230; <\/p>\n<div><a href=\"https:\/\/dev.borgarbyggd.is\/klettaborg\/farsaeld-barna\/samthaett-thjonusta\/\" class=\"more-link\">Read More<\/a><\/div>\n","protected":false},"author":14,"featured_media":0,"parent":404,"menu_order":0,"comment_status":"closed","ping_status":"closed","template":"","meta":{"_acf_changed":false,"footnotes":""},"class_list":["post-406","page","type-page","status-publish","hentry","no-post-thumbnail"],"acf":{"quickaccess":false},"yoast_head":"<!-- This site is optimized with the Yoast SEO plugin v24.0 - https:\/\/yoast.com\/wordpress\/plugins\/seo\/ -->\n<title>Sam\u00fe\u00e6tt \u00fej\u00f3nusta - Klettaborg<\/title>\n<meta name=\"robots\" content=\"noindex, follow, max-snippet:-1, max-image-preview:large, max-video-preview:-1\" \/>\n<meta property=\"og:locale\" content=\"is_IS\" \/>\n<meta property=\"og:type\" content=\"article\" \/>\n<meta property=\"og:title\" content=\"Sam\u00fe\u00e6tt \u00fej\u00f3nusta - Klettaborg\" \/>\n<meta property=\"og:description\" content=\"Lei\u00f0beiningar vegna sam\u00fe\u00e6ttingu \u00fej\u00f3nustu \u00ed \u00fe\u00e1gu fars\u00e6ldar barna m\u00e1 finna \u00e1 heimas\u00ed\u00f0u barna- og fj\u00f6lskyldustofu. Tengili\u00f0ur fars\u00e6ldar skal vera\u00f0 a\u00f0gengilegur \u00f6llum b\u00f6rnum og foreldrum. Tengili\u00f0ur fars\u00e6ldar hefur vi\u00f0eigandi \u00feekkingu til a\u00f0 geta veri\u00f0 foreldrum og barni innan handar. Hann r\u00e1\u00f0leggur \u00feeim og a\u00f0sto\u00f0ar vi\u00f0 a\u00f0 rata \u00ed gegnum kerfi\u00f0 og s\u00e6kja \u00fej\u00f3nustu vi\u00f0 h\u00e6fi. Tengili\u00f0ur Klettaborgar er Ragnhildur \u00c1. Hallgr\u00edmsd\u00f3ttir, ... Read More\" \/>\n<meta property=\"og:url\" content=\"https:\/\/dev.borgarbyggd.is\/klettaborg\/farsaeld-barna\/samthaett-thjonusta\/\" \/>\n<meta property=\"og:site_name\" content=\"Klettaborg\" \/>\n<meta name=\"twitter:card\" content=\"summary_large_image\" \/>\n<meta name=\"twitter:label1\" content=\"Est. reading time\" \/>\n\t<meta name=\"twitter:data1\" content=\"1 minute\" \/>\n<script type=\"application\/ld+json\" class=\"yoast-schema-graph\">{\"@context\":\"https:\/\/schema.org\",\"@graph\":[{\"@type\":\"WebPage\",\"@id\":\"https:\/\/dev.borgarbyggd.is\/klettaborg\/farsaeld-barna\/samthaett-thjonusta\/\",\"url\":\"https:\/\/dev.borgarbyggd.is\/klettaborg\/farsaeld-barna\/samthaett-thjonusta\/\",\"name\":\"Sam\u00fe\u00e6tt \u00fej\u00f3nusta - Klettaborg\",\"isPartOf\":{\"@id\":\"https:\/\/dev.borgarbyggd.is\/klettaborg\/#website\"},\"datePublished\":\"2024-03-27T10:48:14+00:00\",\"dateModified\":\"2024-03-27T10:48:14+00:00\",\"breadcrumb\":{\"@id\":\"https:\/\/dev.borgarbyggd.is\/klettaborg\/farsaeld-barna\/samthaett-thjonusta\/#breadcrumb\"},\"inLanguage\":\"is\",\"potentialAction\":[{\"@type\":\"ReadAction\",\"target\":[\"https:\/\/dev.borgarbyggd.is\/klettaborg\/farsaeld-barna\/samthaett-thjonusta\/\"]}]},{\"@type\":\"BreadcrumbList\",\"@id\":\"https:\/\/dev.borgarbyggd.is\/klettaborg\/farsaeld-barna\/samthaett-thjonusta\/#breadcrumb\",\"itemListElement\":[{\"@type\":\"ListItem\",\"position\":1,\"name\":\"Home\",\"item\":\"https:\/\/dev.borgarbyggd.is\/klettaborg\/\"},{\"@type\":\"ListItem\",\"position\":2,\"name\":\"Fars\u00e6ld barna\",\"item\":\"https:\/\/dev.borgarbyggd.is\/klettaborg\/farsaeld-barna\/\"},{\"@type\":\"ListItem\",\"position\":3,\"name\":\"Sam\u00fe\u00e6tt \u00fej\u00f3nusta\"}]},{\"@type\":\"WebSite\",\"@id\":\"https:\/\/dev.borgarbyggd.is\/klettaborg\/#website\",\"url\":\"https:\/\/dev.borgarbyggd.is\/klettaborg\/\",\"name\":\"Klettaborg\",\"description\":\"\",\"potentialAction\":[{\"@type\":\"SearchAction\",\"target\":{\"@type\":\"EntryPoint\",\"urlTemplate\":\"https:\/\/dev.borgarbyggd.is\/klettaborg\/?s={search_term_string}\"},\"query-input\":{\"@type\":\"PropertyValueSpecification\",\"valueRequired\":true,\"valueName\":\"search_term_string\"}}],\"inLanguage\":\"is\"}]}<\/script>\n<!-- \/ Yoast SEO plugin. -->","yoast_head_json":{"title":"Sam\u00fe\u00e6tt \u00fej\u00f3nusta - Klettaborg","robots":{"index":"noindex","follow":"follow","max-snippet":"max-snippet:-1","max-image-preview":"max-image-preview:large","max-video-preview":"max-video-preview:-1"},"og_locale":"is_IS","og_type":"article","og_title":"Sam\u00fe\u00e6tt \u00fej\u00f3nusta - Klettaborg","og_description":"Lei\u00f0beiningar vegna sam\u00fe\u00e6ttingu \u00fej\u00f3nustu \u00ed \u00fe\u00e1gu fars\u00e6ldar barna m\u00e1 finna \u00e1 heimas\u00ed\u00f0u barna- og fj\u00f6lskyldustofu. Tengili\u00f0ur fars\u00e6ldar skal vera\u00f0 a\u00f0gengilegur \u00f6llum b\u00f6rnum og foreldrum. Tengili\u00f0ur fars\u00e6ldar hefur vi\u00f0eigandi \u00feekkingu til a\u00f0 geta veri\u00f0 foreldrum og barni innan handar. Hann r\u00e1\u00f0leggur \u00feeim og a\u00f0sto\u00f0ar vi\u00f0 a\u00f0 rata \u00ed gegnum kerfi\u00f0 og s\u00e6kja \u00fej\u00f3nustu vi\u00f0 h\u00e6fi. Tengili\u00f0ur Klettaborgar er Ragnhildur \u00c1. Hallgr\u00edmsd\u00f3ttir, ... Read More","og_url":"https:\/\/dev.borgarbyggd.is\/klettaborg\/farsaeld-barna\/samthaett-thjonusta\/","og_site_name":"Klettaborg","twitter_card":"summary_large_image","twitter_misc":{"Est. reading time":"1 minute"},"schema":{"@context":"https:\/\/schema.org","@graph":[{"@type":"WebPage","@id":"https:\/\/dev.borgarbyggd.is\/klettaborg\/farsaeld-barna\/samthaett-thjonusta\/","url":"https:\/\/dev.borgarbyggd.is\/klettaborg\/farsaeld-barna\/samthaett-thjonusta\/","name":"Sam\u00fe\u00e6tt \u00fej\u00f3nusta - Klettaborg","isPartOf":{"@id":"https:\/\/dev.borgarbyggd.is\/klettaborg\/#website"},"datePublished":"2024-03-27T10:48:14+00:00","dateModified":"2024-03-27T10:48:14+00:00","breadcrumb":{"@id":"https:\/\/dev.borgarbyggd.is\/klettaborg\/farsaeld-barna\/samthaett-thjonusta\/#breadcrumb"},"inLanguage":"is","potentialAction":[{"@type":"ReadAction","target":["https:\/\/dev.borgarbyggd.is\/klettaborg\/farsaeld-barna\/samthaett-thjonusta\/"]}]},{"@type":"BreadcrumbList","@id":"https:\/\/dev.borgarbyggd.is\/klettaborg\/farsaeld-barna\/samthaett-thjonusta\/#breadcrumb","itemListElement":[{"@type":"ListItem","position":1,"name":"Home","item":"https:\/\/dev.borgarbyggd.is\/klettaborg\/"},{"@type":"ListItem","position":2,"name":"Fars\u00e6ld barna","item":"https:\/\/dev.borgarbyggd.is\/klettaborg\/farsaeld-barna\/"},{"@type":"ListItem","position":3,"name":"Sam\u00fe\u00e6tt \u00fej\u00f3nusta"}]},{"@type":"WebSite","@id":"https:\/\/dev.borgarbyggd.is\/klettaborg\/#website","url":"https:\/\/dev.borgarbyggd.is\/klettaborg\/","name":"Klettaborg","description":"","potentialAction":[{"@type":"SearchAction","target":{"@type":"EntryPoint","urlTemplate":"https:\/\/dev.borgarbyggd.is\/klettaborg\/?s={search_term_string}"},"query-input":{"@type":"PropertyValueSpecification","valueRequired":true,"valueName":"search_term_string"}}],"inLanguage":"is"}]}},"_links":{"self":[{"href":"https:\/\/dev.borgarbyggd.is\/klettaborg\/wp-json\/wp\/v2\/pages\/406","targetHints":{"allow":["GET"]}}],"collection":[{"href":"https:\/\/dev.borgarbyggd.is\/klettaborg\/wp-json\/wp\/v2\/pages"}],"about":[{"href":"https:\/\/dev.borgarbyggd.is\/klettaborg\/wp-json\/wp\/v2\/types\/page"}],"author":[{"embeddable":true,"href":"https:\/\/dev.borgarbyggd.is\/klettaborg\/wp-json\/wp\/v2\/users\/14"}],"replies":[{"embeddable":true,"href":"https:\/\/dev.borgarbyggd.is\/klettaborg\/wp-json\/wp\/v2\/comments?post=406"}],"version-history":[{"count":0,"href":"https:\/\/dev.borgarbyggd.is\/klettaborg\/wp-json\/wp\/v2\/pages\/406\/revisions"}],"up":[{"embeddable":true,"href":"https:\/\/dev.borgarbyggd.is\/klettaborg\/wp-json\/wp\/v2\/pages\/404"}],"wp:attachment":[{"href":"https:\/\/dev.borgarbyggd.is\/klettaborg\/wp-json\/wp\/v2\/media?parent=406"}],"curies":[{"name":"wp","href":"https:\/\/api.w.org\/{rel}","templated":true}]}}