{"id":404,"date":"2024-03-27T10:39:56","date_gmt":"2024-03-27T10:39:56","guid":{"rendered":"https:\/\/dev.borgarbyggd.is\/klettaborg\/?page_id=404"},"modified":"2024-03-27T10:39:56","modified_gmt":"2024-03-27T10:39:56","slug":"farsaeld-barna","status":"publish","type":"page","link":"https:\/\/dev.borgarbyggd.is\/klettaborg\/farsaeld-barna\/","title":{"rendered":"Fars\u00e6ld barna"},"content":{"rendered":"<div class=\"pt-4\">\n<p>\u00cd jan\u00faar 2022 t\u00f3ku gildi l\u00f6g um sam\u00fe\u00e6tta \u00fej\u00f3nustu \u00ed \u00fe\u00e1gu fars\u00e6ldar barna:\u00a0<a href=\"https:\/\/www.althingi.is\/altext\/151\/s\/1723.html.\" target=\"_blank\" rel=\"noopener\">Fars\u00e6ldarl\u00f6gin<\/a><\/p>\n<\/div>\n<div>L\u00f6gin var\u00f0a \u00f6ll b\u00f6rn og ungmenni \u00e1 \u00cdslandi \u00e1 aldrinum 0-18 \u00e1ra.<\/div>\n<div>Markmi\u00f0 laganna er a\u00f0 b\u00f6rn og foreldrar sem \u00e1 \u00feurfa a\u00f0 halda hafi a\u00f0gang a\u00f0 sam\u00fe\u00e6ttri \u00fej\u00f3nustu vi\u00f0 h\u00e6fi \u00e1n hindrana.<\/div>\n<div>Borgarbygg\u00f0 hefur teki\u00f0 markviss skref \u00ed innlei\u00f0ingarferlinu \u00ed samstarfi vi\u00f0 starfsmenn sveitarf\u00e9lagsins og a\u00f0ra sem koma a\u00f0 \u00fej\u00f3nustu vi\u00f0 b\u00f6rn.<\/div>\n<div>N\u00e1nari uppl\u00fdsingar er a\u00f0 finna inn \u00e1\u00a0<a href=\"https:\/\/www.farsaeldbarna.is\/is\/farsaeldarlogin\">heimas\u00ed\u00f0u um fars\u00e6ld barna.<\/a><\/div>\n","protected":false},"excerpt":{"rendered":"<p>\u00cd jan\u00faar 2022 t\u00f3ku gildi l\u00f6g um sam\u00fe\u00e6tta \u00fej\u00f3nustu \u00ed \u00fe\u00e1gu fars\u00e6ldar barna:\u00a0Fars\u00e6ldarl\u00f6gin L\u00f6gin var\u00f0a \u00f6ll b\u00f6rn og ungmenni \u00e1 \u00cdslandi \u00e1 aldrinum 0-18 \u00e1ra. Markmi\u00f0 laganna er a\u00f0 b\u00f6rn og foreldrar sem \u00e1 \u00feurfa a\u00f0 halda hafi a\u00f0gang a\u00f0 sam\u00fe\u00e6ttri \u00fej\u00f3nustu vi\u00f0 h\u00e6fi \u00e1n hindrana. Borgarbygg\u00f0 hefur teki\u00f0 markviss skref \u00ed innlei\u00f0ingarferlinu \u00ed samstarfi vi\u00f0 starfsmenn sveitarf\u00e9lagsins og a\u00f0ra &#8230; <\/p>\n<div><a href=\"https:\/\/dev.borgarbyggd.is\/klettaborg\/farsaeld-barna\/\" class=\"more-link\">Read More<\/a><\/div>\n","protected":false},"author":14,"featured_media":0,"parent":0,"menu_order":0,"comment_status":"closed","ping_status":"closed","template":"","meta":{"_acf_changed":false,"footnotes":""},"class_list":["post-404","page","type-page","status-publish","hentry","no-post-thumbnail"],"acf":{"quickaccess":false},"yoast_head":"<!-- This site is optimized with the Yoast SEO plugin v24.0 - https:\/\/yoast.com\/wordpress\/plugins\/seo\/ -->\n<title>Fars\u00e6ld barna - Klettaborg<\/title>\n<meta name=\"robots\" content=\"noindex, follow, max-snippet:-1, max-image-preview:large, max-video-preview:-1\" \/>\n<meta property=\"og:locale\" content=\"is_IS\" \/>\n<meta property=\"og:type\" content=\"article\" \/>\n<meta property=\"og:title\" content=\"Fars\u00e6ld barna - Klettaborg\" \/>\n<meta property=\"og:description\" content=\"\u00cd jan\u00faar 2022 t\u00f3ku gildi l\u00f6g um sam\u00fe\u00e6tta \u00fej\u00f3nustu \u00ed \u00fe\u00e1gu fars\u00e6ldar barna:\u00a0Fars\u00e6ldarl\u00f6gin L\u00f6gin var\u00f0a \u00f6ll b\u00f6rn og ungmenni \u00e1 \u00cdslandi \u00e1 aldrinum 0-18 \u00e1ra. Markmi\u00f0 laganna er a\u00f0 b\u00f6rn og foreldrar sem \u00e1 \u00feurfa a\u00f0 halda hafi a\u00f0gang a\u00f0 sam\u00fe\u00e6ttri \u00fej\u00f3nustu vi\u00f0 h\u00e6fi \u00e1n hindrana. Borgarbygg\u00f0 hefur teki\u00f0 markviss skref \u00ed innlei\u00f0ingarferlinu \u00ed samstarfi vi\u00f0 starfsmenn sveitarf\u00e9lagsins og a\u00f0ra ... Read More\" \/>\n<meta property=\"og:url\" content=\"https:\/\/dev.borgarbyggd.is\/klettaborg\/farsaeld-barna\/\" \/>\n<meta property=\"og:site_name\" content=\"Klettaborg\" \/>\n<meta name=\"twitter:card\" content=\"summary_large_image\" \/>\n<meta name=\"twitter:label1\" content=\"Est. reading time\" \/>\n\t<meta name=\"twitter:data1\" content=\"1 minute\" \/>\n<script type=\"application\/ld+json\" class=\"yoast-schema-graph\">{\"@context\":\"https:\/\/schema.org\",\"@graph\":[{\"@type\":\"WebPage\",\"@id\":\"https:\/\/dev.borgarbyggd.is\/klettaborg\/farsaeld-barna\/\",\"url\":\"https:\/\/dev.borgarbyggd.is\/klettaborg\/farsaeld-barna\/\",\"name\":\"Fars\u00e6ld barna - Klettaborg\",\"isPartOf\":{\"@id\":\"https:\/\/dev.borgarbyggd.is\/klettaborg\/#website\"},\"datePublished\":\"2024-03-27T10:39:56+00:00\",\"dateModified\":\"2024-03-27T10:39:56+00:00\",\"breadcrumb\":{\"@id\":\"https:\/\/dev.borgarbyggd.is\/klettaborg\/farsaeld-barna\/#breadcrumb\"},\"inLanguage\":\"is\",\"potentialAction\":[{\"@type\":\"ReadAction\",\"target\":[\"https:\/\/dev.borgarbyggd.is\/klettaborg\/farsaeld-barna\/\"]}]},{\"@type\":\"BreadcrumbList\",\"@id\":\"https:\/\/dev.borgarbyggd.is\/klettaborg\/farsaeld-barna\/#breadcrumb\",\"itemListElement\":[{\"@type\":\"ListItem\",\"position\":1,\"name\":\"Home\",\"item\":\"https:\/\/dev.borgarbyggd.is\/klettaborg\/\"},{\"@type\":\"ListItem\",\"position\":2,\"name\":\"Fars\u00e6ld barna\"}]},{\"@type\":\"WebSite\",\"@id\":\"https:\/\/dev.borgarbyggd.is\/klettaborg\/#website\",\"url\":\"https:\/\/dev.borgarbyggd.is\/klettaborg\/\",\"name\":\"Klettaborg\",\"description\":\"\",\"potentialAction\":[{\"@type\":\"SearchAction\",\"target\":{\"@type\":\"EntryPoint\",\"urlTemplate\":\"https:\/\/dev.borgarbyggd.is\/klettaborg\/?s={search_term_string}\"},\"query-input\":{\"@type\":\"PropertyValueSpecification\",\"valueRequired\":true,\"valueName\":\"search_term_string\"}}],\"inLanguage\":\"is\"}]}<\/script>\n<!-- \/ Yoast SEO plugin. -->","yoast_head_json":{"title":"Fars\u00e6ld barna - Klettaborg","robots":{"index":"noindex","follow":"follow","max-snippet":"max-snippet:-1","max-image-preview":"max-image-preview:large","max-video-preview":"max-video-preview:-1"},"og_locale":"is_IS","og_type":"article","og_title":"Fars\u00e6ld barna - Klettaborg","og_description":"\u00cd jan\u00faar 2022 t\u00f3ku gildi l\u00f6g um sam\u00fe\u00e6tta \u00fej\u00f3nustu \u00ed \u00fe\u00e1gu fars\u00e6ldar barna:\u00a0Fars\u00e6ldarl\u00f6gin L\u00f6gin var\u00f0a \u00f6ll b\u00f6rn og ungmenni \u00e1 \u00cdslandi \u00e1 aldrinum 0-18 \u00e1ra. Markmi\u00f0 laganna er a\u00f0 b\u00f6rn og foreldrar sem \u00e1 \u00feurfa a\u00f0 halda hafi a\u00f0gang a\u00f0 sam\u00fe\u00e6ttri \u00fej\u00f3nustu vi\u00f0 h\u00e6fi \u00e1n hindrana. Borgarbygg\u00f0 hefur teki\u00f0 markviss skref \u00ed innlei\u00f0ingarferlinu \u00ed samstarfi vi\u00f0 starfsmenn sveitarf\u00e9lagsins og a\u00f0ra ... Read More","og_url":"https:\/\/dev.borgarbyggd.is\/klettaborg\/farsaeld-barna\/","og_site_name":"Klettaborg","twitter_card":"summary_large_image","twitter_misc":{"Est. reading time":"1 minute"},"schema":{"@context":"https:\/\/schema.org","@graph":[{"@type":"WebPage","@id":"https:\/\/dev.borgarbyggd.is\/klettaborg\/farsaeld-barna\/","url":"https:\/\/dev.borgarbyggd.is\/klettaborg\/farsaeld-barna\/","name":"Fars\u00e6ld barna - Klettaborg","isPartOf":{"@id":"https:\/\/dev.borgarbyggd.is\/klettaborg\/#website"},"datePublished":"2024-03-27T10:39:56+00:00","dateModified":"2024-03-27T10:39:56+00:00","breadcrumb":{"@id":"https:\/\/dev.borgarbyggd.is\/klettaborg\/farsaeld-barna\/#breadcrumb"},"inLanguage":"is","potentialAction":[{"@type":"ReadAction","target":["https:\/\/dev.borgarbyggd.is\/klettaborg\/farsaeld-barna\/"]}]},{"@type":"BreadcrumbList","@id":"https:\/\/dev.borgarbyggd.is\/klettaborg\/farsaeld-barna\/#breadcrumb","itemListElement":[{"@type":"ListItem","position":1,"name":"Home","item":"https:\/\/dev.borgarbyggd.is\/klettaborg\/"},{"@type":"ListItem","position":2,"name":"Fars\u00e6ld barna"}]},{"@type":"WebSite","@id":"https:\/\/dev.borgarbyggd.is\/klettaborg\/#website","url":"https:\/\/dev.borgarbyggd.is\/klettaborg\/","name":"Klettaborg","description":"","potentialAction":[{"@type":"SearchAction","target":{"@type":"EntryPoint","urlTemplate":"https:\/\/dev.borgarbyggd.is\/klettaborg\/?s={search_term_string}"},"query-input":{"@type":"PropertyValueSpecification","valueRequired":true,"valueName":"search_term_string"}}],"inLanguage":"is"}]}},"_links":{"self":[{"href":"https:\/\/dev.borgarbyggd.is\/klettaborg\/wp-json\/wp\/v2\/pages\/404","targetHints":{"allow":["GET"]}}],"collection":[{"href":"https:\/\/dev.borgarbyggd.is\/klettaborg\/wp-json\/wp\/v2\/pages"}],"about":[{"href":"https:\/\/dev.borgarbyggd.is\/klettaborg\/wp-json\/wp\/v2\/types\/page"}],"author":[{"embeddable":true,"href":"https:\/\/dev.borgarbyggd.is\/klettaborg\/wp-json\/wp\/v2\/users\/14"}],"replies":[{"embeddable":true,"href":"https:\/\/dev.borgarbyggd.is\/klettaborg\/wp-json\/wp\/v2\/comments?post=404"}],"version-history":[{"count":0,"href":"https:\/\/dev.borgarbyggd.is\/klettaborg\/wp-json\/wp\/v2\/pages\/404\/revisions"}],"wp:attachment":[{"href":"https:\/\/dev.borgarbyggd.is\/klettaborg\/wp-json\/wp\/v2\/media?parent=404"}],"curies":[{"name":"wp","href":"https:\/\/api.w.org\/{rel}","templated":true}]}}