{"id":396,"date":"2024-03-27T10:02:49","date_gmt":"2024-03-27T10:02:49","guid":{"rendered":"https:\/\/dev.borgarbyggd.is\/klettaborg\/?page_id=396"},"modified":"2026-03-20T13:43:55","modified_gmt":"2026-03-20T13:43:55","slug":"foreldrarad","status":"publish","type":"page","link":"https:\/\/dev.borgarbyggd.is\/klettaborg\/foreldrar\/foreldrarad\/","title":{"rendered":"Foreldrar\u00e1\u00f0"},"content":{"rendered":"<p>\u00cd l\u00f6gum um leiksk\u00f3la segir &#8222;kj\u00f3sa skal foreldrar\u00e1\u00f0 vi\u00f0 leiksk\u00f3la og skal leiksk\u00f3lastj\u00f3ri hafa frumkv\u00e6\u00f0i a\u00f0 kosningu \u00ed r\u00e1\u00f0i\u00f0. \u00cd foreldrar\u00e1\u00f0i sitja a\u00f0 l\u00e1gmarki \u00fer\u00edr foreldrar. Skal kosning til foreldrar\u00e1\u00f0s fara fram \u00ed september \u00e1 \u00e1ri hverju og skal kosi\u00f0 til eins \u00e1rs \u00ed senn. Foreldrar\u00e1\u00f0 setur s\u00e9r starfsreglur. Leiksk\u00f3lastj\u00f3ra ber a\u00f0 starfa me\u00f0 foreldrar\u00e1\u00f0i. Leiksk\u00f3lastj\u00f3ri getur s\u00f3tt um undan\u00fe\u00e1gu til sveitarf\u00e9lags um stofnun foreldrar\u00e1\u00f0s ef gildar \u00e1st\u00e6\u00f0ur eru fyrir hendi, svo sem vegna f\u00e1mennis \u00ed leiksk\u00f3la&#8220;.<\/p>\n<p><strong>\u00cd foreldrar\u00e1\u00f0i leiksk\u00f3lans fyrir sk\u00f3la\u00e1ri\u00f0 2025-2026 eru \u00e1samt leiksk\u00f3lastj\u00f3ra:<\/strong><\/p>\n<ul>\n<li>Hafd\u00eds L\u00e1ra Halld\u00f3rsd\u00f3ttir<\/li>\n<li>Erla Katr\u00edn Kjartansd\u00f3ttir<\/li>\n<li>\u00cdsak Sigurj\u00f3n Bragason<\/li>\n<\/ul>\n<p><a href=\"https:\/\/dev.borgarbyggd.is\/klettaborg\/wp-content\/uploads\/sites\/12\/2024\/03\/Foreldrarad-leikskolans-Klettaborgar-1.pdf\">Foreldrar\u00e1\u00f0 leiksk\u00f3lans Klettaborgar<\/a><\/p>\n","protected":false},"excerpt":{"rendered":"<p>\u00cd l\u00f6gum um leiksk\u00f3la segir &#8222;kj\u00f3sa skal foreldrar\u00e1\u00f0 vi\u00f0 leiksk\u00f3la og skal leiksk\u00f3lastj\u00f3ri hafa frumkv\u00e6\u00f0i a\u00f0 kosningu \u00ed r\u00e1\u00f0i\u00f0. \u00cd foreldrar\u00e1\u00f0i sitja a\u00f0 l\u00e1gmarki \u00fer\u00edr foreldrar. Skal kosning til foreldrar\u00e1\u00f0s fara fram \u00ed september \u00e1 \u00e1ri hverju og skal kosi\u00f0 til eins \u00e1rs \u00ed senn. Foreldrar\u00e1\u00f0 setur s\u00e9r starfsreglur. Leiksk\u00f3lastj\u00f3ra ber a\u00f0 starfa me\u00f0 foreldrar\u00e1\u00f0i. Leiksk\u00f3lastj\u00f3ri getur s\u00f3tt um undan\u00fe\u00e1gu &#8230; <\/p>\n<div><a href=\"https:\/\/dev.borgarbyggd.is\/klettaborg\/foreldrar\/foreldrarad\/\" class=\"more-link\">Read More<\/a><\/div>\n","protected":false},"author":14,"featured_media":0,"parent":31,"menu_order":0,"comment_status":"closed","ping_status":"closed","template":"","meta":{"_acf_changed":false,"footnotes":""},"class_list":["post-396","page","type-page","status-publish","hentry","no-post-thumbnail"],"acf":{"quickaccess":false},"yoast_head":"<!-- This site is optimized with the Yoast SEO plugin v24.0 - https:\/\/yoast.com\/wordpress\/plugins\/seo\/ -->\n<title>Foreldrar\u00e1\u00f0 - Klettaborg<\/title>\n<meta name=\"robots\" content=\"noindex, follow, max-snippet:-1, max-image-preview:large, max-video-preview:-1\" \/>\n<meta property=\"og:locale\" content=\"is_IS\" \/>\n<meta property=\"og:type\" content=\"article\" \/>\n<meta property=\"og:title\" content=\"Foreldrar\u00e1\u00f0 - Klettaborg\" \/>\n<meta property=\"og:description\" content=\"\u00cd l\u00f6gum um leiksk\u00f3la segir &#8222;kj\u00f3sa skal foreldrar\u00e1\u00f0 vi\u00f0 leiksk\u00f3la og skal leiksk\u00f3lastj\u00f3ri hafa frumkv\u00e6\u00f0i a\u00f0 kosningu \u00ed r\u00e1\u00f0i\u00f0. \u00cd foreldrar\u00e1\u00f0i sitja a\u00f0 l\u00e1gmarki \u00fer\u00edr foreldrar. Skal kosning til foreldrar\u00e1\u00f0s fara fram \u00ed september \u00e1 \u00e1ri hverju og skal kosi\u00f0 til eins \u00e1rs \u00ed senn. Foreldrar\u00e1\u00f0 setur s\u00e9r starfsreglur. Leiksk\u00f3lastj\u00f3ra ber a\u00f0 starfa me\u00f0 foreldrar\u00e1\u00f0i. Leiksk\u00f3lastj\u00f3ri getur s\u00f3tt um undan\u00fe\u00e1gu ... Read More\" \/>\n<meta property=\"og:url\" content=\"https:\/\/dev.borgarbyggd.is\/klettaborg\/foreldrar\/foreldrarad\/\" \/>\n<meta property=\"og:site_name\" content=\"Klettaborg\" \/>\n<meta property=\"article:modified_time\" content=\"2026-03-20T13:43:55+00:00\" \/>\n<meta name=\"twitter:card\" content=\"summary_large_image\" \/>\n<meta name=\"twitter:label1\" content=\"Est. reading time\" \/>\n\t<meta name=\"twitter:data1\" content=\"1 minute\" \/>\n<script type=\"application\/ld+json\" class=\"yoast-schema-graph\">{\"@context\":\"https:\/\/schema.org\",\"@graph\":[{\"@type\":\"WebPage\",\"@id\":\"https:\/\/dev.borgarbyggd.is\/klettaborg\/foreldrar\/foreldrarad\/\",\"url\":\"https:\/\/dev.borgarbyggd.is\/klettaborg\/foreldrar\/foreldrarad\/\",\"name\":\"Foreldrar\u00e1\u00f0 - Klettaborg\",\"isPartOf\":{\"@id\":\"https:\/\/dev.borgarbyggd.is\/klettaborg\/#website\"},\"datePublished\":\"2024-03-27T10:02:49+00:00\",\"dateModified\":\"2026-03-20T13:43:55+00:00\",\"breadcrumb\":{\"@id\":\"https:\/\/dev.borgarbyggd.is\/klettaborg\/foreldrar\/foreldrarad\/#breadcrumb\"},\"inLanguage\":\"is\",\"potentialAction\":[{\"@type\":\"ReadAction\",\"target\":[\"https:\/\/dev.borgarbyggd.is\/klettaborg\/foreldrar\/foreldrarad\/\"]}]},{\"@type\":\"BreadcrumbList\",\"@id\":\"https:\/\/dev.borgarbyggd.is\/klettaborg\/foreldrar\/foreldrarad\/#breadcrumb\",\"itemListElement\":[{\"@type\":\"ListItem\",\"position\":1,\"name\":\"Home\",\"item\":\"https:\/\/dev.borgarbyggd.is\/klettaborg\/\"},{\"@type\":\"ListItem\",\"position\":2,\"name\":\"Foreldrar\",\"item\":\"https:\/\/dev.borgarbyggd.is\/klettaborg\/foreldrar\/\"},{\"@type\":\"ListItem\",\"position\":3,\"name\":\"Foreldrar\u00e1\u00f0\"}]},{\"@type\":\"WebSite\",\"@id\":\"https:\/\/dev.borgarbyggd.is\/klettaborg\/#website\",\"url\":\"https:\/\/dev.borgarbyggd.is\/klettaborg\/\",\"name\":\"Klettaborg\",\"description\":\"\",\"potentialAction\":[{\"@type\":\"SearchAction\",\"target\":{\"@type\":\"EntryPoint\",\"urlTemplate\":\"https:\/\/dev.borgarbyggd.is\/klettaborg\/?s={search_term_string}\"},\"query-input\":{\"@type\":\"PropertyValueSpecification\",\"valueRequired\":true,\"valueName\":\"search_term_string\"}}],\"inLanguage\":\"is\"}]}<\/script>\n<!-- \/ Yoast SEO plugin. -->","yoast_head_json":{"title":"Foreldrar\u00e1\u00f0 - Klettaborg","robots":{"index":"noindex","follow":"follow","max-snippet":"max-snippet:-1","max-image-preview":"max-image-preview:large","max-video-preview":"max-video-preview:-1"},"og_locale":"is_IS","og_type":"article","og_title":"Foreldrar\u00e1\u00f0 - Klettaborg","og_description":"\u00cd l\u00f6gum um leiksk\u00f3la segir &#8222;kj\u00f3sa skal foreldrar\u00e1\u00f0 vi\u00f0 leiksk\u00f3la og skal leiksk\u00f3lastj\u00f3ri hafa frumkv\u00e6\u00f0i a\u00f0 kosningu \u00ed r\u00e1\u00f0i\u00f0. \u00cd foreldrar\u00e1\u00f0i sitja a\u00f0 l\u00e1gmarki \u00fer\u00edr foreldrar. Skal kosning til foreldrar\u00e1\u00f0s fara fram \u00ed september \u00e1 \u00e1ri hverju og skal kosi\u00f0 til eins \u00e1rs \u00ed senn. Foreldrar\u00e1\u00f0 setur s\u00e9r starfsreglur. Leiksk\u00f3lastj\u00f3ra ber a\u00f0 starfa me\u00f0 foreldrar\u00e1\u00f0i. Leiksk\u00f3lastj\u00f3ri getur s\u00f3tt um undan\u00fe\u00e1gu ... Read More","og_url":"https:\/\/dev.borgarbyggd.is\/klettaborg\/foreldrar\/foreldrarad\/","og_site_name":"Klettaborg","article_modified_time":"2026-03-20T13:43:55+00:00","twitter_card":"summary_large_image","twitter_misc":{"Est. reading time":"1 minute"},"schema":{"@context":"https:\/\/schema.org","@graph":[{"@type":"WebPage","@id":"https:\/\/dev.borgarbyggd.is\/klettaborg\/foreldrar\/foreldrarad\/","url":"https:\/\/dev.borgarbyggd.is\/klettaborg\/foreldrar\/foreldrarad\/","name":"Foreldrar\u00e1\u00f0 - Klettaborg","isPartOf":{"@id":"https:\/\/dev.borgarbyggd.is\/klettaborg\/#website"},"datePublished":"2024-03-27T10:02:49+00:00","dateModified":"2026-03-20T13:43:55+00:00","breadcrumb":{"@id":"https:\/\/dev.borgarbyggd.is\/klettaborg\/foreldrar\/foreldrarad\/#breadcrumb"},"inLanguage":"is","potentialAction":[{"@type":"ReadAction","target":["https:\/\/dev.borgarbyggd.is\/klettaborg\/foreldrar\/foreldrarad\/"]}]},{"@type":"BreadcrumbList","@id":"https:\/\/dev.borgarbyggd.is\/klettaborg\/foreldrar\/foreldrarad\/#breadcrumb","itemListElement":[{"@type":"ListItem","position":1,"name":"Home","item":"https:\/\/dev.borgarbyggd.is\/klettaborg\/"},{"@type":"ListItem","position":2,"name":"Foreldrar","item":"https:\/\/dev.borgarbyggd.is\/klettaborg\/foreldrar\/"},{"@type":"ListItem","position":3,"name":"Foreldrar\u00e1\u00f0"}]},{"@type":"WebSite","@id":"https:\/\/dev.borgarbyggd.is\/klettaborg\/#website","url":"https:\/\/dev.borgarbyggd.is\/klettaborg\/","name":"Klettaborg","description":"","potentialAction":[{"@type":"SearchAction","target":{"@type":"EntryPoint","urlTemplate":"https:\/\/dev.borgarbyggd.is\/klettaborg\/?s={search_term_string}"},"query-input":{"@type":"PropertyValueSpecification","valueRequired":true,"valueName":"search_term_string"}}],"inLanguage":"is"}]}},"_links":{"self":[{"href":"https:\/\/dev.borgarbyggd.is\/klettaborg\/wp-json\/wp\/v2\/pages\/396","targetHints":{"allow":["GET"]}}],"collection":[{"href":"https:\/\/dev.borgarbyggd.is\/klettaborg\/wp-json\/wp\/v2\/pages"}],"about":[{"href":"https:\/\/dev.borgarbyggd.is\/klettaborg\/wp-json\/wp\/v2\/types\/page"}],"author":[{"embeddable":true,"href":"https:\/\/dev.borgarbyggd.is\/klettaborg\/wp-json\/wp\/v2\/users\/14"}],"replies":[{"embeddable":true,"href":"https:\/\/dev.borgarbyggd.is\/klettaborg\/wp-json\/wp\/v2\/comments?post=396"}],"version-history":[{"count":0,"href":"https:\/\/dev.borgarbyggd.is\/klettaborg\/wp-json\/wp\/v2\/pages\/396\/revisions"}],"up":[{"embeddable":true,"href":"https:\/\/dev.borgarbyggd.is\/klettaborg\/wp-json\/wp\/v2\/pages\/31"}],"wp:attachment":[{"href":"https:\/\/dev.borgarbyggd.is\/klettaborg\/wp-json\/wp\/v2\/media?parent=396"}],"curies":[{"name":"wp","href":"https:\/\/api.w.org\/{rel}","templated":true}]}}