{"id":392,"date":"2024-03-27T09:47:23","date_gmt":"2024-03-27T09:47:23","guid":{"rendered":"https:\/\/dev.borgarbyggd.is\/klettaborg\/?page_id=392"},"modified":"2026-02-19T14:44:26","modified_gmt":"2026-02-19T14:44:26","slug":"foreldrafelag","status":"publish","type":"page","link":"https:\/\/dev.borgarbyggd.is\/klettaborg\/foreldrar\/foreldrafelag\/","title":{"rendered":"Foreldraf\u00e9lag"},"content":{"rendered":"<p>Vi\u00f0 leiksk\u00f3lann er starfandi foreldraf\u00e9lag sem hefur \u00ed samvinnu vi\u00f0 leiksk\u00f3lann bo\u00f0i\u00f0 b\u00f6rnunum upp \u00e1 \u00fdmsa tilbreytingu s.s. leiks\u00fdningar, danskennslu o.fl.<\/p>\n<p><strong>Foreldrar allra barna \u00ed leiksk\u00f3lanum eru \u00ed foreldraf\u00e9laginu og er gjald innheimt me\u00f0 g\u00edr\u00f3se\u00f0li tvisvar \u00e1 \u00e1ri.<\/strong><\/p>\n<p><u><strong>Stj\u00f3rn foreldraf\u00e9lagsins sk\u00f3la\u00e1ri\u00f0 2025-2026<\/strong><\/u><\/p>\n<p><strong>Hafd\u00eds L\u00e1ra Halld\u00f3rsd\u00f3ttir\u00a0<\/strong><\/p>\n<p><strong>Gu\u00f0r\u00ed\u00f0ur Hl\u00edf Sigf\u00fasd\u00f3ttir\u00a0<\/strong><\/p>\n<p><strong>Br\u00e1 Atlad\u00f3ttir<\/strong><\/p>\n<p><strong>Andri M\u00e1r Skagfield J\u00f3nsson<\/strong><\/p>\n<div class=\"hlekkur_a_skjal\" style=\"text-align: left;\"><a style=\"max-width: 100%;\" href=\"https:\/\/dev.borgarbyggd.is\/klettaborg\/wp-content\/uploads\/sites\/12\/2024\/03\/Starfsemi-og-log-foreldrafelagsins.pdf\">Starfsemi og l\u00f6g foreldraf\u00e9lagsins<\/a><\/div>\n","protected":false},"excerpt":{"rendered":"<p>Vi\u00f0 leiksk\u00f3lann er starfandi foreldraf\u00e9lag sem hefur \u00ed samvinnu vi\u00f0 leiksk\u00f3lann bo\u00f0i\u00f0 b\u00f6rnunum upp \u00e1 \u00fdmsa tilbreytingu s.s. leiks\u00fdningar, danskennslu o.fl. Foreldrar allra barna \u00ed leiksk\u00f3lanum eru \u00ed foreldraf\u00e9laginu og er gjald innheimt me\u00f0 g\u00edr\u00f3se\u00f0li tvisvar \u00e1 \u00e1ri. Stj\u00f3rn foreldraf\u00e9lagsins sk\u00f3la\u00e1ri\u00f0 2025-2026 Hafd\u00eds L\u00e1ra Halld\u00f3rsd\u00f3ttir\u00a0 Gu\u00f0r\u00ed\u00f0ur Hl\u00edf Sigf\u00fasd\u00f3ttir\u00a0 Br\u00e1 Atlad\u00f3ttir Andri M\u00e1r Skagfield J\u00f3nsson<\/p>\n","protected":false},"author":14,"featured_media":0,"parent":31,"menu_order":0,"comment_status":"closed","ping_status":"closed","template":"","meta":{"_acf_changed":false,"footnotes":""},"class_list":["post-392","page","type-page","status-publish","hentry","no-post-thumbnail"],"acf":{"quickaccess":false},"yoast_head":"<!-- This site is optimized with the Yoast SEO plugin v24.0 - https:\/\/yoast.com\/wordpress\/plugins\/seo\/ -->\n<title>Foreldraf\u00e9lag - Klettaborg<\/title>\n<meta name=\"robots\" content=\"noindex, follow, max-snippet:-1, max-image-preview:large, max-video-preview:-1\" \/>\n<meta property=\"og:locale\" content=\"is_IS\" \/>\n<meta property=\"og:type\" content=\"article\" \/>\n<meta property=\"og:title\" content=\"Foreldraf\u00e9lag - Klettaborg\" \/>\n<meta property=\"og:description\" content=\"Vi\u00f0 leiksk\u00f3lann er starfandi foreldraf\u00e9lag sem hefur \u00ed samvinnu vi\u00f0 leiksk\u00f3lann bo\u00f0i\u00f0 b\u00f6rnunum upp \u00e1 \u00fdmsa tilbreytingu s.s. leiks\u00fdningar, danskennslu o.fl. Foreldrar allra barna \u00ed leiksk\u00f3lanum eru \u00ed foreldraf\u00e9laginu og er gjald innheimt me\u00f0 g\u00edr\u00f3se\u00f0li tvisvar \u00e1 \u00e1ri. Stj\u00f3rn foreldraf\u00e9lagsins sk\u00f3la\u00e1ri\u00f0 2025-2026 Hafd\u00eds L\u00e1ra Halld\u00f3rsd\u00f3ttir\u00a0 Gu\u00f0r\u00ed\u00f0ur Hl\u00edf Sigf\u00fasd\u00f3ttir\u00a0 Br\u00e1 Atlad\u00f3ttir Andri M\u00e1r Skagfield J\u00f3nsson\" \/>\n<meta property=\"og:url\" content=\"https:\/\/dev.borgarbyggd.is\/klettaborg\/foreldrar\/foreldrafelag\/\" \/>\n<meta property=\"og:site_name\" content=\"Klettaborg\" \/>\n<meta property=\"article:modified_time\" content=\"2026-02-19T14:44:26+00:00\" \/>\n<meta name=\"twitter:card\" content=\"summary_large_image\" \/>\n<meta name=\"twitter:label1\" content=\"Est. reading time\" \/>\n\t<meta name=\"twitter:data1\" content=\"1 minute\" \/>\n<script type=\"application\/ld+json\" class=\"yoast-schema-graph\">{\"@context\":\"https:\/\/schema.org\",\"@graph\":[{\"@type\":\"WebPage\",\"@id\":\"https:\/\/dev.borgarbyggd.is\/klettaborg\/foreldrar\/foreldrafelag\/\",\"url\":\"https:\/\/dev.borgarbyggd.is\/klettaborg\/foreldrar\/foreldrafelag\/\",\"name\":\"Foreldraf\u00e9lag - Klettaborg\",\"isPartOf\":{\"@id\":\"https:\/\/dev.borgarbyggd.is\/klettaborg\/#website\"},\"datePublished\":\"2024-03-27T09:47:23+00:00\",\"dateModified\":\"2026-02-19T14:44:26+00:00\",\"breadcrumb\":{\"@id\":\"https:\/\/dev.borgarbyggd.is\/klettaborg\/foreldrar\/foreldrafelag\/#breadcrumb\"},\"inLanguage\":\"is\",\"potentialAction\":[{\"@type\":\"ReadAction\",\"target\":[\"https:\/\/dev.borgarbyggd.is\/klettaborg\/foreldrar\/foreldrafelag\/\"]}]},{\"@type\":\"BreadcrumbList\",\"@id\":\"https:\/\/dev.borgarbyggd.is\/klettaborg\/foreldrar\/foreldrafelag\/#breadcrumb\",\"itemListElement\":[{\"@type\":\"ListItem\",\"position\":1,\"name\":\"Home\",\"item\":\"https:\/\/dev.borgarbyggd.is\/klettaborg\/\"},{\"@type\":\"ListItem\",\"position\":2,\"name\":\"Foreldrar\",\"item\":\"https:\/\/dev.borgarbyggd.is\/klettaborg\/foreldrar\/\"},{\"@type\":\"ListItem\",\"position\":3,\"name\":\"Foreldraf\u00e9lag\"}]},{\"@type\":\"WebSite\",\"@id\":\"https:\/\/dev.borgarbyggd.is\/klettaborg\/#website\",\"url\":\"https:\/\/dev.borgarbyggd.is\/klettaborg\/\",\"name\":\"Klettaborg\",\"description\":\"\",\"potentialAction\":[{\"@type\":\"SearchAction\",\"target\":{\"@type\":\"EntryPoint\",\"urlTemplate\":\"https:\/\/dev.borgarbyggd.is\/klettaborg\/?s={search_term_string}\"},\"query-input\":{\"@type\":\"PropertyValueSpecification\",\"valueRequired\":true,\"valueName\":\"search_term_string\"}}],\"inLanguage\":\"is\"}]}<\/script>\n<!-- \/ Yoast SEO plugin. -->","yoast_head_json":{"title":"Foreldraf\u00e9lag - Klettaborg","robots":{"index":"noindex","follow":"follow","max-snippet":"max-snippet:-1","max-image-preview":"max-image-preview:large","max-video-preview":"max-video-preview:-1"},"og_locale":"is_IS","og_type":"article","og_title":"Foreldraf\u00e9lag - Klettaborg","og_description":"Vi\u00f0 leiksk\u00f3lann er starfandi foreldraf\u00e9lag sem hefur \u00ed samvinnu vi\u00f0 leiksk\u00f3lann bo\u00f0i\u00f0 b\u00f6rnunum upp \u00e1 \u00fdmsa tilbreytingu s.s. leiks\u00fdningar, danskennslu o.fl. Foreldrar allra barna \u00ed leiksk\u00f3lanum eru \u00ed foreldraf\u00e9laginu og er gjald innheimt me\u00f0 g\u00edr\u00f3se\u00f0li tvisvar \u00e1 \u00e1ri. Stj\u00f3rn foreldraf\u00e9lagsins sk\u00f3la\u00e1ri\u00f0 2025-2026 Hafd\u00eds L\u00e1ra Halld\u00f3rsd\u00f3ttir\u00a0 Gu\u00f0r\u00ed\u00f0ur Hl\u00edf Sigf\u00fasd\u00f3ttir\u00a0 Br\u00e1 Atlad\u00f3ttir Andri M\u00e1r Skagfield J\u00f3nsson","og_url":"https:\/\/dev.borgarbyggd.is\/klettaborg\/foreldrar\/foreldrafelag\/","og_site_name":"Klettaborg","article_modified_time":"2026-02-19T14:44:26+00:00","twitter_card":"summary_large_image","twitter_misc":{"Est. reading time":"1 minute"},"schema":{"@context":"https:\/\/schema.org","@graph":[{"@type":"WebPage","@id":"https:\/\/dev.borgarbyggd.is\/klettaborg\/foreldrar\/foreldrafelag\/","url":"https:\/\/dev.borgarbyggd.is\/klettaborg\/foreldrar\/foreldrafelag\/","name":"Foreldraf\u00e9lag - Klettaborg","isPartOf":{"@id":"https:\/\/dev.borgarbyggd.is\/klettaborg\/#website"},"datePublished":"2024-03-27T09:47:23+00:00","dateModified":"2026-02-19T14:44:26+00:00","breadcrumb":{"@id":"https:\/\/dev.borgarbyggd.is\/klettaborg\/foreldrar\/foreldrafelag\/#breadcrumb"},"inLanguage":"is","potentialAction":[{"@type":"ReadAction","target":["https:\/\/dev.borgarbyggd.is\/klettaborg\/foreldrar\/foreldrafelag\/"]}]},{"@type":"BreadcrumbList","@id":"https:\/\/dev.borgarbyggd.is\/klettaborg\/foreldrar\/foreldrafelag\/#breadcrumb","itemListElement":[{"@type":"ListItem","position":1,"name":"Home","item":"https:\/\/dev.borgarbyggd.is\/klettaborg\/"},{"@type":"ListItem","position":2,"name":"Foreldrar","item":"https:\/\/dev.borgarbyggd.is\/klettaborg\/foreldrar\/"},{"@type":"ListItem","position":3,"name":"Foreldraf\u00e9lag"}]},{"@type":"WebSite","@id":"https:\/\/dev.borgarbyggd.is\/klettaborg\/#website","url":"https:\/\/dev.borgarbyggd.is\/klettaborg\/","name":"Klettaborg","description":"","potentialAction":[{"@type":"SearchAction","target":{"@type":"EntryPoint","urlTemplate":"https:\/\/dev.borgarbyggd.is\/klettaborg\/?s={search_term_string}"},"query-input":{"@type":"PropertyValueSpecification","valueRequired":true,"valueName":"search_term_string"}}],"inLanguage":"is"}]}},"_links":{"self":[{"href":"https:\/\/dev.borgarbyggd.is\/klettaborg\/wp-json\/wp\/v2\/pages\/392","targetHints":{"allow":["GET"]}}],"collection":[{"href":"https:\/\/dev.borgarbyggd.is\/klettaborg\/wp-json\/wp\/v2\/pages"}],"about":[{"href":"https:\/\/dev.borgarbyggd.is\/klettaborg\/wp-json\/wp\/v2\/types\/page"}],"author":[{"embeddable":true,"href":"https:\/\/dev.borgarbyggd.is\/klettaborg\/wp-json\/wp\/v2\/users\/14"}],"replies":[{"embeddable":true,"href":"https:\/\/dev.borgarbyggd.is\/klettaborg\/wp-json\/wp\/v2\/comments?post=392"}],"version-history":[{"count":0,"href":"https:\/\/dev.borgarbyggd.is\/klettaborg\/wp-json\/wp\/v2\/pages\/392\/revisions"}],"up":[{"embeddable":true,"href":"https:\/\/dev.borgarbyggd.is\/klettaborg\/wp-json\/wp\/v2\/pages\/31"}],"wp:attachment":[{"href":"https:\/\/dev.borgarbyggd.is\/klettaborg\/wp-json\/wp\/v2\/media?parent=392"}],"curies":[{"name":"wp","href":"https:\/\/api.w.org\/{rel}","templated":true}]}}