{"id":32,"date":"2023-08-16T15:06:00","date_gmt":"2023-08-16T15:06:00","guid":{"rendered":"https:\/\/dev.borgarbyggd.is\/klettaborg\/?page_id=32"},"modified":"2024-03-27T11:31:08","modified_gmt":"2024-03-27T11:31:08","slug":"skolastarfid","status":"publish","type":"page","link":"https:\/\/dev.borgarbyggd.is\/klettaborg\/skolastarfid\/","title":{"rendered":"Sk\u00f3lastarf"},"content":{"rendered":"<h2>Uppeldisleg s\u00fdn leiksk\u00f3lans<\/h2>\n<p>Bernsku\u00e1rin eru \u00feroskaskei\u00f0 sem ber a\u00f0 vir\u00f0a og taka fullt tillit til. Hvert barn er einstakt og \u00fearf a\u00f0 f\u00e1 a\u00f0 r\u00e6kta h\u00e6fileika s\u00edna.<\/p>\n<p>\u00cd Klettaborg er barni\u00f0 alltaf \u00ed brennidepli og \u00e1 a\u00f0 f\u00e1 a\u00f0 \u00feroskast og m\u00f3tast \u00e1 eigin forsendum. Barni\u00f0 er hvatt til a\u00f0 reyna sj\u00e1lft og fikra sig \u00feannig \u00e1fram, \u00fea\u00f0 er \u00fe\u00e1tttakandi \u00ed a\u00f0 m\u00f3ta eigin ver\u00f6ld, \u00fear sem r\u00f6dd \u00feess f\u00e6r a\u00f0 hlj\u00f3ma og \u00e1 hana er hlusta\u00f0.<\/p>\n<p>Vi\u00f0 viljum \u00ed samvinnu vi\u00f0 heimilin sj\u00e1 sj\u00e1lfst\u00e6\u00f0an, hamingjusaman, skapandi og aga\u00f0an einstakling me\u00f0 j\u00e1kv\u00e6\u00f0a sj\u00e1lfsmynd, sem tj\u00e1ir tilfinningar s\u00ednar, vir\u00f0ir sko\u00f0anir og tekur tillit til annarra.<\/p>\n<p>Um\u00f6nnun og daglegar venjur eru st\u00f3r hluti leiksk\u00f3lastarfsins. Um\u00f6nnun er f\u00f3lgin \u00ed \u00fev\u00ed a\u00f0 annast b\u00f6rnin l\u00edkamlega og andlega af hl\u00fdju, \u00e1huga og \u00e1byrg\u00f0arkennd en vi\u00f0 \u00fea\u00f0 skapast tilfinningatengsl og tr\u00fana\u00f0artraust. \u00cd hinu daglega leiksk\u00f3lastarfi er teki\u00f0 mi\u00f0 af \u00feroska barnanna, aldri, \u00fe\u00f6rfum og dvalart\u00edma. Leiksk\u00f3lastarfi\u00f0 er sveigjanlegt og tekur mi\u00f0 af reynslu, \u00e1huga og \u00feroska \u00f3l\u00edkra barna.<\/p>\n<p><b>Einkunnaror\u00f0 leiksk\u00f3lans eru: sj\u00e1lfst\u00e6\u00f0i \u2013 vir\u00f0ing \u2013 gle\u00f0i.<\/b><a name=\"_Toc443048616\"><\/a><a name=\"_Toc442432696\"><\/a><a name=\"_Toc424042613\"><\/a><\/p>\n<h2>Lei\u00f0arlj\u00f3s\/hugmyndafr\u00e6\u00f0i<\/h2>\n<p>\u00cd Klettaborg er unni\u00f0 samkv\u00e6mt framfarastefnu John Dewey og Lei\u00f0toganum \u00ed m\u00e9r\/The Leader in Me sem er hugmyndafr\u00e6\u00f0i fyrir sk\u00f3la sem byggir \u00e1 b\u00f3k Steven R. Covey \u201eThe 7 Habits of Highly Effective People\u201c.<a name=\"_Toc443048617\"><\/a><a name=\"_Toc442432697\"><\/a><a name=\"_Toc424042619\"><\/a><\/p>\n<h2>\u00c1herslur \u00ed starfi:<\/h2>\n<p>Samkv\u00e6mt a\u00f0aln\u00e1mskr\u00e1 \u00e1 leiksk\u00f3li a\u00f0 vera l\u00fd\u00f0r\u00e6\u00f0islegur vettvangur og l\u00e6rd\u00f3mssamf\u00e9lag \u00fear sem kennarar, foreldrar og b\u00f6rn eru virkir \u00fe\u00e1tttakendur og leitast er eftir \u00fev\u00ed a\u00f0 r\u00f6dd allra f\u00e1i a\u00f0 hlj\u00f3ma.<\/p>\n<p><b>\u00c1hersluatri\u00f0i \u00ed leiksk\u00f3lastarfinu eru: einstaklingsmi\u00f0a\u00f0 n\u00e1m, lei\u00f0togah\u00e6fni, leiksk\u00f3lal\u00e6si og heilsuefling.<\/b><\/p>\n","protected":false},"excerpt":{"rendered":"<p>Uppeldisleg s\u00fdn leiksk\u00f3lans Bernsku\u00e1rin eru \u00feroskaskei\u00f0 sem ber a\u00f0 vir\u00f0a og taka fullt tillit til. Hvert barn er einstakt og \u00fearf a\u00f0 f\u00e1 a\u00f0 r\u00e6kta h\u00e6fileika s\u00edna. \u00cd Klettaborg er barni\u00f0 alltaf \u00ed brennidepli og \u00e1 a\u00f0 f\u00e1 a\u00f0 \u00feroskast og m\u00f3tast \u00e1 eigin forsendum. Barni\u00f0 er hvatt til a\u00f0 reyna sj\u00e1lft og fikra sig \u00feannig \u00e1fram, \u00fea\u00f0 er \u00fe\u00e1tttakandi &#8230; <\/p>\n<div><a href=\"https:\/\/dev.borgarbyggd.is\/klettaborg\/skolastarfid\/\" class=\"more-link\">Read More<\/a><\/div>\n","protected":false},"author":4,"featured_media":0,"parent":0,"menu_order":0,"comment_status":"closed","ping_status":"closed","template":"","meta":{"_acf_changed":false,"footnotes":""},"class_list":["post-32","page","type-page","status-publish","hentry","no-post-thumbnail"],"acf":{"quickaccess":false},"yoast_head":"<!-- This site is optimized with the Yoast SEO plugin v24.0 - https:\/\/yoast.com\/wordpress\/plugins\/seo\/ -->\n<title>Sk\u00f3lastarf - Klettaborg<\/title>\n<meta name=\"robots\" content=\"noindex, follow, max-snippet:-1, max-image-preview:large, max-video-preview:-1\" \/>\n<meta property=\"og:locale\" content=\"is_IS\" \/>\n<meta property=\"og:type\" content=\"article\" \/>\n<meta property=\"og:title\" content=\"Sk\u00f3lastarf - Klettaborg\" \/>\n<meta property=\"og:description\" content=\"Uppeldisleg s\u00fdn leiksk\u00f3lans Bernsku\u00e1rin eru \u00feroskaskei\u00f0 sem ber a\u00f0 vir\u00f0a og taka fullt tillit til. Hvert barn er einstakt og \u00fearf a\u00f0 f\u00e1 a\u00f0 r\u00e6kta h\u00e6fileika s\u00edna. \u00cd Klettaborg er barni\u00f0 alltaf \u00ed brennidepli og \u00e1 a\u00f0 f\u00e1 a\u00f0 \u00feroskast og m\u00f3tast \u00e1 eigin forsendum. Barni\u00f0 er hvatt til a\u00f0 reyna sj\u00e1lft og fikra sig \u00feannig \u00e1fram, \u00fea\u00f0 er \u00fe\u00e1tttakandi ... Read More\" \/>\n<meta property=\"og:url\" content=\"https:\/\/dev.borgarbyggd.is\/klettaborg\/skolastarfid\/\" \/>\n<meta property=\"og:site_name\" content=\"Klettaborg\" \/>\n<meta property=\"article:modified_time\" content=\"2024-03-27T11:31:08+00:00\" \/>\n<meta name=\"twitter:card\" content=\"summary_large_image\" \/>\n<meta name=\"twitter:label1\" content=\"Est. reading time\" \/>\n\t<meta name=\"twitter:data1\" content=\"2 minutes\" \/>\n<script type=\"application\/ld+json\" class=\"yoast-schema-graph\">{\"@context\":\"https:\/\/schema.org\",\"@graph\":[{\"@type\":\"WebPage\",\"@id\":\"https:\/\/dev.borgarbyggd.is\/klettaborg\/skolastarfid\/\",\"url\":\"https:\/\/dev.borgarbyggd.is\/klettaborg\/skolastarfid\/\",\"name\":\"Sk\u00f3lastarf - Klettaborg\",\"isPartOf\":{\"@id\":\"https:\/\/dev.borgarbyggd.is\/klettaborg\/#website\"},\"datePublished\":\"2023-08-16T15:06:00+00:00\",\"dateModified\":\"2024-03-27T11:31:08+00:00\",\"breadcrumb\":{\"@id\":\"https:\/\/dev.borgarbyggd.is\/klettaborg\/skolastarfid\/#breadcrumb\"},\"inLanguage\":\"is\",\"potentialAction\":[{\"@type\":\"ReadAction\",\"target\":[\"https:\/\/dev.borgarbyggd.is\/klettaborg\/skolastarfid\/\"]}]},{\"@type\":\"BreadcrumbList\",\"@id\":\"https:\/\/dev.borgarbyggd.is\/klettaborg\/skolastarfid\/#breadcrumb\",\"itemListElement\":[{\"@type\":\"ListItem\",\"position\":1,\"name\":\"Home\",\"item\":\"https:\/\/dev.borgarbyggd.is\/klettaborg\/\"},{\"@type\":\"ListItem\",\"position\":2,\"name\":\"Sk\u00f3lastarf\"}]},{\"@type\":\"WebSite\",\"@id\":\"https:\/\/dev.borgarbyggd.is\/klettaborg\/#website\",\"url\":\"https:\/\/dev.borgarbyggd.is\/klettaborg\/\",\"name\":\"Klettaborg\",\"description\":\"\",\"potentialAction\":[{\"@type\":\"SearchAction\",\"target\":{\"@type\":\"EntryPoint\",\"urlTemplate\":\"https:\/\/dev.borgarbyggd.is\/klettaborg\/?s={search_term_string}\"},\"query-input\":{\"@type\":\"PropertyValueSpecification\",\"valueRequired\":true,\"valueName\":\"search_term_string\"}}],\"inLanguage\":\"is\"}]}<\/script>\n<!-- \/ Yoast SEO plugin. -->","yoast_head_json":{"title":"Sk\u00f3lastarf - Klettaborg","robots":{"index":"noindex","follow":"follow","max-snippet":"max-snippet:-1","max-image-preview":"max-image-preview:large","max-video-preview":"max-video-preview:-1"},"og_locale":"is_IS","og_type":"article","og_title":"Sk\u00f3lastarf - Klettaborg","og_description":"Uppeldisleg s\u00fdn leiksk\u00f3lans Bernsku\u00e1rin eru \u00feroskaskei\u00f0 sem ber a\u00f0 vir\u00f0a og taka fullt tillit til. Hvert barn er einstakt og \u00fearf a\u00f0 f\u00e1 a\u00f0 r\u00e6kta h\u00e6fileika s\u00edna. \u00cd Klettaborg er barni\u00f0 alltaf \u00ed brennidepli og \u00e1 a\u00f0 f\u00e1 a\u00f0 \u00feroskast og m\u00f3tast \u00e1 eigin forsendum. Barni\u00f0 er hvatt til a\u00f0 reyna sj\u00e1lft og fikra sig \u00feannig \u00e1fram, \u00fea\u00f0 er \u00fe\u00e1tttakandi ... Read More","og_url":"https:\/\/dev.borgarbyggd.is\/klettaborg\/skolastarfid\/","og_site_name":"Klettaborg","article_modified_time":"2024-03-27T11:31:08+00:00","twitter_card":"summary_large_image","twitter_misc":{"Est. reading time":"2 minutes"},"schema":{"@context":"https:\/\/schema.org","@graph":[{"@type":"WebPage","@id":"https:\/\/dev.borgarbyggd.is\/klettaborg\/skolastarfid\/","url":"https:\/\/dev.borgarbyggd.is\/klettaborg\/skolastarfid\/","name":"Sk\u00f3lastarf - Klettaborg","isPartOf":{"@id":"https:\/\/dev.borgarbyggd.is\/klettaborg\/#website"},"datePublished":"2023-08-16T15:06:00+00:00","dateModified":"2024-03-27T11:31:08+00:00","breadcrumb":{"@id":"https:\/\/dev.borgarbyggd.is\/klettaborg\/skolastarfid\/#breadcrumb"},"inLanguage":"is","potentialAction":[{"@type":"ReadAction","target":["https:\/\/dev.borgarbyggd.is\/klettaborg\/skolastarfid\/"]}]},{"@type":"BreadcrumbList","@id":"https:\/\/dev.borgarbyggd.is\/klettaborg\/skolastarfid\/#breadcrumb","itemListElement":[{"@type":"ListItem","position":1,"name":"Home","item":"https:\/\/dev.borgarbyggd.is\/klettaborg\/"},{"@type":"ListItem","position":2,"name":"Sk\u00f3lastarf"}]},{"@type":"WebSite","@id":"https:\/\/dev.borgarbyggd.is\/klettaborg\/#website","url":"https:\/\/dev.borgarbyggd.is\/klettaborg\/","name":"Klettaborg","description":"","potentialAction":[{"@type":"SearchAction","target":{"@type":"EntryPoint","urlTemplate":"https:\/\/dev.borgarbyggd.is\/klettaborg\/?s={search_term_string}"},"query-input":{"@type":"PropertyValueSpecification","valueRequired":true,"valueName":"search_term_string"}}],"inLanguage":"is"}]}},"_links":{"self":[{"href":"https:\/\/dev.borgarbyggd.is\/klettaborg\/wp-json\/wp\/v2\/pages\/32","targetHints":{"allow":["GET"]}}],"collection":[{"href":"https:\/\/dev.borgarbyggd.is\/klettaborg\/wp-json\/wp\/v2\/pages"}],"about":[{"href":"https:\/\/dev.borgarbyggd.is\/klettaborg\/wp-json\/wp\/v2\/types\/page"}],"author":[{"embeddable":true,"href":"https:\/\/dev.borgarbyggd.is\/klettaborg\/wp-json\/wp\/v2\/users\/4"}],"replies":[{"embeddable":true,"href":"https:\/\/dev.borgarbyggd.is\/klettaborg\/wp-json\/wp\/v2\/comments?post=32"}],"version-history":[{"count":0,"href":"https:\/\/dev.borgarbyggd.is\/klettaborg\/wp-json\/wp\/v2\/pages\/32\/revisions"}],"wp:attachment":[{"href":"https:\/\/dev.borgarbyggd.is\/klettaborg\/wp-json\/wp\/v2\/media?parent=32"}],"curies":[{"name":"wp","href":"https:\/\/api.w.org\/{rel}","templated":true}]}}