{"id":31,"date":"2023-08-16T15:05:47","date_gmt":"2023-08-16T15:05:47","guid":{"rendered":"https:\/\/dev.borgarbyggd.is\/klettaborg\/?page_id=31"},"modified":"2023-12-05T12:19:26","modified_gmt":"2023-12-05T12:19:26","slug":"foreldrar","status":"publish","type":"page","link":"https:\/\/dev.borgarbyggd.is\/klettaborg\/foreldrar\/","title":{"rendered":"Foreldrar"},"content":{"rendered":"<p><strong>Fj\u00f6lskyldan og leiksk\u00f3linn<\/strong><br \/>\nMikil og g\u00f3\u00f0 samvinna vi\u00f0 foreldra er forsenda \u00feess a\u00f0 barninu l\u00ed\u00f0i vel \u00ed leiksk\u00f3lanum.<\/p>\n<p>Vi\u00f0 upphaf leiksk\u00f3lag\u00f6ngu er lag\u00f0ur grunnur a\u00f0 samstarfi heimilis og sk\u00f3la \u00fear sem umhyggja og velfer\u00f0 barnsins er h\u00f6f\u00f0 a\u00f0 lei\u00f0arlj\u00f3si. Borin er vir\u00f0ing fyrir mismunandi fj\u00f6lskylduger\u00f0um og menningu. Samstarfi\u00f0 byggist \u00e1 gagnkv\u00e6mum skilningi og vir\u00f0ingu fyrir \u00f3l\u00edkum vi\u00f0horfum og gagnkv\u00e6mu trausti og tr\u00fana\u00f0i. Samstarfi\u00f0 byggir jafnframt \u00e1 \u00feeirri forsendu a\u00f0 foreldrar beri megin\u00e1byrg\u00f0 \u00e1 uppeldi barna sinna.<\/p>\n<p>T\u00falka\u00fej\u00f3nusta er \u00ed bo\u00f0i fyrir foreldra barna af erlendum uppruna eins oft og \u00feurfa \u00feykir.<\/p>\n<p>Foreldrar eru hvattir til a\u00f0 kynna s\u00e9r starfsh\u00e6tti leiksk\u00f3lans og taka \u00fe\u00e1tt \u00ed daglegu starfi. Foreldrar eru \u00e1vallt velkomnir \u00ed leiksk\u00f3lann. L\u00f6g\u00f0 er mikil \u00e1hersla \u00e1 a\u00f0 koma uppl\u00fdsingum sem var\u00f0a leiksk\u00f3lastarfi\u00f0 til foreldra, m.a. me\u00f0 vikulegum fr\u00e9ttaskotum, t\u00f6lvup\u00f3sti, \u00e1 uppl\u00fdsingat\u00f6flu og \u00ed daglegum samskiptum.<\/p>\n","protected":false},"excerpt":{"rendered":"<p>Fj\u00f6lskyldan og leiksk\u00f3linn Mikil og g\u00f3\u00f0 samvinna vi\u00f0 foreldra er forsenda \u00feess a\u00f0 barninu l\u00ed\u00f0i vel \u00ed leiksk\u00f3lanum. Vi\u00f0 upphaf leiksk\u00f3lag\u00f6ngu er lag\u00f0ur grunnur a\u00f0 samstarfi heimilis og sk\u00f3la \u00fear sem umhyggja og velfer\u00f0 barnsins er h\u00f6f\u00f0 a\u00f0 lei\u00f0arlj\u00f3si. Borin er vir\u00f0ing fyrir mismunandi fj\u00f6lskylduger\u00f0um og menningu. Samstarfi\u00f0 byggist \u00e1 gagnkv\u00e6mum skilningi og vir\u00f0ingu fyrir \u00f3l\u00edkum vi\u00f0horfum og gagnkv\u00e6mu trausti &#8230; <\/p>\n<div><a href=\"https:\/\/dev.borgarbyggd.is\/klettaborg\/foreldrar\/\" class=\"more-link\">Read More<\/a><\/div>\n","protected":false},"author":4,"featured_media":0,"parent":0,"menu_order":0,"comment_status":"closed","ping_status":"closed","template":"","meta":{"_acf_changed":false,"footnotes":""},"class_list":["post-31","page","type-page","status-publish","hentry","no-post-thumbnail"],"acf":{"quickaccess":false},"yoast_head":"<!-- This site is optimized with the Yoast SEO plugin v24.0 - https:\/\/yoast.com\/wordpress\/plugins\/seo\/ -->\n<title>Foreldrar - Klettaborg<\/title>\n<meta name=\"robots\" content=\"noindex, follow, max-snippet:-1, max-image-preview:large, max-video-preview:-1\" \/>\n<meta property=\"og:locale\" content=\"is_IS\" \/>\n<meta property=\"og:type\" content=\"article\" \/>\n<meta property=\"og:title\" content=\"Foreldrar - Klettaborg\" \/>\n<meta property=\"og:description\" content=\"Fj\u00f6lskyldan og leiksk\u00f3linn Mikil og g\u00f3\u00f0 samvinna vi\u00f0 foreldra er forsenda \u00feess a\u00f0 barninu l\u00ed\u00f0i vel \u00ed leiksk\u00f3lanum. Vi\u00f0 upphaf leiksk\u00f3lag\u00f6ngu er lag\u00f0ur grunnur a\u00f0 samstarfi heimilis og sk\u00f3la \u00fear sem umhyggja og velfer\u00f0 barnsins er h\u00f6f\u00f0 a\u00f0 lei\u00f0arlj\u00f3si. Borin er vir\u00f0ing fyrir mismunandi fj\u00f6lskylduger\u00f0um og menningu. Samstarfi\u00f0 byggist \u00e1 gagnkv\u00e6mum skilningi og vir\u00f0ingu fyrir \u00f3l\u00edkum vi\u00f0horfum og gagnkv\u00e6mu trausti ... Read More\" \/>\n<meta property=\"og:url\" content=\"https:\/\/dev.borgarbyggd.is\/klettaborg\/foreldrar\/\" \/>\n<meta property=\"og:site_name\" content=\"Klettaborg\" \/>\n<meta property=\"article:modified_time\" content=\"2023-12-05T12:19:26+00:00\" \/>\n<meta name=\"twitter:card\" content=\"summary_large_image\" \/>\n<meta name=\"twitter:label1\" content=\"Est. reading time\" \/>\n\t<meta name=\"twitter:data1\" content=\"1 minute\" \/>\n<script type=\"application\/ld+json\" class=\"yoast-schema-graph\">{\"@context\":\"https:\/\/schema.org\",\"@graph\":[{\"@type\":\"WebPage\",\"@id\":\"https:\/\/dev.borgarbyggd.is\/klettaborg\/foreldrar\/\",\"url\":\"https:\/\/dev.borgarbyggd.is\/klettaborg\/foreldrar\/\",\"name\":\"Foreldrar - Klettaborg\",\"isPartOf\":{\"@id\":\"https:\/\/dev.borgarbyggd.is\/klettaborg\/#website\"},\"datePublished\":\"2023-08-16T15:05:47+00:00\",\"dateModified\":\"2023-12-05T12:19:26+00:00\",\"breadcrumb\":{\"@id\":\"https:\/\/dev.borgarbyggd.is\/klettaborg\/foreldrar\/#breadcrumb\"},\"inLanguage\":\"is\",\"potentialAction\":[{\"@type\":\"ReadAction\",\"target\":[\"https:\/\/dev.borgarbyggd.is\/klettaborg\/foreldrar\/\"]}]},{\"@type\":\"BreadcrumbList\",\"@id\":\"https:\/\/dev.borgarbyggd.is\/klettaborg\/foreldrar\/#breadcrumb\",\"itemListElement\":[{\"@type\":\"ListItem\",\"position\":1,\"name\":\"Home\",\"item\":\"https:\/\/dev.borgarbyggd.is\/klettaborg\/\"},{\"@type\":\"ListItem\",\"position\":2,\"name\":\"Foreldrar\"}]},{\"@type\":\"WebSite\",\"@id\":\"https:\/\/dev.borgarbyggd.is\/klettaborg\/#website\",\"url\":\"https:\/\/dev.borgarbyggd.is\/klettaborg\/\",\"name\":\"Klettaborg\",\"description\":\"\",\"potentialAction\":[{\"@type\":\"SearchAction\",\"target\":{\"@type\":\"EntryPoint\",\"urlTemplate\":\"https:\/\/dev.borgarbyggd.is\/klettaborg\/?s={search_term_string}\"},\"query-input\":{\"@type\":\"PropertyValueSpecification\",\"valueRequired\":true,\"valueName\":\"search_term_string\"}}],\"inLanguage\":\"is\"}]}<\/script>\n<!-- \/ Yoast SEO plugin. -->","yoast_head_json":{"title":"Foreldrar - Klettaborg","robots":{"index":"noindex","follow":"follow","max-snippet":"max-snippet:-1","max-image-preview":"max-image-preview:large","max-video-preview":"max-video-preview:-1"},"og_locale":"is_IS","og_type":"article","og_title":"Foreldrar - Klettaborg","og_description":"Fj\u00f6lskyldan og leiksk\u00f3linn Mikil og g\u00f3\u00f0 samvinna vi\u00f0 foreldra er forsenda \u00feess a\u00f0 barninu l\u00ed\u00f0i vel \u00ed leiksk\u00f3lanum. Vi\u00f0 upphaf leiksk\u00f3lag\u00f6ngu er lag\u00f0ur grunnur a\u00f0 samstarfi heimilis og sk\u00f3la \u00fear sem umhyggja og velfer\u00f0 barnsins er h\u00f6f\u00f0 a\u00f0 lei\u00f0arlj\u00f3si. Borin er vir\u00f0ing fyrir mismunandi fj\u00f6lskylduger\u00f0um og menningu. Samstarfi\u00f0 byggist \u00e1 gagnkv\u00e6mum skilningi og vir\u00f0ingu fyrir \u00f3l\u00edkum vi\u00f0horfum og gagnkv\u00e6mu trausti ... Read More","og_url":"https:\/\/dev.borgarbyggd.is\/klettaborg\/foreldrar\/","og_site_name":"Klettaborg","article_modified_time":"2023-12-05T12:19:26+00:00","twitter_card":"summary_large_image","twitter_misc":{"Est. reading time":"1 minute"},"schema":{"@context":"https:\/\/schema.org","@graph":[{"@type":"WebPage","@id":"https:\/\/dev.borgarbyggd.is\/klettaborg\/foreldrar\/","url":"https:\/\/dev.borgarbyggd.is\/klettaborg\/foreldrar\/","name":"Foreldrar - Klettaborg","isPartOf":{"@id":"https:\/\/dev.borgarbyggd.is\/klettaborg\/#website"},"datePublished":"2023-08-16T15:05:47+00:00","dateModified":"2023-12-05T12:19:26+00:00","breadcrumb":{"@id":"https:\/\/dev.borgarbyggd.is\/klettaborg\/foreldrar\/#breadcrumb"},"inLanguage":"is","potentialAction":[{"@type":"ReadAction","target":["https:\/\/dev.borgarbyggd.is\/klettaborg\/foreldrar\/"]}]},{"@type":"BreadcrumbList","@id":"https:\/\/dev.borgarbyggd.is\/klettaborg\/foreldrar\/#breadcrumb","itemListElement":[{"@type":"ListItem","position":1,"name":"Home","item":"https:\/\/dev.borgarbyggd.is\/klettaborg\/"},{"@type":"ListItem","position":2,"name":"Foreldrar"}]},{"@type":"WebSite","@id":"https:\/\/dev.borgarbyggd.is\/klettaborg\/#website","url":"https:\/\/dev.borgarbyggd.is\/klettaborg\/","name":"Klettaborg","description":"","potentialAction":[{"@type":"SearchAction","target":{"@type":"EntryPoint","urlTemplate":"https:\/\/dev.borgarbyggd.is\/klettaborg\/?s={search_term_string}"},"query-input":{"@type":"PropertyValueSpecification","valueRequired":true,"valueName":"search_term_string"}}],"inLanguage":"is"}]}},"_links":{"self":[{"href":"https:\/\/dev.borgarbyggd.is\/klettaborg\/wp-json\/wp\/v2\/pages\/31","targetHints":{"allow":["GET"]}}],"collection":[{"href":"https:\/\/dev.borgarbyggd.is\/klettaborg\/wp-json\/wp\/v2\/pages"}],"about":[{"href":"https:\/\/dev.borgarbyggd.is\/klettaborg\/wp-json\/wp\/v2\/types\/page"}],"author":[{"embeddable":true,"href":"https:\/\/dev.borgarbyggd.is\/klettaborg\/wp-json\/wp\/v2\/users\/4"}],"replies":[{"embeddable":true,"href":"https:\/\/dev.borgarbyggd.is\/klettaborg\/wp-json\/wp\/v2\/comments?post=31"}],"version-history":[{"count":0,"href":"https:\/\/dev.borgarbyggd.is\/klettaborg\/wp-json\/wp\/v2\/pages\/31\/revisions"}],"wp:attachment":[{"href":"https:\/\/dev.borgarbyggd.is\/klettaborg\/wp-json\/wp\/v2\/media?parent=31"}],"curies":[{"name":"wp","href":"https:\/\/api.w.org\/{rel}","templated":true}]}}