{"id":29,"date":"2023-08-16T15:05:20","date_gmt":"2023-08-16T15:05:20","guid":{"rendered":"https:\/\/dev.borgarbyggd.is\/klettaborg\/?page_id=29"},"modified":"2023-12-05T10:55:56","modified_gmt":"2023-12-05T10:55:56","slug":"daglegt-starf","status":"publish","type":"page","link":"https:\/\/dev.borgarbyggd.is\/klettaborg\/daglegt-starf\/","title":{"rendered":"Daglegt starf"},"content":{"rendered":"<p style=\"text-align: left\">\u00dea\u00f0 er mikilv\u00e6gt a\u00f0 b\u00f6rnin taki \u00fe\u00e1tt \u00ed daglegu starfi \u00ed leiksk\u00f3lanum en me\u00f0 \u00fev\u00ed \u00f6\u00f0last \u00feau f\u00e6rni til a\u00f0 gegna hinum \u00fdmsu hlutverkum eftir \u00fev\u00ed sem f\u00e6rni og \u00feroski eykst. Leiksk\u00f3lan\u00e1m er sam\u00fe\u00e6tt n\u00e1m \u00fear sem b\u00f6rnin l\u00e6ra vi\u00f0 mismunandi a\u00f0st\u00e6\u00f0ur.<\/p>\n<p style=\"text-align: left\">L\u00f6g\u00f0 er \u00e1hersla \u00e1 sj\u00e1lfst\u00e6\u00f0i og \u00e1byrg\u00f0 auk \u00feess sem b\u00f6rnin taka \u00fe\u00e1tt \u00ed \u00fdmsum \u00e1kv\u00f6r\u00f0unum sem sn\u00faa a\u00f0 daglegum ath\u00f6fnum. \u00d6ll t\u00e6kif\u00e6ri eru n\u00fdtt til a\u00f0 \u00f6rva f\u00e6rni barnanna t.d. \u00ed matart\u00edmum, fataklefa og \u00e1 snyrtingu.<\/p>\n<p style=\"text-align: left\">B\u00f6rnin taka \u00fe\u00e1tt \u00ed a\u00f0 m\u00f3ta og \u00fer\u00f3a leiksk\u00f3lastarfi\u00f0 og leita\u00f0 er eftir \u00feeirra \u00e1liti var\u00f0andi \u00fdmis m\u00e1lefni s.s. vi\u00f0fangsefni, verkefnaval, vi\u00f0bur\u00f0i, samskiptareglur, \u00fdmsar \u00e1kvar\u00f0anir o.fl.<\/p>\n","protected":false},"excerpt":{"rendered":"<p>\u00dea\u00f0 er mikilv\u00e6gt a\u00f0 b\u00f6rnin taki \u00fe\u00e1tt \u00ed daglegu starfi \u00ed leiksk\u00f3lanum en me\u00f0 \u00fev\u00ed \u00f6\u00f0last \u00feau f\u00e6rni til a\u00f0 gegna hinum \u00fdmsu hlutverkum eftir \u00fev\u00ed sem f\u00e6rni og \u00feroski eykst. Leiksk\u00f3lan\u00e1m er sam\u00fe\u00e6tt n\u00e1m \u00fear sem b\u00f6rnin l\u00e6ra vi\u00f0 mismunandi a\u00f0st\u00e6\u00f0ur. L\u00f6g\u00f0 er \u00e1hersla \u00e1 sj\u00e1lfst\u00e6\u00f0i og \u00e1byrg\u00f0 auk \u00feess sem b\u00f6rnin taka \u00fe\u00e1tt \u00ed \u00fdmsum \u00e1kv\u00f6r\u00f0unum sem sn\u00faa &#8230; <\/p>\n<div><a href=\"https:\/\/dev.borgarbyggd.is\/klettaborg\/daglegt-starf\/\" class=\"more-link\">Read More<\/a><\/div>\n","protected":false},"author":4,"featured_media":0,"parent":0,"menu_order":0,"comment_status":"closed","ping_status":"closed","template":"","meta":{"_acf_changed":false,"footnotes":""},"class_list":["post-29","page","type-page","status-publish","hentry","no-post-thumbnail"],"acf":{"quickaccess":false},"yoast_head":"<!-- This site is optimized with the Yoast SEO plugin v24.0 - https:\/\/yoast.com\/wordpress\/plugins\/seo\/ -->\n<title>Daglegt starf - Klettaborg<\/title>\n<meta name=\"robots\" content=\"noindex, follow, max-snippet:-1, max-image-preview:large, max-video-preview:-1\" \/>\n<meta property=\"og:locale\" content=\"is_IS\" \/>\n<meta property=\"og:type\" content=\"article\" \/>\n<meta property=\"og:title\" content=\"Daglegt starf - Klettaborg\" \/>\n<meta property=\"og:description\" content=\"\u00dea\u00f0 er mikilv\u00e6gt a\u00f0 b\u00f6rnin taki \u00fe\u00e1tt \u00ed daglegu starfi \u00ed leiksk\u00f3lanum en me\u00f0 \u00fev\u00ed \u00f6\u00f0last \u00feau f\u00e6rni til a\u00f0 gegna hinum \u00fdmsu hlutverkum eftir \u00fev\u00ed sem f\u00e6rni og \u00feroski eykst. Leiksk\u00f3lan\u00e1m er sam\u00fe\u00e6tt n\u00e1m \u00fear sem b\u00f6rnin l\u00e6ra vi\u00f0 mismunandi a\u00f0st\u00e6\u00f0ur. L\u00f6g\u00f0 er \u00e1hersla \u00e1 sj\u00e1lfst\u00e6\u00f0i og \u00e1byrg\u00f0 auk \u00feess sem b\u00f6rnin taka \u00fe\u00e1tt \u00ed \u00fdmsum \u00e1kv\u00f6r\u00f0unum sem sn\u00faa ... Read More\" \/>\n<meta property=\"og:url\" content=\"https:\/\/dev.borgarbyggd.is\/klettaborg\/daglegt-starf\/\" \/>\n<meta property=\"og:site_name\" content=\"Klettaborg\" \/>\n<meta property=\"article:modified_time\" content=\"2023-12-05T10:55:56+00:00\" \/>\n<meta name=\"twitter:card\" content=\"summary_large_image\" \/>\n<meta name=\"twitter:label1\" content=\"Est. reading time\" \/>\n\t<meta name=\"twitter:data1\" content=\"1 minute\" \/>\n<script type=\"application\/ld+json\" class=\"yoast-schema-graph\">{\"@context\":\"https:\/\/schema.org\",\"@graph\":[{\"@type\":\"WebPage\",\"@id\":\"https:\/\/dev.borgarbyggd.is\/klettaborg\/daglegt-starf\/\",\"url\":\"https:\/\/dev.borgarbyggd.is\/klettaborg\/daglegt-starf\/\",\"name\":\"Daglegt starf - Klettaborg\",\"isPartOf\":{\"@id\":\"https:\/\/dev.borgarbyggd.is\/klettaborg\/#website\"},\"datePublished\":\"2023-08-16T15:05:20+00:00\",\"dateModified\":\"2023-12-05T10:55:56+00:00\",\"breadcrumb\":{\"@id\":\"https:\/\/dev.borgarbyggd.is\/klettaborg\/daglegt-starf\/#breadcrumb\"},\"inLanguage\":\"is\",\"potentialAction\":[{\"@type\":\"ReadAction\",\"target\":[\"https:\/\/dev.borgarbyggd.is\/klettaborg\/daglegt-starf\/\"]}]},{\"@type\":\"BreadcrumbList\",\"@id\":\"https:\/\/dev.borgarbyggd.is\/klettaborg\/daglegt-starf\/#breadcrumb\",\"itemListElement\":[{\"@type\":\"ListItem\",\"position\":1,\"name\":\"Home\",\"item\":\"https:\/\/dev.borgarbyggd.is\/klettaborg\/\"},{\"@type\":\"ListItem\",\"position\":2,\"name\":\"Daglegt starf\"}]},{\"@type\":\"WebSite\",\"@id\":\"https:\/\/dev.borgarbyggd.is\/klettaborg\/#website\",\"url\":\"https:\/\/dev.borgarbyggd.is\/klettaborg\/\",\"name\":\"Klettaborg\",\"description\":\"\",\"potentialAction\":[{\"@type\":\"SearchAction\",\"target\":{\"@type\":\"EntryPoint\",\"urlTemplate\":\"https:\/\/dev.borgarbyggd.is\/klettaborg\/?s={search_term_string}\"},\"query-input\":{\"@type\":\"PropertyValueSpecification\",\"valueRequired\":true,\"valueName\":\"search_term_string\"}}],\"inLanguage\":\"is\"}]}<\/script>\n<!-- \/ Yoast SEO plugin. -->","yoast_head_json":{"title":"Daglegt starf - Klettaborg","robots":{"index":"noindex","follow":"follow","max-snippet":"max-snippet:-1","max-image-preview":"max-image-preview:large","max-video-preview":"max-video-preview:-1"},"og_locale":"is_IS","og_type":"article","og_title":"Daglegt starf - Klettaborg","og_description":"\u00dea\u00f0 er mikilv\u00e6gt a\u00f0 b\u00f6rnin taki \u00fe\u00e1tt \u00ed daglegu starfi \u00ed leiksk\u00f3lanum en me\u00f0 \u00fev\u00ed \u00f6\u00f0last \u00feau f\u00e6rni til a\u00f0 gegna hinum \u00fdmsu hlutverkum eftir \u00fev\u00ed sem f\u00e6rni og \u00feroski eykst. Leiksk\u00f3lan\u00e1m er sam\u00fe\u00e6tt n\u00e1m \u00fear sem b\u00f6rnin l\u00e6ra vi\u00f0 mismunandi a\u00f0st\u00e6\u00f0ur. L\u00f6g\u00f0 er \u00e1hersla \u00e1 sj\u00e1lfst\u00e6\u00f0i og \u00e1byrg\u00f0 auk \u00feess sem b\u00f6rnin taka \u00fe\u00e1tt \u00ed \u00fdmsum \u00e1kv\u00f6r\u00f0unum sem sn\u00faa ... Read More","og_url":"https:\/\/dev.borgarbyggd.is\/klettaborg\/daglegt-starf\/","og_site_name":"Klettaborg","article_modified_time":"2023-12-05T10:55:56+00:00","twitter_card":"summary_large_image","twitter_misc":{"Est. reading time":"1 minute"},"schema":{"@context":"https:\/\/schema.org","@graph":[{"@type":"WebPage","@id":"https:\/\/dev.borgarbyggd.is\/klettaborg\/daglegt-starf\/","url":"https:\/\/dev.borgarbyggd.is\/klettaborg\/daglegt-starf\/","name":"Daglegt starf - Klettaborg","isPartOf":{"@id":"https:\/\/dev.borgarbyggd.is\/klettaborg\/#website"},"datePublished":"2023-08-16T15:05:20+00:00","dateModified":"2023-12-05T10:55:56+00:00","breadcrumb":{"@id":"https:\/\/dev.borgarbyggd.is\/klettaborg\/daglegt-starf\/#breadcrumb"},"inLanguage":"is","potentialAction":[{"@type":"ReadAction","target":["https:\/\/dev.borgarbyggd.is\/klettaborg\/daglegt-starf\/"]}]},{"@type":"BreadcrumbList","@id":"https:\/\/dev.borgarbyggd.is\/klettaborg\/daglegt-starf\/#breadcrumb","itemListElement":[{"@type":"ListItem","position":1,"name":"Home","item":"https:\/\/dev.borgarbyggd.is\/klettaborg\/"},{"@type":"ListItem","position":2,"name":"Daglegt starf"}]},{"@type":"WebSite","@id":"https:\/\/dev.borgarbyggd.is\/klettaborg\/#website","url":"https:\/\/dev.borgarbyggd.is\/klettaborg\/","name":"Klettaborg","description":"","potentialAction":[{"@type":"SearchAction","target":{"@type":"EntryPoint","urlTemplate":"https:\/\/dev.borgarbyggd.is\/klettaborg\/?s={search_term_string}"},"query-input":{"@type":"PropertyValueSpecification","valueRequired":true,"valueName":"search_term_string"}}],"inLanguage":"is"}]}},"_links":{"self":[{"href":"https:\/\/dev.borgarbyggd.is\/klettaborg\/wp-json\/wp\/v2\/pages\/29","targetHints":{"allow":["GET"]}}],"collection":[{"href":"https:\/\/dev.borgarbyggd.is\/klettaborg\/wp-json\/wp\/v2\/pages"}],"about":[{"href":"https:\/\/dev.borgarbyggd.is\/klettaborg\/wp-json\/wp\/v2\/types\/page"}],"author":[{"embeddable":true,"href":"https:\/\/dev.borgarbyggd.is\/klettaborg\/wp-json\/wp\/v2\/users\/4"}],"replies":[{"embeddable":true,"href":"https:\/\/dev.borgarbyggd.is\/klettaborg\/wp-json\/wp\/v2\/comments?post=29"}],"version-history":[{"count":0,"href":"https:\/\/dev.borgarbyggd.is\/klettaborg\/wp-json\/wp\/v2\/pages\/29\/revisions"}],"wp:attachment":[{"href":"https:\/\/dev.borgarbyggd.is\/klettaborg\/wp-json\/wp\/v2\/media?parent=29"}],"curies":[{"name":"wp","href":"https:\/\/api.w.org\/{rel}","templated":true}]}}