{"id":93,"date":"2023-08-16T14:45:33","date_gmt":"2023-08-16T14:45:33","guid":{"rendered":"https:\/\/dev.borgarbyggd.is\/hnodrabol\/?page_id=93"},"modified":"2025-09-01T14:38:16","modified_gmt":"2025-09-01T14:38:16","slug":"sumarlokun","status":"publish","type":"page","link":"https:\/\/dev.borgarbyggd.is\/hnodrabol\/upplysingar\/sumarlokun\/","title":{"rendered":"Sumarlokun"},"content":{"rendered":"<p><b><span data-contrast=\"none\">Sumarlokun 2025<\/span><\/b><span data-ccp-props=\"{&quot;201341983&quot;:0,&quot;335559739&quot;:160,&quot;335559740&quot;:259}\">\u00a0<\/span><\/p>\n<p><span data-contrast=\"none\">Leiksk\u00f3linn ver\u00f0ur loka\u00f0ur vegna sumarleyfa fr\u00e1 og me\u00f0\u202f<\/span><b><span data-contrast=\"none\">2. j\u00fal\u00ed <\/span><\/b><span data-contrast=\"none\">til og me\u00f0<\/span><b><span data-contrast=\"none\"> 6. \u00e1g\u00fast 2025.<\/span><\/b><span data-ccp-props=\"{&quot;201341983&quot;:0,&quot;335559739&quot;:160,&quot;335559740&quot;:259}\"> Opna\u00f0 ver\u00f0ur fimmtudaginn 7. \u00e1g\u00fast 2025 kl. 10:00<\/span><\/p>\n","protected":false},"excerpt":{"rendered":"<p>Sumarlokun 2025\u00a0 Leiksk\u00f3linn ver\u00f0ur loka\u00f0ur vegna sumarleyfa fr\u00e1 og me\u00f0\u202f2. j\u00fal\u00ed til og me\u00f0 6. \u00e1g\u00fast 2025. Opna\u00f0 ver\u00f0ur fimmtudaginn 7. \u00e1g\u00fast 2025 kl. 10:00<\/p>\n","protected":false},"author":4,"featured_media":0,"parent":90,"menu_order":0,"comment_status":"closed","ping_status":"closed","template":"","meta":{"_acf_changed":false,"footnotes":""},"class_list":["post-93","page","type-page","status-publish","hentry","no-post-thumbnail"],"acf":{"quickaccess":false},"yoast_head":"<!-- This site is optimized with the Yoast SEO plugin v24.0 - https:\/\/yoast.com\/wordpress\/plugins\/seo\/ -->\n<title>Sumarlokun - Hno\u00f0rab\u00f3l<\/title>\n<meta name=\"robots\" content=\"noindex, follow, max-snippet:-1, max-image-preview:large, max-video-preview:-1\" \/>\n<meta property=\"og:locale\" content=\"is_IS\" \/>\n<meta property=\"og:type\" content=\"article\" \/>\n<meta property=\"og:title\" content=\"Sumarlokun - Hno\u00f0rab\u00f3l\" \/>\n<meta property=\"og:description\" content=\"Sumarlokun 2025\u00a0 Leiksk\u00f3linn ver\u00f0ur loka\u00f0ur vegna sumarleyfa fr\u00e1 og me\u00f0\u202f2. j\u00fal\u00ed til og me\u00f0 6. \u00e1g\u00fast 2025. Opna\u00f0 ver\u00f0ur fimmtudaginn 7. \u00e1g\u00fast 2025 kl. 10:00\" \/>\n<meta property=\"og:url\" content=\"https:\/\/dev.borgarbyggd.is\/hnodrabol\/upplysingar\/sumarlokun\/\" \/>\n<meta property=\"og:site_name\" content=\"Hno\u00f0rab\u00f3l\" \/>\n<meta property=\"article:modified_time\" content=\"2025-09-01T14:38:16+00:00\" \/>\n<meta name=\"twitter:card\" content=\"summary_large_image\" \/>\n<meta name=\"twitter:label1\" content=\"Est. reading time\" \/>\n\t<meta name=\"twitter:data1\" content=\"1 minute\" \/>\n<script type=\"application\/ld+json\" class=\"yoast-schema-graph\">{\"@context\":\"https:\/\/schema.org\",\"@graph\":[{\"@type\":\"WebPage\",\"@id\":\"https:\/\/dev.borgarbyggd.is\/hnodrabol\/upplysingar\/sumarlokun\/\",\"url\":\"https:\/\/dev.borgarbyggd.is\/hnodrabol\/upplysingar\/sumarlokun\/\",\"name\":\"Sumarlokun - Hno\u00f0rab\u00f3l\",\"isPartOf\":{\"@id\":\"https:\/\/dev.borgarbyggd.is\/hnodrabol\/#website\"},\"datePublished\":\"2023-08-16T14:45:33+00:00\",\"dateModified\":\"2025-09-01T14:38:16+00:00\",\"breadcrumb\":{\"@id\":\"https:\/\/dev.borgarbyggd.is\/hnodrabol\/upplysingar\/sumarlokun\/#breadcrumb\"},\"inLanguage\":\"is\",\"potentialAction\":[{\"@type\":\"ReadAction\",\"target\":[\"https:\/\/dev.borgarbyggd.is\/hnodrabol\/upplysingar\/sumarlokun\/\"]}]},{\"@type\":\"BreadcrumbList\",\"@id\":\"https:\/\/dev.borgarbyggd.is\/hnodrabol\/upplysingar\/sumarlokun\/#breadcrumb\",\"itemListElement\":[{\"@type\":\"ListItem\",\"position\":1,\"name\":\"Home\",\"item\":\"https:\/\/dev.borgarbyggd.is\/hnodrabol\/\"},{\"@type\":\"ListItem\",\"position\":2,\"name\":\"Uppl\u00fdsingar\",\"item\":\"https:\/\/dev.borgarbyggd.is\/hnodrabol\/upplysingar\/\"},{\"@type\":\"ListItem\",\"position\":3,\"name\":\"Sumarlokun\"}]},{\"@type\":\"WebSite\",\"@id\":\"https:\/\/dev.borgarbyggd.is\/hnodrabol\/#website\",\"url\":\"https:\/\/dev.borgarbyggd.is\/hnodrabol\/\",\"name\":\"Hno\u00f0rab\u00f3l\",\"description\":\"\",\"potentialAction\":[{\"@type\":\"SearchAction\",\"target\":{\"@type\":\"EntryPoint\",\"urlTemplate\":\"https:\/\/dev.borgarbyggd.is\/hnodrabol\/?s={search_term_string}\"},\"query-input\":{\"@type\":\"PropertyValueSpecification\",\"valueRequired\":true,\"valueName\":\"search_term_string\"}}],\"inLanguage\":\"is\"}]}<\/script>\n<!-- \/ Yoast SEO plugin. -->","yoast_head_json":{"title":"Sumarlokun - Hno\u00f0rab\u00f3l","robots":{"index":"noindex","follow":"follow","max-snippet":"max-snippet:-1","max-image-preview":"max-image-preview:large","max-video-preview":"max-video-preview:-1"},"og_locale":"is_IS","og_type":"article","og_title":"Sumarlokun - Hno\u00f0rab\u00f3l","og_description":"Sumarlokun 2025\u00a0 Leiksk\u00f3linn ver\u00f0ur loka\u00f0ur vegna sumarleyfa fr\u00e1 og me\u00f0\u202f2. j\u00fal\u00ed til og me\u00f0 6. \u00e1g\u00fast 2025. Opna\u00f0 ver\u00f0ur fimmtudaginn 7. \u00e1g\u00fast 2025 kl. 10:00","og_url":"https:\/\/dev.borgarbyggd.is\/hnodrabol\/upplysingar\/sumarlokun\/","og_site_name":"Hno\u00f0rab\u00f3l","article_modified_time":"2025-09-01T14:38:16+00:00","twitter_card":"summary_large_image","twitter_misc":{"Est. reading time":"1 minute"},"schema":{"@context":"https:\/\/schema.org","@graph":[{"@type":"WebPage","@id":"https:\/\/dev.borgarbyggd.is\/hnodrabol\/upplysingar\/sumarlokun\/","url":"https:\/\/dev.borgarbyggd.is\/hnodrabol\/upplysingar\/sumarlokun\/","name":"Sumarlokun - Hno\u00f0rab\u00f3l","isPartOf":{"@id":"https:\/\/dev.borgarbyggd.is\/hnodrabol\/#website"},"datePublished":"2023-08-16T14:45:33+00:00","dateModified":"2025-09-01T14:38:16+00:00","breadcrumb":{"@id":"https:\/\/dev.borgarbyggd.is\/hnodrabol\/upplysingar\/sumarlokun\/#breadcrumb"},"inLanguage":"is","potentialAction":[{"@type":"ReadAction","target":["https:\/\/dev.borgarbyggd.is\/hnodrabol\/upplysingar\/sumarlokun\/"]}]},{"@type":"BreadcrumbList","@id":"https:\/\/dev.borgarbyggd.is\/hnodrabol\/upplysingar\/sumarlokun\/#breadcrumb","itemListElement":[{"@type":"ListItem","position":1,"name":"Home","item":"https:\/\/dev.borgarbyggd.is\/hnodrabol\/"},{"@type":"ListItem","position":2,"name":"Uppl\u00fdsingar","item":"https:\/\/dev.borgarbyggd.is\/hnodrabol\/upplysingar\/"},{"@type":"ListItem","position":3,"name":"Sumarlokun"}]},{"@type":"WebSite","@id":"https:\/\/dev.borgarbyggd.is\/hnodrabol\/#website","url":"https:\/\/dev.borgarbyggd.is\/hnodrabol\/","name":"Hno\u00f0rab\u00f3l","description":"","potentialAction":[{"@type":"SearchAction","target":{"@type":"EntryPoint","urlTemplate":"https:\/\/dev.borgarbyggd.is\/hnodrabol\/?s={search_term_string}"},"query-input":{"@type":"PropertyValueSpecification","valueRequired":true,"valueName":"search_term_string"}}],"inLanguage":"is"}]}},"_links":{"self":[{"href":"https:\/\/dev.borgarbyggd.is\/hnodrabol\/wp-json\/wp\/v2\/pages\/93","targetHints":{"allow":["GET"]}}],"collection":[{"href":"https:\/\/dev.borgarbyggd.is\/hnodrabol\/wp-json\/wp\/v2\/pages"}],"about":[{"href":"https:\/\/dev.borgarbyggd.is\/hnodrabol\/wp-json\/wp\/v2\/types\/page"}],"author":[{"embeddable":true,"href":"https:\/\/dev.borgarbyggd.is\/hnodrabol\/wp-json\/wp\/v2\/users\/4"}],"replies":[{"embeddable":true,"href":"https:\/\/dev.borgarbyggd.is\/hnodrabol\/wp-json\/wp\/v2\/comments?post=93"}],"version-history":[{"count":0,"href":"https:\/\/dev.borgarbyggd.is\/hnodrabol\/wp-json\/wp\/v2\/pages\/93\/revisions"}],"up":[{"embeddable":true,"href":"https:\/\/dev.borgarbyggd.is\/hnodrabol\/wp-json\/wp\/v2\/pages\/90"}],"wp:attachment":[{"href":"https:\/\/dev.borgarbyggd.is\/hnodrabol\/wp-json\/wp\/v2\/media?parent=93"}],"curies":[{"name":"wp","href":"https:\/\/api.w.org\/{rel}","templated":true}]}}