{"id":92,"date":"2023-08-16T14:45:03","date_gmt":"2023-08-16T14:45:03","guid":{"rendered":"https:\/\/dev.borgarbyggd.is\/hnodrabol\/?page_id=92"},"modified":"2023-08-16T14:45:10","modified_gmt":"2023-08-16T14:45:10","slug":"opnunartimi","status":"publish","type":"page","link":"https:\/\/dev.borgarbyggd.is\/hnodrabol\/upplysingar\/opnunartimi\/","title":{"rendered":"Opnunart\u00edmi"},"content":{"rendered":"<p><span data-contrast=\"none\">Leiksk\u00f3linn Hno\u00f0rab\u00f3l er opinn virka daga\u202f<\/span><b><span data-contrast=\"none\">kl. 8:00-16:00.<\/span><\/b><span data-contrast=\"none\">\u202f<\/span><span data-ccp-props=\"{&quot;201341983&quot;:0,&quot;335559739&quot;:150,&quot;335559740&quot;:240}\">\u00a0<\/span><\/p>\n<p><span data-contrast=\"none\">Ger\u00f0ur er dvalarsamningur um dv\u00f6l barnsins \u00e1 leiksk\u00f3lanum. H\u00e6gt er a\u00f0 s\u00e6kja um breytingu \u00e1 dvalart\u00edma hj\u00e1 leiksk\u00f3lastj\u00f3ra.<\/span><span data-ccp-props=\"{&quot;201341983&quot;:0,&quot;335559739&quot;:150,&quot;335559740&quot;:240}\">\u00a0<\/span><\/p>\n<p><span data-contrast=\"none\">B\u00f6rn skulu taka fj\u00f6gurra vikna sumarleyfi. <\/span><span data-ccp-props=\"{&quot;201341983&quot;:0,&quot;335559739&quot;:150,&quot;335559740&quot;:240}\">\u00a0<\/span><\/p>\n","protected":false},"excerpt":{"rendered":"<p>Leiksk\u00f3linn Hno\u00f0rab\u00f3l er opinn virka daga\u202fkl. 8:00-16:00.\u202f\u00a0 Ger\u00f0ur er dvalarsamningur um dv\u00f6l barnsins \u00e1 leiksk\u00f3lanum. H\u00e6gt er a\u00f0 s\u00e6kja um breytingu \u00e1 dvalart\u00edma hj\u00e1 leiksk\u00f3lastj\u00f3ra.\u00a0 B\u00f6rn skulu taka fj\u00f6gurra vikna sumarleyfi. \u00a0<\/p>\n","protected":false},"author":4,"featured_media":0,"parent":90,"menu_order":0,"comment_status":"closed","ping_status":"closed","template":"","meta":{"_acf_changed":false,"footnotes":""},"class_list":["post-92","page","type-page","status-publish","hentry","no-post-thumbnail"],"acf":{"quickaccess":false},"yoast_head":"<!-- This site is optimized with the Yoast SEO plugin v24.0 - https:\/\/yoast.com\/wordpress\/plugins\/seo\/ -->\n<title>Opnunart\u00edmi - Hno\u00f0rab\u00f3l<\/title>\n<meta name=\"robots\" content=\"noindex, follow, max-snippet:-1, max-image-preview:large, max-video-preview:-1\" \/>\n<meta property=\"og:locale\" content=\"is_IS\" \/>\n<meta property=\"og:type\" content=\"article\" \/>\n<meta property=\"og:title\" content=\"Opnunart\u00edmi - Hno\u00f0rab\u00f3l\" \/>\n<meta property=\"og:description\" content=\"Leiksk\u00f3linn Hno\u00f0rab\u00f3l er opinn virka daga\u202fkl. 8:00-16:00.\u202f\u00a0 Ger\u00f0ur er dvalarsamningur um dv\u00f6l barnsins \u00e1 leiksk\u00f3lanum. H\u00e6gt er a\u00f0 s\u00e6kja um breytingu \u00e1 dvalart\u00edma hj\u00e1 leiksk\u00f3lastj\u00f3ra.\u00a0 B\u00f6rn skulu taka fj\u00f6gurra vikna sumarleyfi. \u00a0\" \/>\n<meta property=\"og:url\" content=\"https:\/\/dev.borgarbyggd.is\/hnodrabol\/upplysingar\/opnunartimi\/\" \/>\n<meta property=\"og:site_name\" content=\"Hno\u00f0rab\u00f3l\" \/>\n<meta property=\"article:modified_time\" content=\"2023-08-16T14:45:10+00:00\" \/>\n<meta name=\"twitter:card\" content=\"summary_large_image\" \/>\n<meta name=\"twitter:label1\" content=\"Est. reading time\" \/>\n\t<meta name=\"twitter:data1\" content=\"1 minute\" \/>\n<script type=\"application\/ld+json\" class=\"yoast-schema-graph\">{\"@context\":\"https:\/\/schema.org\",\"@graph\":[{\"@type\":\"WebPage\",\"@id\":\"https:\/\/dev.borgarbyggd.is\/hnodrabol\/upplysingar\/opnunartimi\/\",\"url\":\"https:\/\/dev.borgarbyggd.is\/hnodrabol\/upplysingar\/opnunartimi\/\",\"name\":\"Opnunart\u00edmi - Hno\u00f0rab\u00f3l\",\"isPartOf\":{\"@id\":\"https:\/\/dev.borgarbyggd.is\/hnodrabol\/#website\"},\"datePublished\":\"2023-08-16T14:45:03+00:00\",\"dateModified\":\"2023-08-16T14:45:10+00:00\",\"breadcrumb\":{\"@id\":\"https:\/\/dev.borgarbyggd.is\/hnodrabol\/upplysingar\/opnunartimi\/#breadcrumb\"},\"inLanguage\":\"is\",\"potentialAction\":[{\"@type\":\"ReadAction\",\"target\":[\"https:\/\/dev.borgarbyggd.is\/hnodrabol\/upplysingar\/opnunartimi\/\"]}]},{\"@type\":\"BreadcrumbList\",\"@id\":\"https:\/\/dev.borgarbyggd.is\/hnodrabol\/upplysingar\/opnunartimi\/#breadcrumb\",\"itemListElement\":[{\"@type\":\"ListItem\",\"position\":1,\"name\":\"Home\",\"item\":\"https:\/\/dev.borgarbyggd.is\/hnodrabol\/\"},{\"@type\":\"ListItem\",\"position\":2,\"name\":\"Uppl\u00fdsingar\",\"item\":\"https:\/\/dev.borgarbyggd.is\/hnodrabol\/upplysingar\/\"},{\"@type\":\"ListItem\",\"position\":3,\"name\":\"Opnunart\u00edmi\"}]},{\"@type\":\"WebSite\",\"@id\":\"https:\/\/dev.borgarbyggd.is\/hnodrabol\/#website\",\"url\":\"https:\/\/dev.borgarbyggd.is\/hnodrabol\/\",\"name\":\"Hno\u00f0rab\u00f3l\",\"description\":\"\",\"potentialAction\":[{\"@type\":\"SearchAction\",\"target\":{\"@type\":\"EntryPoint\",\"urlTemplate\":\"https:\/\/dev.borgarbyggd.is\/hnodrabol\/?s={search_term_string}\"},\"query-input\":{\"@type\":\"PropertyValueSpecification\",\"valueRequired\":true,\"valueName\":\"search_term_string\"}}],\"inLanguage\":\"is\"}]}<\/script>\n<!-- \/ Yoast SEO plugin. -->","yoast_head_json":{"title":"Opnunart\u00edmi - Hno\u00f0rab\u00f3l","robots":{"index":"noindex","follow":"follow","max-snippet":"max-snippet:-1","max-image-preview":"max-image-preview:large","max-video-preview":"max-video-preview:-1"},"og_locale":"is_IS","og_type":"article","og_title":"Opnunart\u00edmi - Hno\u00f0rab\u00f3l","og_description":"Leiksk\u00f3linn Hno\u00f0rab\u00f3l er opinn virka daga\u202fkl. 8:00-16:00.\u202f\u00a0 Ger\u00f0ur er dvalarsamningur um dv\u00f6l barnsins \u00e1 leiksk\u00f3lanum. H\u00e6gt er a\u00f0 s\u00e6kja um breytingu \u00e1 dvalart\u00edma hj\u00e1 leiksk\u00f3lastj\u00f3ra.\u00a0 B\u00f6rn skulu taka fj\u00f6gurra vikna sumarleyfi. \u00a0","og_url":"https:\/\/dev.borgarbyggd.is\/hnodrabol\/upplysingar\/opnunartimi\/","og_site_name":"Hno\u00f0rab\u00f3l","article_modified_time":"2023-08-16T14:45:10+00:00","twitter_card":"summary_large_image","twitter_misc":{"Est. reading time":"1 minute"},"schema":{"@context":"https:\/\/schema.org","@graph":[{"@type":"WebPage","@id":"https:\/\/dev.borgarbyggd.is\/hnodrabol\/upplysingar\/opnunartimi\/","url":"https:\/\/dev.borgarbyggd.is\/hnodrabol\/upplysingar\/opnunartimi\/","name":"Opnunart\u00edmi - Hno\u00f0rab\u00f3l","isPartOf":{"@id":"https:\/\/dev.borgarbyggd.is\/hnodrabol\/#website"},"datePublished":"2023-08-16T14:45:03+00:00","dateModified":"2023-08-16T14:45:10+00:00","breadcrumb":{"@id":"https:\/\/dev.borgarbyggd.is\/hnodrabol\/upplysingar\/opnunartimi\/#breadcrumb"},"inLanguage":"is","potentialAction":[{"@type":"ReadAction","target":["https:\/\/dev.borgarbyggd.is\/hnodrabol\/upplysingar\/opnunartimi\/"]}]},{"@type":"BreadcrumbList","@id":"https:\/\/dev.borgarbyggd.is\/hnodrabol\/upplysingar\/opnunartimi\/#breadcrumb","itemListElement":[{"@type":"ListItem","position":1,"name":"Home","item":"https:\/\/dev.borgarbyggd.is\/hnodrabol\/"},{"@type":"ListItem","position":2,"name":"Uppl\u00fdsingar","item":"https:\/\/dev.borgarbyggd.is\/hnodrabol\/upplysingar\/"},{"@type":"ListItem","position":3,"name":"Opnunart\u00edmi"}]},{"@type":"WebSite","@id":"https:\/\/dev.borgarbyggd.is\/hnodrabol\/#website","url":"https:\/\/dev.borgarbyggd.is\/hnodrabol\/","name":"Hno\u00f0rab\u00f3l","description":"","potentialAction":[{"@type":"SearchAction","target":{"@type":"EntryPoint","urlTemplate":"https:\/\/dev.borgarbyggd.is\/hnodrabol\/?s={search_term_string}"},"query-input":{"@type":"PropertyValueSpecification","valueRequired":true,"valueName":"search_term_string"}}],"inLanguage":"is"}]}},"_links":{"self":[{"href":"https:\/\/dev.borgarbyggd.is\/hnodrabol\/wp-json\/wp\/v2\/pages\/92","targetHints":{"allow":["GET"]}}],"collection":[{"href":"https:\/\/dev.borgarbyggd.is\/hnodrabol\/wp-json\/wp\/v2\/pages"}],"about":[{"href":"https:\/\/dev.borgarbyggd.is\/hnodrabol\/wp-json\/wp\/v2\/types\/page"}],"author":[{"embeddable":true,"href":"https:\/\/dev.borgarbyggd.is\/hnodrabol\/wp-json\/wp\/v2\/users\/4"}],"replies":[{"embeddable":true,"href":"https:\/\/dev.borgarbyggd.is\/hnodrabol\/wp-json\/wp\/v2\/comments?post=92"}],"version-history":[{"count":0,"href":"https:\/\/dev.borgarbyggd.is\/hnodrabol\/wp-json\/wp\/v2\/pages\/92\/revisions"}],"up":[{"embeddable":true,"href":"https:\/\/dev.borgarbyggd.is\/hnodrabol\/wp-json\/wp\/v2\/pages\/90"}],"wp:attachment":[{"href":"https:\/\/dev.borgarbyggd.is\/hnodrabol\/wp-json\/wp\/v2\/media?parent=92"}],"curies":[{"name":"wp","href":"https:\/\/api.w.org\/{rel}","templated":true}]}}