{"id":84,"date":"2023-08-16T14:37:23","date_gmt":"2023-08-16T14:37:23","guid":{"rendered":"https:\/\/dev.borgarbyggd.is\/hnodrabol\/?page_id=84"},"modified":"2025-10-23T14:03:06","modified_gmt":"2025-10-23T14:03:06","slug":"velkomin-a-hnodrabol","status":"publish","type":"page","link":"https:\/\/dev.borgarbyggd.is\/hnodrabol\/skolastarf\/velkomin-a-hnodrabol\/","title":{"rendered":"Velkomin \u00e1 Hno\u00f0rab\u00f3l"},"content":{"rendered":"<p><span data-contrast=\"none\">Leiksk\u00f3linn Hno\u00f0rab\u00f3l er \u00e1 Kleppj\u00e1rnsreykjum \u00ed Reykholtsdal \u00ed Borgarbygg\u00f0. Hann er tveggja deilda leiksk\u00f3li og a\u00f0 jafna\u00f0i eru um 30 b\u00f6rn \u00e1 aldrinum fr\u00e1 12 m\u00e1na\u00f0a til 6 \u00e1ra. Starfsemi leiksk\u00f3lans heyrir undir fr\u00e6\u00f0slunefnd og starfar eftir settum verklagsreglum fyrir starfsemi leiksk\u00f3la \u00ed Borgarbygg\u00f0,\u202f<\/span><a href=\"http:\/\/borgarbyggd.is\/wp-content\/uploads\/2016\/05\/VERKLAGSREGLUR-FYRIR-LEIKSK%C3%93LA-BORGARBYGG%C3%90AR-apr%C3%ADl-2016.pdf\"><span data-contrast=\"none\">sj\u00e1 verklagsreglur <strong>h\u00e9r<\/strong>.<\/span><\/a><span data-ccp-props=\"{&quot;134233117&quot;:false,&quot;134233118&quot;:false,&quot;201341983&quot;:0,&quot;335559738&quot;:0,&quot;335559739&quot;:150,&quot;335559740&quot;:240}\">\u00a0<\/span><\/p>\n<p><span data-contrast=\"none\">Leiksk\u00f3linn Hno\u00f0rab\u00f3l starfar eftir l\u00f6gum um leiksk\u00f3la (nr.90\/2008) og A\u00f0aln\u00e1mskr\u00e1 leiksk\u00f3la 2011. \u00dear kemur fram a\u00f0 leiksk\u00f3lar s\u00e9u fyrsta sk\u00f3lastigi\u00f0 \u00ed sk\u00f3lakerfinu. Leiksk\u00f3linn skal annast uppeldi, um\u00f6nnun og menntun barna \u00e1 leiksk\u00f3laaldri.<\/span><span data-ccp-props=\"{&quot;134233117&quot;:false,&quot;134233118&quot;:false,&quot;201341983&quot;:0,&quot;335559738&quot;:0,&quot;335559739&quot;:150,&quot;335559740&quot;:240}\">\u00a0<\/span><\/p>\n<p><span data-contrast=\"none\">Markmi\u00f0 Hno\u00f0rab\u00f3ls er a\u00f0 hafa velfer\u00f0 og hag barna a\u00f0 lei\u00f0arlj\u00f3si samkv\u00e6mt l\u00f6gum. N\u00e1m \u00e1 a\u00f0 fara fram \u00ed leik og skapandi starfi og starfsh\u00e6ttir byggja \u00e1 umbur\u00f0arlyndi, jafnr\u00e9tti, k\u00e6rleika, \u00e1byrg\u00f0, l\u00fd\u00f0r\u00e6\u00f0islegu samstarfi, vir\u00f0ingu og umhyggju.<\/span><span data-ccp-props=\"{&quot;134233117&quot;:false,&quot;134233118&quot;:false,&quot;201341983&quot;:0,&quot;335559738&quot;:0,&quot;335559739&quot;:150,&quot;335559740&quot;:240}\">\u00a0<\/span><\/p>\n<p><span data-contrast=\"none\">\u00deegar n\u00fd b\u00f6rn hefja s\u00edna sk\u00f3lag\u00f6ngu \u00e1 Hno\u00f0rab\u00f3li ganga \u00feau \u00ed gegnum \u00fe\u00e1ttt\u00f6kua\u00f0l\u00f6gun me\u00f0 s\u00ednu foreldri.<\/span><span data-ccp-props=\"{&quot;134233117&quot;:false,&quot;134233118&quot;:false,&quot;201341983&quot;:0,&quot;335559738&quot;:0,&quot;335559739&quot;:150,&quot;335559740&quot;:240}\">\u00a0<\/span><\/p>\n<p><span data-contrast=\"none\">H\u00fan fer \u00feannig fram a\u00f0 fyrst er haldinn fundur me\u00f0 foreldrum og starfsf\u00f3lki \u00fear sem starfsf\u00f3lki\u00f0 kynnir sig, deildina og segir fr\u00e1 \u00fev\u00ed sem framundan er. N\u00e6st m\u00e6tir foreldri me\u00f0 barni\u00f0 og fylgir \u00fev\u00ed fyrstu \u00ferj\u00e1 dagana. \u00c1 fj\u00f3r\u00f0a degi m\u00e6tir barni\u00f0 og kve\u00f0ur foreldri sitt.<\/span><span data-ccp-props=\"{&quot;134233117&quot;:false,&quot;134233118&quot;:false,&quot;201341983&quot;:0,&quot;335559738&quot;:0,&quot;335559739&quot;:150,&quot;335559740&quot;:240}\">\u00a0<\/span><\/p>\n<p><span data-contrast=\"none\">\u201e<\/span><i><span data-contrast=\"none\">Hugmyndafr\u00e6\u00f0in \u00e1 bak vi\u00f0 \u00feetta ferli er a\u00f0 \u00f6ruggir foreldrar smiti eigin \u00f6ryggiskennd yfir til barna sinna. \u00d6ruggir foreldrar = \u00f6rugg b\u00f6rn. Me\u00f0 \u00fev\u00ed a\u00f0 foreldrar s\u00e9u fullir \u00fe\u00e1tttakendur fr\u00e1 fyrsta degi \u00f6\u00f0last \u00feeir \u00f6ryggi um dagskipulagi\u00f0 og \u00fea\u00f0 sem \u00e1 s\u00e9r sta\u00f0 \u00ed leiksk\u00f3lanum\u201c(Krist\u00edn D\u00fdrfj\u00f6r\u00f0, 2009).<\/span><\/i><span data-ccp-props=\"{&quot;134233117&quot;:false,&quot;134233118&quot;:false,&quot;201341983&quot;:0,&quot;335559738&quot;:0,&quot;335559739&quot;:150,&quot;335559740&quot;:240}\">\u00a0<\/span><\/p>\n<p><span data-contrast=\"none\">Hno\u00f0rab\u00f3l er gr\u00e6nf\u00e1naleiksk\u00f3li. \u00c1 Hno\u00f0rab\u00f3li er unni\u00f0 eftir \u00feessum kenningum fr\u00e6\u00f0imanna, hugmyndir John Dewey um n\u00e1m og reynslu, kenningar Rudolf Steiners sem Waldorfuppeldisfr\u00e6\u00f0in byggir \u00e1, hugmyndum Steven Covey um Venjurnar sj\u00f6\/Lei\u00f0toginn \u00ed m\u00e9r. Helstu kennslua\u00f0fer\u00f0ir eru \u00ed gegnum frj\u00e1lsan leik, l\u00f6g\u00f0 er mikil \u00e1hersla \u00e1 \u00fativeru, hreyfingu, sk\u00f6pun og m\u00e1l\u00f6rvun.<\/span><span data-ccp-props=\"{&quot;134233117&quot;:false,&quot;134233118&quot;:false,&quot;201341983&quot;:0,&quot;335559738&quot;:0,&quot;335559739&quot;:150,&quot;335559740&quot;:240}\">\u00a0<\/span><\/p>\n<h2><span data-contrast=\"auto\">Saga Hno\u00f0rab\u00f3ls<\/span><span data-ccp-props=\"{&quot;201341983&quot;:0,&quot;335559739&quot;:160,&quot;335559740&quot;:259}\">\u00a0<\/span><\/h2>\n<p><span data-contrast=\"none\">Leiksk\u00f3linn Hno\u00f0rab\u00f3l\/Dagheimili Reykholts &#8211; og H\u00e1lsahrepps var stofna\u00f0ur af \u00e1hugas\u00f6mum foreldrum \u00ed sveitinni 9. september 1982. Fyrstu \u00e1rin var leiksk\u00f3linn sta\u00f0settur \u00ed Smi\u00f0junni \u00ed Reykholti og L\u00e6knish\u00fasinu a\u00f0 Kleppj\u00e1rnsreykjum en lengst af var hann til h\u00fasa \u00ed Litla Hvammi. Reykholtsdalshreppur t\u00f3k vi\u00f0 rekstri leiksk\u00f3lans \u00e1ri\u00f0 1986. \u00c1ri\u00f0 1991 keypti hann h\u00fas \u00e1 Gr\u00edmsst\u00f6\u00f0um undir leiksk\u00f3lastarfsemina og var hann \u00fear til h\u00fasa allt til \u00e1rsins 2020. \u00deegar h\u00fasi\u00f0 var keypt var efnt til hugmyndasamkeppni um nafn \u00e1 leiksk\u00f3lann og Hno\u00f0rab\u00f3l var\u00f0 fyrir valinu, \u00e1tti Halld\u00f3ra \u00deorvaldsd\u00f3ttir \u00ed Reykholti hugmyndina a\u00f0 \u00fev\u00ed. Borgarbygg\u00f0 bygg\u00f0i n\u00fdtt h\u00fasn\u00e6\u00f0i fyrir leiksk\u00f3lann sem vi\u00f0byggingu vi\u00f0 grunnsk\u00f3lann \u00e1 Kleppj\u00e1rnsreykjum og var starfsemi leiksk\u00f3lans flutt \u00fear inn \u00ed desember 2020. <\/span><span data-ccp-props=\"{&quot;201341983&quot;:0,&quot;335559739&quot;:150,&quot;335559740&quot;:240}\">\u00a0<\/span><\/p>\n<p><span data-contrast=\"none\">Starf Hno\u00f0rab\u00f3ls hefur veri\u00f0 fars\u00e6lt \u00ed gegnum \u00e1ratugina og hefur hann noti\u00f0 mikillar velvildar n\u00e6rsamf\u00e9lagsins alla t\u00ed\u00f0. N\u00e6rsamf\u00e9lagi\u00f0 hefur m\u00f3ta\u00f0 og au\u00f0ga\u00f0 starf sk\u00f3lans, hvatt til samskipta, samvinnu og vin\u00e1ttu sem er hverjum sk\u00f3la afar d\u00fdrm\u00e6tt.<\/span><span data-ccp-props=\"{&quot;201341983&quot;:0,&quot;335559739&quot;:150,&quot;335559740&quot;:240}\">\u00a0<\/span><\/p>\n<p><span data-ccp-props=\"{&quot;201341983&quot;:0,&quot;335559739&quot;:160,&quot;335559740&quot;:259}\">\u00a0<\/span><\/p>\n","protected":false},"excerpt":{"rendered":"<p>Leiksk\u00f3linn Hno\u00f0rab\u00f3l er \u00e1 Kleppj\u00e1rnsreykjum \u00ed Reykholtsdal \u00ed Borgarbygg\u00f0. Hann er tveggja deilda leiksk\u00f3li og a\u00f0 jafna\u00f0i eru um 30 b\u00f6rn \u00e1 aldrinum fr\u00e1 12 m\u00e1na\u00f0a til 6 \u00e1ra. Starfsemi leiksk\u00f3lans heyrir undir fr\u00e6\u00f0slunefnd og starfar eftir settum verklagsreglum fyrir starfsemi leiksk\u00f3la \u00ed Borgarbygg\u00f0,\u202fsj\u00e1 verklagsreglur h\u00e9r.\u00a0 Leiksk\u00f3linn Hno\u00f0rab\u00f3l starfar eftir l\u00f6gum um leiksk\u00f3la (nr.90\/2008) og A\u00f0aln\u00e1mskr\u00e1 leiksk\u00f3la 2011. \u00dear kemur &#8230; <\/p>\n<div><a href=\"https:\/\/dev.borgarbyggd.is\/hnodrabol\/skolastarf\/velkomin-a-hnodrabol\/\" class=\"more-link\">Read More<\/a><\/div>\n","protected":false},"author":4,"featured_media":0,"parent":50,"menu_order":0,"comment_status":"closed","ping_status":"closed","template":"","meta":{"_acf_changed":false,"footnotes":""},"class_list":["post-84","page","type-page","status-publish","hentry","no-post-thumbnail"],"acf":{"quickaccess":false},"yoast_head":"<!-- This site is optimized with the Yoast SEO plugin v24.0 - https:\/\/yoast.com\/wordpress\/plugins\/seo\/ -->\n<title>Velkomin \u00e1 Hno\u00f0rab\u00f3l - Hno\u00f0rab\u00f3l<\/title>\n<meta name=\"robots\" content=\"noindex, follow, max-snippet:-1, max-image-preview:large, max-video-preview:-1\" \/>\n<meta property=\"og:locale\" content=\"is_IS\" \/>\n<meta property=\"og:type\" content=\"article\" \/>\n<meta property=\"og:title\" content=\"Velkomin \u00e1 Hno\u00f0rab\u00f3l - Hno\u00f0rab\u00f3l\" \/>\n<meta property=\"og:description\" content=\"Leiksk\u00f3linn Hno\u00f0rab\u00f3l er \u00e1 Kleppj\u00e1rnsreykjum \u00ed Reykholtsdal \u00ed Borgarbygg\u00f0. Hann er tveggja deilda leiksk\u00f3li og a\u00f0 jafna\u00f0i eru um 30 b\u00f6rn \u00e1 aldrinum fr\u00e1 12 m\u00e1na\u00f0a til 6 \u00e1ra. Starfsemi leiksk\u00f3lans heyrir undir fr\u00e6\u00f0slunefnd og starfar eftir settum verklagsreglum fyrir starfsemi leiksk\u00f3la \u00ed Borgarbygg\u00f0,\u202fsj\u00e1 verklagsreglur h\u00e9r.\u00a0 Leiksk\u00f3linn Hno\u00f0rab\u00f3l starfar eftir l\u00f6gum um leiksk\u00f3la (nr.90\/2008) og A\u00f0aln\u00e1mskr\u00e1 leiksk\u00f3la 2011. \u00dear kemur ... Read More\" \/>\n<meta property=\"og:url\" content=\"https:\/\/dev.borgarbyggd.is\/hnodrabol\/skolastarf\/velkomin-a-hnodrabol\/\" \/>\n<meta property=\"og:site_name\" content=\"Hno\u00f0rab\u00f3l\" \/>\n<meta property=\"article:modified_time\" content=\"2025-10-23T14:03:06+00:00\" \/>\n<meta name=\"twitter:card\" content=\"summary_large_image\" \/>\n<meta name=\"twitter:label1\" content=\"Est. reading time\" \/>\n\t<meta name=\"twitter:data1\" content=\"3 minutes\" \/>\n<script type=\"application\/ld+json\" class=\"yoast-schema-graph\">{\"@context\":\"https:\/\/schema.org\",\"@graph\":[{\"@type\":\"WebPage\",\"@id\":\"https:\/\/dev.borgarbyggd.is\/hnodrabol\/skolastarf\/velkomin-a-hnodrabol\/\",\"url\":\"https:\/\/dev.borgarbyggd.is\/hnodrabol\/skolastarf\/velkomin-a-hnodrabol\/\",\"name\":\"Velkomin \u00e1 Hno\u00f0rab\u00f3l - Hno\u00f0rab\u00f3l\",\"isPartOf\":{\"@id\":\"https:\/\/dev.borgarbyggd.is\/hnodrabol\/#website\"},\"datePublished\":\"2023-08-16T14:37:23+00:00\",\"dateModified\":\"2025-10-23T14:03:06+00:00\",\"breadcrumb\":{\"@id\":\"https:\/\/dev.borgarbyggd.is\/hnodrabol\/skolastarf\/velkomin-a-hnodrabol\/#breadcrumb\"},\"inLanguage\":\"is\",\"potentialAction\":[{\"@type\":\"ReadAction\",\"target\":[\"https:\/\/dev.borgarbyggd.is\/hnodrabol\/skolastarf\/velkomin-a-hnodrabol\/\"]}]},{\"@type\":\"BreadcrumbList\",\"@id\":\"https:\/\/dev.borgarbyggd.is\/hnodrabol\/skolastarf\/velkomin-a-hnodrabol\/#breadcrumb\",\"itemListElement\":[{\"@type\":\"ListItem\",\"position\":1,\"name\":\"Home\",\"item\":\"https:\/\/dev.borgarbyggd.is\/hnodrabol\/\"},{\"@type\":\"ListItem\",\"position\":2,\"name\":\"Sk\u00f3lastarf\",\"item\":\"https:\/\/dev.borgarbyggd.is\/hnodrabol\/skolastarf\/\"},{\"@type\":\"ListItem\",\"position\":3,\"name\":\"Velkomin \u00e1 Hno\u00f0rab\u00f3l\"}]},{\"@type\":\"WebSite\",\"@id\":\"https:\/\/dev.borgarbyggd.is\/hnodrabol\/#website\",\"url\":\"https:\/\/dev.borgarbyggd.is\/hnodrabol\/\",\"name\":\"Hno\u00f0rab\u00f3l\",\"description\":\"\",\"potentialAction\":[{\"@type\":\"SearchAction\",\"target\":{\"@type\":\"EntryPoint\",\"urlTemplate\":\"https:\/\/dev.borgarbyggd.is\/hnodrabol\/?s={search_term_string}\"},\"query-input\":{\"@type\":\"PropertyValueSpecification\",\"valueRequired\":true,\"valueName\":\"search_term_string\"}}],\"inLanguage\":\"is\"}]}<\/script>\n<!-- \/ Yoast SEO plugin. -->","yoast_head_json":{"title":"Velkomin \u00e1 Hno\u00f0rab\u00f3l - Hno\u00f0rab\u00f3l","robots":{"index":"noindex","follow":"follow","max-snippet":"max-snippet:-1","max-image-preview":"max-image-preview:large","max-video-preview":"max-video-preview:-1"},"og_locale":"is_IS","og_type":"article","og_title":"Velkomin \u00e1 Hno\u00f0rab\u00f3l - Hno\u00f0rab\u00f3l","og_description":"Leiksk\u00f3linn Hno\u00f0rab\u00f3l er \u00e1 Kleppj\u00e1rnsreykjum \u00ed Reykholtsdal \u00ed Borgarbygg\u00f0. Hann er tveggja deilda leiksk\u00f3li og a\u00f0 jafna\u00f0i eru um 30 b\u00f6rn \u00e1 aldrinum fr\u00e1 12 m\u00e1na\u00f0a til 6 \u00e1ra. Starfsemi leiksk\u00f3lans heyrir undir fr\u00e6\u00f0slunefnd og starfar eftir settum verklagsreglum fyrir starfsemi leiksk\u00f3la \u00ed Borgarbygg\u00f0,\u202fsj\u00e1 verklagsreglur h\u00e9r.\u00a0 Leiksk\u00f3linn Hno\u00f0rab\u00f3l starfar eftir l\u00f6gum um leiksk\u00f3la (nr.90\/2008) og A\u00f0aln\u00e1mskr\u00e1 leiksk\u00f3la 2011. \u00dear kemur ... Read More","og_url":"https:\/\/dev.borgarbyggd.is\/hnodrabol\/skolastarf\/velkomin-a-hnodrabol\/","og_site_name":"Hno\u00f0rab\u00f3l","article_modified_time":"2025-10-23T14:03:06+00:00","twitter_card":"summary_large_image","twitter_misc":{"Est. reading time":"3 minutes"},"schema":{"@context":"https:\/\/schema.org","@graph":[{"@type":"WebPage","@id":"https:\/\/dev.borgarbyggd.is\/hnodrabol\/skolastarf\/velkomin-a-hnodrabol\/","url":"https:\/\/dev.borgarbyggd.is\/hnodrabol\/skolastarf\/velkomin-a-hnodrabol\/","name":"Velkomin \u00e1 Hno\u00f0rab\u00f3l - Hno\u00f0rab\u00f3l","isPartOf":{"@id":"https:\/\/dev.borgarbyggd.is\/hnodrabol\/#website"},"datePublished":"2023-08-16T14:37:23+00:00","dateModified":"2025-10-23T14:03:06+00:00","breadcrumb":{"@id":"https:\/\/dev.borgarbyggd.is\/hnodrabol\/skolastarf\/velkomin-a-hnodrabol\/#breadcrumb"},"inLanguage":"is","potentialAction":[{"@type":"ReadAction","target":["https:\/\/dev.borgarbyggd.is\/hnodrabol\/skolastarf\/velkomin-a-hnodrabol\/"]}]},{"@type":"BreadcrumbList","@id":"https:\/\/dev.borgarbyggd.is\/hnodrabol\/skolastarf\/velkomin-a-hnodrabol\/#breadcrumb","itemListElement":[{"@type":"ListItem","position":1,"name":"Home","item":"https:\/\/dev.borgarbyggd.is\/hnodrabol\/"},{"@type":"ListItem","position":2,"name":"Sk\u00f3lastarf","item":"https:\/\/dev.borgarbyggd.is\/hnodrabol\/skolastarf\/"},{"@type":"ListItem","position":3,"name":"Velkomin \u00e1 Hno\u00f0rab\u00f3l"}]},{"@type":"WebSite","@id":"https:\/\/dev.borgarbyggd.is\/hnodrabol\/#website","url":"https:\/\/dev.borgarbyggd.is\/hnodrabol\/","name":"Hno\u00f0rab\u00f3l","description":"","potentialAction":[{"@type":"SearchAction","target":{"@type":"EntryPoint","urlTemplate":"https:\/\/dev.borgarbyggd.is\/hnodrabol\/?s={search_term_string}"},"query-input":{"@type":"PropertyValueSpecification","valueRequired":true,"valueName":"search_term_string"}}],"inLanguage":"is"}]}},"_links":{"self":[{"href":"https:\/\/dev.borgarbyggd.is\/hnodrabol\/wp-json\/wp\/v2\/pages\/84","targetHints":{"allow":["GET"]}}],"collection":[{"href":"https:\/\/dev.borgarbyggd.is\/hnodrabol\/wp-json\/wp\/v2\/pages"}],"about":[{"href":"https:\/\/dev.borgarbyggd.is\/hnodrabol\/wp-json\/wp\/v2\/types\/page"}],"author":[{"embeddable":true,"href":"https:\/\/dev.borgarbyggd.is\/hnodrabol\/wp-json\/wp\/v2\/users\/4"}],"replies":[{"embeddable":true,"href":"https:\/\/dev.borgarbyggd.is\/hnodrabol\/wp-json\/wp\/v2\/comments?post=84"}],"version-history":[{"count":0,"href":"https:\/\/dev.borgarbyggd.is\/hnodrabol\/wp-json\/wp\/v2\/pages\/84\/revisions"}],"up":[{"embeddable":true,"href":"https:\/\/dev.borgarbyggd.is\/hnodrabol\/wp-json\/wp\/v2\/pages\/50"}],"wp:attachment":[{"href":"https:\/\/dev.borgarbyggd.is\/hnodrabol\/wp-json\/wp\/v2\/media?parent=84"}],"curies":[{"name":"wp","href":"https:\/\/api.w.org\/{rel}","templated":true}]}}