{"id":82,"date":"2023-08-16T14:35:24","date_gmt":"2023-08-16T14:35:24","guid":{"rendered":"https:\/\/dev.borgarbyggd.is\/hnodrabol\/?page_id=82"},"modified":"2025-10-23T13:54:39","modified_gmt":"2025-10-23T13:54:39","slug":"leidtoginn-i-mer","status":"publish","type":"page","link":"https:\/\/dev.borgarbyggd.is\/hnodrabol\/skolastarf\/leidtoginn-i-mer\/","title":{"rendered":"Lei\u00f0toginn \u00ed m\u00e9r"},"content":{"rendered":"<p><span data-contrast=\"none\">Megininntak\u202f<\/span><i><span data-contrast=\"none\">Lei\u00f0togans \u00ed m\u00e9r<\/span><\/i><span data-contrast=\"none\">\u202fer a\u00f0 hver einstaklingur l\u00e6ri a\u00f0 bera \u00e1byrg\u00f0 \u00e1 \u00e1kv\u00f6r\u00f0unum s\u00ednum og noti \u00fe\u00e1 f\u00e6rni til a\u00f0 m\u00f3ta l\u00edf sitt til hins betra.<\/span><span data-ccp-props=\"{&quot;201341983&quot;:0,&quot;335559739&quot;:150,&quot;335559740&quot;:240}\">\u00a0<\/span><\/p>\n<p><span data-contrast=\"none\">\u00dat fr\u00e1 innlei\u00f0ingarferli\u202f<\/span><i><span data-contrast=\"none\">Lei\u00f0togans \u00ed m\u00e9r<\/span><\/i><span data-contrast=\"none\">\u202fhafa veri\u00f0 \u00fer\u00f3a\u00f0ar a\u00f0fer\u00f0ir til a\u00f0 kenna og halda \u00e1 lofti\u202f<\/span><i><span data-contrast=\"none\">Venjunum 7<\/span><\/i><span data-contrast=\"none\">\u202f\u00e1 Hno\u00f0rab\u00f3li. Hluti af \u00feessu eru pers\u00f3nuspj\u00f6ld og vikuleg\/dagleg lei\u00f0togahlutverk barnanna. \u00c1 pers\u00f3nuspj\u00f6ldum \u00feeirra kemur fram myndr\u00e6nt hva\u00f0 \u00feeim \u00feykir gaman a\u00f0 gera, \u00ed hverju \u00feau eru g\u00f3\u00f0 og framt\u00ed\u00f0arstarf\/-s\u00fdn. B\u00f6rnin velja\/f\u00e1 lei\u00f0togahlutverk vikulega\/dagleg \u00fear sem \u00feeirra framlag er mikilv\u00e6gt. Til d\u00e6mis vagnalei\u00f0togi (s\u00e6kir matarvagninn), ve\u00f0urlei\u00f0togi, dagatalalei\u00f0togi, b\u00f3kalei\u00f0togi og fleira.<\/span><span data-ccp-props=\"{&quot;201341983&quot;:0,&quot;335559739&quot;:150,&quot;335559740&quot;:240}\">\u00a0<\/span><\/p>\n<p><span data-contrast=\"none\">Einnig hefur veri\u00f0 \u00fer\u00f3a\u00f0 \u00fdmist n\u00e1msefni fyrir kennara og b\u00f6rn tengt Venjunum 7. \u00dear m\u00e1 helst nefna s\u00f6gurnar um Bubba bj\u00f6rn, Brodd broddg\u00f6lt, Lilju sk\u00fank, Samma og Soff\u00edu \u00edkorna, All\u00fd fylgifisk og fleiri. Jafnframt er au\u00f0velt a\u00f0 tengja a\u00f0rar s\u00f6gur og \u00feekkt \u00e6vint\u00fdri vi\u00f0 Venjurnar 7. A\u00f0 minnsta kosti einu sinni \u00e1 \u00e1ri er haldinn Lei\u00f0togadagur \u00fear sem b\u00f6rnin eru \u00ed a\u00f0alhlutverki a\u00f0 s\u00fdna gestum hva\u00f0 \u00feau hafa veri\u00f0 a\u00f0 f\u00e1st vi\u00f0 \u00ed leiksk\u00f3lanum.<\/span><span data-ccp-props=\"{&quot;201341983&quot;:0,&quot;335559739&quot;:150,&quot;335559740&quot;:240}\">\u00a0<\/span><\/p>\n<p><span data-contrast=\"none\">N\u00e1nari uppl\u00fdsingar <strong><a href=\"http:\/\/www.franklincovey.is\/skolar-og-ungmenni\/Leader-In-Me\">h\u00e9r<\/a><\/strong> og<strong><a href=\"http:\/\/www.theleaderinme.org\/what-is-the-leader-in-me\/\"> h\u00e9r<\/a><\/strong>.\u00a0<\/span><\/p>\n<p>Vi\u00f0 vinnum me\u00f0 eina venju \u00e1 m\u00e1nu\u00f0i yfir vetrart\u00edmann. H\u00e9r m\u00e1 sj\u00e1 hvernig venjurnar skiptast \u00e1 m\u00e1nu\u00f0i og hva\u00f0a b\u00e6kur vi\u00f0 vinnum me\u00f0 me\u00f0 hverri venju: <strong><a href=\"https:\/\/dev.borgarbyggd.is\/hnodrabol\/wp-content\/uploads\/sites\/10\/2024\/10\/venja-manadarins-24-25.docx\">venja m\u00e1na\u00f0arins 25-26<\/a><\/strong><\/p>\n","protected":false},"excerpt":{"rendered":"<p>Megininntak\u202fLei\u00f0togans \u00ed m\u00e9r\u202fer a\u00f0 hver einstaklingur l\u00e6ri a\u00f0 bera \u00e1byrg\u00f0 \u00e1 \u00e1kv\u00f6r\u00f0unum s\u00ednum og noti \u00fe\u00e1 f\u00e6rni til a\u00f0 m\u00f3ta l\u00edf sitt til hins betra.\u00a0 \u00dat fr\u00e1 innlei\u00f0ingarferli\u202fLei\u00f0togans \u00ed m\u00e9r\u202fhafa veri\u00f0 \u00fer\u00f3a\u00f0ar a\u00f0fer\u00f0ir til a\u00f0 kenna og halda \u00e1 lofti\u202fVenjunum 7\u202f\u00e1 Hno\u00f0rab\u00f3li. Hluti af \u00feessu eru pers\u00f3nuspj\u00f6ld og vikuleg\/dagleg lei\u00f0togahlutverk barnanna. \u00c1 pers\u00f3nuspj\u00f6ldum \u00feeirra kemur fram myndr\u00e6nt hva\u00f0 \u00feeim \u00feykir &#8230; <\/p>\n<div><a href=\"https:\/\/dev.borgarbyggd.is\/hnodrabol\/skolastarf\/leidtoginn-i-mer\/\" class=\"more-link\">Read More<\/a><\/div>\n","protected":false},"author":4,"featured_media":0,"parent":50,"menu_order":0,"comment_status":"closed","ping_status":"closed","template":"","meta":{"_acf_changed":false,"footnotes":""},"class_list":["post-82","page","type-page","status-publish","hentry","no-post-thumbnail"],"acf":{"quickaccess":false},"yoast_head":"<!-- This site is optimized with the Yoast SEO plugin v24.0 - https:\/\/yoast.com\/wordpress\/plugins\/seo\/ -->\n<title>Lei\u00f0toginn \u00ed m\u00e9r - Hno\u00f0rab\u00f3l<\/title>\n<meta name=\"robots\" content=\"noindex, follow, max-snippet:-1, max-image-preview:large, max-video-preview:-1\" \/>\n<meta property=\"og:locale\" content=\"is_IS\" \/>\n<meta property=\"og:type\" content=\"article\" \/>\n<meta property=\"og:title\" content=\"Lei\u00f0toginn \u00ed m\u00e9r - Hno\u00f0rab\u00f3l\" \/>\n<meta property=\"og:description\" content=\"Megininntak\u202fLei\u00f0togans \u00ed m\u00e9r\u202fer a\u00f0 hver einstaklingur l\u00e6ri a\u00f0 bera \u00e1byrg\u00f0 \u00e1 \u00e1kv\u00f6r\u00f0unum s\u00ednum og noti \u00fe\u00e1 f\u00e6rni til a\u00f0 m\u00f3ta l\u00edf sitt til hins betra.\u00a0 \u00dat fr\u00e1 innlei\u00f0ingarferli\u202fLei\u00f0togans \u00ed m\u00e9r\u202fhafa veri\u00f0 \u00fer\u00f3a\u00f0ar a\u00f0fer\u00f0ir til a\u00f0 kenna og halda \u00e1 lofti\u202fVenjunum 7\u202f\u00e1 Hno\u00f0rab\u00f3li. Hluti af \u00feessu eru pers\u00f3nuspj\u00f6ld og vikuleg\/dagleg lei\u00f0togahlutverk barnanna. \u00c1 pers\u00f3nuspj\u00f6ldum \u00feeirra kemur fram myndr\u00e6nt hva\u00f0 \u00feeim \u00feykir ... Read More\" \/>\n<meta property=\"og:url\" content=\"https:\/\/dev.borgarbyggd.is\/hnodrabol\/skolastarf\/leidtoginn-i-mer\/\" \/>\n<meta property=\"og:site_name\" content=\"Hno\u00f0rab\u00f3l\" \/>\n<meta property=\"article:modified_time\" content=\"2025-10-23T13:54:39+00:00\" \/>\n<meta name=\"twitter:card\" content=\"summary_large_image\" \/>\n<meta name=\"twitter:label1\" content=\"Est. reading time\" \/>\n\t<meta name=\"twitter:data1\" content=\"2 minutes\" \/>\n<script type=\"application\/ld+json\" class=\"yoast-schema-graph\">{\"@context\":\"https:\/\/schema.org\",\"@graph\":[{\"@type\":\"WebPage\",\"@id\":\"https:\/\/dev.borgarbyggd.is\/hnodrabol\/skolastarf\/leidtoginn-i-mer\/\",\"url\":\"https:\/\/dev.borgarbyggd.is\/hnodrabol\/skolastarf\/leidtoginn-i-mer\/\",\"name\":\"Lei\u00f0toginn \u00ed m\u00e9r - Hno\u00f0rab\u00f3l\",\"isPartOf\":{\"@id\":\"https:\/\/dev.borgarbyggd.is\/hnodrabol\/#website\"},\"datePublished\":\"2023-08-16T14:35:24+00:00\",\"dateModified\":\"2025-10-23T13:54:39+00:00\",\"breadcrumb\":{\"@id\":\"https:\/\/dev.borgarbyggd.is\/hnodrabol\/skolastarf\/leidtoginn-i-mer\/#breadcrumb\"},\"inLanguage\":\"is\",\"potentialAction\":[{\"@type\":\"ReadAction\",\"target\":[\"https:\/\/dev.borgarbyggd.is\/hnodrabol\/skolastarf\/leidtoginn-i-mer\/\"]}]},{\"@type\":\"BreadcrumbList\",\"@id\":\"https:\/\/dev.borgarbyggd.is\/hnodrabol\/skolastarf\/leidtoginn-i-mer\/#breadcrumb\",\"itemListElement\":[{\"@type\":\"ListItem\",\"position\":1,\"name\":\"Home\",\"item\":\"https:\/\/dev.borgarbyggd.is\/hnodrabol\/\"},{\"@type\":\"ListItem\",\"position\":2,\"name\":\"Sk\u00f3lastarf\",\"item\":\"https:\/\/dev.borgarbyggd.is\/hnodrabol\/skolastarf\/\"},{\"@type\":\"ListItem\",\"position\":3,\"name\":\"Lei\u00f0toginn \u00ed m\u00e9r\"}]},{\"@type\":\"WebSite\",\"@id\":\"https:\/\/dev.borgarbyggd.is\/hnodrabol\/#website\",\"url\":\"https:\/\/dev.borgarbyggd.is\/hnodrabol\/\",\"name\":\"Hno\u00f0rab\u00f3l\",\"description\":\"\",\"potentialAction\":[{\"@type\":\"SearchAction\",\"target\":{\"@type\":\"EntryPoint\",\"urlTemplate\":\"https:\/\/dev.borgarbyggd.is\/hnodrabol\/?s={search_term_string}\"},\"query-input\":{\"@type\":\"PropertyValueSpecification\",\"valueRequired\":true,\"valueName\":\"search_term_string\"}}],\"inLanguage\":\"is\"}]}<\/script>\n<!-- \/ Yoast SEO plugin. -->","yoast_head_json":{"title":"Lei\u00f0toginn \u00ed m\u00e9r - Hno\u00f0rab\u00f3l","robots":{"index":"noindex","follow":"follow","max-snippet":"max-snippet:-1","max-image-preview":"max-image-preview:large","max-video-preview":"max-video-preview:-1"},"og_locale":"is_IS","og_type":"article","og_title":"Lei\u00f0toginn \u00ed m\u00e9r - Hno\u00f0rab\u00f3l","og_description":"Megininntak\u202fLei\u00f0togans \u00ed m\u00e9r\u202fer a\u00f0 hver einstaklingur l\u00e6ri a\u00f0 bera \u00e1byrg\u00f0 \u00e1 \u00e1kv\u00f6r\u00f0unum s\u00ednum og noti \u00fe\u00e1 f\u00e6rni til a\u00f0 m\u00f3ta l\u00edf sitt til hins betra.\u00a0 \u00dat fr\u00e1 innlei\u00f0ingarferli\u202fLei\u00f0togans \u00ed m\u00e9r\u202fhafa veri\u00f0 \u00fer\u00f3a\u00f0ar a\u00f0fer\u00f0ir til a\u00f0 kenna og halda \u00e1 lofti\u202fVenjunum 7\u202f\u00e1 Hno\u00f0rab\u00f3li. Hluti af \u00feessu eru pers\u00f3nuspj\u00f6ld og vikuleg\/dagleg lei\u00f0togahlutverk barnanna. \u00c1 pers\u00f3nuspj\u00f6ldum \u00feeirra kemur fram myndr\u00e6nt hva\u00f0 \u00feeim \u00feykir ... Read More","og_url":"https:\/\/dev.borgarbyggd.is\/hnodrabol\/skolastarf\/leidtoginn-i-mer\/","og_site_name":"Hno\u00f0rab\u00f3l","article_modified_time":"2025-10-23T13:54:39+00:00","twitter_card":"summary_large_image","twitter_misc":{"Est. reading time":"2 minutes"},"schema":{"@context":"https:\/\/schema.org","@graph":[{"@type":"WebPage","@id":"https:\/\/dev.borgarbyggd.is\/hnodrabol\/skolastarf\/leidtoginn-i-mer\/","url":"https:\/\/dev.borgarbyggd.is\/hnodrabol\/skolastarf\/leidtoginn-i-mer\/","name":"Lei\u00f0toginn \u00ed m\u00e9r - Hno\u00f0rab\u00f3l","isPartOf":{"@id":"https:\/\/dev.borgarbyggd.is\/hnodrabol\/#website"},"datePublished":"2023-08-16T14:35:24+00:00","dateModified":"2025-10-23T13:54:39+00:00","breadcrumb":{"@id":"https:\/\/dev.borgarbyggd.is\/hnodrabol\/skolastarf\/leidtoginn-i-mer\/#breadcrumb"},"inLanguage":"is","potentialAction":[{"@type":"ReadAction","target":["https:\/\/dev.borgarbyggd.is\/hnodrabol\/skolastarf\/leidtoginn-i-mer\/"]}]},{"@type":"BreadcrumbList","@id":"https:\/\/dev.borgarbyggd.is\/hnodrabol\/skolastarf\/leidtoginn-i-mer\/#breadcrumb","itemListElement":[{"@type":"ListItem","position":1,"name":"Home","item":"https:\/\/dev.borgarbyggd.is\/hnodrabol\/"},{"@type":"ListItem","position":2,"name":"Sk\u00f3lastarf","item":"https:\/\/dev.borgarbyggd.is\/hnodrabol\/skolastarf\/"},{"@type":"ListItem","position":3,"name":"Lei\u00f0toginn \u00ed m\u00e9r"}]},{"@type":"WebSite","@id":"https:\/\/dev.borgarbyggd.is\/hnodrabol\/#website","url":"https:\/\/dev.borgarbyggd.is\/hnodrabol\/","name":"Hno\u00f0rab\u00f3l","description":"","potentialAction":[{"@type":"SearchAction","target":{"@type":"EntryPoint","urlTemplate":"https:\/\/dev.borgarbyggd.is\/hnodrabol\/?s={search_term_string}"},"query-input":{"@type":"PropertyValueSpecification","valueRequired":true,"valueName":"search_term_string"}}],"inLanguage":"is"}]}},"_links":{"self":[{"href":"https:\/\/dev.borgarbyggd.is\/hnodrabol\/wp-json\/wp\/v2\/pages\/82","targetHints":{"allow":["GET"]}}],"collection":[{"href":"https:\/\/dev.borgarbyggd.is\/hnodrabol\/wp-json\/wp\/v2\/pages"}],"about":[{"href":"https:\/\/dev.borgarbyggd.is\/hnodrabol\/wp-json\/wp\/v2\/types\/page"}],"author":[{"embeddable":true,"href":"https:\/\/dev.borgarbyggd.is\/hnodrabol\/wp-json\/wp\/v2\/users\/4"}],"replies":[{"embeddable":true,"href":"https:\/\/dev.borgarbyggd.is\/hnodrabol\/wp-json\/wp\/v2\/comments?post=82"}],"version-history":[{"count":0,"href":"https:\/\/dev.borgarbyggd.is\/hnodrabol\/wp-json\/wp\/v2\/pages\/82\/revisions"}],"up":[{"embeddable":true,"href":"https:\/\/dev.borgarbyggd.is\/hnodrabol\/wp-json\/wp\/v2\/pages\/50"}],"wp:attachment":[{"href":"https:\/\/dev.borgarbyggd.is\/hnodrabol\/wp-json\/wp\/v2\/media?parent=82"}],"curies":[{"name":"wp","href":"https:\/\/api.w.org\/{rel}","templated":true}]}}