{"id":81,"date":"2023-08-16T14:34:50","date_gmt":"2023-08-16T14:34:50","guid":{"rendered":"https:\/\/dev.borgarbyggd.is\/hnodrabol\/?page_id=81"},"modified":"2023-08-16T14:34:50","modified_gmt":"2023-08-16T14:34:50","slug":"gildi-skolans","status":"publish","type":"page","link":"https:\/\/dev.borgarbyggd.is\/hnodrabol\/skolastarf\/gildi-skolans\/","title":{"rendered":"Gildi sk\u00f3lans"},"content":{"rendered":"<p><span data-contrast=\"none\">Veturinn 2014-2015 f\u00f3r fram hugmyndavinna hj\u00e1 starfsf\u00f3lki sk\u00f3lans til a\u00f0 ramma inn \u00feau gildi sem Hno\u00f0rab\u00f3l stendur fyrir. Eftir g\u00f3\u00f0a \u00edgrundun var eitt sem st\u00f3\u00f0 upp\u00far, voru allir samm\u00e1la um a\u00f0 \u00feetta gildi v\u00e6ri lei\u00f0arlj\u00f3s Hno\u00f0rab\u00f3ls og v\u00e6ri b\u00fai\u00f0 a\u00f0 sk\u00edna \u00ed gegnum starf li\u00f0inna \u00e1ratuga, ME\u00d0 S\u00d3L \u00cd HJARTA.<\/span><span data-ccp-props=\"{&quot;201341983&quot;:0,&quot;335559739&quot;:150,&quot;335559740&quot;:240}\">\u00a0<\/span><\/p>\n<ul>\n<li data-leveltext=\"\uf0b7\" data-font=\"Symbol\" data-listid=\"1\" data-list-defn-props=\"{&quot;335552541&quot;:1,&quot;335559684&quot;:-2,&quot;335559685&quot;:720,&quot;335559991&quot;:360,&quot;469769226&quot;:&quot;Symbol&quot;,&quot;469769242&quot;:[8226],&quot;469777803&quot;:&quot;left&quot;,&quot;469777804&quot;:&quot;\uf0b7&quot;,&quot;469777815&quot;:&quot;multilevel&quot;}\" data-aria-posinset=\"1\" data-aria-level=\"1\"><span data-contrast=\"none\">S\u00f3lin t\u00e1knar gle\u00f0i, j\u00e1kv\u00e6\u00f0ni, a\u00f0 l\u00e1ta lj\u00f3s sitt sk\u00edna og h\u00fan er okkar n\u00e6ring \u00e1 s\u00e1l og l\u00edkama.<\/span><span data-ccp-props=\"{&quot;134233117&quot;:true,&quot;134233118&quot;:true,&quot;201341983&quot;:0,&quot;335559739&quot;:160,&quot;335559740&quot;:240}\">\u00a0<\/span><\/li>\n<li data-leveltext=\"\uf0b7\" data-font=\"Symbol\" data-listid=\"1\" data-list-defn-props=\"{&quot;335552541&quot;:1,&quot;335559684&quot;:-2,&quot;335559685&quot;:720,&quot;335559991&quot;:360,&quot;469769226&quot;:&quot;Symbol&quot;,&quot;469769242&quot;:[8226],&quot;469777803&quot;:&quot;left&quot;,&quot;469777804&quot;:&quot;\uf0b7&quot;,&quot;469777815&quot;:&quot;multilevel&quot;}\" data-aria-posinset=\"2\" data-aria-level=\"1\"><span data-contrast=\"none\">Hjarta\u00f0 t\u00e1knar hamingju, umhyggju, vin\u00e1ttu, v\u00e6ntum\u00feykju, \u00fea\u00f0 er okkar l\u00edf\u00e6\u00f0. \u00dear \u00feroskast okkar innri ma\u00f0ur og f\u00e6rnin til a\u00f0 takast \u00e1 vi\u00f0 \u00e1skoranir \u00ed l\u00edfinu.<\/span><span data-ccp-props=\"{&quot;134233117&quot;:true,&quot;134233118&quot;:true,&quot;201341983&quot;:0,&quot;335559739&quot;:160,&quot;335559740&quot;:240}\">\u00a0<\/span><\/li>\n<\/ul>\n<p><span data-contrast=\"none\">Vi\u00f0 h\u00f6fum \u00fea\u00f0 a\u00f0 lei\u00f0arlj\u00f3si a\u00f0 ganga inn\u00ed daginn ME\u00d0 S\u00d3L \u00cd HJARTA og \u00f6llum \u00feeim vi\u00f0fangsefnum sem vi\u00f0 t\u00f6kum okkur fyrir hendur. B\u00f6rnin eru mj\u00f6g me\u00f0vitu\u00f0 um hva\u00f0 gildi\u00f0 \u00fe\u00fd\u00f0ir, hvernig \u00fea\u00f0 getur hj\u00e1lpa\u00f0 okkur og er \u00fea\u00f0 \u00e1 v\u00f6rum okkar dagsdaglega \u00ed t\u00e1kni og tali.<\/span><span data-ccp-props=\"{&quot;201341983&quot;:0,&quot;335559739&quot;:150,&quot;335559740&quot;:240}\">\u00a0<\/span><\/p>\n<p><span data-contrast=\"none\">N\u00f6fnin \u00e1 deildunum v\u00edsa \u00ed gildi\u00f0, yngri deildin heitir Rau\u00f0a deild og er merki hennar rautt hjarta, eldri deildin heitir Gula deild og er merki hennar s\u00f3lin.<\/span><span data-ccp-props=\"{&quot;201341983&quot;:0,&quot;335559739&quot;:150,&quot;335559740&quot;:240}\">\u00a0<\/span><\/p>\n<p><span data-contrast=\"none\">Me\u00f0 s\u00f3l \u00ed hjarta og s\u00f6ng \u00e1 v\u00f6rum<\/span><span data-ccp-props=\"{&quot;201341983&quot;:0,&quot;335559739&quot;:150,&quot;335559740&quot;:240}\">\u00a0<\/span><\/p>\n<p><span data-contrast=\"none\">vi\u00f0 setjumst ni\u00f0ur \u00ed gr\u00e6nni laut<\/span><span data-ccp-props=\"{&quot;201341983&quot;:0,&quot;335559739&quot;:150,&quot;335559740&quot;:240}\">\u00a0<\/span><\/p>\n<p><span data-contrast=\"none\">\u00ed l\u00e1gu kjarri vi\u00f0 kveikjum eldinn<\/span><span data-ccp-props=\"{&quot;201341983&quot;:0,&quot;335559739&quot;:150,&quot;335559740&quot;:240}\">\u00a0<\/span><\/p>\n<p><span data-contrast=\"none\">og kak\u00f3 hitum og eldum graut<\/span><span data-ccp-props=\"{&quot;201341983&quot;:0,&quot;335559739&quot;:150,&quot;335559740&quot;:240}\">\u00a0<\/span><\/p>\n","protected":false},"excerpt":{"rendered":"<p>Veturinn 2014-2015 f\u00f3r fram hugmyndavinna hj\u00e1 starfsf\u00f3lki sk\u00f3lans til a\u00f0 ramma inn \u00feau gildi sem Hno\u00f0rab\u00f3l stendur fyrir. Eftir g\u00f3\u00f0a \u00edgrundun var eitt sem st\u00f3\u00f0 upp\u00far, voru allir samm\u00e1la um a\u00f0 \u00feetta gildi v\u00e6ri lei\u00f0arlj\u00f3s Hno\u00f0rab\u00f3ls og v\u00e6ri b\u00fai\u00f0 a\u00f0 sk\u00edna \u00ed gegnum starf li\u00f0inna \u00e1ratuga, ME\u00d0 S\u00d3L \u00cd HJARTA.\u00a0 S\u00f3lin t\u00e1knar gle\u00f0i, j\u00e1kv\u00e6\u00f0ni, a\u00f0 l\u00e1ta lj\u00f3s sitt sk\u00edna og &#8230; <\/p>\n<div><a href=\"https:\/\/dev.borgarbyggd.is\/hnodrabol\/skolastarf\/gildi-skolans\/\" class=\"more-link\">Read More<\/a><\/div>\n","protected":false},"author":4,"featured_media":0,"parent":50,"menu_order":0,"comment_status":"closed","ping_status":"closed","template":"","meta":{"_acf_changed":false,"footnotes":""},"class_list":["post-81","page","type-page","status-publish","hentry","no-post-thumbnail"],"acf":{"quickaccess":false},"yoast_head":"<!-- This site is optimized with the Yoast SEO plugin v24.0 - https:\/\/yoast.com\/wordpress\/plugins\/seo\/ -->\n<title>Gildi sk\u00f3lans - Hno\u00f0rab\u00f3l<\/title>\n<meta name=\"robots\" content=\"noindex, follow, max-snippet:-1, max-image-preview:large, max-video-preview:-1\" \/>\n<meta property=\"og:locale\" content=\"is_IS\" \/>\n<meta property=\"og:type\" content=\"article\" \/>\n<meta property=\"og:title\" content=\"Gildi sk\u00f3lans - Hno\u00f0rab\u00f3l\" \/>\n<meta property=\"og:description\" content=\"Veturinn 2014-2015 f\u00f3r fram hugmyndavinna hj\u00e1 starfsf\u00f3lki sk\u00f3lans til a\u00f0 ramma inn \u00feau gildi sem Hno\u00f0rab\u00f3l stendur fyrir. Eftir g\u00f3\u00f0a \u00edgrundun var eitt sem st\u00f3\u00f0 upp\u00far, voru allir samm\u00e1la um a\u00f0 \u00feetta gildi v\u00e6ri lei\u00f0arlj\u00f3s Hno\u00f0rab\u00f3ls og v\u00e6ri b\u00fai\u00f0 a\u00f0 sk\u00edna \u00ed gegnum starf li\u00f0inna \u00e1ratuga, ME\u00d0 S\u00d3L \u00cd HJARTA.\u00a0 S\u00f3lin t\u00e1knar gle\u00f0i, j\u00e1kv\u00e6\u00f0ni, a\u00f0 l\u00e1ta lj\u00f3s sitt sk\u00edna og ... Read More\" \/>\n<meta property=\"og:url\" content=\"https:\/\/dev.borgarbyggd.is\/hnodrabol\/skolastarf\/gildi-skolans\/\" \/>\n<meta property=\"og:site_name\" content=\"Hno\u00f0rab\u00f3l\" \/>\n<meta name=\"twitter:card\" content=\"summary_large_image\" \/>\n<meta name=\"twitter:label1\" content=\"Est. reading time\" \/>\n\t<meta name=\"twitter:data1\" content=\"2 minutes\" \/>\n<script type=\"application\/ld+json\" class=\"yoast-schema-graph\">{\"@context\":\"https:\/\/schema.org\",\"@graph\":[{\"@type\":\"WebPage\",\"@id\":\"https:\/\/dev.borgarbyggd.is\/hnodrabol\/skolastarf\/gildi-skolans\/\",\"url\":\"https:\/\/dev.borgarbyggd.is\/hnodrabol\/skolastarf\/gildi-skolans\/\",\"name\":\"Gildi sk\u00f3lans - Hno\u00f0rab\u00f3l\",\"isPartOf\":{\"@id\":\"https:\/\/dev.borgarbyggd.is\/hnodrabol\/#website\"},\"datePublished\":\"2023-08-16T14:34:50+00:00\",\"dateModified\":\"2023-08-16T14:34:50+00:00\",\"breadcrumb\":{\"@id\":\"https:\/\/dev.borgarbyggd.is\/hnodrabol\/skolastarf\/gildi-skolans\/#breadcrumb\"},\"inLanguage\":\"is\",\"potentialAction\":[{\"@type\":\"ReadAction\",\"target\":[\"https:\/\/dev.borgarbyggd.is\/hnodrabol\/skolastarf\/gildi-skolans\/\"]}]},{\"@type\":\"BreadcrumbList\",\"@id\":\"https:\/\/dev.borgarbyggd.is\/hnodrabol\/skolastarf\/gildi-skolans\/#breadcrumb\",\"itemListElement\":[{\"@type\":\"ListItem\",\"position\":1,\"name\":\"Home\",\"item\":\"https:\/\/dev.borgarbyggd.is\/hnodrabol\/\"},{\"@type\":\"ListItem\",\"position\":2,\"name\":\"Sk\u00f3lastarf\",\"item\":\"https:\/\/dev.borgarbyggd.is\/hnodrabol\/skolastarf\/\"},{\"@type\":\"ListItem\",\"position\":3,\"name\":\"Gildi sk\u00f3lans\"}]},{\"@type\":\"WebSite\",\"@id\":\"https:\/\/dev.borgarbyggd.is\/hnodrabol\/#website\",\"url\":\"https:\/\/dev.borgarbyggd.is\/hnodrabol\/\",\"name\":\"Hno\u00f0rab\u00f3l\",\"description\":\"\",\"potentialAction\":[{\"@type\":\"SearchAction\",\"target\":{\"@type\":\"EntryPoint\",\"urlTemplate\":\"https:\/\/dev.borgarbyggd.is\/hnodrabol\/?s={search_term_string}\"},\"query-input\":{\"@type\":\"PropertyValueSpecification\",\"valueRequired\":true,\"valueName\":\"search_term_string\"}}],\"inLanguage\":\"is\"}]}<\/script>\n<!-- \/ Yoast SEO plugin. -->","yoast_head_json":{"title":"Gildi sk\u00f3lans - Hno\u00f0rab\u00f3l","robots":{"index":"noindex","follow":"follow","max-snippet":"max-snippet:-1","max-image-preview":"max-image-preview:large","max-video-preview":"max-video-preview:-1"},"og_locale":"is_IS","og_type":"article","og_title":"Gildi sk\u00f3lans - Hno\u00f0rab\u00f3l","og_description":"Veturinn 2014-2015 f\u00f3r fram hugmyndavinna hj\u00e1 starfsf\u00f3lki sk\u00f3lans til a\u00f0 ramma inn \u00feau gildi sem Hno\u00f0rab\u00f3l stendur fyrir. Eftir g\u00f3\u00f0a \u00edgrundun var eitt sem st\u00f3\u00f0 upp\u00far, voru allir samm\u00e1la um a\u00f0 \u00feetta gildi v\u00e6ri lei\u00f0arlj\u00f3s Hno\u00f0rab\u00f3ls og v\u00e6ri b\u00fai\u00f0 a\u00f0 sk\u00edna \u00ed gegnum starf li\u00f0inna \u00e1ratuga, ME\u00d0 S\u00d3L \u00cd HJARTA.\u00a0 S\u00f3lin t\u00e1knar gle\u00f0i, j\u00e1kv\u00e6\u00f0ni, a\u00f0 l\u00e1ta lj\u00f3s sitt sk\u00edna og ... Read More","og_url":"https:\/\/dev.borgarbyggd.is\/hnodrabol\/skolastarf\/gildi-skolans\/","og_site_name":"Hno\u00f0rab\u00f3l","twitter_card":"summary_large_image","twitter_misc":{"Est. reading time":"2 minutes"},"schema":{"@context":"https:\/\/schema.org","@graph":[{"@type":"WebPage","@id":"https:\/\/dev.borgarbyggd.is\/hnodrabol\/skolastarf\/gildi-skolans\/","url":"https:\/\/dev.borgarbyggd.is\/hnodrabol\/skolastarf\/gildi-skolans\/","name":"Gildi sk\u00f3lans - Hno\u00f0rab\u00f3l","isPartOf":{"@id":"https:\/\/dev.borgarbyggd.is\/hnodrabol\/#website"},"datePublished":"2023-08-16T14:34:50+00:00","dateModified":"2023-08-16T14:34:50+00:00","breadcrumb":{"@id":"https:\/\/dev.borgarbyggd.is\/hnodrabol\/skolastarf\/gildi-skolans\/#breadcrumb"},"inLanguage":"is","potentialAction":[{"@type":"ReadAction","target":["https:\/\/dev.borgarbyggd.is\/hnodrabol\/skolastarf\/gildi-skolans\/"]}]},{"@type":"BreadcrumbList","@id":"https:\/\/dev.borgarbyggd.is\/hnodrabol\/skolastarf\/gildi-skolans\/#breadcrumb","itemListElement":[{"@type":"ListItem","position":1,"name":"Home","item":"https:\/\/dev.borgarbyggd.is\/hnodrabol\/"},{"@type":"ListItem","position":2,"name":"Sk\u00f3lastarf","item":"https:\/\/dev.borgarbyggd.is\/hnodrabol\/skolastarf\/"},{"@type":"ListItem","position":3,"name":"Gildi sk\u00f3lans"}]},{"@type":"WebSite","@id":"https:\/\/dev.borgarbyggd.is\/hnodrabol\/#website","url":"https:\/\/dev.borgarbyggd.is\/hnodrabol\/","name":"Hno\u00f0rab\u00f3l","description":"","potentialAction":[{"@type":"SearchAction","target":{"@type":"EntryPoint","urlTemplate":"https:\/\/dev.borgarbyggd.is\/hnodrabol\/?s={search_term_string}"},"query-input":{"@type":"PropertyValueSpecification","valueRequired":true,"valueName":"search_term_string"}}],"inLanguage":"is"}]}},"_links":{"self":[{"href":"https:\/\/dev.borgarbyggd.is\/hnodrabol\/wp-json\/wp\/v2\/pages\/81","targetHints":{"allow":["GET"]}}],"collection":[{"href":"https:\/\/dev.borgarbyggd.is\/hnodrabol\/wp-json\/wp\/v2\/pages"}],"about":[{"href":"https:\/\/dev.borgarbyggd.is\/hnodrabol\/wp-json\/wp\/v2\/types\/page"}],"author":[{"embeddable":true,"href":"https:\/\/dev.borgarbyggd.is\/hnodrabol\/wp-json\/wp\/v2\/users\/4"}],"replies":[{"embeddable":true,"href":"https:\/\/dev.borgarbyggd.is\/hnodrabol\/wp-json\/wp\/v2\/comments?post=81"}],"version-history":[{"count":0,"href":"https:\/\/dev.borgarbyggd.is\/hnodrabol\/wp-json\/wp\/v2\/pages\/81\/revisions"}],"up":[{"embeddable":true,"href":"https:\/\/dev.borgarbyggd.is\/hnodrabol\/wp-json\/wp\/v2\/pages\/50"}],"wp:attachment":[{"href":"https:\/\/dev.borgarbyggd.is\/hnodrabol\/wp-json\/wp\/v2\/media?parent=81"}],"curies":[{"name":"wp","href":"https:\/\/api.w.org\/{rel}","templated":true}]}}