{"id":77,"date":"2023-08-16T14:32:19","date_gmt":"2023-08-16T14:32:19","guid":{"rendered":"https:\/\/dev.borgarbyggd.is\/hnodrabol\/?page_id=77"},"modified":"2025-10-23T13:59:36","modified_gmt":"2025-10-23T13:59:36","slug":"lubbi-finnur-malbein","status":"publish","type":"page","link":"https:\/\/dev.borgarbyggd.is\/hnodrabol\/skolastarf\/lubbi-finnur-malbein\/","title":{"rendered":"Lubbi finnur m\u00e1lbein"},"content":{"rendered":"<p><span class=\"TextRun SCXW52489492 BCX9\" lang=\"IS-IS\" xml:lang=\"IS-IS\" data-contrast=\"none\"><span class=\"NormalTextRun SCXW52489492 BCX9\">\u00c1 <\/span><span class=\"NormalTextRun SpellingErrorV2Themed SCXW52489492 BCX9\">Hno\u00f0rab\u00f3li<\/span><span class=\"NormalTextRun SCXW52489492 BCX9\"> er me\u00f0al annars notast vi\u00f0 m\u00e1lr\u00e6ktarefni\u00f0 <\/span><span class=\"NormalTextRun SpellingErrorV2Themed SCXW52489492 BCX9\">Lubbi<\/span><span class=\"NormalTextRun SCXW52489492 BCX9\"> finnur m\u00e1lbein sem er hugsa\u00f0 til m\u00e1l\u00f6rvunar og hlj\u00f3\u00f0an\u00e1ms fyrir b\u00f6rn. \u00cd n\u00e1msefninu er l\u00f6g\u00f0 \u00e1hersla \u00e1 \u00edslensku m\u00e1lhlj\u00f3\u00f0in \u00fear sem hvert m\u00e1lhlj\u00f3\u00f0 er kynnt me\u00f0 stuttri s\u00f6gu, skemmtilegri v\u00edsu og me\u00f0 t\u00e1knr\u00e6nni hreyfingu. <\/span><span class=\"NormalTextRun SpellingErrorV2Themed SCXW52489492 BCX9\">Lubbi<\/span><span class=\"NormalTextRun SCXW52489492 BCX9\"> er \u00ed a\u00f0alhlutverki en hann er \u00edslenskur fj\u00e1rhundur sem fer \u00ed fer\u00f0alag um \u00cdsland \u00ed leit a\u00f0 m\u00e1lbeinum sem eru m\u00e1lhlj\u00f3\u00f0in. \u00cd <\/span><span class=\"NormalTextRun SpellingErrorV2Themed SCXW52489492 BCX9\">Lubbi<\/span><span class=\"NormalTextRun SCXW52489492 BCX9\"> finnur m\u00e1lbein er \u00e1hersla \u00e1 <\/span><span class=\"NormalTextRun SpellingErrorV2Themed SCXW52489492 BCX9\">fj\u00f6l\u00fe\u00e6tta<\/span><span class=\"NormalTextRun SCXW52489492 BCX9\"> skynjun og segja m\u00e1 a\u00f0 b\u00f6rnin l\u00e6ri m\u00e1lhlj\u00f3\u00f0in \u00ed \u00fer\u00edv\u00eddd. \u00dea\u00f0 er me\u00f0 sam\u00fe\u00e6ttingu heyrnar- og sj\u00f3nskyns, \u00e1samt hreyfi- og <\/span><span class=\"NormalTextRun SpellingErrorV2Themed SCXW52489492 BCX9\">snertiskyni<\/span><span class=\"NormalTextRun SCXW52489492 BCX9\">.<\/span><\/span><span class=\"LineBreakBlob BlobObject DragDrop SCXW52489492 BCX9\"><span class=\"SCXW52489492 BCX9\">\u00a0<\/span><\/span><span class=\"LineBreakBlob BlobObject DragDrop SCXW52489492 BCX9\"><br class=\"SCXW52489492 BCX9\" \/><\/span><span class=\"LineBreakBlob BlobObject DragDrop SCXW52489492 BCX9\"><span class=\"SCXW52489492 BCX9\">\u00a0<\/span><\/span><\/p>\n<p><a class=\"Hyperlink SCXW52489492 BCX9\" href=\"http:\/\/lubbi.is\/\" target=\"_blank\" rel=\"noreferrer noopener\"><span class=\"TextRun SCXW52489492 BCX9\" lang=\"IS-IS\" xml:lang=\"IS-IS\" data-contrast=\"none\"><span class=\"NormalTextRun SCXW52489492 BCX9\"><strong>H\u00e9r<\/strong> er h\u00e6gt a\u00f0 n\u00e1lgast fleiri uppl\u00fdsingar um \u00feetta skemmtilega efni.<\/span><\/span><\/a><span class=\"EOP SCXW52489492 BCX9\" data-ccp-props=\"{&quot;201341983&quot;:0,&quot;335559739&quot;:150,&quot;335559740&quot;:240}\">\u00a0<\/span><\/p>\n<p><strong><a href=\"https:\/\/dev.borgarbyggd.is\/hnodrabol\/wp-content\/uploads\/sites\/10\/2025\/10\/Malhljod-vikunnar-25-26.docx\">M\u00e1lhlj\u00f3\u00f0 vikunnar \u00e1 Hno\u00f0rab\u00f3li 2025-2026<\/a><\/strong><\/p>\n<p>&nbsp;<\/p>\n<p>\u00d6nnur verkefni sem tengjast m\u00e1l\u00f6rvun eru samtvinnu\u00f0 vi\u00f0 Lubba.<\/p>\n<p>H\u00e9r m\u00e1 sj\u00e1 \u00e1\u00e6tlanir fyrir a\u00f0ra m\u00e1l\u00f6rvun 2025-2026<\/p>\n<p><strong><a href=\"https:\/\/dev.borgarbyggd.is\/hnodrabol\/wp-content\/uploads\/sites\/10\/2024\/10\/Malorvun-og-Lubbi-a-Raudu-deild-haust-24.pdf\">M\u00e1l\u00f6rvun og Lubbi \u00e1 Rau\u00f0u deild haust<\/a> <\/strong><\/p>\n<p><strong><a href=\"https:\/\/dev.borgarbyggd.is\/hnodrabol\/wp-content\/uploads\/sites\/10\/2024\/10\/Malorvunarstundir-a-Gulu-24-25.pdf\">M\u00e1l\u00f6rvunarstundir \u00e1 Gulu 25-26<\/a><\/strong><\/p>\n","protected":false},"excerpt":{"rendered":"<p>\u00c1 Hno\u00f0rab\u00f3li er me\u00f0al annars notast vi\u00f0 m\u00e1lr\u00e6ktarefni\u00f0 Lubbi finnur m\u00e1lbein sem er hugsa\u00f0 til m\u00e1l\u00f6rvunar og hlj\u00f3\u00f0an\u00e1ms fyrir b\u00f6rn. \u00cd n\u00e1msefninu er l\u00f6g\u00f0 \u00e1hersla \u00e1 \u00edslensku m\u00e1lhlj\u00f3\u00f0in \u00fear sem hvert m\u00e1lhlj\u00f3\u00f0 er kynnt me\u00f0 stuttri s\u00f6gu, skemmtilegri v\u00edsu og me\u00f0 t\u00e1knr\u00e6nni hreyfingu. Lubbi er \u00ed a\u00f0alhlutverki en hann er \u00edslenskur fj\u00e1rhundur sem fer \u00ed fer\u00f0alag um \u00cdsland \u00ed leit &#8230; <\/p>\n<div><a href=\"https:\/\/dev.borgarbyggd.is\/hnodrabol\/skolastarf\/lubbi-finnur-malbein\/\" class=\"more-link\">Read More<\/a><\/div>\n","protected":false},"author":4,"featured_media":0,"parent":50,"menu_order":0,"comment_status":"closed","ping_status":"closed","template":"","meta":{"_acf_changed":false,"footnotes":""},"class_list":["post-77","page","type-page","status-publish","hentry","no-post-thumbnail"],"acf":{"quickaccess":false},"yoast_head":"<!-- This site is optimized with the Yoast SEO plugin v24.0 - https:\/\/yoast.com\/wordpress\/plugins\/seo\/ -->\n<title>Lubbi finnur m\u00e1lbein - Hno\u00f0rab\u00f3l<\/title>\n<meta name=\"robots\" content=\"noindex, follow, max-snippet:-1, max-image-preview:large, max-video-preview:-1\" \/>\n<meta property=\"og:locale\" content=\"is_IS\" \/>\n<meta property=\"og:type\" content=\"article\" \/>\n<meta property=\"og:title\" content=\"Lubbi finnur m\u00e1lbein - Hno\u00f0rab\u00f3l\" \/>\n<meta property=\"og:description\" content=\"\u00c1 Hno\u00f0rab\u00f3li er me\u00f0al annars notast vi\u00f0 m\u00e1lr\u00e6ktarefni\u00f0 Lubbi finnur m\u00e1lbein sem er hugsa\u00f0 til m\u00e1l\u00f6rvunar og hlj\u00f3\u00f0an\u00e1ms fyrir b\u00f6rn. \u00cd n\u00e1msefninu er l\u00f6g\u00f0 \u00e1hersla \u00e1 \u00edslensku m\u00e1lhlj\u00f3\u00f0in \u00fear sem hvert m\u00e1lhlj\u00f3\u00f0 er kynnt me\u00f0 stuttri s\u00f6gu, skemmtilegri v\u00edsu og me\u00f0 t\u00e1knr\u00e6nni hreyfingu. Lubbi er \u00ed a\u00f0alhlutverki en hann er \u00edslenskur fj\u00e1rhundur sem fer \u00ed fer\u00f0alag um \u00cdsland \u00ed leit ... Read More\" \/>\n<meta property=\"og:url\" content=\"https:\/\/dev.borgarbyggd.is\/hnodrabol\/skolastarf\/lubbi-finnur-malbein\/\" \/>\n<meta property=\"og:site_name\" content=\"Hno\u00f0rab\u00f3l\" \/>\n<meta property=\"article:modified_time\" content=\"2025-10-23T13:59:36+00:00\" \/>\n<meta name=\"twitter:card\" content=\"summary_large_image\" \/>\n<meta name=\"twitter:label1\" content=\"Est. reading time\" \/>\n\t<meta name=\"twitter:data1\" content=\"1 minute\" \/>\n<script type=\"application\/ld+json\" class=\"yoast-schema-graph\">{\"@context\":\"https:\/\/schema.org\",\"@graph\":[{\"@type\":\"WebPage\",\"@id\":\"https:\/\/dev.borgarbyggd.is\/hnodrabol\/skolastarf\/lubbi-finnur-malbein\/\",\"url\":\"https:\/\/dev.borgarbyggd.is\/hnodrabol\/skolastarf\/lubbi-finnur-malbein\/\",\"name\":\"Lubbi finnur m\u00e1lbein - Hno\u00f0rab\u00f3l\",\"isPartOf\":{\"@id\":\"https:\/\/dev.borgarbyggd.is\/hnodrabol\/#website\"},\"datePublished\":\"2023-08-16T14:32:19+00:00\",\"dateModified\":\"2025-10-23T13:59:36+00:00\",\"breadcrumb\":{\"@id\":\"https:\/\/dev.borgarbyggd.is\/hnodrabol\/skolastarf\/lubbi-finnur-malbein\/#breadcrumb\"},\"inLanguage\":\"is\",\"potentialAction\":[{\"@type\":\"ReadAction\",\"target\":[\"https:\/\/dev.borgarbyggd.is\/hnodrabol\/skolastarf\/lubbi-finnur-malbein\/\"]}]},{\"@type\":\"BreadcrumbList\",\"@id\":\"https:\/\/dev.borgarbyggd.is\/hnodrabol\/skolastarf\/lubbi-finnur-malbein\/#breadcrumb\",\"itemListElement\":[{\"@type\":\"ListItem\",\"position\":1,\"name\":\"Home\",\"item\":\"https:\/\/dev.borgarbyggd.is\/hnodrabol\/\"},{\"@type\":\"ListItem\",\"position\":2,\"name\":\"Sk\u00f3lastarf\",\"item\":\"https:\/\/dev.borgarbyggd.is\/hnodrabol\/skolastarf\/\"},{\"@type\":\"ListItem\",\"position\":3,\"name\":\"Lubbi finnur m\u00e1lbein\"}]},{\"@type\":\"WebSite\",\"@id\":\"https:\/\/dev.borgarbyggd.is\/hnodrabol\/#website\",\"url\":\"https:\/\/dev.borgarbyggd.is\/hnodrabol\/\",\"name\":\"Hno\u00f0rab\u00f3l\",\"description\":\"\",\"potentialAction\":[{\"@type\":\"SearchAction\",\"target\":{\"@type\":\"EntryPoint\",\"urlTemplate\":\"https:\/\/dev.borgarbyggd.is\/hnodrabol\/?s={search_term_string}\"},\"query-input\":{\"@type\":\"PropertyValueSpecification\",\"valueRequired\":true,\"valueName\":\"search_term_string\"}}],\"inLanguage\":\"is\"}]}<\/script>\n<!-- \/ Yoast SEO plugin. -->","yoast_head_json":{"title":"Lubbi finnur m\u00e1lbein - Hno\u00f0rab\u00f3l","robots":{"index":"noindex","follow":"follow","max-snippet":"max-snippet:-1","max-image-preview":"max-image-preview:large","max-video-preview":"max-video-preview:-1"},"og_locale":"is_IS","og_type":"article","og_title":"Lubbi finnur m\u00e1lbein - Hno\u00f0rab\u00f3l","og_description":"\u00c1 Hno\u00f0rab\u00f3li er me\u00f0al annars notast vi\u00f0 m\u00e1lr\u00e6ktarefni\u00f0 Lubbi finnur m\u00e1lbein sem er hugsa\u00f0 til m\u00e1l\u00f6rvunar og hlj\u00f3\u00f0an\u00e1ms fyrir b\u00f6rn. \u00cd n\u00e1msefninu er l\u00f6g\u00f0 \u00e1hersla \u00e1 \u00edslensku m\u00e1lhlj\u00f3\u00f0in \u00fear sem hvert m\u00e1lhlj\u00f3\u00f0 er kynnt me\u00f0 stuttri s\u00f6gu, skemmtilegri v\u00edsu og me\u00f0 t\u00e1knr\u00e6nni hreyfingu. Lubbi er \u00ed a\u00f0alhlutverki en hann er \u00edslenskur fj\u00e1rhundur sem fer \u00ed fer\u00f0alag um \u00cdsland \u00ed leit ... Read More","og_url":"https:\/\/dev.borgarbyggd.is\/hnodrabol\/skolastarf\/lubbi-finnur-malbein\/","og_site_name":"Hno\u00f0rab\u00f3l","article_modified_time":"2025-10-23T13:59:36+00:00","twitter_card":"summary_large_image","twitter_misc":{"Est. reading time":"1 minute"},"schema":{"@context":"https:\/\/schema.org","@graph":[{"@type":"WebPage","@id":"https:\/\/dev.borgarbyggd.is\/hnodrabol\/skolastarf\/lubbi-finnur-malbein\/","url":"https:\/\/dev.borgarbyggd.is\/hnodrabol\/skolastarf\/lubbi-finnur-malbein\/","name":"Lubbi finnur m\u00e1lbein - Hno\u00f0rab\u00f3l","isPartOf":{"@id":"https:\/\/dev.borgarbyggd.is\/hnodrabol\/#website"},"datePublished":"2023-08-16T14:32:19+00:00","dateModified":"2025-10-23T13:59:36+00:00","breadcrumb":{"@id":"https:\/\/dev.borgarbyggd.is\/hnodrabol\/skolastarf\/lubbi-finnur-malbein\/#breadcrumb"},"inLanguage":"is","potentialAction":[{"@type":"ReadAction","target":["https:\/\/dev.borgarbyggd.is\/hnodrabol\/skolastarf\/lubbi-finnur-malbein\/"]}]},{"@type":"BreadcrumbList","@id":"https:\/\/dev.borgarbyggd.is\/hnodrabol\/skolastarf\/lubbi-finnur-malbein\/#breadcrumb","itemListElement":[{"@type":"ListItem","position":1,"name":"Home","item":"https:\/\/dev.borgarbyggd.is\/hnodrabol\/"},{"@type":"ListItem","position":2,"name":"Sk\u00f3lastarf","item":"https:\/\/dev.borgarbyggd.is\/hnodrabol\/skolastarf\/"},{"@type":"ListItem","position":3,"name":"Lubbi finnur m\u00e1lbein"}]},{"@type":"WebSite","@id":"https:\/\/dev.borgarbyggd.is\/hnodrabol\/#website","url":"https:\/\/dev.borgarbyggd.is\/hnodrabol\/","name":"Hno\u00f0rab\u00f3l","description":"","potentialAction":[{"@type":"SearchAction","target":{"@type":"EntryPoint","urlTemplate":"https:\/\/dev.borgarbyggd.is\/hnodrabol\/?s={search_term_string}"},"query-input":{"@type":"PropertyValueSpecification","valueRequired":true,"valueName":"search_term_string"}}],"inLanguage":"is"}]}},"_links":{"self":[{"href":"https:\/\/dev.borgarbyggd.is\/hnodrabol\/wp-json\/wp\/v2\/pages\/77","targetHints":{"allow":["GET"]}}],"collection":[{"href":"https:\/\/dev.borgarbyggd.is\/hnodrabol\/wp-json\/wp\/v2\/pages"}],"about":[{"href":"https:\/\/dev.borgarbyggd.is\/hnodrabol\/wp-json\/wp\/v2\/types\/page"}],"author":[{"embeddable":true,"href":"https:\/\/dev.borgarbyggd.is\/hnodrabol\/wp-json\/wp\/v2\/users\/4"}],"replies":[{"embeddable":true,"href":"https:\/\/dev.borgarbyggd.is\/hnodrabol\/wp-json\/wp\/v2\/comments?post=77"}],"version-history":[{"count":0,"href":"https:\/\/dev.borgarbyggd.is\/hnodrabol\/wp-json\/wp\/v2\/pages\/77\/revisions"}],"up":[{"embeddable":true,"href":"https:\/\/dev.borgarbyggd.is\/hnodrabol\/wp-json\/wp\/v2\/pages\/50"}],"wp:attachment":[{"href":"https:\/\/dev.borgarbyggd.is\/hnodrabol\/wp-json\/wp\/v2\/media?parent=77"}],"curies":[{"name":"wp","href":"https:\/\/api.w.org\/{rel}","templated":true}]}}