{"id":76,"date":"2023-08-16T14:30:30","date_gmt":"2023-08-16T14:30:30","guid":{"rendered":"https:\/\/dev.borgarbyggd.is\/hnodrabol\/?page_id=76"},"modified":"2023-08-16T14:30:30","modified_gmt":"2023-08-16T14:30:30","slug":"graenfani","status":"publish","type":"page","link":"https:\/\/dev.borgarbyggd.is\/hnodrabol\/skolastarf\/graenfani\/","title":{"rendered":"Gr\u00e6nf\u00e1ni"},"content":{"rendered":"<p><span data-contrast=\"none\">Vi\u00f0 \u00e1 Hno\u00f0rab\u00f3li erum mj\u00f6g stolt af \u00fev\u00ed a\u00f0 hafa flagga\u00f0 gr\u00e6nf\u00e1nanum \u00ferisvar sinnum.<\/span><span data-ccp-props=\"{&quot;201341983&quot;:0,&quot;335559739&quot;:150,&quot;335559740&quot;:240}\">\u00a0<\/span><\/p>\n<p><span data-contrast=\"none\">\u00c1ri\u00f0 2009 var\u00f0 Hno\u00f0rab\u00f3l sk\u00f3li \u00e1 gr\u00e6nni grein og h\u00f3f vinnu vi\u00f0 a\u00f0 st\u00edga skrefin sj\u00f6 til a\u00f0 f\u00e1 a\u00f0 flagga gr\u00e6nf\u00e1nanum. Gr\u00e6nf\u00e1ninn er al\u00fej\u00f3\u00f0leg vi\u00f0urkenning sem sta\u00f0festir g\u00f3\u00f0an \u00e1setning og virkni \u00ed umhverfisverndarstarfi.<\/span><span data-ccp-props=\"{&quot;201341983&quot;:0,&quot;335559739&quot;:150,&quot;335559740&quot;:240}\">\u00a0<\/span><\/p>\n<p><span data-contrast=\"none\">\u00c1ri\u00f0 2014 fl\u00f6ggu\u00f0um vi\u00f0 svo gr\u00e6nf\u00e1nanum \u00ed fyrsta sinn.<\/span><span data-ccp-props=\"{&quot;201341983&quot;:0,&quot;335559739&quot;:150,&quot;335559740&quot;:240}\">\u00a0<\/span><\/p>\n<p><span data-contrast=\"none\">Textinn h\u00e9r a\u00f0 ne\u00f0an er fenginn af vef Landverndar (landvernd.is) til a\u00f0 sk\u00fdra betur hva\u00f0 \u00fea\u00f0 a\u00f0 vera sk\u00f3li \u00e1 gr\u00e6nni grein \u00fe\u00fd\u00f0ir.<\/span><span data-ccp-props=\"{&quot;201341983&quot;:0,&quot;335559739&quot;:150,&quot;335559740&quot;:240}\">\u00a0<\/span><\/p>\n<p><i><span data-contrast=\"none\">Sk\u00f3lar \u00e1 gr\u00e6nni grein\u202f<\/span><\/i><a href=\"https:\/\/www.ecoschools.global\/\"><i><span data-contrast=\"none\">(Eco-schools)<\/span><\/i><\/a><i><span data-contrast=\"none\">\u202fer al\u00fej\u00f3\u00f0legt umhverfismenntarverkefni sem reki\u00f0 er af\u202f<\/span><\/i><a href=\"https:\/\/landvernd.is\/\"><i><span data-contrast=\"none\">Landvernd<\/span><\/i><\/a><i><span data-contrast=\"none\">\u202f\u00e1 \u00cdslandi. Gr\u00e6nf\u00e1ninn hefur veri\u00f0 \u00e1 \u00cdslandi fr\u00e1 \u00e1rinu 2001. Verkefni\u00f0 er st\u00e6rsta umhverfismenntaverkefni \u00ed heimi og er haldi\u00f0 \u00fati af samt\u00f6kunum\u202f<\/span><\/i><a href=\"http:\/\/www.fee.global\/\"><i><span data-contrast=\"none\">Foundation for Environmental Education<\/span><\/i><\/a><i><span data-contrast=\"none\">.<\/span><\/i><span data-ccp-props=\"{&quot;201341983&quot;:0,&quot;335559739&quot;:150,&quot;335559740&quot;:240}\">\u00a0<\/span><\/p>\n<p><i><span data-contrast=\"none\">Sk\u00f3lar \u00e1 gr\u00e6nni grein sty\u00f0ja vi\u00f0 umhverfismennt, menntun til sj\u00e1lfb\u00e6rni og almennt umhverfisstarf \u00ed sk\u00f3lum \u00e1 \u00f6llum sk\u00f3lastigum.<\/span><\/i><span data-ccp-props=\"{&quot;201341983&quot;:0,&quot;335559739&quot;:150,&quot;335559740&quot;:240}\">\u00a0<\/span><\/p>\n<p><i><span data-contrast=\"none\">Markmi\u00f0 verkefnisins eru a\u00f0;<\/span><\/i><span data-ccp-props=\"{&quot;201341983&quot;:0,&quot;335559739&quot;:150,&quot;335559740&quot;:240}\">\u00a0<\/span><\/p>\n<ul>\n<li data-leveltext=\"\uf0b7\" data-font=\"Symbol\" data-listid=\"1\" data-list-defn-props=\"{&quot;335552541&quot;:1,&quot;335559684&quot;:-2,&quot;335559685&quot;:720,&quot;335559991&quot;:360,&quot;469769226&quot;:&quot;Symbol&quot;,&quot;469769242&quot;:[8226],&quot;469777803&quot;:&quot;left&quot;,&quot;469777804&quot;:&quot;\uf0b7&quot;,&quot;469777815&quot;:&quot;multilevel&quot;}\" data-aria-posinset=\"1\" data-aria-level=\"1\"><i><span data-contrast=\"none\">b\u00e6ta umhverfi sk\u00f3lans, minnka \u00fargang og notkun \u00e1 vatni og orku.<\/span><\/i><span data-ccp-props=\"{&quot;134233117&quot;:true,&quot;134233118&quot;:true,&quot;201341983&quot;:0,&quot;335559739&quot;:160,&quot;335559740&quot;:240}\">\u00a0<\/span><\/li>\n<li data-leveltext=\"\uf0b7\" data-font=\"Symbol\" data-listid=\"1\" data-list-defn-props=\"{&quot;335552541&quot;:1,&quot;335559684&quot;:-2,&quot;335559685&quot;:720,&quot;335559991&quot;:360,&quot;469769226&quot;:&quot;Symbol&quot;,&quot;469769242&quot;:[8226],&quot;469777803&quot;:&quot;left&quot;,&quot;469777804&quot;:&quot;\uf0b7&quot;,&quot;469777815&quot;:&quot;multilevel&quot;}\" data-aria-posinset=\"2\" data-aria-level=\"1\"><i><span data-contrast=\"none\">efla samf\u00e9lagskennd innan sk\u00f3lans.<\/span><\/i><span data-ccp-props=\"{&quot;134233117&quot;:true,&quot;134233118&quot;:true,&quot;201341983&quot;:0,&quot;335559739&quot;:160,&quot;335559740&quot;:240}\">\u00a0<\/span><\/li>\n<\/ul>\n<ul>\n<li data-leveltext=\"\uf0b7\" data-font=\"Symbol\" data-listid=\"1\" data-list-defn-props=\"{&quot;335552541&quot;:1,&quot;335559684&quot;:-2,&quot;335559685&quot;:720,&quot;335559991&quot;:360,&quot;469769226&quot;:&quot;Symbol&quot;,&quot;469769242&quot;:[8226],&quot;469777803&quot;:&quot;left&quot;,&quot;469777804&quot;:&quot;\uf0b7&quot;,&quot;469777815&quot;:&quot;multilevel&quot;}\" data-aria-posinset=\"1\" data-aria-level=\"1\"><i><span data-contrast=\"none\">auka umhverfisvitund me\u00f0 menntun og verkefnum innan kennslustofu og utan.<\/span><\/i><span data-ccp-props=\"{&quot;134233117&quot;:true,&quot;134233118&quot;:true,&quot;201341983&quot;:0,&quot;335559739&quot;:160,&quot;335559740&quot;:240}\">\u00a0<\/span><\/li>\n<li data-leveltext=\"\uf0b7\" data-font=\"Symbol\" data-listid=\"1\" data-list-defn-props=\"{&quot;335552541&quot;:1,&quot;335559684&quot;:-2,&quot;335559685&quot;:720,&quot;335559991&quot;:360,&quot;469769226&quot;:&quot;Symbol&quot;,&quot;469769242&quot;:[8226],&quot;469777803&quot;:&quot;left&quot;,&quot;469777804&quot;:&quot;\uf0b7&quot;,&quot;469777815&quot;:&quot;multilevel&quot;}\" data-aria-posinset=\"2\" data-aria-level=\"1\"><i><span data-contrast=\"none\">styrkja l\u00fd\u00f0r\u00e6\u00f0isleg vinnubr\u00f6g\u00f0 vi\u00f0 stj\u00f3rnun sk\u00f3lans \u00feegar teknar eru \u00e1kvar\u00f0anir sem var\u00f0a nemendur.<\/span><\/i><span data-ccp-props=\"{&quot;134233117&quot;:true,&quot;134233118&quot;:true,&quot;201341983&quot;:0,&quot;335559739&quot;:160,&quot;335559740&quot;:240}\">\u00a0<\/span><\/li>\n<li data-leveltext=\"\uf0b7\" data-font=\"Symbol\" data-listid=\"1\" data-list-defn-props=\"{&quot;335552541&quot;:1,&quot;335559684&quot;:-2,&quot;335559685&quot;:720,&quot;335559991&quot;:360,&quot;469769226&quot;:&quot;Symbol&quot;,&quot;469769242&quot;:[8226],&quot;469777803&quot;:&quot;left&quot;,&quot;469777804&quot;:&quot;\uf0b7&quot;,&quot;469777815&quot;:&quot;multilevel&quot;}\" data-aria-posinset=\"3\" data-aria-level=\"1\"><i><span data-contrast=\"none\">veita nemendum menntun og f\u00e6rni til a\u00f0 takast \u00e1 vi\u00f0 umhverfism\u00e1l<\/span><\/i><span data-ccp-props=\"{&quot;134233117&quot;:true,&quot;134233118&quot;:true,&quot;201341983&quot;:0,&quot;335559739&quot;:160,&quot;335559740&quot;:240}\">\u00a0<\/span><\/li>\n<\/ul>\n<p><i><span data-contrast=\"none\">Gr\u00e6nf\u00e1ninn sj\u00e1lfur er vi\u00f0urkenning e\u00f0a ver\u00f0laun til sk\u00f3la sem vinna a\u00f0 sj\u00e1lfb\u00e6rnimenntun \u00e1 einhvern h\u00e1tt. Hver sk\u00f3li vinnur eftir skrefunum sj\u00f6, setur s\u00e9r markmi\u00f0 og virkir nemendur.<\/span><\/i><span data-ccp-props=\"{&quot;201341983&quot;:0,&quot;335559739&quot;:150,&quot;335559740&quot;:240}\">\u00a0<\/span><\/p>\n<p><span data-contrast=\"none\">B\u00f6rnin \u00e1 Hno\u00f0rab\u00f3li eru mj\u00f6g me\u00f0vitu\u00f0 um umhverfi sitt og mikilv\u00e6gi \u00feess a\u00f0 ganga vel um n\u00e1tt\u00faruna. \u00deau \u00feekkja vel umhverfiss\u00e1ttm\u00e1la Hno\u00f0rab\u00f3ls sem er:<\/span><span data-ccp-props=\"{&quot;201341983&quot;:0,&quot;335559739&quot;:150,&quot;335559740&quot;:240}\">\u00a0<\/span><\/p>\n<p><b><span data-contrast=\"none\">\u201eVi\u00f0 \u00e6tlum a\u00f0 gera allt sem er gott fyrir n\u00e1tt\u00faruna me\u00f0 s\u00f3l \u00ed hjarta\u201c<\/span><\/b><span data-ccp-props=\"{&quot;201341983&quot;:0,&quot;335559739&quot;:150,&quot;335559740&quot;:240}\">\u00a0<\/span><\/p>\n<p><span data-contrast=\"none\">Umhverfisstefnan okkar er svo \u00feessi:<\/span><span data-ccp-props=\"{&quot;201341983&quot;:0,&quot;335559739&quot;:150,&quot;335559740&quot;:240}\">\u00a0<\/span><\/p>\n<ul>\n<li data-leveltext=\"\uf0b7\" data-font=\"Symbol\" data-listid=\"2\" data-list-defn-props=\"{&quot;335552541&quot;:1,&quot;335559684&quot;:-2,&quot;335559685&quot;:720,&quot;335559991&quot;:360,&quot;469769226&quot;:&quot;Symbol&quot;,&quot;469769242&quot;:[8226],&quot;469777803&quot;:&quot;left&quot;,&quot;469777804&quot;:&quot;\uf0b7&quot;,&quot;469777815&quot;:&quot;multilevel&quot;}\" data-aria-posinset=\"1\" data-aria-level=\"1\"><span data-contrast=\"none\">Innkaup leiksk\u00f3lans ver\u00f0i eins vistv\u00e6nn og kostur er. Umhverfismerktar v\u00f6rur og \u00fej\u00f3nusta er valin umfram a\u00f0ra.<\/span><span data-ccp-props=\"{&quot;134233117&quot;:true,&quot;134233118&quot;:true,&quot;201341983&quot;:0,&quot;335559739&quot;:160,&quot;335559740&quot;:240}\">\u00a0<\/span><\/li>\n<li data-leveltext=\"\uf0b7\" data-font=\"Symbol\" data-listid=\"2\" data-list-defn-props=\"{&quot;335552541&quot;:1,&quot;335559684&quot;:-2,&quot;335559685&quot;:720,&quot;335559991&quot;:360,&quot;469769226&quot;:&quot;Symbol&quot;,&quot;469769242&quot;:[8226],&quot;469777803&quot;:&quot;left&quot;,&quot;469777804&quot;:&quot;\uf0b7&quot;,&quot;469777815&quot;:&quot;multilevel&quot;}\" data-aria-posinset=\"2\" data-aria-level=\"1\"><span data-contrast=\"none\">Rusl er flokka\u00f0.<\/span><span data-ccp-props=\"{&quot;134233117&quot;:true,&quot;134233118&quot;:true,&quot;201341983&quot;:0,&quot;335559739&quot;:160,&quot;335559740&quot;:240}\">\u00a0<\/span><\/li>\n<li data-leveltext=\"\uf0b7\" data-font=\"Symbol\" data-listid=\"2\" data-list-defn-props=\"{&quot;335552541&quot;:1,&quot;335559684&quot;:-2,&quot;335559685&quot;:720,&quot;335559991&quot;:360,&quot;469769226&quot;:&quot;Symbol&quot;,&quot;469769242&quot;:[8226],&quot;469777803&quot;:&quot;left&quot;,&quot;469777804&quot;:&quot;\uf0b7&quot;,&quot;469777815&quot;:&quot;multilevel&quot;}\" data-aria-posinset=\"3\" data-aria-level=\"1\"><span data-contrast=\"none\">Starfsf\u00f3lk ver\u00f0ur fr\u00e6tt um n\u00fdjungar \u00ed umhverfism\u00e1lum \u00feegar \u00fe\u00e6r koma fram.<\/span><span data-ccp-props=\"{&quot;134233117&quot;:true,&quot;134233118&quot;:true,&quot;201341983&quot;:0,&quot;335559739&quot;:160,&quot;335559740&quot;:240}\">\u00a0<\/span><\/li>\n<\/ul>\n<ul>\n<li data-leveltext=\"\uf0b7\" data-font=\"Symbol\" data-listid=\"2\" data-list-defn-props=\"{&quot;335552541&quot;:1,&quot;335559684&quot;:-2,&quot;335559685&quot;:720,&quot;335559991&quot;:360,&quot;469769226&quot;:&quot;Symbol&quot;,&quot;469769242&quot;:[8226],&quot;469777803&quot;:&quot;left&quot;,&quot;469777804&quot;:&quot;\uf0b7&quot;,&quot;469777815&quot;:&quot;multilevel&quot;}\" data-aria-posinset=\"1\" data-aria-level=\"1\"><span data-contrast=\"none\">Notum fj\u00f6lnota efnivi\u00f0 frekar en einnota.<\/span><span data-ccp-props=\"{&quot;134233117&quot;:true,&quot;134233118&quot;:true,&quot;201341983&quot;:0,&quot;335559739&quot;:160,&quot;335559740&quot;:240}\">\u00a0<\/span><\/li>\n<li data-leveltext=\"\uf0b7\" data-font=\"Symbol\" data-listid=\"2\" data-list-defn-props=\"{&quot;335552541&quot;:1,&quot;335559684&quot;:-2,&quot;335559685&quot;:720,&quot;335559991&quot;:360,&quot;469769226&quot;:&quot;Symbol&quot;,&quot;469769242&quot;:[8226],&quot;469777803&quot;:&quot;left&quot;,&quot;469777804&quot;:&quot;\uf0b7&quot;,&quot;469777815&quot;:&quot;multilevel&quot;}\" data-aria-posinset=\"2\" data-aria-level=\"1\"><span data-contrast=\"none\">Sp\u00f6rum orku eins og h\u00e6gt er.<\/span><span data-ccp-props=\"{&quot;134233117&quot;:true,&quot;134233118&quot;:true,&quot;201341983&quot;:0,&quot;335559739&quot;:160,&quot;335559740&quot;:240}\">\u00a0<\/span><\/li>\n<li data-leveltext=\"\uf0b7\" data-font=\"Symbol\" data-listid=\"2\" data-list-defn-props=\"{&quot;335552541&quot;:1,&quot;335559684&quot;:-2,&quot;335559685&quot;:720,&quot;335559991&quot;:360,&quot;469769226&quot;:&quot;Symbol&quot;,&quot;469769242&quot;:[8226],&quot;469777803&quot;:&quot;left&quot;,&quot;469777804&quot;:&quot;\uf0b7&quot;,&quot;469777815&quot;:&quot;multilevel&quot;}\" data-aria-posinset=\"3\" data-aria-level=\"1\"><span data-contrast=\"none\">Endurn\u00fdtum efni eins og kostur er.<\/span><span data-ccp-props=\"{&quot;134233117&quot;:true,&quot;134233118&quot;:true,&quot;201341983&quot;:0,&quot;335559739&quot;:160,&quot;335559740&quot;:240}\">\u00a0<\/span><\/li>\n<\/ul>\n<p><span data-contrast=\"none\">\u00cd umhverfisnefnd Hno\u00f0rab\u00f3ls eru:<\/span><span data-ccp-props=\"{&quot;201341983&quot;:0,&quot;335559739&quot;:150,&quot;335559740&quot;:240}\">\u00a0<\/span><\/p>\n<p><span data-contrast=\"none\">Verkefnastj\u00f3ri og fulltr\u00fai kennara: Elsa \u00deorbjarnard\u00f3ttir<\/span><span data-ccp-props=\"{&quot;201341983&quot;:0,&quot;335559739&quot;:150,&quot;335559740&quot;:240}\">\u00a0<\/span><\/p>\n<p><span data-contrast=\"none\">Fulltr\u00fai foreldra: Gu\u00f0mundur Freyr Kristbergsson<\/span><span data-ccp-props=\"{&quot;201341983&quot;:0,&quot;335559739&quot;:150,&quot;335559740&quot;:240}\">\u00a0<\/span><\/p>\n<p><span data-contrast=\"none\">Leiksk\u00f3lastj\u00f3ri: Sj\u00f6fn G. Vilhj\u00e1lmsd\u00f3ttir<\/span><span data-ccp-props=\"{&quot;201341983&quot;:0,&quot;335559739&quot;:150,&quot;335559740&quot;:240}\">\u00a0<\/span><\/p>\n<p><span data-contrast=\"none\">B\u00f6rnin \u00ed sk\u00f3lah\u00f3p<\/span><span data-ccp-props=\"{&quot;201341983&quot;:0,&quot;335559739&quot;:150,&quot;335559740&quot;:240}\">\u00a0<\/span><\/p>\n<p><span data-contrast=\"none\">Gr\u00e6nf\u00e1namarkmi\u00f0 okkar n\u00fana eru \u00feessi:<\/span><span data-ccp-props=\"{&quot;201341983&quot;:0,&quot;335559739&quot;:150,&quot;335559740&quot;:240}\">\u00a0<\/span><\/p>\n<ol>\n<li><span data-contrast=\"none\"> Kanna g\u00f6ngulei\u00f0ir \u00ed n\u00fdju umhverfi<\/span><\/li>\n<li><span data-contrast=\"none\"> Tengjast n\u00e6rumhverfinu<\/span><\/li>\n<li><span data-contrast=\"none\"> B\u00e6ta \u00fatikennslusv\u00e6\u00f0i<\/span><\/li>\n<li><span data-contrast=\"none\"> Gera gr\u00e6nf\u00e1nabr\u00fa\u00f0u<\/span><\/li>\n<li><span data-contrast=\"none\"> Skipti- og s\u00f6lumarka\u00f0ur Hno\u00f0rab\u00f3ls \u00e1 facebook<\/span><\/li>\n<\/ol>\n<p><span data-ccp-props=\"{&quot;201341983&quot;:0,&quot;335559739&quot;:160,&quot;335559740&quot;:259}\">\u00a0<\/span><\/p>\n","protected":false},"excerpt":{"rendered":"<p>Vi\u00f0 \u00e1 Hno\u00f0rab\u00f3li erum mj\u00f6g stolt af \u00fev\u00ed a\u00f0 hafa flagga\u00f0 gr\u00e6nf\u00e1nanum \u00ferisvar sinnum.\u00a0 \u00c1ri\u00f0 2009 var\u00f0 Hno\u00f0rab\u00f3l sk\u00f3li \u00e1 gr\u00e6nni grein og h\u00f3f vinnu vi\u00f0 a\u00f0 st\u00edga skrefin sj\u00f6 til a\u00f0 f\u00e1 a\u00f0 flagga gr\u00e6nf\u00e1nanum. Gr\u00e6nf\u00e1ninn er al\u00fej\u00f3\u00f0leg vi\u00f0urkenning sem sta\u00f0festir g\u00f3\u00f0an \u00e1setning og virkni \u00ed umhverfisverndarstarfi.\u00a0 \u00c1ri\u00f0 2014 fl\u00f6ggu\u00f0um vi\u00f0 svo gr\u00e6nf\u00e1nanum \u00ed fyrsta sinn.\u00a0 Textinn h\u00e9r a\u00f0 &#8230; <\/p>\n<div><a href=\"https:\/\/dev.borgarbyggd.is\/hnodrabol\/skolastarf\/graenfani\/\" class=\"more-link\">Read More<\/a><\/div>\n","protected":false},"author":4,"featured_media":0,"parent":50,"menu_order":0,"comment_status":"closed","ping_status":"closed","template":"","meta":{"_acf_changed":false,"footnotes":""},"class_list":["post-76","page","type-page","status-publish","hentry","no-post-thumbnail"],"acf":{"quickaccess":false},"yoast_head":"<!-- This site is optimized with the Yoast SEO plugin v24.0 - https:\/\/yoast.com\/wordpress\/plugins\/seo\/ -->\n<title>Gr\u00e6nf\u00e1ni - Hno\u00f0rab\u00f3l<\/title>\n<meta name=\"robots\" content=\"noindex, follow, max-snippet:-1, max-image-preview:large, max-video-preview:-1\" \/>\n<meta property=\"og:locale\" content=\"is_IS\" \/>\n<meta property=\"og:type\" content=\"article\" \/>\n<meta property=\"og:title\" content=\"Gr\u00e6nf\u00e1ni - Hno\u00f0rab\u00f3l\" \/>\n<meta property=\"og:description\" content=\"Vi\u00f0 \u00e1 Hno\u00f0rab\u00f3li erum mj\u00f6g stolt af \u00fev\u00ed a\u00f0 hafa flagga\u00f0 gr\u00e6nf\u00e1nanum \u00ferisvar sinnum.\u00a0 \u00c1ri\u00f0 2009 var\u00f0 Hno\u00f0rab\u00f3l sk\u00f3li \u00e1 gr\u00e6nni grein og h\u00f3f vinnu vi\u00f0 a\u00f0 st\u00edga skrefin sj\u00f6 til a\u00f0 f\u00e1 a\u00f0 flagga gr\u00e6nf\u00e1nanum. Gr\u00e6nf\u00e1ninn er al\u00fej\u00f3\u00f0leg vi\u00f0urkenning sem sta\u00f0festir g\u00f3\u00f0an \u00e1setning og virkni \u00ed umhverfisverndarstarfi.\u00a0 \u00c1ri\u00f0 2014 fl\u00f6ggu\u00f0um vi\u00f0 svo gr\u00e6nf\u00e1nanum \u00ed fyrsta sinn.\u00a0 Textinn h\u00e9r a\u00f0 ... Read More\" \/>\n<meta property=\"og:url\" content=\"https:\/\/dev.borgarbyggd.is\/hnodrabol\/skolastarf\/graenfani\/\" \/>\n<meta property=\"og:site_name\" content=\"Hno\u00f0rab\u00f3l\" \/>\n<meta name=\"twitter:card\" content=\"summary_large_image\" \/>\n<meta name=\"twitter:label1\" content=\"Est. reading time\" \/>\n\t<meta name=\"twitter:data1\" content=\"2 minutes\" \/>\n<script type=\"application\/ld+json\" class=\"yoast-schema-graph\">{\"@context\":\"https:\/\/schema.org\",\"@graph\":[{\"@type\":\"WebPage\",\"@id\":\"https:\/\/dev.borgarbyggd.is\/hnodrabol\/skolastarf\/graenfani\/\",\"url\":\"https:\/\/dev.borgarbyggd.is\/hnodrabol\/skolastarf\/graenfani\/\",\"name\":\"Gr\u00e6nf\u00e1ni - Hno\u00f0rab\u00f3l\",\"isPartOf\":{\"@id\":\"https:\/\/dev.borgarbyggd.is\/hnodrabol\/#website\"},\"datePublished\":\"2023-08-16T14:30:30+00:00\",\"dateModified\":\"2023-08-16T14:30:30+00:00\",\"breadcrumb\":{\"@id\":\"https:\/\/dev.borgarbyggd.is\/hnodrabol\/skolastarf\/graenfani\/#breadcrumb\"},\"inLanguage\":\"is\",\"potentialAction\":[{\"@type\":\"ReadAction\",\"target\":[\"https:\/\/dev.borgarbyggd.is\/hnodrabol\/skolastarf\/graenfani\/\"]}]},{\"@type\":\"BreadcrumbList\",\"@id\":\"https:\/\/dev.borgarbyggd.is\/hnodrabol\/skolastarf\/graenfani\/#breadcrumb\",\"itemListElement\":[{\"@type\":\"ListItem\",\"position\":1,\"name\":\"Home\",\"item\":\"https:\/\/dev.borgarbyggd.is\/hnodrabol\/\"},{\"@type\":\"ListItem\",\"position\":2,\"name\":\"Sk\u00f3lastarf\",\"item\":\"https:\/\/dev.borgarbyggd.is\/hnodrabol\/skolastarf\/\"},{\"@type\":\"ListItem\",\"position\":3,\"name\":\"Gr\u00e6nf\u00e1ni\"}]},{\"@type\":\"WebSite\",\"@id\":\"https:\/\/dev.borgarbyggd.is\/hnodrabol\/#website\",\"url\":\"https:\/\/dev.borgarbyggd.is\/hnodrabol\/\",\"name\":\"Hno\u00f0rab\u00f3l\",\"description\":\"\",\"potentialAction\":[{\"@type\":\"SearchAction\",\"target\":{\"@type\":\"EntryPoint\",\"urlTemplate\":\"https:\/\/dev.borgarbyggd.is\/hnodrabol\/?s={search_term_string}\"},\"query-input\":{\"@type\":\"PropertyValueSpecification\",\"valueRequired\":true,\"valueName\":\"search_term_string\"}}],\"inLanguage\":\"is\"}]}<\/script>\n<!-- \/ Yoast SEO plugin. -->","yoast_head_json":{"title":"Gr\u00e6nf\u00e1ni - Hno\u00f0rab\u00f3l","robots":{"index":"noindex","follow":"follow","max-snippet":"max-snippet:-1","max-image-preview":"max-image-preview:large","max-video-preview":"max-video-preview:-1"},"og_locale":"is_IS","og_type":"article","og_title":"Gr\u00e6nf\u00e1ni - Hno\u00f0rab\u00f3l","og_description":"Vi\u00f0 \u00e1 Hno\u00f0rab\u00f3li erum mj\u00f6g stolt af \u00fev\u00ed a\u00f0 hafa flagga\u00f0 gr\u00e6nf\u00e1nanum \u00ferisvar sinnum.\u00a0 \u00c1ri\u00f0 2009 var\u00f0 Hno\u00f0rab\u00f3l sk\u00f3li \u00e1 gr\u00e6nni grein og h\u00f3f vinnu vi\u00f0 a\u00f0 st\u00edga skrefin sj\u00f6 til a\u00f0 f\u00e1 a\u00f0 flagga gr\u00e6nf\u00e1nanum. Gr\u00e6nf\u00e1ninn er al\u00fej\u00f3\u00f0leg vi\u00f0urkenning sem sta\u00f0festir g\u00f3\u00f0an \u00e1setning og virkni \u00ed umhverfisverndarstarfi.\u00a0 \u00c1ri\u00f0 2014 fl\u00f6ggu\u00f0um vi\u00f0 svo gr\u00e6nf\u00e1nanum \u00ed fyrsta sinn.\u00a0 Textinn h\u00e9r a\u00f0 ... Read More","og_url":"https:\/\/dev.borgarbyggd.is\/hnodrabol\/skolastarf\/graenfani\/","og_site_name":"Hno\u00f0rab\u00f3l","twitter_card":"summary_large_image","twitter_misc":{"Est. reading time":"2 minutes"},"schema":{"@context":"https:\/\/schema.org","@graph":[{"@type":"WebPage","@id":"https:\/\/dev.borgarbyggd.is\/hnodrabol\/skolastarf\/graenfani\/","url":"https:\/\/dev.borgarbyggd.is\/hnodrabol\/skolastarf\/graenfani\/","name":"Gr\u00e6nf\u00e1ni - Hno\u00f0rab\u00f3l","isPartOf":{"@id":"https:\/\/dev.borgarbyggd.is\/hnodrabol\/#website"},"datePublished":"2023-08-16T14:30:30+00:00","dateModified":"2023-08-16T14:30:30+00:00","breadcrumb":{"@id":"https:\/\/dev.borgarbyggd.is\/hnodrabol\/skolastarf\/graenfani\/#breadcrumb"},"inLanguage":"is","potentialAction":[{"@type":"ReadAction","target":["https:\/\/dev.borgarbyggd.is\/hnodrabol\/skolastarf\/graenfani\/"]}]},{"@type":"BreadcrumbList","@id":"https:\/\/dev.borgarbyggd.is\/hnodrabol\/skolastarf\/graenfani\/#breadcrumb","itemListElement":[{"@type":"ListItem","position":1,"name":"Home","item":"https:\/\/dev.borgarbyggd.is\/hnodrabol\/"},{"@type":"ListItem","position":2,"name":"Sk\u00f3lastarf","item":"https:\/\/dev.borgarbyggd.is\/hnodrabol\/skolastarf\/"},{"@type":"ListItem","position":3,"name":"Gr\u00e6nf\u00e1ni"}]},{"@type":"WebSite","@id":"https:\/\/dev.borgarbyggd.is\/hnodrabol\/#website","url":"https:\/\/dev.borgarbyggd.is\/hnodrabol\/","name":"Hno\u00f0rab\u00f3l","description":"","potentialAction":[{"@type":"SearchAction","target":{"@type":"EntryPoint","urlTemplate":"https:\/\/dev.borgarbyggd.is\/hnodrabol\/?s={search_term_string}"},"query-input":{"@type":"PropertyValueSpecification","valueRequired":true,"valueName":"search_term_string"}}],"inLanguage":"is"}]}},"_links":{"self":[{"href":"https:\/\/dev.borgarbyggd.is\/hnodrabol\/wp-json\/wp\/v2\/pages\/76","targetHints":{"allow":["GET"]}}],"collection":[{"href":"https:\/\/dev.borgarbyggd.is\/hnodrabol\/wp-json\/wp\/v2\/pages"}],"about":[{"href":"https:\/\/dev.borgarbyggd.is\/hnodrabol\/wp-json\/wp\/v2\/types\/page"}],"author":[{"embeddable":true,"href":"https:\/\/dev.borgarbyggd.is\/hnodrabol\/wp-json\/wp\/v2\/users\/4"}],"replies":[{"embeddable":true,"href":"https:\/\/dev.borgarbyggd.is\/hnodrabol\/wp-json\/wp\/v2\/comments?post=76"}],"version-history":[{"count":0,"href":"https:\/\/dev.borgarbyggd.is\/hnodrabol\/wp-json\/wp\/v2\/pages\/76\/revisions"}],"up":[{"embeddable":true,"href":"https:\/\/dev.borgarbyggd.is\/hnodrabol\/wp-json\/wp\/v2\/pages\/50"}],"wp:attachment":[{"href":"https:\/\/dev.borgarbyggd.is\/hnodrabol\/wp-json\/wp\/v2\/media?parent=76"}],"curies":[{"name":"wp","href":"https:\/\/api.w.org\/{rel}","templated":true}]}}