{"id":5,"date":"2023-07-25T14:54:32","date_gmt":"2023-07-25T14:54:32","guid":{"rendered":"https:\/\/dev.borgarbyggd.is\/hnodrabol\/?page_id=5"},"modified":"2026-04-09T11:42:40","modified_gmt":"2026-04-09T11:42:40","slug":"forsida","status":"publish","type":"page","link":"https:\/\/dev.borgarbyggd.is\/hnodrabol\/","title":{"rendered":"Fors\u00ed\u00f0a"},"content":{"rendered":"<p><strong>Leiksk\u00f3linn Hno\u00f0rab\u00f3l er \u00e1 Kleppj\u00e1rnsreykjum \u00ed Reykholti \u00ed Borgarbygg\u00f0. Hann er tveggja deilda leiksk\u00f3li og a\u00f0 jafna\u00f0i eru t\u00e6plega 30 b\u00f6rn \u00e1 aldrinum\u00a0 12 m\u00e1na\u00f0a til 6 \u00e1ra.\u00a0<\/strong><\/p>\n<p>N\u00f6fnin \u00e1 deildunum v\u00edsa \u00ed gildi sk\u00f3lans sem er me\u00f0 s\u00f3l \u00ed hjarta. Yngri deildin heitir Rau\u00f0a deild og er merki hennar rautt hjarta, eldri deildin heitir Gula deild og er merki hennar s\u00f3lin.<\/p>\n<p>Markmi\u00f0 Hno\u00f0rab\u00f3ls er a\u00f0 hafa velfer\u00f0 og hag barna a\u00f0 lei\u00f0arlj\u00f3si samkv\u00e6mt l\u00f6gum. N\u00e1m \u00e1 a\u00f0 fara fram \u00ed leik og skapandi starfi og starfsh\u00e6ttir byggja \u00e1 umbur\u00f0arlyndi, jafnr\u00e9tti, k\u00e6rleika, \u00e1byrg\u00f0, l\u00fd\u00f0r\u00e6\u00f0islegu samstarfi, vir\u00f0ingu og umhyggju.<\/p>\n","protected":false},"excerpt":{"rendered":"<p>Leiksk\u00f3linn Hno\u00f0rab\u00f3l er \u00e1 Kleppj\u00e1rnsreykjum \u00ed Reykholti \u00ed Borgarbygg\u00f0. Hann er tveggja deilda leiksk\u00f3li og a\u00f0 jafna\u00f0i eru t\u00e6plega 30 b\u00f6rn \u00e1 aldrinum\u00a0 12 m\u00e1na\u00f0a til 6 \u00e1ra.\u00a0 N\u00f6fnin \u00e1 deildunum v\u00edsa \u00ed gildi sk\u00f3lans sem er me\u00f0 s\u00f3l \u00ed hjarta. Yngri deildin heitir Rau\u00f0a deild og er merki hennar rautt hjarta, eldri deildin heitir Gula deild og er merki &#8230; <\/p>\n<div><a href=\"https:\/\/dev.borgarbyggd.is\/hnodrabol\/\" class=\"more-link\">Read More<\/a><\/div>\n","protected":false},"author":1,"featured_media":0,"parent":0,"menu_order":0,"comment_status":"closed","ping_status":"closed","template":"","meta":{"_acf_changed":false,"footnotes":""},"class_list":["post-5","page","type-page","status-publish","hentry","no-post-thumbnail"],"acf":{"quickaccess":[{"takn":"select_check_box","title":"Sk\u00f3ladagatal","url":"https:\/\/dev.borgarbyggd.is\/hnodrabol\/skolastarf\/skoladagatal\/","description":"","skjol":"https:\/\/dev.borgarbyggd.is\/hnodrabol\/wp-content\/uploads\/sites\/10\/2025\/05\/Leikskoladagatal-Hnodrabols-2025-2026.pdf","tegund":""},{"takn":"dining","title":"Matse\u00f0ill","url":"","description":"","skjol":"https:\/\/dev.borgarbyggd.is\/hnodrabol\/wp-content\/uploads\/sites\/10\/2026\/04\/Matsedill-fyrir-april-2026.pdf","tegund":""},{"takn":"menu_book","title":"Sk\u00f3lan\u00e1mskr\u00e1","url":"https:\/\/dev.borgarbyggd.is\/hnodrabol\/skolastarf\/skolanamskra\/","description":"","skjol":false,"tegund":""},{"takn":"send_money","title":"Gjaldskr\u00e1","url":"https:\/\/dev.borgarbyggd.is\/hnodrabol\/upplysingar\/leikskolagjold\/","description":"","skjol":false,"tegund":""},{"takn":"favorite","title":"Gildi sk\u00f3lans","url":"https:\/\/dev.borgarbyggd.is\/hnodrabol\/skolastarf\/gildi-skolans\/","description":"","skjol":false,"tegund":""},{"takn":"search","title":"Fars\u00e6ld barna","url":"","description":"","skjol":false,"tegund":"https:\/\/borgarbyggd.is\/sidur\/thjonusta\/felagsthjonusta\/samthaett-thjonusta-i-thagu-farsaeldar-barna"},{"takn":"search","title":"Vi\u00f0bur\u00f0ir","url":"","description":"","skjol":"https:\/\/dev.borgarbyggd.is\/hnodrabol\/wp-content\/uploads\/sites\/10\/2026\/01\/Vidburdadagatal-vor-2026.pdf","tegund":""}]},"yoast_head":"<!-- This site is optimized with the Yoast SEO plugin v24.0 - https:\/\/yoast.com\/wordpress\/plugins\/seo\/ -->\n<title>Fors\u00ed\u00f0a - Hno\u00f0rab\u00f3l<\/title>\n<meta name=\"robots\" content=\"noindex, follow, max-snippet:-1, max-image-preview:large, max-video-preview:-1\" \/>\n<meta property=\"og:locale\" content=\"is_IS\" \/>\n<meta property=\"og:type\" content=\"article\" \/>\n<meta property=\"og:title\" content=\"Fors\u00ed\u00f0a - Hno\u00f0rab\u00f3l\" \/>\n<meta property=\"og:description\" content=\"Leiksk\u00f3linn Hno\u00f0rab\u00f3l er \u00e1 Kleppj\u00e1rnsreykjum \u00ed Reykholti \u00ed Borgarbygg\u00f0. Hann er tveggja deilda leiksk\u00f3li og a\u00f0 jafna\u00f0i eru t\u00e6plega 30 b\u00f6rn \u00e1 aldrinum\u00a0 12 m\u00e1na\u00f0a til 6 \u00e1ra.\u00a0 N\u00f6fnin \u00e1 deildunum v\u00edsa \u00ed gildi sk\u00f3lans sem er me\u00f0 s\u00f3l \u00ed hjarta. Yngri deildin heitir Rau\u00f0a deild og er merki hennar rautt hjarta, eldri deildin heitir Gula deild og er merki ... Read More\" \/>\n<meta property=\"og:url\" content=\"https:\/\/dev.borgarbyggd.is\/hnodrabol\/\" \/>\n<meta property=\"og:site_name\" content=\"Hno\u00f0rab\u00f3l\" \/>\n<meta property=\"article:modified_time\" content=\"2026-04-09T11:42:40+00:00\" \/>\n<meta name=\"twitter:card\" content=\"summary_large_image\" \/>\n<meta name=\"twitter:label1\" content=\"Est. reading time\" \/>\n\t<meta name=\"twitter:data1\" content=\"1 minute\" \/>\n<script type=\"application\/ld+json\" class=\"yoast-schema-graph\">{\"@context\":\"https:\/\/schema.org\",\"@graph\":[{\"@type\":\"WebPage\",\"@id\":\"https:\/\/dev.borgarbyggd.is\/hnodrabol\/\",\"url\":\"https:\/\/dev.borgarbyggd.is\/hnodrabol\/\",\"name\":\"Fors\u00ed\u00f0a - Hno\u00f0rab\u00f3l\",\"isPartOf\":{\"@id\":\"https:\/\/dev.borgarbyggd.is\/hnodrabol\/#website\"},\"datePublished\":\"2023-07-25T14:54:32+00:00\",\"dateModified\":\"2026-04-09T11:42:40+00:00\",\"breadcrumb\":{\"@id\":\"https:\/\/dev.borgarbyggd.is\/hnodrabol\/#breadcrumb\"},\"inLanguage\":\"is\",\"potentialAction\":[{\"@type\":\"ReadAction\",\"target\":[\"https:\/\/dev.borgarbyggd.is\/hnodrabol\/\"]}]},{\"@type\":\"BreadcrumbList\",\"@id\":\"https:\/\/dev.borgarbyggd.is\/hnodrabol\/#breadcrumb\",\"itemListElement\":[{\"@type\":\"ListItem\",\"position\":1,\"name\":\"Home\",\"item\":\"https:\/\/dev.borgarbyggd.is\/hnodrabol\/\"},{\"@type\":\"ListItem\",\"position\":2,\"name\":\"Fors\u00ed\u00f0a\"}]},{\"@type\":\"WebSite\",\"@id\":\"https:\/\/dev.borgarbyggd.is\/hnodrabol\/#website\",\"url\":\"https:\/\/dev.borgarbyggd.is\/hnodrabol\/\",\"name\":\"Hno\u00f0rab\u00f3l\",\"description\":\"\",\"potentialAction\":[{\"@type\":\"SearchAction\",\"target\":{\"@type\":\"EntryPoint\",\"urlTemplate\":\"https:\/\/dev.borgarbyggd.is\/hnodrabol\/?s={search_term_string}\"},\"query-input\":{\"@type\":\"PropertyValueSpecification\",\"valueRequired\":true,\"valueName\":\"search_term_string\"}}],\"inLanguage\":\"is\"}]}<\/script>\n<!-- \/ Yoast SEO plugin. -->","yoast_head_json":{"title":"Fors\u00ed\u00f0a - Hno\u00f0rab\u00f3l","robots":{"index":"noindex","follow":"follow","max-snippet":"max-snippet:-1","max-image-preview":"max-image-preview:large","max-video-preview":"max-video-preview:-1"},"og_locale":"is_IS","og_type":"article","og_title":"Fors\u00ed\u00f0a - Hno\u00f0rab\u00f3l","og_description":"Leiksk\u00f3linn Hno\u00f0rab\u00f3l er \u00e1 Kleppj\u00e1rnsreykjum \u00ed Reykholti \u00ed Borgarbygg\u00f0. Hann er tveggja deilda leiksk\u00f3li og a\u00f0 jafna\u00f0i eru t\u00e6plega 30 b\u00f6rn \u00e1 aldrinum\u00a0 12 m\u00e1na\u00f0a til 6 \u00e1ra.\u00a0 N\u00f6fnin \u00e1 deildunum v\u00edsa \u00ed gildi sk\u00f3lans sem er me\u00f0 s\u00f3l \u00ed hjarta. Yngri deildin heitir Rau\u00f0a deild og er merki hennar rautt hjarta, eldri deildin heitir Gula deild og er merki ... Read More","og_url":"https:\/\/dev.borgarbyggd.is\/hnodrabol\/","og_site_name":"Hno\u00f0rab\u00f3l","article_modified_time":"2026-04-09T11:42:40+00:00","twitter_card":"summary_large_image","twitter_misc":{"Est. reading time":"1 minute"},"schema":{"@context":"https:\/\/schema.org","@graph":[{"@type":"WebPage","@id":"https:\/\/dev.borgarbyggd.is\/hnodrabol\/","url":"https:\/\/dev.borgarbyggd.is\/hnodrabol\/","name":"Fors\u00ed\u00f0a - Hno\u00f0rab\u00f3l","isPartOf":{"@id":"https:\/\/dev.borgarbyggd.is\/hnodrabol\/#website"},"datePublished":"2023-07-25T14:54:32+00:00","dateModified":"2026-04-09T11:42:40+00:00","breadcrumb":{"@id":"https:\/\/dev.borgarbyggd.is\/hnodrabol\/#breadcrumb"},"inLanguage":"is","potentialAction":[{"@type":"ReadAction","target":["https:\/\/dev.borgarbyggd.is\/hnodrabol\/"]}]},{"@type":"BreadcrumbList","@id":"https:\/\/dev.borgarbyggd.is\/hnodrabol\/#breadcrumb","itemListElement":[{"@type":"ListItem","position":1,"name":"Home","item":"https:\/\/dev.borgarbyggd.is\/hnodrabol\/"},{"@type":"ListItem","position":2,"name":"Fors\u00ed\u00f0a"}]},{"@type":"WebSite","@id":"https:\/\/dev.borgarbyggd.is\/hnodrabol\/#website","url":"https:\/\/dev.borgarbyggd.is\/hnodrabol\/","name":"Hno\u00f0rab\u00f3l","description":"","potentialAction":[{"@type":"SearchAction","target":{"@type":"EntryPoint","urlTemplate":"https:\/\/dev.borgarbyggd.is\/hnodrabol\/?s={search_term_string}"},"query-input":{"@type":"PropertyValueSpecification","valueRequired":true,"valueName":"search_term_string"}}],"inLanguage":"is"}]}},"_links":{"self":[{"href":"https:\/\/dev.borgarbyggd.is\/hnodrabol\/wp-json\/wp\/v2\/pages\/5","targetHints":{"allow":["GET"]}}],"collection":[{"href":"https:\/\/dev.borgarbyggd.is\/hnodrabol\/wp-json\/wp\/v2\/pages"}],"about":[{"href":"https:\/\/dev.borgarbyggd.is\/hnodrabol\/wp-json\/wp\/v2\/types\/page"}],"author":[{"embeddable":true,"href":"https:\/\/dev.borgarbyggd.is\/hnodrabol\/wp-json\/wp\/v2\/users\/1"}],"replies":[{"embeddable":true,"href":"https:\/\/dev.borgarbyggd.is\/hnodrabol\/wp-json\/wp\/v2\/comments?post=5"}],"version-history":[{"count":0,"href":"https:\/\/dev.borgarbyggd.is\/hnodrabol\/wp-json\/wp\/v2\/pages\/5\/revisions"}],"wp:attachment":[{"href":"https:\/\/dev.borgarbyggd.is\/hnodrabol\/wp-json\/wp\/v2\/media?parent=5"}],"curies":[{"name":"wp","href":"https:\/\/api.w.org\/{rel}","templated":true}]}}