{"id":49,"date":"2023-08-16T14:18:46","date_gmt":"2023-08-16T14:18:46","guid":{"rendered":"https:\/\/dev.borgarbyggd.is\/hnodrabol\/?page_id=49"},"modified":"2026-01-15T10:47:05","modified_gmt":"2026-01-15T10:47:05","slug":"rauda-deild","status":"publish","type":"page","link":"https:\/\/dev.borgarbyggd.is\/hnodrabol\/deildir\/rauda-deild\/","title":{"rendered":"Rau\u00f0a deild"},"content":{"rendered":"<p><b><span data-contrast=\"auto\">Velkomin \u00e1 Rau\u00f0u deild<\/span><\/b><span data-ccp-props=\"{&quot;134233117&quot;:false,&quot;134233118&quot;:false,&quot;201341983&quot;:0,&quot;335559738&quot;:0,&quot;335559739&quot;:150,&quot;335559740&quot;:240}\">\u00a0<\/span><\/p>\n<p><span data-contrast=\"auto\">\u00c1 Rau\u00f0u deild eru 7 b\u00f6rn \u00e1 aldrinum 1-3 \u00e1ra.<\/span><span data-ccp-props=\"{&quot;134233117&quot;:false,&quot;134233118&quot;:false,&quot;201341983&quot;:0,&quot;335559738&quot;:0,&quot;335559739&quot;:150,&quot;335559740&quot;:240}\">\u00a0<\/span><\/p>\n<p><b><span data-contrast=\"auto\">Starfsf\u00f3lk Rau\u00f0u deildar er<\/span><\/b><span data-ccp-props=\"{&quot;134233117&quot;:false,&quot;134233118&quot;:false,&quot;201341983&quot;:0,&quot;335559738&quot;:0,&quot;335559739&quot;:150,&quot;335559740&quot;:240}\">\u00a0<\/span><\/p>\n<ul>\n<li><span data-contrast=\"auto\">Elsa, deildarstj\u00f3ri<\/span><\/li>\n<li><span data-contrast=\"auto\">Anja, lei\u00f0beinandi\u00a0<\/span><\/li>\n<li>Gretchen, h\u00e1sk\u00f3lamennta\u00f0ur starfsma\u00f0ur<\/li>\n<\/ul>\n<p><b><span data-contrast=\"auto\">S\u00e9rkennsla<\/span><\/b><span data-ccp-props=\"{&quot;134233117&quot;:false,&quot;134233118&quot;:false,&quot;201341983&quot;:0,&quot;335559738&quot;:0,&quot;335559739&quot;:150,&quot;335559740&quot;:240}\">\u00a0<\/span><\/p>\n<ul>\n<li><span data-contrast=\"auto\">Krist\u00edn s\u00e9rkennslustj\u00f3ri og Elsa<\/span><span data-ccp-props=\"{&quot;134233117&quot;:false,&quot;134233118&quot;:false,&quot;201341983&quot;:0,&quot;335559738&quot;:0,&quot;335559739&quot;:150,&quot;335559740&quot;:240}\">\u00a0deildarstj\u00f3ri<\/span><\/li>\n<\/ul>\n<p><strong>S\u00edman\u00famer Rau\u00f0u deildar:<\/strong> 433-7182<\/p>\n<p><span data-ccp-props=\"{&quot;134233117&quot;:false,&quot;134233118&quot;:false,&quot;201341983&quot;:0,&quot;335559738&quot;:0,&quot;335559739&quot;:150,&quot;335559740&quot;:240}\">\u00a0<\/span><\/p>\n<p><span style=\"text-decoration: underline\">Deildarfr\u00e9ttir eru sendar \u00fat \u00ed gegnum karellen forriti\u00f0.\u00a0\u00a0\u00a0<\/span><\/p>\n<p><span style=\"text-decoration: underline\">\u00a0<\/span><\/p>\n","protected":false},"excerpt":{"rendered":"<p>Velkomin \u00e1 Rau\u00f0u deild\u00a0 \u00c1 Rau\u00f0u deild eru 7 b\u00f6rn \u00e1 aldrinum 1-3 \u00e1ra.\u00a0 Starfsf\u00f3lk Rau\u00f0u deildar er\u00a0 Elsa, deildarstj\u00f3ri Anja, lei\u00f0beinandi\u00a0 Gretchen, h\u00e1sk\u00f3lamennta\u00f0ur starfsma\u00f0ur S\u00e9rkennsla\u00a0 Krist\u00edn s\u00e9rkennslustj\u00f3ri og Elsa\u00a0deildarstj\u00f3ri S\u00edman\u00famer Rau\u00f0u deildar: 433-7182 \u00a0 Deildarfr\u00e9ttir eru sendar \u00fat \u00ed gegnum karellen forriti\u00f0.\u00a0\u00a0\u00a0 \u00a0<\/p>\n","protected":false},"author":4,"featured_media":0,"parent":47,"menu_order":0,"comment_status":"closed","ping_status":"closed","template":"","meta":{"_acf_changed":false,"footnotes":""},"class_list":["post-49","page","type-page","status-publish","hentry","no-post-thumbnail"],"acf":{"quickaccess":false},"yoast_head":"<!-- This site is optimized with the Yoast SEO plugin v24.0 - https:\/\/yoast.com\/wordpress\/plugins\/seo\/ -->\n<title>Rau\u00f0a deild - Hno\u00f0rab\u00f3l<\/title>\n<meta name=\"robots\" content=\"noindex, follow, max-snippet:-1, max-image-preview:large, max-video-preview:-1\" \/>\n<meta property=\"og:locale\" content=\"is_IS\" \/>\n<meta property=\"og:type\" content=\"article\" \/>\n<meta property=\"og:title\" content=\"Rau\u00f0a deild - Hno\u00f0rab\u00f3l\" \/>\n<meta property=\"og:description\" content=\"Velkomin \u00e1 Rau\u00f0u deild\u00a0 \u00c1 Rau\u00f0u deild eru 7 b\u00f6rn \u00e1 aldrinum 1-3 \u00e1ra.\u00a0 Starfsf\u00f3lk Rau\u00f0u deildar er\u00a0 Elsa, deildarstj\u00f3ri Anja, lei\u00f0beinandi\u00a0 Gretchen, h\u00e1sk\u00f3lamennta\u00f0ur starfsma\u00f0ur S\u00e9rkennsla\u00a0 Krist\u00edn s\u00e9rkennslustj\u00f3ri og Elsa\u00a0deildarstj\u00f3ri S\u00edman\u00famer Rau\u00f0u deildar: 433-7182 \u00a0 Deildarfr\u00e9ttir eru sendar \u00fat \u00ed gegnum karellen forriti\u00f0.\u00a0\u00a0\u00a0 \u00a0\" \/>\n<meta property=\"og:url\" content=\"https:\/\/dev.borgarbyggd.is\/hnodrabol\/deildir\/rauda-deild\/\" \/>\n<meta property=\"og:site_name\" content=\"Hno\u00f0rab\u00f3l\" \/>\n<meta property=\"article:modified_time\" content=\"2026-01-15T10:47:05+00:00\" \/>\n<meta name=\"twitter:card\" content=\"summary_large_image\" \/>\n<meta name=\"twitter:label1\" content=\"Est. reading time\" \/>\n\t<meta name=\"twitter:data1\" content=\"1 minute\" \/>\n<script type=\"application\/ld+json\" class=\"yoast-schema-graph\">{\"@context\":\"https:\/\/schema.org\",\"@graph\":[{\"@type\":\"WebPage\",\"@id\":\"https:\/\/dev.borgarbyggd.is\/hnodrabol\/deildir\/rauda-deild\/\",\"url\":\"https:\/\/dev.borgarbyggd.is\/hnodrabol\/deildir\/rauda-deild\/\",\"name\":\"Rau\u00f0a deild - Hno\u00f0rab\u00f3l\",\"isPartOf\":{\"@id\":\"https:\/\/dev.borgarbyggd.is\/hnodrabol\/#website\"},\"datePublished\":\"2023-08-16T14:18:46+00:00\",\"dateModified\":\"2026-01-15T10:47:05+00:00\",\"breadcrumb\":{\"@id\":\"https:\/\/dev.borgarbyggd.is\/hnodrabol\/deildir\/rauda-deild\/#breadcrumb\"},\"inLanguage\":\"is\",\"potentialAction\":[{\"@type\":\"ReadAction\",\"target\":[\"https:\/\/dev.borgarbyggd.is\/hnodrabol\/deildir\/rauda-deild\/\"]}]},{\"@type\":\"BreadcrumbList\",\"@id\":\"https:\/\/dev.borgarbyggd.is\/hnodrabol\/deildir\/rauda-deild\/#breadcrumb\",\"itemListElement\":[{\"@type\":\"ListItem\",\"position\":1,\"name\":\"Home\",\"item\":\"https:\/\/dev.borgarbyggd.is\/hnodrabol\/\"},{\"@type\":\"ListItem\",\"position\":2,\"name\":\"Deildir\",\"item\":\"https:\/\/dev.borgarbyggd.is\/hnodrabol\/deildir\/\"},{\"@type\":\"ListItem\",\"position\":3,\"name\":\"Rau\u00f0a deild\"}]},{\"@type\":\"WebSite\",\"@id\":\"https:\/\/dev.borgarbyggd.is\/hnodrabol\/#website\",\"url\":\"https:\/\/dev.borgarbyggd.is\/hnodrabol\/\",\"name\":\"Hno\u00f0rab\u00f3l\",\"description\":\"\",\"potentialAction\":[{\"@type\":\"SearchAction\",\"target\":{\"@type\":\"EntryPoint\",\"urlTemplate\":\"https:\/\/dev.borgarbyggd.is\/hnodrabol\/?s={search_term_string}\"},\"query-input\":{\"@type\":\"PropertyValueSpecification\",\"valueRequired\":true,\"valueName\":\"search_term_string\"}}],\"inLanguage\":\"is\"}]}<\/script>\n<!-- \/ Yoast SEO plugin. -->","yoast_head_json":{"title":"Rau\u00f0a deild - Hno\u00f0rab\u00f3l","robots":{"index":"noindex","follow":"follow","max-snippet":"max-snippet:-1","max-image-preview":"max-image-preview:large","max-video-preview":"max-video-preview:-1"},"og_locale":"is_IS","og_type":"article","og_title":"Rau\u00f0a deild - Hno\u00f0rab\u00f3l","og_description":"Velkomin \u00e1 Rau\u00f0u deild\u00a0 \u00c1 Rau\u00f0u deild eru 7 b\u00f6rn \u00e1 aldrinum 1-3 \u00e1ra.\u00a0 Starfsf\u00f3lk Rau\u00f0u deildar er\u00a0 Elsa, deildarstj\u00f3ri Anja, lei\u00f0beinandi\u00a0 Gretchen, h\u00e1sk\u00f3lamennta\u00f0ur starfsma\u00f0ur S\u00e9rkennsla\u00a0 Krist\u00edn s\u00e9rkennslustj\u00f3ri og Elsa\u00a0deildarstj\u00f3ri S\u00edman\u00famer Rau\u00f0u deildar: 433-7182 \u00a0 Deildarfr\u00e9ttir eru sendar \u00fat \u00ed gegnum karellen forriti\u00f0.\u00a0\u00a0\u00a0 \u00a0","og_url":"https:\/\/dev.borgarbyggd.is\/hnodrabol\/deildir\/rauda-deild\/","og_site_name":"Hno\u00f0rab\u00f3l","article_modified_time":"2026-01-15T10:47:05+00:00","twitter_card":"summary_large_image","twitter_misc":{"Est. reading time":"1 minute"},"schema":{"@context":"https:\/\/schema.org","@graph":[{"@type":"WebPage","@id":"https:\/\/dev.borgarbyggd.is\/hnodrabol\/deildir\/rauda-deild\/","url":"https:\/\/dev.borgarbyggd.is\/hnodrabol\/deildir\/rauda-deild\/","name":"Rau\u00f0a deild - Hno\u00f0rab\u00f3l","isPartOf":{"@id":"https:\/\/dev.borgarbyggd.is\/hnodrabol\/#website"},"datePublished":"2023-08-16T14:18:46+00:00","dateModified":"2026-01-15T10:47:05+00:00","breadcrumb":{"@id":"https:\/\/dev.borgarbyggd.is\/hnodrabol\/deildir\/rauda-deild\/#breadcrumb"},"inLanguage":"is","potentialAction":[{"@type":"ReadAction","target":["https:\/\/dev.borgarbyggd.is\/hnodrabol\/deildir\/rauda-deild\/"]}]},{"@type":"BreadcrumbList","@id":"https:\/\/dev.borgarbyggd.is\/hnodrabol\/deildir\/rauda-deild\/#breadcrumb","itemListElement":[{"@type":"ListItem","position":1,"name":"Home","item":"https:\/\/dev.borgarbyggd.is\/hnodrabol\/"},{"@type":"ListItem","position":2,"name":"Deildir","item":"https:\/\/dev.borgarbyggd.is\/hnodrabol\/deildir\/"},{"@type":"ListItem","position":3,"name":"Rau\u00f0a deild"}]},{"@type":"WebSite","@id":"https:\/\/dev.borgarbyggd.is\/hnodrabol\/#website","url":"https:\/\/dev.borgarbyggd.is\/hnodrabol\/","name":"Hno\u00f0rab\u00f3l","description":"","potentialAction":[{"@type":"SearchAction","target":{"@type":"EntryPoint","urlTemplate":"https:\/\/dev.borgarbyggd.is\/hnodrabol\/?s={search_term_string}"},"query-input":{"@type":"PropertyValueSpecification","valueRequired":true,"valueName":"search_term_string"}}],"inLanguage":"is"}]}},"_links":{"self":[{"href":"https:\/\/dev.borgarbyggd.is\/hnodrabol\/wp-json\/wp\/v2\/pages\/49","targetHints":{"allow":["GET"]}}],"collection":[{"href":"https:\/\/dev.borgarbyggd.is\/hnodrabol\/wp-json\/wp\/v2\/pages"}],"about":[{"href":"https:\/\/dev.borgarbyggd.is\/hnodrabol\/wp-json\/wp\/v2\/types\/page"}],"author":[{"embeddable":true,"href":"https:\/\/dev.borgarbyggd.is\/hnodrabol\/wp-json\/wp\/v2\/users\/4"}],"replies":[{"embeddable":true,"href":"https:\/\/dev.borgarbyggd.is\/hnodrabol\/wp-json\/wp\/v2\/comments?post=49"}],"version-history":[{"count":0,"href":"https:\/\/dev.borgarbyggd.is\/hnodrabol\/wp-json\/wp\/v2\/pages\/49\/revisions"}],"up":[{"embeddable":true,"href":"https:\/\/dev.borgarbyggd.is\/hnodrabol\/wp-json\/wp\/v2\/pages\/47"}],"wp:attachment":[{"href":"https:\/\/dev.borgarbyggd.is\/hnodrabol\/wp-json\/wp\/v2\/media?parent=49"}],"curies":[{"name":"wp","href":"https:\/\/api.w.org\/{rel}","templated":true}]}}