{"id":48,"date":"2023-08-16T14:18:15","date_gmt":"2023-08-16T14:18:15","guid":{"rendered":"https:\/\/dev.borgarbyggd.is\/hnodrabol\/?page_id=48"},"modified":"2026-01-15T10:49:36","modified_gmt":"2026-01-15T10:49:36","slug":"gula-deild","status":"publish","type":"page","link":"https:\/\/dev.borgarbyggd.is\/hnodrabol\/deildir\/gula-deild\/","title":{"rendered":"Gula deild"},"content":{"rendered":"<p><b><span data-contrast=\"auto\">Velkomin \u00e1 Gulu deild<\/span><\/b><span data-ccp-props=\"{&quot;134233117&quot;:false,&quot;134233118&quot;:false,&quot;201341983&quot;:0,&quot;335559738&quot;:0,&quot;335559739&quot;:150,&quot;335559740&quot;:240}\">\u00a0<\/span><\/p>\n<p><span data-contrast=\"auto\">\u00c1 Gulu deild eru 18 b\u00f6rn \u00e1 aldrinum 3-6 \u00e1ra.<\/span><span data-ccp-props=\"{&quot;134233117&quot;:false,&quot;134233118&quot;:false,&quot;201341983&quot;:0,&quot;335559738&quot;:0,&quot;335559739&quot;:150,&quot;335559740&quot;:240}\">\u00a0<\/span><\/p>\n<p><b><span data-contrast=\"auto\">Starfsf\u00f3lk Gulu deildar er:<\/span><\/b><\/p>\n<ul>\n<li><span data-contrast=\"auto\">Dagn\u00fd, deildarstj\u00f3ri<\/span><span data-ccp-props=\"{&quot;134233117&quot;:false,&quot;134233118&quot;:false,&quot;201341983&quot;:0,&quot;335559738&quot;:0,&quot;335559739&quot;:150,&quot;335559740&quot;:240}\">\u00a0<\/span><\/li>\n<li>Jara, lei\u00f0beinandi<\/li>\n<li>\u00dalfhildur, lei\u00f0beinandi<\/li>\n<li>Kristjana, lei\u00f0beinandi \u00e1 Gulu og Rau\u00f0u deild<\/li>\n<\/ul>\n<p><b><span data-contrast=\"auto\">S\u00e9rkennsla<\/span><\/b><span data-ccp-props=\"{&quot;134233117&quot;:false,&quot;134233118&quot;:false,&quot;201341983&quot;:0,&quot;335559738&quot;:0,&quot;335559739&quot;:150,&quot;335559740&quot;:240}\">\u00a0<\/span><\/p>\n<ul>\n<li><span data-contrast=\"auto\">Krist\u00edn s\u00e9rkennslustj\u00f3ri, <\/span><span data-ccp-props=\"{&quot;134233117&quot;:false,&quot;134233118&quot;:false,&quot;201341983&quot;:0,&quot;335559738&quot;:0,&quot;335559739&quot;:150,&quot;335559740&quot;:240}\">Dagn\u00fd deildarstj\u00f3ri og a\u00f0rir starfsmenn undir \u00feeirra lei\u00f0s\u00f6gn.\u00a0<\/span><\/li>\n<\/ul>\n<p><strong>S\u00edman\u00famer Gulu deildar:<\/strong> 433-7181<\/p>\n<p><span data-ccp-props=\"{&quot;134233117&quot;:false,&quot;134233118&quot;:false,&quot;201341983&quot;:0,&quot;335559738&quot;:0,&quot;335559739&quot;:150,&quot;335559740&quot;:240}\">\u00a0<\/span><\/p>\n<p><span style=\"text-decoration: underline\">Deildarfr\u00e9ttir eru sendar \u00fat \u00ed gegnum karellen forriti\u00f0 flesta f\u00f6studaga.\u00a0<\/span><\/p>\n<p><span data-ccp-props=\"{&quot;201341983&quot;:0,&quot;335559739&quot;:160,&quot;335559740&quot;:259}\">\u00a0<\/span><\/p>\n","protected":false},"excerpt":{"rendered":"<p>Velkomin \u00e1 Gulu deild\u00a0 \u00c1 Gulu deild eru 18 b\u00f6rn \u00e1 aldrinum 3-6 \u00e1ra.\u00a0 Starfsf\u00f3lk Gulu deildar er: Dagn\u00fd, deildarstj\u00f3ri\u00a0 Jara, lei\u00f0beinandi \u00dalfhildur, lei\u00f0beinandi Kristjana, lei\u00f0beinandi \u00e1 Gulu og Rau\u00f0u deild S\u00e9rkennsla\u00a0 Krist\u00edn s\u00e9rkennslustj\u00f3ri, Dagn\u00fd deildarstj\u00f3ri og a\u00f0rir starfsmenn undir \u00feeirra lei\u00f0s\u00f6gn.\u00a0 S\u00edman\u00famer Gulu deildar: 433-7181 \u00a0 Deildarfr\u00e9ttir eru sendar \u00fat \u00ed gegnum karellen forriti\u00f0 flesta f\u00f6studaga.\u00a0 \u00a0<\/p>\n","protected":false},"author":4,"featured_media":0,"parent":47,"menu_order":0,"comment_status":"closed","ping_status":"closed","template":"","meta":{"_acf_changed":false,"footnotes":""},"class_list":["post-48","page","type-page","status-publish","hentry","no-post-thumbnail"],"acf":{"quickaccess":false},"yoast_head":"<!-- This site is optimized with the Yoast SEO plugin v24.0 - https:\/\/yoast.com\/wordpress\/plugins\/seo\/ -->\n<title>Gula deild - Hno\u00f0rab\u00f3l<\/title>\n<meta name=\"robots\" content=\"noindex, follow, max-snippet:-1, max-image-preview:large, max-video-preview:-1\" \/>\n<meta property=\"og:locale\" content=\"is_IS\" \/>\n<meta property=\"og:type\" content=\"article\" \/>\n<meta property=\"og:title\" content=\"Gula deild - Hno\u00f0rab\u00f3l\" \/>\n<meta property=\"og:description\" content=\"Velkomin \u00e1 Gulu deild\u00a0 \u00c1 Gulu deild eru 18 b\u00f6rn \u00e1 aldrinum 3-6 \u00e1ra.\u00a0 Starfsf\u00f3lk Gulu deildar er: Dagn\u00fd, deildarstj\u00f3ri\u00a0 Jara, lei\u00f0beinandi \u00dalfhildur, lei\u00f0beinandi Kristjana, lei\u00f0beinandi \u00e1 Gulu og Rau\u00f0u deild S\u00e9rkennsla\u00a0 Krist\u00edn s\u00e9rkennslustj\u00f3ri, Dagn\u00fd deildarstj\u00f3ri og a\u00f0rir starfsmenn undir \u00feeirra lei\u00f0s\u00f6gn.\u00a0 S\u00edman\u00famer Gulu deildar: 433-7181 \u00a0 Deildarfr\u00e9ttir eru sendar \u00fat \u00ed gegnum karellen forriti\u00f0 flesta f\u00f6studaga.\u00a0 \u00a0\" \/>\n<meta property=\"og:url\" content=\"https:\/\/dev.borgarbyggd.is\/hnodrabol\/deildir\/gula-deild\/\" \/>\n<meta property=\"og:site_name\" content=\"Hno\u00f0rab\u00f3l\" \/>\n<meta property=\"article:modified_time\" content=\"2026-01-15T10:49:36+00:00\" \/>\n<meta name=\"twitter:card\" content=\"summary_large_image\" \/>\n<meta name=\"twitter:label1\" content=\"Est. reading time\" \/>\n\t<meta name=\"twitter:data1\" content=\"1 minute\" \/>\n<script type=\"application\/ld+json\" class=\"yoast-schema-graph\">{\"@context\":\"https:\/\/schema.org\",\"@graph\":[{\"@type\":\"WebPage\",\"@id\":\"https:\/\/dev.borgarbyggd.is\/hnodrabol\/deildir\/gula-deild\/\",\"url\":\"https:\/\/dev.borgarbyggd.is\/hnodrabol\/deildir\/gula-deild\/\",\"name\":\"Gula deild - Hno\u00f0rab\u00f3l\",\"isPartOf\":{\"@id\":\"https:\/\/dev.borgarbyggd.is\/hnodrabol\/#website\"},\"datePublished\":\"2023-08-16T14:18:15+00:00\",\"dateModified\":\"2026-01-15T10:49:36+00:00\",\"breadcrumb\":{\"@id\":\"https:\/\/dev.borgarbyggd.is\/hnodrabol\/deildir\/gula-deild\/#breadcrumb\"},\"inLanguage\":\"is\",\"potentialAction\":[{\"@type\":\"ReadAction\",\"target\":[\"https:\/\/dev.borgarbyggd.is\/hnodrabol\/deildir\/gula-deild\/\"]}]},{\"@type\":\"BreadcrumbList\",\"@id\":\"https:\/\/dev.borgarbyggd.is\/hnodrabol\/deildir\/gula-deild\/#breadcrumb\",\"itemListElement\":[{\"@type\":\"ListItem\",\"position\":1,\"name\":\"Home\",\"item\":\"https:\/\/dev.borgarbyggd.is\/hnodrabol\/\"},{\"@type\":\"ListItem\",\"position\":2,\"name\":\"Deildir\",\"item\":\"https:\/\/dev.borgarbyggd.is\/hnodrabol\/deildir\/\"},{\"@type\":\"ListItem\",\"position\":3,\"name\":\"Gula deild\"}]},{\"@type\":\"WebSite\",\"@id\":\"https:\/\/dev.borgarbyggd.is\/hnodrabol\/#website\",\"url\":\"https:\/\/dev.borgarbyggd.is\/hnodrabol\/\",\"name\":\"Hno\u00f0rab\u00f3l\",\"description\":\"\",\"potentialAction\":[{\"@type\":\"SearchAction\",\"target\":{\"@type\":\"EntryPoint\",\"urlTemplate\":\"https:\/\/dev.borgarbyggd.is\/hnodrabol\/?s={search_term_string}\"},\"query-input\":{\"@type\":\"PropertyValueSpecification\",\"valueRequired\":true,\"valueName\":\"search_term_string\"}}],\"inLanguage\":\"is\"}]}<\/script>\n<!-- \/ Yoast SEO plugin. -->","yoast_head_json":{"title":"Gula deild - Hno\u00f0rab\u00f3l","robots":{"index":"noindex","follow":"follow","max-snippet":"max-snippet:-1","max-image-preview":"max-image-preview:large","max-video-preview":"max-video-preview:-1"},"og_locale":"is_IS","og_type":"article","og_title":"Gula deild - Hno\u00f0rab\u00f3l","og_description":"Velkomin \u00e1 Gulu deild\u00a0 \u00c1 Gulu deild eru 18 b\u00f6rn \u00e1 aldrinum 3-6 \u00e1ra.\u00a0 Starfsf\u00f3lk Gulu deildar er: Dagn\u00fd, deildarstj\u00f3ri\u00a0 Jara, lei\u00f0beinandi \u00dalfhildur, lei\u00f0beinandi Kristjana, lei\u00f0beinandi \u00e1 Gulu og Rau\u00f0u deild S\u00e9rkennsla\u00a0 Krist\u00edn s\u00e9rkennslustj\u00f3ri, Dagn\u00fd deildarstj\u00f3ri og a\u00f0rir starfsmenn undir \u00feeirra lei\u00f0s\u00f6gn.\u00a0 S\u00edman\u00famer Gulu deildar: 433-7181 \u00a0 Deildarfr\u00e9ttir eru sendar \u00fat \u00ed gegnum karellen forriti\u00f0 flesta f\u00f6studaga.\u00a0 \u00a0","og_url":"https:\/\/dev.borgarbyggd.is\/hnodrabol\/deildir\/gula-deild\/","og_site_name":"Hno\u00f0rab\u00f3l","article_modified_time":"2026-01-15T10:49:36+00:00","twitter_card":"summary_large_image","twitter_misc":{"Est. reading time":"1 minute"},"schema":{"@context":"https:\/\/schema.org","@graph":[{"@type":"WebPage","@id":"https:\/\/dev.borgarbyggd.is\/hnodrabol\/deildir\/gula-deild\/","url":"https:\/\/dev.borgarbyggd.is\/hnodrabol\/deildir\/gula-deild\/","name":"Gula deild - Hno\u00f0rab\u00f3l","isPartOf":{"@id":"https:\/\/dev.borgarbyggd.is\/hnodrabol\/#website"},"datePublished":"2023-08-16T14:18:15+00:00","dateModified":"2026-01-15T10:49:36+00:00","breadcrumb":{"@id":"https:\/\/dev.borgarbyggd.is\/hnodrabol\/deildir\/gula-deild\/#breadcrumb"},"inLanguage":"is","potentialAction":[{"@type":"ReadAction","target":["https:\/\/dev.borgarbyggd.is\/hnodrabol\/deildir\/gula-deild\/"]}]},{"@type":"BreadcrumbList","@id":"https:\/\/dev.borgarbyggd.is\/hnodrabol\/deildir\/gula-deild\/#breadcrumb","itemListElement":[{"@type":"ListItem","position":1,"name":"Home","item":"https:\/\/dev.borgarbyggd.is\/hnodrabol\/"},{"@type":"ListItem","position":2,"name":"Deildir","item":"https:\/\/dev.borgarbyggd.is\/hnodrabol\/deildir\/"},{"@type":"ListItem","position":3,"name":"Gula deild"}]},{"@type":"WebSite","@id":"https:\/\/dev.borgarbyggd.is\/hnodrabol\/#website","url":"https:\/\/dev.borgarbyggd.is\/hnodrabol\/","name":"Hno\u00f0rab\u00f3l","description":"","potentialAction":[{"@type":"SearchAction","target":{"@type":"EntryPoint","urlTemplate":"https:\/\/dev.borgarbyggd.is\/hnodrabol\/?s={search_term_string}"},"query-input":{"@type":"PropertyValueSpecification","valueRequired":true,"valueName":"search_term_string"}}],"inLanguage":"is"}]}},"_links":{"self":[{"href":"https:\/\/dev.borgarbyggd.is\/hnodrabol\/wp-json\/wp\/v2\/pages\/48","targetHints":{"allow":["GET"]}}],"collection":[{"href":"https:\/\/dev.borgarbyggd.is\/hnodrabol\/wp-json\/wp\/v2\/pages"}],"about":[{"href":"https:\/\/dev.borgarbyggd.is\/hnodrabol\/wp-json\/wp\/v2\/types\/page"}],"author":[{"embeddable":true,"href":"https:\/\/dev.borgarbyggd.is\/hnodrabol\/wp-json\/wp\/v2\/users\/4"}],"replies":[{"embeddable":true,"href":"https:\/\/dev.borgarbyggd.is\/hnodrabol\/wp-json\/wp\/v2\/comments?post=48"}],"version-history":[{"count":0,"href":"https:\/\/dev.borgarbyggd.is\/hnodrabol\/wp-json\/wp\/v2\/pages\/48\/revisions"}],"up":[{"embeddable":true,"href":"https:\/\/dev.borgarbyggd.is\/hnodrabol\/wp-json\/wp\/v2\/pages\/47"}],"wp:attachment":[{"href":"https:\/\/dev.borgarbyggd.is\/hnodrabol\/wp-json\/wp\/v2\/media?parent=48"}],"curies":[{"name":"wp","href":"https:\/\/api.w.org\/{rel}","templated":true}]}}