{"id":44,"date":"2023-08-16T14:04:25","date_gmt":"2023-08-16T14:04:25","guid":{"rendered":"https:\/\/dev.borgarbyggd.is\/hnodrabol\/?page_id=44"},"modified":"2026-04-09T11:43:11","modified_gmt":"2026-04-09T11:43:11","slug":"matur-og-naering","status":"publish","type":"page","link":"https:\/\/dev.borgarbyggd.is\/hnodrabol\/daglegt-starf\/matur-og-naering\/","title":{"rendered":"Matur og n\u00e6ring"},"content":{"rendered":"<p><span data-contrast=\"auto\">\u00c1 Hno\u00f0rab\u00f3li er l\u00f6g\u00f0 \u00e1hersla \u00e1 hollan og n\u00e6ringarr\u00edkan mat sem hentar \u00f6llum aldursh\u00f3pum. Maturinn er elda\u00f0ur \u00e1 sta\u00f0num \u00ed samreknu eldh\u00fasi Hno\u00f0rab\u00f3ls og Grunnsk\u00f3la Borgarfjar\u00f0ar. <\/span><span data-ccp-props=\"{&quot;201341983&quot;:0,&quot;335559739&quot;:160,&quot;335559740&quot;:259}\">\u00a0<\/span><\/p>\n<ul>\n<li><span data-contrast=\"auto\">Morgunmatur: Hafragrautur, AB mj\u00f3lk og m\u00fasl\u00ed.\u00a0<\/span><span data-ccp-props=\"{&quot;201341983&quot;:0,&quot;335559739&quot;:160,&quot;335559740&quot;:259}\">\u00a0<\/span><\/li>\n<li><span data-contrast=\"auto\">\u00c1vaxtastund: Tv\u00e6r tegundir af \u00e1v\u00f6xtum alla daga.\u00a0<\/span><span data-ccp-props=\"{&quot;201341983&quot;:0,&quot;335559739&quot;:160,&quot;335559740&quot;:259}\">\u00a0<\/span><\/li>\n<li><span data-contrast=\"auto\">H\u00e1degismatur: Hollur og g\u00f3\u00f0ur heimilismatur.<\/span><span data-ccp-props=\"{&quot;201341983&quot;:0,&quot;335559739&quot;:160,&quot;335559740&quot;:259}\">\u00a0<\/span><\/li>\n<li><span data-contrast=\"auto\">S\u00ed\u00f0degishressing: Heimabaka\u00f0 brau\u00f0 og \u00e1legg.\u00a0<\/span><span data-ccp-props=\"{&quot;201341983&quot;:0,&quot;335559739&quot;:160,&quot;335559740&quot;:259}\">\u00a0<\/span><\/li>\n<\/ul>\n<p><a href=\"https:\/\/dev.borgarbyggd.is\/hnodrabol\/wp-content\/uploads\/sites\/10\/2026\/04\/Matsedill-fyrir-april-2026.pdf\">Matse\u00f0ill fyrir apr\u00edl 2026<\/a><\/p>\n<p>&nbsp;<\/p>\n","protected":false},"excerpt":{"rendered":"<p>\u00c1 Hno\u00f0rab\u00f3li er l\u00f6g\u00f0 \u00e1hersla \u00e1 hollan og n\u00e6ringarr\u00edkan mat sem hentar \u00f6llum aldursh\u00f3pum. Maturinn er elda\u00f0ur \u00e1 sta\u00f0num \u00ed samreknu eldh\u00fasi Hno\u00f0rab\u00f3ls og Grunnsk\u00f3la Borgarfjar\u00f0ar. \u00a0 Morgunmatur: Hafragrautur, AB mj\u00f3lk og m\u00fasl\u00ed.\u00a0\u00a0 \u00c1vaxtastund: Tv\u00e6r tegundir af \u00e1v\u00f6xtum alla daga.\u00a0\u00a0 H\u00e1degismatur: Hollur og g\u00f3\u00f0ur heimilismatur.\u00a0 S\u00ed\u00f0degishressing: Heimabaka\u00f0 brau\u00f0 og \u00e1legg.\u00a0\u00a0 Matse\u00f0ill fyrir apr\u00edl 2026 &nbsp;<\/p>\n","protected":false},"author":4,"featured_media":0,"parent":30,"menu_order":0,"comment_status":"closed","ping_status":"closed","template":"","meta":{"_acf_changed":false,"footnotes":""},"class_list":["post-44","page","type-page","status-publish","hentry","no-post-thumbnail"],"acf":{"quickaccess":[{"takn":"search","title":"","url":"","description":"","skjol":false,"tegund":""}]},"yoast_head":"<!-- This site is optimized with the Yoast SEO plugin v24.0 - https:\/\/yoast.com\/wordpress\/plugins\/seo\/ -->\n<title>Matur og n\u00e6ring - Hno\u00f0rab\u00f3l<\/title>\n<meta name=\"robots\" content=\"noindex, follow, max-snippet:-1, max-image-preview:large, max-video-preview:-1\" \/>\n<meta property=\"og:locale\" content=\"is_IS\" \/>\n<meta property=\"og:type\" content=\"article\" \/>\n<meta property=\"og:title\" content=\"Matur og n\u00e6ring - Hno\u00f0rab\u00f3l\" \/>\n<meta property=\"og:description\" content=\"\u00c1 Hno\u00f0rab\u00f3li er l\u00f6g\u00f0 \u00e1hersla \u00e1 hollan og n\u00e6ringarr\u00edkan mat sem hentar \u00f6llum aldursh\u00f3pum. Maturinn er elda\u00f0ur \u00e1 sta\u00f0num \u00ed samreknu eldh\u00fasi Hno\u00f0rab\u00f3ls og Grunnsk\u00f3la Borgarfjar\u00f0ar. \u00a0 Morgunmatur: Hafragrautur, AB mj\u00f3lk og m\u00fasl\u00ed.\u00a0\u00a0 \u00c1vaxtastund: Tv\u00e6r tegundir af \u00e1v\u00f6xtum alla daga.\u00a0\u00a0 H\u00e1degismatur: Hollur og g\u00f3\u00f0ur heimilismatur.\u00a0 S\u00ed\u00f0degishressing: Heimabaka\u00f0 brau\u00f0 og \u00e1legg.\u00a0\u00a0 Matse\u00f0ill fyrir apr\u00edl 2026 &nbsp;\" \/>\n<meta property=\"og:url\" content=\"https:\/\/dev.borgarbyggd.is\/hnodrabol\/daglegt-starf\/matur-og-naering\/\" \/>\n<meta property=\"og:site_name\" content=\"Hno\u00f0rab\u00f3l\" \/>\n<meta property=\"article:modified_time\" content=\"2026-04-09T11:43:11+00:00\" \/>\n<meta name=\"twitter:card\" content=\"summary_large_image\" \/>\n<meta name=\"twitter:label1\" content=\"Est. reading time\" \/>\n\t<meta name=\"twitter:data1\" content=\"1 minute\" \/>\n<script type=\"application\/ld+json\" class=\"yoast-schema-graph\">{\"@context\":\"https:\/\/schema.org\",\"@graph\":[{\"@type\":\"WebPage\",\"@id\":\"https:\/\/dev.borgarbyggd.is\/hnodrabol\/daglegt-starf\/matur-og-naering\/\",\"url\":\"https:\/\/dev.borgarbyggd.is\/hnodrabol\/daglegt-starf\/matur-og-naering\/\",\"name\":\"Matur og n\u00e6ring - Hno\u00f0rab\u00f3l\",\"isPartOf\":{\"@id\":\"https:\/\/dev.borgarbyggd.is\/hnodrabol\/#website\"},\"datePublished\":\"2023-08-16T14:04:25+00:00\",\"dateModified\":\"2026-04-09T11:43:11+00:00\",\"breadcrumb\":{\"@id\":\"https:\/\/dev.borgarbyggd.is\/hnodrabol\/daglegt-starf\/matur-og-naering\/#breadcrumb\"},\"inLanguage\":\"is\",\"potentialAction\":[{\"@type\":\"ReadAction\",\"target\":[\"https:\/\/dev.borgarbyggd.is\/hnodrabol\/daglegt-starf\/matur-og-naering\/\"]}]},{\"@type\":\"BreadcrumbList\",\"@id\":\"https:\/\/dev.borgarbyggd.is\/hnodrabol\/daglegt-starf\/matur-og-naering\/#breadcrumb\",\"itemListElement\":[{\"@type\":\"ListItem\",\"position\":1,\"name\":\"Home\",\"item\":\"https:\/\/dev.borgarbyggd.is\/hnodrabol\/\"},{\"@type\":\"ListItem\",\"position\":2,\"name\":\"Daglegt starf\",\"item\":\"https:\/\/dev.borgarbyggd.is\/hnodrabol\/daglegt-starf\/\"},{\"@type\":\"ListItem\",\"position\":3,\"name\":\"Matur og n\u00e6ring\"}]},{\"@type\":\"WebSite\",\"@id\":\"https:\/\/dev.borgarbyggd.is\/hnodrabol\/#website\",\"url\":\"https:\/\/dev.borgarbyggd.is\/hnodrabol\/\",\"name\":\"Hno\u00f0rab\u00f3l\",\"description\":\"\",\"potentialAction\":[{\"@type\":\"SearchAction\",\"target\":{\"@type\":\"EntryPoint\",\"urlTemplate\":\"https:\/\/dev.borgarbyggd.is\/hnodrabol\/?s={search_term_string}\"},\"query-input\":{\"@type\":\"PropertyValueSpecification\",\"valueRequired\":true,\"valueName\":\"search_term_string\"}}],\"inLanguage\":\"is\"}]}<\/script>\n<!-- \/ Yoast SEO plugin. -->","yoast_head_json":{"title":"Matur og n\u00e6ring - Hno\u00f0rab\u00f3l","robots":{"index":"noindex","follow":"follow","max-snippet":"max-snippet:-1","max-image-preview":"max-image-preview:large","max-video-preview":"max-video-preview:-1"},"og_locale":"is_IS","og_type":"article","og_title":"Matur og n\u00e6ring - Hno\u00f0rab\u00f3l","og_description":"\u00c1 Hno\u00f0rab\u00f3li er l\u00f6g\u00f0 \u00e1hersla \u00e1 hollan og n\u00e6ringarr\u00edkan mat sem hentar \u00f6llum aldursh\u00f3pum. Maturinn er elda\u00f0ur \u00e1 sta\u00f0num \u00ed samreknu eldh\u00fasi Hno\u00f0rab\u00f3ls og Grunnsk\u00f3la Borgarfjar\u00f0ar. \u00a0 Morgunmatur: Hafragrautur, AB mj\u00f3lk og m\u00fasl\u00ed.\u00a0\u00a0 \u00c1vaxtastund: Tv\u00e6r tegundir af \u00e1v\u00f6xtum alla daga.\u00a0\u00a0 H\u00e1degismatur: Hollur og g\u00f3\u00f0ur heimilismatur.\u00a0 S\u00ed\u00f0degishressing: Heimabaka\u00f0 brau\u00f0 og \u00e1legg.\u00a0\u00a0 Matse\u00f0ill fyrir apr\u00edl 2026 &nbsp;","og_url":"https:\/\/dev.borgarbyggd.is\/hnodrabol\/daglegt-starf\/matur-og-naering\/","og_site_name":"Hno\u00f0rab\u00f3l","article_modified_time":"2026-04-09T11:43:11+00:00","twitter_card":"summary_large_image","twitter_misc":{"Est. reading time":"1 minute"},"schema":{"@context":"https:\/\/schema.org","@graph":[{"@type":"WebPage","@id":"https:\/\/dev.borgarbyggd.is\/hnodrabol\/daglegt-starf\/matur-og-naering\/","url":"https:\/\/dev.borgarbyggd.is\/hnodrabol\/daglegt-starf\/matur-og-naering\/","name":"Matur og n\u00e6ring - Hno\u00f0rab\u00f3l","isPartOf":{"@id":"https:\/\/dev.borgarbyggd.is\/hnodrabol\/#website"},"datePublished":"2023-08-16T14:04:25+00:00","dateModified":"2026-04-09T11:43:11+00:00","breadcrumb":{"@id":"https:\/\/dev.borgarbyggd.is\/hnodrabol\/daglegt-starf\/matur-og-naering\/#breadcrumb"},"inLanguage":"is","potentialAction":[{"@type":"ReadAction","target":["https:\/\/dev.borgarbyggd.is\/hnodrabol\/daglegt-starf\/matur-og-naering\/"]}]},{"@type":"BreadcrumbList","@id":"https:\/\/dev.borgarbyggd.is\/hnodrabol\/daglegt-starf\/matur-og-naering\/#breadcrumb","itemListElement":[{"@type":"ListItem","position":1,"name":"Home","item":"https:\/\/dev.borgarbyggd.is\/hnodrabol\/"},{"@type":"ListItem","position":2,"name":"Daglegt starf","item":"https:\/\/dev.borgarbyggd.is\/hnodrabol\/daglegt-starf\/"},{"@type":"ListItem","position":3,"name":"Matur og n\u00e6ring"}]},{"@type":"WebSite","@id":"https:\/\/dev.borgarbyggd.is\/hnodrabol\/#website","url":"https:\/\/dev.borgarbyggd.is\/hnodrabol\/","name":"Hno\u00f0rab\u00f3l","description":"","potentialAction":[{"@type":"SearchAction","target":{"@type":"EntryPoint","urlTemplate":"https:\/\/dev.borgarbyggd.is\/hnodrabol\/?s={search_term_string}"},"query-input":{"@type":"PropertyValueSpecification","valueRequired":true,"valueName":"search_term_string"}}],"inLanguage":"is"}]}},"_links":{"self":[{"href":"https:\/\/dev.borgarbyggd.is\/hnodrabol\/wp-json\/wp\/v2\/pages\/44","targetHints":{"allow":["GET"]}}],"collection":[{"href":"https:\/\/dev.borgarbyggd.is\/hnodrabol\/wp-json\/wp\/v2\/pages"}],"about":[{"href":"https:\/\/dev.borgarbyggd.is\/hnodrabol\/wp-json\/wp\/v2\/types\/page"}],"author":[{"embeddable":true,"href":"https:\/\/dev.borgarbyggd.is\/hnodrabol\/wp-json\/wp\/v2\/users\/4"}],"replies":[{"embeddable":true,"href":"https:\/\/dev.borgarbyggd.is\/hnodrabol\/wp-json\/wp\/v2\/comments?post=44"}],"version-history":[{"count":0,"href":"https:\/\/dev.borgarbyggd.is\/hnodrabol\/wp-json\/wp\/v2\/pages\/44\/revisions"}],"up":[{"embeddable":true,"href":"https:\/\/dev.borgarbyggd.is\/hnodrabol\/wp-json\/wp\/v2\/pages\/30"}],"wp:attachment":[{"href":"https:\/\/dev.borgarbyggd.is\/hnodrabol\/wp-json\/wp\/v2\/media?parent=44"}],"curies":[{"name":"wp","href":"https:\/\/api.w.org\/{rel}","templated":true}]}}