{"id":43,"date":"2023-08-16T14:03:24","date_gmt":"2023-08-16T14:03:24","guid":{"rendered":"https:\/\/dev.borgarbyggd.is\/hnodrabol\/?page_id=43"},"modified":"2024-10-07T10:34:10","modified_gmt":"2024-10-07T10:34:10","slug":"hvild","status":"publish","type":"page","link":"https:\/\/dev.borgarbyggd.is\/hnodrabol\/daglegt-starf\/hvild\/","title":{"rendered":"Hv\u00edld"},"content":{"rendered":"<p><span class=\"TextRun SCXW28546924 BCX9\" lang=\"IS-IS\" xml:lang=\"IS-IS\" data-contrast=\"none\"><span class=\"NormalTextRun SCXW28546924 BCX9\" data-ccp-parastyle=\"Normal (Web)\">Eftir h\u00e1degismatinn fara \u00f6ll b\u00f6rnin \u00e1 <\/span><span class=\"NormalTextRun SpellingErrorV2Themed SCXW28546924 BCX9\" data-ccp-parastyle=\"Normal (Web)\">Hno\u00f0rab\u00f3li<\/span><span class=\"NormalTextRun SCXW28546924 BCX9\" data-ccp-parastyle=\"Normal (Web)\"> \u00ed hv\u00edld. \u00cd hv\u00edld <\/span><span class=\"NormalTextRun SCXW28546924 BCX9\" data-ccp-parastyle=\"Normal (Web)\">er l\u00f6g\u00f0 \u00e1hersla \u00e1 a\u00f0 allir geti hv\u00edlt sig vel. <\/span><\/span><\/p>\n<p><span class=\"TextRun SCXW28546924 BCX9\" lang=\"IS-IS\" xml:lang=\"IS-IS\" data-contrast=\"none\"><span class=\"NormalTextRun SCXW28546924 BCX9\" data-ccp-parastyle=\"Normal (Web)\">Yngstu b\u00f6rnin sofna en fyrir \u00feau eldri eru lesnar s\u00f6gur e\u00f0a \u00feeim leyft a\u00f0 hlusta \u00e1 s\u00f6gur\/t\u00f3nlist. <\/span><\/span><\/p>\n<p><span class=\"TextRun SCXW28546924 BCX9\" lang=\"IS-IS\" xml:lang=\"IS-IS\" data-contrast=\"none\"><span class=\"NormalTextRun SCXW28546924 BCX9\" data-ccp-parastyle=\"Normal (Web)\">Allir hafa afmarka\u00f0 pl\u00e1ss, teppi og kodda.<\/span><\/span><span class=\"EOP SCXW28546924 BCX9\" data-ccp-props=\"{&quot;134233117&quot;:false,&quot;134233118&quot;:false,&quot;201341983&quot;:0,&quot;335559738&quot;:0,&quot;335559739&quot;:150,&quot;335559740&quot;:240}\">\u00a0<\/span><\/p>\n<p>&nbsp;<\/p>\n<p>Vi\u00f0 hlustum mest \u00e1 r\u00f3lega t\u00f3nlist me\u00f0 yngri b\u00f6rnunum en \u00feau elstu hlusta \u00e1 s\u00f6gur.<\/p>\n<p>H\u00e9r er listi yfir hugmyndir af s\u00f6gum sem vi\u00f0 hlustum \u00e1 me\u00f0 \u00feeim \u00ed hv\u00edldinni: <a href=\"https:\/\/dev.borgarbyggd.is\/hnodrabol\/wp-content\/uploads\/sites\/10\/2024\/10\/Sogur-fyri-hvild-a-Gulu-24.pdf\">S\u00f6gur fyri hv\u00edld \u00e1 Gulu 24<\/a><\/p>\n","protected":false},"excerpt":{"rendered":"<p>Eftir h\u00e1degismatinn fara \u00f6ll b\u00f6rnin \u00e1 Hno\u00f0rab\u00f3li \u00ed hv\u00edld. \u00cd hv\u00edld er l\u00f6g\u00f0 \u00e1hersla \u00e1 a\u00f0 allir geti hv\u00edlt sig vel. Yngstu b\u00f6rnin sofna en fyrir \u00feau eldri eru lesnar s\u00f6gur e\u00f0a \u00feeim leyft a\u00f0 hlusta \u00e1 s\u00f6gur\/t\u00f3nlist. Allir hafa afmarka\u00f0 pl\u00e1ss, teppi og kodda.\u00a0 &nbsp; Vi\u00f0 hlustum mest \u00e1 r\u00f3lega t\u00f3nlist me\u00f0 yngri b\u00f6rnunum en \u00feau elstu hlusta \u00e1 &#8230; <\/p>\n<div><a href=\"https:\/\/dev.borgarbyggd.is\/hnodrabol\/daglegt-starf\/hvild\/\" class=\"more-link\">Read More<\/a><\/div>\n","protected":false},"author":4,"featured_media":0,"parent":30,"menu_order":0,"comment_status":"closed","ping_status":"closed","template":"","meta":{"_acf_changed":false,"footnotes":""},"class_list":["post-43","page","type-page","status-publish","hentry","no-post-thumbnail"],"acf":{"quickaccess":false},"yoast_head":"<!-- This site is optimized with the Yoast SEO plugin v24.0 - https:\/\/yoast.com\/wordpress\/plugins\/seo\/ -->\n<title>Hv\u00edld - Hno\u00f0rab\u00f3l<\/title>\n<meta name=\"robots\" content=\"noindex, follow, max-snippet:-1, max-image-preview:large, max-video-preview:-1\" \/>\n<meta property=\"og:locale\" content=\"is_IS\" \/>\n<meta property=\"og:type\" content=\"article\" \/>\n<meta property=\"og:title\" content=\"Hv\u00edld - Hno\u00f0rab\u00f3l\" \/>\n<meta property=\"og:description\" content=\"Eftir h\u00e1degismatinn fara \u00f6ll b\u00f6rnin \u00e1 Hno\u00f0rab\u00f3li \u00ed hv\u00edld. \u00cd hv\u00edld er l\u00f6g\u00f0 \u00e1hersla \u00e1 a\u00f0 allir geti hv\u00edlt sig vel. Yngstu b\u00f6rnin sofna en fyrir \u00feau eldri eru lesnar s\u00f6gur e\u00f0a \u00feeim leyft a\u00f0 hlusta \u00e1 s\u00f6gur\/t\u00f3nlist. Allir hafa afmarka\u00f0 pl\u00e1ss, teppi og kodda.\u00a0 &nbsp; Vi\u00f0 hlustum mest \u00e1 r\u00f3lega t\u00f3nlist me\u00f0 yngri b\u00f6rnunum en \u00feau elstu hlusta \u00e1 ... Read More\" \/>\n<meta property=\"og:url\" content=\"https:\/\/dev.borgarbyggd.is\/hnodrabol\/daglegt-starf\/hvild\/\" \/>\n<meta property=\"og:site_name\" content=\"Hno\u00f0rab\u00f3l\" \/>\n<meta property=\"article:modified_time\" content=\"2024-10-07T10:34:10+00:00\" \/>\n<meta name=\"twitter:card\" content=\"summary_large_image\" \/>\n<meta name=\"twitter:label1\" content=\"Est. reading time\" \/>\n\t<meta name=\"twitter:data1\" content=\"1 minute\" \/>\n<script type=\"application\/ld+json\" class=\"yoast-schema-graph\">{\"@context\":\"https:\/\/schema.org\",\"@graph\":[{\"@type\":\"WebPage\",\"@id\":\"https:\/\/dev.borgarbyggd.is\/hnodrabol\/daglegt-starf\/hvild\/\",\"url\":\"https:\/\/dev.borgarbyggd.is\/hnodrabol\/daglegt-starf\/hvild\/\",\"name\":\"Hv\u00edld - Hno\u00f0rab\u00f3l\",\"isPartOf\":{\"@id\":\"https:\/\/dev.borgarbyggd.is\/hnodrabol\/#website\"},\"datePublished\":\"2023-08-16T14:03:24+00:00\",\"dateModified\":\"2024-10-07T10:34:10+00:00\",\"breadcrumb\":{\"@id\":\"https:\/\/dev.borgarbyggd.is\/hnodrabol\/daglegt-starf\/hvild\/#breadcrumb\"},\"inLanguage\":\"is\",\"potentialAction\":[{\"@type\":\"ReadAction\",\"target\":[\"https:\/\/dev.borgarbyggd.is\/hnodrabol\/daglegt-starf\/hvild\/\"]}]},{\"@type\":\"BreadcrumbList\",\"@id\":\"https:\/\/dev.borgarbyggd.is\/hnodrabol\/daglegt-starf\/hvild\/#breadcrumb\",\"itemListElement\":[{\"@type\":\"ListItem\",\"position\":1,\"name\":\"Home\",\"item\":\"https:\/\/dev.borgarbyggd.is\/hnodrabol\/\"},{\"@type\":\"ListItem\",\"position\":2,\"name\":\"Daglegt starf\",\"item\":\"https:\/\/dev.borgarbyggd.is\/hnodrabol\/daglegt-starf\/\"},{\"@type\":\"ListItem\",\"position\":3,\"name\":\"Hv\u00edld\"}]},{\"@type\":\"WebSite\",\"@id\":\"https:\/\/dev.borgarbyggd.is\/hnodrabol\/#website\",\"url\":\"https:\/\/dev.borgarbyggd.is\/hnodrabol\/\",\"name\":\"Hno\u00f0rab\u00f3l\",\"description\":\"\",\"potentialAction\":[{\"@type\":\"SearchAction\",\"target\":{\"@type\":\"EntryPoint\",\"urlTemplate\":\"https:\/\/dev.borgarbyggd.is\/hnodrabol\/?s={search_term_string}\"},\"query-input\":{\"@type\":\"PropertyValueSpecification\",\"valueRequired\":true,\"valueName\":\"search_term_string\"}}],\"inLanguage\":\"is\"}]}<\/script>\n<!-- \/ Yoast SEO plugin. -->","yoast_head_json":{"title":"Hv\u00edld - Hno\u00f0rab\u00f3l","robots":{"index":"noindex","follow":"follow","max-snippet":"max-snippet:-1","max-image-preview":"max-image-preview:large","max-video-preview":"max-video-preview:-1"},"og_locale":"is_IS","og_type":"article","og_title":"Hv\u00edld - Hno\u00f0rab\u00f3l","og_description":"Eftir h\u00e1degismatinn fara \u00f6ll b\u00f6rnin \u00e1 Hno\u00f0rab\u00f3li \u00ed hv\u00edld. \u00cd hv\u00edld er l\u00f6g\u00f0 \u00e1hersla \u00e1 a\u00f0 allir geti hv\u00edlt sig vel. Yngstu b\u00f6rnin sofna en fyrir \u00feau eldri eru lesnar s\u00f6gur e\u00f0a \u00feeim leyft a\u00f0 hlusta \u00e1 s\u00f6gur\/t\u00f3nlist. Allir hafa afmarka\u00f0 pl\u00e1ss, teppi og kodda.\u00a0 &nbsp; Vi\u00f0 hlustum mest \u00e1 r\u00f3lega t\u00f3nlist me\u00f0 yngri b\u00f6rnunum en \u00feau elstu hlusta \u00e1 ... Read More","og_url":"https:\/\/dev.borgarbyggd.is\/hnodrabol\/daglegt-starf\/hvild\/","og_site_name":"Hno\u00f0rab\u00f3l","article_modified_time":"2024-10-07T10:34:10+00:00","twitter_card":"summary_large_image","twitter_misc":{"Est. reading time":"1 minute"},"schema":{"@context":"https:\/\/schema.org","@graph":[{"@type":"WebPage","@id":"https:\/\/dev.borgarbyggd.is\/hnodrabol\/daglegt-starf\/hvild\/","url":"https:\/\/dev.borgarbyggd.is\/hnodrabol\/daglegt-starf\/hvild\/","name":"Hv\u00edld - Hno\u00f0rab\u00f3l","isPartOf":{"@id":"https:\/\/dev.borgarbyggd.is\/hnodrabol\/#website"},"datePublished":"2023-08-16T14:03:24+00:00","dateModified":"2024-10-07T10:34:10+00:00","breadcrumb":{"@id":"https:\/\/dev.borgarbyggd.is\/hnodrabol\/daglegt-starf\/hvild\/#breadcrumb"},"inLanguage":"is","potentialAction":[{"@type":"ReadAction","target":["https:\/\/dev.borgarbyggd.is\/hnodrabol\/daglegt-starf\/hvild\/"]}]},{"@type":"BreadcrumbList","@id":"https:\/\/dev.borgarbyggd.is\/hnodrabol\/daglegt-starf\/hvild\/#breadcrumb","itemListElement":[{"@type":"ListItem","position":1,"name":"Home","item":"https:\/\/dev.borgarbyggd.is\/hnodrabol\/"},{"@type":"ListItem","position":2,"name":"Daglegt starf","item":"https:\/\/dev.borgarbyggd.is\/hnodrabol\/daglegt-starf\/"},{"@type":"ListItem","position":3,"name":"Hv\u00edld"}]},{"@type":"WebSite","@id":"https:\/\/dev.borgarbyggd.is\/hnodrabol\/#website","url":"https:\/\/dev.borgarbyggd.is\/hnodrabol\/","name":"Hno\u00f0rab\u00f3l","description":"","potentialAction":[{"@type":"SearchAction","target":{"@type":"EntryPoint","urlTemplate":"https:\/\/dev.borgarbyggd.is\/hnodrabol\/?s={search_term_string}"},"query-input":{"@type":"PropertyValueSpecification","valueRequired":true,"valueName":"search_term_string"}}],"inLanguage":"is"}]}},"_links":{"self":[{"href":"https:\/\/dev.borgarbyggd.is\/hnodrabol\/wp-json\/wp\/v2\/pages\/43","targetHints":{"allow":["GET"]}}],"collection":[{"href":"https:\/\/dev.borgarbyggd.is\/hnodrabol\/wp-json\/wp\/v2\/pages"}],"about":[{"href":"https:\/\/dev.borgarbyggd.is\/hnodrabol\/wp-json\/wp\/v2\/types\/page"}],"author":[{"embeddable":true,"href":"https:\/\/dev.borgarbyggd.is\/hnodrabol\/wp-json\/wp\/v2\/users\/4"}],"replies":[{"embeddable":true,"href":"https:\/\/dev.borgarbyggd.is\/hnodrabol\/wp-json\/wp\/v2\/comments?post=43"}],"version-history":[{"count":0,"href":"https:\/\/dev.borgarbyggd.is\/hnodrabol\/wp-json\/wp\/v2\/pages\/43\/revisions"}],"up":[{"embeddable":true,"href":"https:\/\/dev.borgarbyggd.is\/hnodrabol\/wp-json\/wp\/v2\/pages\/30"}],"wp:attachment":[{"href":"https:\/\/dev.borgarbyggd.is\/hnodrabol\/wp-json\/wp\/v2\/media?parent=43"}],"curies":[{"name":"wp","href":"https:\/\/api.w.org\/{rel}","templated":true}]}}