{"id":41,"date":"2023-08-16T14:01:33","date_gmt":"2023-08-16T14:01:33","guid":{"rendered":"https:\/\/dev.borgarbyggd.is\/hnodrabol\/?page_id=41"},"modified":"2025-10-01T10:38:32","modified_gmt":"2025-10-01T10:38:32","slug":"songur-og-tonlist","status":"publish","type":"page","link":"https:\/\/dev.borgarbyggd.is\/hnodrabol\/daglegt-starf\/songur-og-tonlist\/","title":{"rendered":"S\u00f6ngur og t\u00f3nlist"},"content":{"rendered":"<p>L\u00f6gin sem vi\u00f0 erum a\u00f0 syngja n\u00fana:<\/p>\n<ul>\n<li><a href=\"https:\/\/dev.borgarbyggd.is\/hnodrabol\/wp-content\/uploads\/sites\/10\/2024\/10\/haust24-Gula.pdf\">Gula deild &#8211; s\u00f6ngtextar<\/a>\n<ul>\n<li>Lagalisti yfir \u00feau l\u00f6g sem vi\u00f0 syngjum \u00e1 Gulu deild hausti\u00f0 2024<\/li>\n<\/ul>\n<\/li>\n<li><a href=\"https:\/\/dev.borgarbyggd.is\/hnodrabol\/wp-content\/uploads\/sites\/10\/2023\/08\/Rauda-deild-songtextar.pdf\">Rau\u00f0a deild &#8211; s\u00f6ngtextar <\/a>\n<ul>\n<li>H\u00e9r m\u00e1 n\u00e1lgast s\u00f6ngtexta fyrir Rau\u00f0u deild<\/li>\n<\/ul>\n<\/li>\n<\/ul>\n","protected":false},"excerpt":{"rendered":"<p>L\u00f6gin sem vi\u00f0 erum a\u00f0 syngja n\u00fana: Gula deild &#8211; s\u00f6ngtextar Lagalisti yfir \u00feau l\u00f6g sem vi\u00f0 syngjum \u00e1 Gulu deild hausti\u00f0 2024 Rau\u00f0a deild &#8211; s\u00f6ngtextar H\u00e9r m\u00e1 n\u00e1lgast s\u00f6ngtexta fyrir Rau\u00f0u deild<\/p>\n","protected":false},"author":4,"featured_media":0,"parent":30,"menu_order":0,"comment_status":"closed","ping_status":"closed","template":"","meta":{"_acf_changed":false,"footnotes":""},"class_list":["post-41","page","type-page","status-publish","hentry","no-post-thumbnail"],"acf":{"quickaccess":false},"yoast_head":"<!-- This site is optimized with the Yoast SEO plugin v24.0 - https:\/\/yoast.com\/wordpress\/plugins\/seo\/ -->\n<title>S\u00f6ngur og t\u00f3nlist - Hno\u00f0rab\u00f3l<\/title>\n<meta name=\"robots\" content=\"noindex, follow, max-snippet:-1, max-image-preview:large, max-video-preview:-1\" \/>\n<meta property=\"og:locale\" content=\"is_IS\" \/>\n<meta property=\"og:type\" content=\"article\" \/>\n<meta property=\"og:title\" content=\"S\u00f6ngur og t\u00f3nlist - Hno\u00f0rab\u00f3l\" \/>\n<meta property=\"og:description\" content=\"L\u00f6gin sem vi\u00f0 erum a\u00f0 syngja n\u00fana: Gula deild &#8211; s\u00f6ngtextar Lagalisti yfir \u00feau l\u00f6g sem vi\u00f0 syngjum \u00e1 Gulu deild hausti\u00f0 2024 Rau\u00f0a deild &#8211; s\u00f6ngtextar H\u00e9r m\u00e1 n\u00e1lgast s\u00f6ngtexta fyrir Rau\u00f0u deild\" \/>\n<meta property=\"og:url\" content=\"https:\/\/dev.borgarbyggd.is\/hnodrabol\/daglegt-starf\/songur-og-tonlist\/\" \/>\n<meta property=\"og:site_name\" content=\"Hno\u00f0rab\u00f3l\" \/>\n<meta property=\"article:modified_time\" content=\"2025-10-01T10:38:32+00:00\" \/>\n<meta name=\"twitter:card\" content=\"summary_large_image\" \/>\n<meta name=\"twitter:label1\" content=\"Est. reading time\" \/>\n\t<meta name=\"twitter:data1\" content=\"1 minute\" \/>\n<script type=\"application\/ld+json\" class=\"yoast-schema-graph\">{\"@context\":\"https:\/\/schema.org\",\"@graph\":[{\"@type\":\"WebPage\",\"@id\":\"https:\/\/dev.borgarbyggd.is\/hnodrabol\/daglegt-starf\/songur-og-tonlist\/\",\"url\":\"https:\/\/dev.borgarbyggd.is\/hnodrabol\/daglegt-starf\/songur-og-tonlist\/\",\"name\":\"S\u00f6ngur og t\u00f3nlist - Hno\u00f0rab\u00f3l\",\"isPartOf\":{\"@id\":\"https:\/\/dev.borgarbyggd.is\/hnodrabol\/#website\"},\"datePublished\":\"2023-08-16T14:01:33+00:00\",\"dateModified\":\"2025-10-01T10:38:32+00:00\",\"breadcrumb\":{\"@id\":\"https:\/\/dev.borgarbyggd.is\/hnodrabol\/daglegt-starf\/songur-og-tonlist\/#breadcrumb\"},\"inLanguage\":\"is\",\"potentialAction\":[{\"@type\":\"ReadAction\",\"target\":[\"https:\/\/dev.borgarbyggd.is\/hnodrabol\/daglegt-starf\/songur-og-tonlist\/\"]}]},{\"@type\":\"BreadcrumbList\",\"@id\":\"https:\/\/dev.borgarbyggd.is\/hnodrabol\/daglegt-starf\/songur-og-tonlist\/#breadcrumb\",\"itemListElement\":[{\"@type\":\"ListItem\",\"position\":1,\"name\":\"Home\",\"item\":\"https:\/\/dev.borgarbyggd.is\/hnodrabol\/\"},{\"@type\":\"ListItem\",\"position\":2,\"name\":\"Daglegt starf\",\"item\":\"https:\/\/dev.borgarbyggd.is\/hnodrabol\/daglegt-starf\/\"},{\"@type\":\"ListItem\",\"position\":3,\"name\":\"S\u00f6ngur og t\u00f3nlist\"}]},{\"@type\":\"WebSite\",\"@id\":\"https:\/\/dev.borgarbyggd.is\/hnodrabol\/#website\",\"url\":\"https:\/\/dev.borgarbyggd.is\/hnodrabol\/\",\"name\":\"Hno\u00f0rab\u00f3l\",\"description\":\"\",\"potentialAction\":[{\"@type\":\"SearchAction\",\"target\":{\"@type\":\"EntryPoint\",\"urlTemplate\":\"https:\/\/dev.borgarbyggd.is\/hnodrabol\/?s={search_term_string}\"},\"query-input\":{\"@type\":\"PropertyValueSpecification\",\"valueRequired\":true,\"valueName\":\"search_term_string\"}}],\"inLanguage\":\"is\"}]}<\/script>\n<!-- \/ Yoast SEO plugin. -->","yoast_head_json":{"title":"S\u00f6ngur og t\u00f3nlist - Hno\u00f0rab\u00f3l","robots":{"index":"noindex","follow":"follow","max-snippet":"max-snippet:-1","max-image-preview":"max-image-preview:large","max-video-preview":"max-video-preview:-1"},"og_locale":"is_IS","og_type":"article","og_title":"S\u00f6ngur og t\u00f3nlist - Hno\u00f0rab\u00f3l","og_description":"L\u00f6gin sem vi\u00f0 erum a\u00f0 syngja n\u00fana: Gula deild &#8211; s\u00f6ngtextar Lagalisti yfir \u00feau l\u00f6g sem vi\u00f0 syngjum \u00e1 Gulu deild hausti\u00f0 2024 Rau\u00f0a deild &#8211; s\u00f6ngtextar H\u00e9r m\u00e1 n\u00e1lgast s\u00f6ngtexta fyrir Rau\u00f0u deild","og_url":"https:\/\/dev.borgarbyggd.is\/hnodrabol\/daglegt-starf\/songur-og-tonlist\/","og_site_name":"Hno\u00f0rab\u00f3l","article_modified_time":"2025-10-01T10:38:32+00:00","twitter_card":"summary_large_image","twitter_misc":{"Est. reading time":"1 minute"},"schema":{"@context":"https:\/\/schema.org","@graph":[{"@type":"WebPage","@id":"https:\/\/dev.borgarbyggd.is\/hnodrabol\/daglegt-starf\/songur-og-tonlist\/","url":"https:\/\/dev.borgarbyggd.is\/hnodrabol\/daglegt-starf\/songur-og-tonlist\/","name":"S\u00f6ngur og t\u00f3nlist - Hno\u00f0rab\u00f3l","isPartOf":{"@id":"https:\/\/dev.borgarbyggd.is\/hnodrabol\/#website"},"datePublished":"2023-08-16T14:01:33+00:00","dateModified":"2025-10-01T10:38:32+00:00","breadcrumb":{"@id":"https:\/\/dev.borgarbyggd.is\/hnodrabol\/daglegt-starf\/songur-og-tonlist\/#breadcrumb"},"inLanguage":"is","potentialAction":[{"@type":"ReadAction","target":["https:\/\/dev.borgarbyggd.is\/hnodrabol\/daglegt-starf\/songur-og-tonlist\/"]}]},{"@type":"BreadcrumbList","@id":"https:\/\/dev.borgarbyggd.is\/hnodrabol\/daglegt-starf\/songur-og-tonlist\/#breadcrumb","itemListElement":[{"@type":"ListItem","position":1,"name":"Home","item":"https:\/\/dev.borgarbyggd.is\/hnodrabol\/"},{"@type":"ListItem","position":2,"name":"Daglegt starf","item":"https:\/\/dev.borgarbyggd.is\/hnodrabol\/daglegt-starf\/"},{"@type":"ListItem","position":3,"name":"S\u00f6ngur og t\u00f3nlist"}]},{"@type":"WebSite","@id":"https:\/\/dev.borgarbyggd.is\/hnodrabol\/#website","url":"https:\/\/dev.borgarbyggd.is\/hnodrabol\/","name":"Hno\u00f0rab\u00f3l","description":"","potentialAction":[{"@type":"SearchAction","target":{"@type":"EntryPoint","urlTemplate":"https:\/\/dev.borgarbyggd.is\/hnodrabol\/?s={search_term_string}"},"query-input":{"@type":"PropertyValueSpecification","valueRequired":true,"valueName":"search_term_string"}}],"inLanguage":"is"}]}},"_links":{"self":[{"href":"https:\/\/dev.borgarbyggd.is\/hnodrabol\/wp-json\/wp\/v2\/pages\/41","targetHints":{"allow":["GET"]}}],"collection":[{"href":"https:\/\/dev.borgarbyggd.is\/hnodrabol\/wp-json\/wp\/v2\/pages"}],"about":[{"href":"https:\/\/dev.borgarbyggd.is\/hnodrabol\/wp-json\/wp\/v2\/types\/page"}],"author":[{"embeddable":true,"href":"https:\/\/dev.borgarbyggd.is\/hnodrabol\/wp-json\/wp\/v2\/users\/4"}],"replies":[{"embeddable":true,"href":"https:\/\/dev.borgarbyggd.is\/hnodrabol\/wp-json\/wp\/v2\/comments?post=41"}],"version-history":[{"count":0,"href":"https:\/\/dev.borgarbyggd.is\/hnodrabol\/wp-json\/wp\/v2\/pages\/41\/revisions"}],"up":[{"embeddable":true,"href":"https:\/\/dev.borgarbyggd.is\/hnodrabol\/wp-json\/wp\/v2\/pages\/30"}],"wp:attachment":[{"href":"https:\/\/dev.borgarbyggd.is\/hnodrabol\/wp-json\/wp\/v2\/media?parent=41"}],"curies":[{"name":"wp","href":"https:\/\/api.w.org\/{rel}","templated":true}]}}