{"id":969,"date":"2024-01-23T12:45:58","date_gmt":"2024-01-23T12:45:58","guid":{"rendered":"https:\/\/dev.borgarbyggd.is\/grunnborg\/?page_id=969"},"modified":"2025-12-11T14:10:35","modified_gmt":"2025-12-11T14:10:35","slug":"stjorn","status":"publish","type":"page","link":"https:\/\/dev.borgarbyggd.is\/grunnborg\/nemendur-og-foreldrar\/stjorn\/","title":{"rendered":"Stj\u00f3rn foreldraf\u00e9lags"},"content":{"rendered":"<p><b><span data-contrast=\"auto\">Stj\u00f3rn foreldraf\u00e9lagsins sk\u00f3la\u00e1ri\u00f0 2025 \u2013 2026 er skipu\u00f0 eftirfarandi:<\/span><\/b><span data-ccp-props=\"{&quot;134233117&quot;:true,&quot;134233118&quot;:true,&quot;201341983&quot;:0,&quot;335559739&quot;:160,&quot;335559740&quot;:240}\">\u00a0<\/span><\/p>\n<p><span data-contrast=\"auto\">Forma\u00f0ur: Krist\u00edn Magdalena \u00c1g\u00fastsd\u00f3ttir\u00a0<\/span><\/p>\n<p><span data-contrast=\"auto\">Gjaldkeri: Gr\u00f3a L\u00edsa \u00d3marsd\u00f3ttir<\/span><\/p>\n<p><span data-contrast=\"auto\">Ritari: Svala J\u00f3nsd\u00f3ttir<\/span><\/p>\n<p>Fyrir h\u00f6nd kennara \u00ed stj\u00f3rninni: Krist\u00edn Erla Einarsd\u00f3ttir<\/p>\n<p>&nbsp;<\/p>\n<p><span data-contrast=\"auto\">Me\u00f0stj\u00f3rnendur:<\/span><span data-ccp-props=\"{&quot;134233117&quot;:true,&quot;134233118&quot;:true,&quot;201341983&quot;:0,&quot;335559739&quot;:160,&quot;335559740&quot;:240}\">\u00a0<\/span><\/p>\n<p><span data-ccp-props=\"{&quot;134233117&quot;:true,&quot;134233118&quot;:true,&quot;201341983&quot;:0,&quot;335559739&quot;:160,&quot;335559740&quot;:240}\">\u00a0Stef\u00e1n Dal<\/span><\/p>\n<p><span data-contrast=\"auto\">Foreldrar eru hvattir til a\u00f0 hafa samband ef eitthva\u00f0 er. H\u00e6gt a\u00f0 senda t\u00f6lvup\u00f3st \u00e1 netfangi\u00f0 kristinmagdalena72@gmail.com\u00a0<\/span><\/p>\n","protected":false},"excerpt":{"rendered":"<p>Stj\u00f3rn foreldraf\u00e9lagsins sk\u00f3la\u00e1ri\u00f0 2025 \u2013 2026 er skipu\u00f0 eftirfarandi:\u00a0 Forma\u00f0ur: Krist\u00edn Magdalena \u00c1g\u00fastsd\u00f3ttir\u00a0 Gjaldkeri: Gr\u00f3a L\u00edsa \u00d3marsd\u00f3ttir Ritari: Svala J\u00f3nsd\u00f3ttir Fyrir h\u00f6nd kennara \u00ed stj\u00f3rninni: Krist\u00edn Erla Einarsd\u00f3ttir &nbsp; Me\u00f0stj\u00f3rnendur:\u00a0 \u00a0Stef\u00e1n Dal Foreldrar eru hvattir til a\u00f0 hafa samband ef eitthva\u00f0 er. H\u00e6gt a\u00f0 senda t\u00f6lvup\u00f3st \u00e1 netfangi\u00f0 kristinmagdalena72@gmail.com\u00a0<\/p>\n","protected":false},"author":27,"featured_media":0,"parent":51,"menu_order":0,"comment_status":"closed","ping_status":"closed","template":"","meta":{"_acf_changed":false,"footnotes":""},"class_list":["post-969","page","type-page","status-publish","hentry","no-post-thumbnail"],"acf":{"quickaccess":false},"yoast_head":"<!-- This site is optimized with the Yoast SEO plugin v24.0 - https:\/\/yoast.com\/wordpress\/plugins\/seo\/ -->\n<title>Stj\u00f3rn foreldraf\u00e9lags - Grunnsk\u00f3linn \u00ed Borgarnesi<\/title>\n<meta name=\"robots\" content=\"index, follow, max-snippet:-1, max-image-preview:large, max-video-preview:-1\" \/>\n<link rel=\"canonical\" href=\"https:\/\/dev.borgarbyggd.is\/grunnborg\/nemendur-og-foreldrar\/stjorn\/\" \/>\n<meta property=\"og:locale\" content=\"en_US\" \/>\n<meta property=\"og:type\" content=\"article\" \/>\n<meta property=\"og:title\" content=\"Stj\u00f3rn foreldraf\u00e9lags - Grunnsk\u00f3linn \u00ed Borgarnesi\" \/>\n<meta property=\"og:description\" content=\"Stj\u00f3rn foreldraf\u00e9lagsins sk\u00f3la\u00e1ri\u00f0 2025 \u2013 2026 er skipu\u00f0 eftirfarandi:\u00a0 Forma\u00f0ur: Krist\u00edn Magdalena \u00c1g\u00fastsd\u00f3ttir\u00a0 Gjaldkeri: Gr\u00f3a L\u00edsa \u00d3marsd\u00f3ttir Ritari: Svala J\u00f3nsd\u00f3ttir Fyrir h\u00f6nd kennara \u00ed stj\u00f3rninni: Krist\u00edn Erla Einarsd\u00f3ttir &nbsp; Me\u00f0stj\u00f3rnendur:\u00a0 \u00a0Stef\u00e1n Dal Foreldrar eru hvattir til a\u00f0 hafa samband ef eitthva\u00f0 er. H\u00e6gt a\u00f0 senda t\u00f6lvup\u00f3st \u00e1 netfangi\u00f0 kristinmagdalena72@gmail.com\u00a0\" \/>\n<meta property=\"og:url\" content=\"https:\/\/dev.borgarbyggd.is\/grunnborg\/nemendur-og-foreldrar\/stjorn\/\" \/>\n<meta property=\"og:site_name\" content=\"Grunnsk\u00f3linn \u00ed Borgarnesi\" \/>\n<meta property=\"article:modified_time\" content=\"2025-12-11T14:10:35+00:00\" \/>\n<meta name=\"twitter:card\" content=\"summary_large_image\" \/>\n<meta name=\"twitter:label1\" content=\"Est. reading time\" \/>\n\t<meta name=\"twitter:data1\" content=\"1 minute\" \/>\n<script type=\"application\/ld+json\" class=\"yoast-schema-graph\">{\"@context\":\"https:\/\/schema.org\",\"@graph\":[{\"@type\":\"WebPage\",\"@id\":\"https:\/\/dev.borgarbyggd.is\/grunnborg\/nemendur-og-foreldrar\/stjorn\/\",\"url\":\"https:\/\/dev.borgarbyggd.is\/grunnborg\/nemendur-og-foreldrar\/stjorn\/\",\"name\":\"Stj\u00f3rn foreldraf\u00e9lags - Grunnsk\u00f3linn \u00ed Borgarnesi\",\"isPartOf\":{\"@id\":\"https:\/\/dev.borgarbyggd.is\/grunnborg\/#website\"},\"datePublished\":\"2024-01-23T12:45:58+00:00\",\"dateModified\":\"2025-12-11T14:10:35+00:00\",\"breadcrumb\":{\"@id\":\"https:\/\/dev.borgarbyggd.is\/grunnborg\/nemendur-og-foreldrar\/stjorn\/#breadcrumb\"},\"inLanguage\":\"en-US\",\"potentialAction\":[{\"@type\":\"ReadAction\",\"target\":[\"https:\/\/dev.borgarbyggd.is\/grunnborg\/nemendur-og-foreldrar\/stjorn\/\"]}]},{\"@type\":\"BreadcrumbList\",\"@id\":\"https:\/\/dev.borgarbyggd.is\/grunnborg\/nemendur-og-foreldrar\/stjorn\/#breadcrumb\",\"itemListElement\":[{\"@type\":\"ListItem\",\"position\":1,\"name\":\"Home\",\"item\":\"https:\/\/dev.borgarbyggd.is\/grunnborg\/\"},{\"@type\":\"ListItem\",\"position\":2,\"name\":\"Nemendur og foreldrar\",\"item\":\"https:\/\/dev.borgarbyggd.is\/grunnborg\/nemendur-og-foreldrar\/\"},{\"@type\":\"ListItem\",\"position\":3,\"name\":\"Stj\u00f3rn foreldraf\u00e9lags\"}]},{\"@type\":\"WebSite\",\"@id\":\"https:\/\/dev.borgarbyggd.is\/grunnborg\/#website\",\"url\":\"https:\/\/dev.borgarbyggd.is\/grunnborg\/\",\"name\":\"Grunnsk\u00f3linn \u00ed Borgarnesi\",\"description\":\"\",\"potentialAction\":[{\"@type\":\"SearchAction\",\"target\":{\"@type\":\"EntryPoint\",\"urlTemplate\":\"https:\/\/dev.borgarbyggd.is\/grunnborg\/?s={search_term_string}\"},\"query-input\":{\"@type\":\"PropertyValueSpecification\",\"valueRequired\":true,\"valueName\":\"search_term_string\"}}],\"inLanguage\":\"en-US\"}]}<\/script>\n<!-- \/ Yoast SEO plugin. -->","yoast_head_json":{"title":"Stj\u00f3rn foreldraf\u00e9lags - Grunnsk\u00f3linn \u00ed Borgarnesi","robots":{"index":"index","follow":"follow","max-snippet":"max-snippet:-1","max-image-preview":"max-image-preview:large","max-video-preview":"max-video-preview:-1"},"canonical":"https:\/\/dev.borgarbyggd.is\/grunnborg\/nemendur-og-foreldrar\/stjorn\/","og_locale":"en_US","og_type":"article","og_title":"Stj\u00f3rn foreldraf\u00e9lags - Grunnsk\u00f3linn \u00ed Borgarnesi","og_description":"Stj\u00f3rn foreldraf\u00e9lagsins sk\u00f3la\u00e1ri\u00f0 2025 \u2013 2026 er skipu\u00f0 eftirfarandi:\u00a0 Forma\u00f0ur: Krist\u00edn Magdalena \u00c1g\u00fastsd\u00f3ttir\u00a0 Gjaldkeri: Gr\u00f3a L\u00edsa \u00d3marsd\u00f3ttir Ritari: Svala J\u00f3nsd\u00f3ttir Fyrir h\u00f6nd kennara \u00ed stj\u00f3rninni: Krist\u00edn Erla Einarsd\u00f3ttir &nbsp; Me\u00f0stj\u00f3rnendur:\u00a0 \u00a0Stef\u00e1n Dal Foreldrar eru hvattir til a\u00f0 hafa samband ef eitthva\u00f0 er. H\u00e6gt a\u00f0 senda t\u00f6lvup\u00f3st \u00e1 netfangi\u00f0 kristinmagdalena72@gmail.com\u00a0","og_url":"https:\/\/dev.borgarbyggd.is\/grunnborg\/nemendur-og-foreldrar\/stjorn\/","og_site_name":"Grunnsk\u00f3linn \u00ed Borgarnesi","article_modified_time":"2025-12-11T14:10:35+00:00","twitter_card":"summary_large_image","twitter_misc":{"Est. reading time":"1 minute"},"schema":{"@context":"https:\/\/schema.org","@graph":[{"@type":"WebPage","@id":"https:\/\/dev.borgarbyggd.is\/grunnborg\/nemendur-og-foreldrar\/stjorn\/","url":"https:\/\/dev.borgarbyggd.is\/grunnborg\/nemendur-og-foreldrar\/stjorn\/","name":"Stj\u00f3rn foreldraf\u00e9lags - Grunnsk\u00f3linn \u00ed Borgarnesi","isPartOf":{"@id":"https:\/\/dev.borgarbyggd.is\/grunnborg\/#website"},"datePublished":"2024-01-23T12:45:58+00:00","dateModified":"2025-12-11T14:10:35+00:00","breadcrumb":{"@id":"https:\/\/dev.borgarbyggd.is\/grunnborg\/nemendur-og-foreldrar\/stjorn\/#breadcrumb"},"inLanguage":"en-US","potentialAction":[{"@type":"ReadAction","target":["https:\/\/dev.borgarbyggd.is\/grunnborg\/nemendur-og-foreldrar\/stjorn\/"]}]},{"@type":"BreadcrumbList","@id":"https:\/\/dev.borgarbyggd.is\/grunnborg\/nemendur-og-foreldrar\/stjorn\/#breadcrumb","itemListElement":[{"@type":"ListItem","position":1,"name":"Home","item":"https:\/\/dev.borgarbyggd.is\/grunnborg\/"},{"@type":"ListItem","position":2,"name":"Nemendur og foreldrar","item":"https:\/\/dev.borgarbyggd.is\/grunnborg\/nemendur-og-foreldrar\/"},{"@type":"ListItem","position":3,"name":"Stj\u00f3rn foreldraf\u00e9lags"}]},{"@type":"WebSite","@id":"https:\/\/dev.borgarbyggd.is\/grunnborg\/#website","url":"https:\/\/dev.borgarbyggd.is\/grunnborg\/","name":"Grunnsk\u00f3linn \u00ed Borgarnesi","description":"","potentialAction":[{"@type":"SearchAction","target":{"@type":"EntryPoint","urlTemplate":"https:\/\/dev.borgarbyggd.is\/grunnborg\/?s={search_term_string}"},"query-input":{"@type":"PropertyValueSpecification","valueRequired":true,"valueName":"search_term_string"}}],"inLanguage":"en-US"}]}},"_links":{"self":[{"href":"https:\/\/dev.borgarbyggd.is\/grunnborg\/wp-json\/wp\/v2\/pages\/969","targetHints":{"allow":["GET"]}}],"collection":[{"href":"https:\/\/dev.borgarbyggd.is\/grunnborg\/wp-json\/wp\/v2\/pages"}],"about":[{"href":"https:\/\/dev.borgarbyggd.is\/grunnborg\/wp-json\/wp\/v2\/types\/page"}],"author":[{"embeddable":true,"href":"https:\/\/dev.borgarbyggd.is\/grunnborg\/wp-json\/wp\/v2\/users\/27"}],"replies":[{"embeddable":true,"href":"https:\/\/dev.borgarbyggd.is\/grunnborg\/wp-json\/wp\/v2\/comments?post=969"}],"version-history":[{"count":0,"href":"https:\/\/dev.borgarbyggd.is\/grunnborg\/wp-json\/wp\/v2\/pages\/969\/revisions"}],"up":[{"embeddable":true,"href":"https:\/\/dev.borgarbyggd.is\/grunnborg\/wp-json\/wp\/v2\/pages\/51"}],"wp:attachment":[{"href":"https:\/\/dev.borgarbyggd.is\/grunnborg\/wp-json\/wp\/v2\/media?parent=969"}],"curies":[{"name":"wp","href":"https:\/\/api.w.org\/{rel}","templated":true}]}}