{"id":879,"date":"2024-01-15T13:37:53","date_gmt":"2024-01-15T13:37:53","guid":{"rendered":"https:\/\/dev.borgarbyggd.is\/grunnborg\/?page_id=879"},"modified":"2025-03-11T14:23:44","modified_gmt":"2025-03-11T14:23:44","slug":"eydublod-og-umsoknir","status":"publish","type":"page","link":"https:\/\/dev.borgarbyggd.is\/grunnborg\/hagnytt\/eydublod-og-umsoknir\/","title":{"rendered":"Ey\u00f0ubl\u00f6\u00f0 og ums\u00f3knir"},"content":{"rendered":"<p>Starfsemi sk\u00f3lans kallar \u00e1 notkun allskonar ey\u00f0ubla\u00f0a. \u00dear til vi\u00f0 h\u00f6fum teki\u00f0 upp rafr\u00e6na stj\u00f3rns\u00fdslu ver\u00f0um vi\u00f0 a\u00f0 notast vi\u00f0 \u201eg\u00f6mlu\u201c a\u00f0fer\u00f0ina vi\u00f0 a\u00f0 s\u00e6kja um eitt og anna\u00f0, \u00fe.e. prenta \u00fat ey\u00f0ubla\u00f0, fylla \u00fat og senda \u00feeim er m\u00e1li\u00f0 var\u00f0ar. H\u00e9r er \u00fev\u00ed \u00e6tlunin a\u00f0 safna saman \u00e1 einn sta\u00f0 \u00feeim ey\u00f0ubl\u00f6\u00f0um sem nota \u00fearf \u00ed tengslum vi\u00f0 sk\u00f3lastarfi\u00f0. \u00deessi ey\u00f0ubl\u00f6\u00f0 er einnig flest a\u00f0 finna \u00e1 heimas\u00ed\u00f0u\u00a0<span style=\"color: #0000ff\"><a style=\"color: #0000ff\" title=\"\" href=\"http:\/\/www.samband.is\/\" target=\"_blank\" rel=\"noopener\">Sambands \u00edsl. sveitarf\u00e9laga<\/a><\/span><\/p>\n","protected":false},"excerpt":{"rendered":"<p>Starfsemi sk\u00f3lans kallar \u00e1 notkun allskonar ey\u00f0ubla\u00f0a. \u00dear til vi\u00f0 h\u00f6fum teki\u00f0 upp rafr\u00e6na stj\u00f3rns\u00fdslu ver\u00f0um vi\u00f0 a\u00f0 notast vi\u00f0 \u201eg\u00f6mlu\u201c a\u00f0fer\u00f0ina vi\u00f0 a\u00f0 s\u00e6kja um eitt og anna\u00f0, \u00fe.e. prenta \u00fat ey\u00f0ubla\u00f0, fylla \u00fat og senda \u00feeim er m\u00e1li\u00f0 var\u00f0ar. H\u00e9r er \u00fev\u00ed \u00e6tlunin a\u00f0 safna saman \u00e1 einn sta\u00f0 \u00feeim ey\u00f0ubl\u00f6\u00f0um sem nota \u00fearf \u00ed tengslum vi\u00f0 sk\u00f3lastarfi\u00f0. &#8230; <\/p>\n<div><a href=\"https:\/\/dev.borgarbyggd.is\/grunnborg\/hagnytt\/eydublod-og-umsoknir\/\" class=\"more-link\">Read More<\/a><\/div>\n","protected":false},"author":27,"featured_media":0,"parent":49,"menu_order":0,"comment_status":"closed","ping_status":"closed","template":"","meta":{"_acf_changed":false,"footnotes":""},"class_list":["post-879","page","type-page","status-publish","hentry","no-post-thumbnail"],"acf":{"quickaccess":[{"takn":"edit_document","title":"Tilkynning um einelti\/grun um einelti","url":"","description":"","skjol":"https:\/\/dev.borgarbyggd.is\/grunnborg\/wp-content\/uploads\/sites\/2\/2024\/01\/Eineltistilkynning.pdf","tegund":""},{"takn":"edit_document","title":"Ums\u00f3kn um leyfi fyrir nemanda","url":"","description":"","skjol":"https:\/\/dev.borgarbyggd.is\/grunnborg\/wp-content\/uploads\/sites\/2\/2024\/01\/Umsokn-um-leyfi-fyrir-nemanda.pdf","tegund":""},{"takn":"edit_document","title":"Leyfi vegna h\u00e1degishl\u00e9 unglinga- og mi\u00f0stig","url":"","description":"","skjol":"https:\/\/dev.borgarbyggd.is\/grunnborg\/wp-content\/uploads\/sites\/2\/2024\/01\/Leyfi-fyrir-hadegishle-unglinga-OG-midstig.pdf","tegund":""},{"takn":"edit_document","title":"Ums\u00f3kn um sk\u00f3lavist utan sveitarf\u00e9lags","url":"","description":"","skjol":"https:\/\/dev.borgarbyggd.is\/grunnborg\/wp-content\/uploads\/sites\/2\/2024\/01\/umsokn-um-grunnskoladvol-utan-logheimilissveitarfelags-2020-1.pdf","tegund":""},{"takn":"search","title":"Ums\u00f3kn um \u00fatskrift \u00e1\u00f0ur en 10. n\u00e1ms\u00e1ri l\u00fdkur","url":"","description":"","skjol":"https:\/\/dev.borgarbyggd.is\/grunnborg\/wp-content\/uploads\/sites\/2\/2024\/04\/Umsokn-um-utskrift-ur-GB-adur-en-10.-namsari-lykur.pdf","tegund":""}]},"yoast_head":"<!-- This site is optimized with the Yoast SEO plugin v24.0 - https:\/\/yoast.com\/wordpress\/plugins\/seo\/ -->\n<title>Ey\u00f0ubl\u00f6\u00f0 og ums\u00f3knir - Grunnsk\u00f3linn \u00ed Borgarnesi<\/title>\n<meta name=\"robots\" content=\"index, follow, max-snippet:-1, max-image-preview:large, max-video-preview:-1\" \/>\n<link rel=\"canonical\" href=\"https:\/\/dev.borgarbyggd.is\/grunnborg\/hagnytt\/eydublod-og-umsoknir\/\" \/>\n<meta property=\"og:locale\" content=\"en_US\" \/>\n<meta property=\"og:type\" content=\"article\" \/>\n<meta property=\"og:title\" content=\"Ey\u00f0ubl\u00f6\u00f0 og ums\u00f3knir - Grunnsk\u00f3linn \u00ed Borgarnesi\" \/>\n<meta property=\"og:description\" content=\"Starfsemi sk\u00f3lans kallar \u00e1 notkun allskonar ey\u00f0ubla\u00f0a. \u00dear til vi\u00f0 h\u00f6fum teki\u00f0 upp rafr\u00e6na stj\u00f3rns\u00fdslu ver\u00f0um vi\u00f0 a\u00f0 notast vi\u00f0 \u201eg\u00f6mlu\u201c a\u00f0fer\u00f0ina vi\u00f0 a\u00f0 s\u00e6kja um eitt og anna\u00f0, \u00fe.e. prenta \u00fat ey\u00f0ubla\u00f0, fylla \u00fat og senda \u00feeim er m\u00e1li\u00f0 var\u00f0ar. H\u00e9r er \u00fev\u00ed \u00e6tlunin a\u00f0 safna saman \u00e1 einn sta\u00f0 \u00feeim ey\u00f0ubl\u00f6\u00f0um sem nota \u00fearf \u00ed tengslum vi\u00f0 sk\u00f3lastarfi\u00f0. ... Read More\" \/>\n<meta property=\"og:url\" content=\"https:\/\/dev.borgarbyggd.is\/grunnborg\/hagnytt\/eydublod-og-umsoknir\/\" \/>\n<meta property=\"og:site_name\" content=\"Grunnsk\u00f3linn \u00ed Borgarnesi\" \/>\n<meta property=\"article:modified_time\" content=\"2025-03-11T14:23:44+00:00\" \/>\n<meta name=\"twitter:card\" content=\"summary_large_image\" \/>\n<meta name=\"twitter:label1\" content=\"Est. reading time\" \/>\n\t<meta name=\"twitter:data1\" content=\"1 minute\" \/>\n<script type=\"application\/ld+json\" class=\"yoast-schema-graph\">{\"@context\":\"https:\/\/schema.org\",\"@graph\":[{\"@type\":\"WebPage\",\"@id\":\"https:\/\/dev.borgarbyggd.is\/grunnborg\/hagnytt\/eydublod-og-umsoknir\/\",\"url\":\"https:\/\/dev.borgarbyggd.is\/grunnborg\/hagnytt\/eydublod-og-umsoknir\/\",\"name\":\"Ey\u00f0ubl\u00f6\u00f0 og ums\u00f3knir - Grunnsk\u00f3linn \u00ed Borgarnesi\",\"isPartOf\":{\"@id\":\"https:\/\/dev.borgarbyggd.is\/grunnborg\/#website\"},\"datePublished\":\"2024-01-15T13:37:53+00:00\",\"dateModified\":\"2025-03-11T14:23:44+00:00\",\"breadcrumb\":{\"@id\":\"https:\/\/dev.borgarbyggd.is\/grunnborg\/hagnytt\/eydublod-og-umsoknir\/#breadcrumb\"},\"inLanguage\":\"en-US\",\"potentialAction\":[{\"@type\":\"ReadAction\",\"target\":[\"https:\/\/dev.borgarbyggd.is\/grunnborg\/hagnytt\/eydublod-og-umsoknir\/\"]}]},{\"@type\":\"BreadcrumbList\",\"@id\":\"https:\/\/dev.borgarbyggd.is\/grunnborg\/hagnytt\/eydublod-og-umsoknir\/#breadcrumb\",\"itemListElement\":[{\"@type\":\"ListItem\",\"position\":1,\"name\":\"Home\",\"item\":\"https:\/\/dev.borgarbyggd.is\/grunnborg\/\"},{\"@type\":\"ListItem\",\"position\":2,\"name\":\"Hagn\u00fdtt\",\"item\":\"https:\/\/dev.borgarbyggd.is\/grunnborg\/hagnytt\/\"},{\"@type\":\"ListItem\",\"position\":3,\"name\":\"Ey\u00f0ubl\u00f6\u00f0 og ums\u00f3knir\"}]},{\"@type\":\"WebSite\",\"@id\":\"https:\/\/dev.borgarbyggd.is\/grunnborg\/#website\",\"url\":\"https:\/\/dev.borgarbyggd.is\/grunnborg\/\",\"name\":\"Grunnsk\u00f3linn \u00ed Borgarnesi\",\"description\":\"\",\"potentialAction\":[{\"@type\":\"SearchAction\",\"target\":{\"@type\":\"EntryPoint\",\"urlTemplate\":\"https:\/\/dev.borgarbyggd.is\/grunnborg\/?s={search_term_string}\"},\"query-input\":{\"@type\":\"PropertyValueSpecification\",\"valueRequired\":true,\"valueName\":\"search_term_string\"}}],\"inLanguage\":\"en-US\"}]}<\/script>\n<!-- \/ Yoast SEO plugin. -->","yoast_head_json":{"title":"Ey\u00f0ubl\u00f6\u00f0 og ums\u00f3knir - Grunnsk\u00f3linn \u00ed Borgarnesi","robots":{"index":"index","follow":"follow","max-snippet":"max-snippet:-1","max-image-preview":"max-image-preview:large","max-video-preview":"max-video-preview:-1"},"canonical":"https:\/\/dev.borgarbyggd.is\/grunnborg\/hagnytt\/eydublod-og-umsoknir\/","og_locale":"en_US","og_type":"article","og_title":"Ey\u00f0ubl\u00f6\u00f0 og ums\u00f3knir - Grunnsk\u00f3linn \u00ed Borgarnesi","og_description":"Starfsemi sk\u00f3lans kallar \u00e1 notkun allskonar ey\u00f0ubla\u00f0a. \u00dear til vi\u00f0 h\u00f6fum teki\u00f0 upp rafr\u00e6na stj\u00f3rns\u00fdslu ver\u00f0um vi\u00f0 a\u00f0 notast vi\u00f0 \u201eg\u00f6mlu\u201c a\u00f0fer\u00f0ina vi\u00f0 a\u00f0 s\u00e6kja um eitt og anna\u00f0, \u00fe.e. prenta \u00fat ey\u00f0ubla\u00f0, fylla \u00fat og senda \u00feeim er m\u00e1li\u00f0 var\u00f0ar. H\u00e9r er \u00fev\u00ed \u00e6tlunin a\u00f0 safna saman \u00e1 einn sta\u00f0 \u00feeim ey\u00f0ubl\u00f6\u00f0um sem nota \u00fearf \u00ed tengslum vi\u00f0 sk\u00f3lastarfi\u00f0. ... Read More","og_url":"https:\/\/dev.borgarbyggd.is\/grunnborg\/hagnytt\/eydublod-og-umsoknir\/","og_site_name":"Grunnsk\u00f3linn \u00ed Borgarnesi","article_modified_time":"2025-03-11T14:23:44+00:00","twitter_card":"summary_large_image","twitter_misc":{"Est. reading time":"1 minute"},"schema":{"@context":"https:\/\/schema.org","@graph":[{"@type":"WebPage","@id":"https:\/\/dev.borgarbyggd.is\/grunnborg\/hagnytt\/eydublod-og-umsoknir\/","url":"https:\/\/dev.borgarbyggd.is\/grunnborg\/hagnytt\/eydublod-og-umsoknir\/","name":"Ey\u00f0ubl\u00f6\u00f0 og ums\u00f3knir - Grunnsk\u00f3linn \u00ed Borgarnesi","isPartOf":{"@id":"https:\/\/dev.borgarbyggd.is\/grunnborg\/#website"},"datePublished":"2024-01-15T13:37:53+00:00","dateModified":"2025-03-11T14:23:44+00:00","breadcrumb":{"@id":"https:\/\/dev.borgarbyggd.is\/grunnborg\/hagnytt\/eydublod-og-umsoknir\/#breadcrumb"},"inLanguage":"en-US","potentialAction":[{"@type":"ReadAction","target":["https:\/\/dev.borgarbyggd.is\/grunnborg\/hagnytt\/eydublod-og-umsoknir\/"]}]},{"@type":"BreadcrumbList","@id":"https:\/\/dev.borgarbyggd.is\/grunnborg\/hagnytt\/eydublod-og-umsoknir\/#breadcrumb","itemListElement":[{"@type":"ListItem","position":1,"name":"Home","item":"https:\/\/dev.borgarbyggd.is\/grunnborg\/"},{"@type":"ListItem","position":2,"name":"Hagn\u00fdtt","item":"https:\/\/dev.borgarbyggd.is\/grunnborg\/hagnytt\/"},{"@type":"ListItem","position":3,"name":"Ey\u00f0ubl\u00f6\u00f0 og ums\u00f3knir"}]},{"@type":"WebSite","@id":"https:\/\/dev.borgarbyggd.is\/grunnborg\/#website","url":"https:\/\/dev.borgarbyggd.is\/grunnborg\/","name":"Grunnsk\u00f3linn \u00ed Borgarnesi","description":"","potentialAction":[{"@type":"SearchAction","target":{"@type":"EntryPoint","urlTemplate":"https:\/\/dev.borgarbyggd.is\/grunnborg\/?s={search_term_string}"},"query-input":{"@type":"PropertyValueSpecification","valueRequired":true,"valueName":"search_term_string"}}],"inLanguage":"en-US"}]}},"_links":{"self":[{"href":"https:\/\/dev.borgarbyggd.is\/grunnborg\/wp-json\/wp\/v2\/pages\/879","targetHints":{"allow":["GET"]}}],"collection":[{"href":"https:\/\/dev.borgarbyggd.is\/grunnborg\/wp-json\/wp\/v2\/pages"}],"about":[{"href":"https:\/\/dev.borgarbyggd.is\/grunnborg\/wp-json\/wp\/v2\/types\/page"}],"author":[{"embeddable":true,"href":"https:\/\/dev.borgarbyggd.is\/grunnborg\/wp-json\/wp\/v2\/users\/27"}],"replies":[{"embeddable":true,"href":"https:\/\/dev.borgarbyggd.is\/grunnborg\/wp-json\/wp\/v2\/comments?post=879"}],"version-history":[{"count":0,"href":"https:\/\/dev.borgarbyggd.is\/grunnborg\/wp-json\/wp\/v2\/pages\/879\/revisions"}],"up":[{"embeddable":true,"href":"https:\/\/dev.borgarbyggd.is\/grunnborg\/wp-json\/wp\/v2\/pages\/49"}],"wp:attachment":[{"href":"https:\/\/dev.borgarbyggd.is\/grunnborg\/wp-json\/wp\/v2\/media?parent=879"}],"curies":[{"name":"wp","href":"https:\/\/api.w.org\/{rel}","templated":true}]}}