{"id":8,"date":"2023-07-25T08:57:57","date_gmt":"2023-07-25T08:57:57","guid":{"rendered":"https:\/\/dev.borgarbyggd.is\/grunnborg\/?page_id=8"},"modified":"2026-04-07T09:34:34","modified_gmt":"2026-04-07T09:34:34","slug":"forsida","status":"publish","type":"page","link":"https:\/\/dev.borgarbyggd.is\/grunnborg\/","title":{"rendered":"Fors\u00ed\u00f0a"},"content":{"rendered":"<div class=\"flex flex-col pl-7 pt-10 gap-6 h-full\">\n<div class=\"text-[#69777C]\">\n<p>&nbsp;<\/p>\n<\/div>\n<\/div>\n<p>&nbsp;<\/p>\n<p>&nbsp;<\/p>\n","protected":false},"excerpt":{"rendered":"<p>&nbsp; &nbsp; &nbsp;<\/p>\n","protected":false},"author":1,"featured_media":0,"parent":0,"menu_order":0,"comment_status":"closed","ping_status":"closed","template":"","meta":{"_acf_changed":false,"footnotes":""},"class_list":["post-8","page","type-page","status-publish","hentry","no-post-thumbnail"],"acf":{"quickaccess":[{"takn":"restaurant","title":"Matse\u00f0ill","url":"","description":"","skjol":"https:\/\/dev.borgarbyggd.is\/grunnborg\/wp-content\/uploads\/sites\/2\/2026\/04\/April.pdf","tegund":""},{"takn":"calendar_month","title":"Sk\u00f3ladagatal 2025-2026","url":"","description":"","skjol":"https:\/\/dev.borgarbyggd.is\/grunnborg\/wp-content\/uploads\/sites\/2\/2025\/11\/grunnskoladagatal-2025-2026_lokautgafa.xls","tegund":""},{"takn":"directions_bus","title":"Sk\u00f3laakstur","url":"","description":"","skjol":"https:\/\/dev.borgarbyggd.is\/grunnborg\/wp-content\/uploads\/sites\/2\/2026\/02\/skolabill-innanbaejar-2026.pdf","tegund":""},{"takn":"filter_list","title":"Bei\u00f0ni um a\u00f0sto\u00f0 vegna eineltis e\u00f0a samskiptavanda","url":"","description":"","skjol":"https:\/\/dev.borgarbyggd.is\/grunnborg\/wp-content\/uploads\/sites\/2\/2023\/12\/Eineltistilkynning.pdf","tegund":""},{"takn":"holiday_village","title":"Ums\u00f3kn um leyfi","url":"","description":"","skjol":"https:\/\/dev.borgarbyggd.is\/grunnborg\/wp-content\/uploads\/sites\/2\/2025\/09\/Leyfisbref-2025.jpg","tegund":""},{"takn":"search","title":"Innritun \u00ed leik- og grunnsk\u00f3la","url":"","description":"","skjol":false,"tegund":"https:\/\/borgarbyggd.ibuagatt.is\/login.aspx"},{"takn":"search","title":"Fars\u00e6ld barna","url":"","description":"","skjol":false,"tegund":"https:\/\/borgarbyggd.is\/sidur\/thjonusta\/felagsthjonusta\/samthaett-thjonusta-i-thagu-farsaeldar-barna"},{"takn":"diversity_3","title":"Rafr\u00e6n tilkynning um einelti e\u00f0a samskiptavanda","url":"","description":"","skjol":false,"tegund":"https:\/\/borgarbyggd.thjonustugatt.is\/category\/3be0411e29b556db9accf05eb17c5bcd"},{"takn":"search","title":"Erasmus","url":"https:\/\/dev.borgarbyggd.is\/grunnborg\/nam-og-kennsla\/erasmus\/","description":"","skjol":false,"tegund":""}]},"yoast_head":"<!-- This site is optimized with the Yoast SEO plugin v24.0 - https:\/\/yoast.com\/wordpress\/plugins\/seo\/ -->\n<title>Fors\u00ed\u00f0a - Grunnsk\u00f3linn \u00ed Borgarnesi<\/title>\n<meta name=\"robots\" content=\"index, follow, max-snippet:-1, max-image-preview:large, max-video-preview:-1\" \/>\n<link rel=\"canonical\" href=\"https:\/\/dev.borgarbyggd.is\/grunnborg\/\" \/>\n<meta property=\"og:locale\" content=\"en_US\" \/>\n<meta property=\"og:type\" content=\"article\" \/>\n<meta property=\"og:title\" content=\"Fors\u00ed\u00f0a - Grunnsk\u00f3linn \u00ed Borgarnesi\" \/>\n<meta property=\"og:description\" content=\"&nbsp; &nbsp; &nbsp;\" \/>\n<meta property=\"og:url\" content=\"https:\/\/dev.borgarbyggd.is\/grunnborg\/\" \/>\n<meta property=\"og:site_name\" content=\"Grunnsk\u00f3linn \u00ed Borgarnesi\" \/>\n<meta property=\"article:modified_time\" content=\"2026-04-07T09:34:34+00:00\" \/>\n<meta name=\"twitter:card\" content=\"summary_large_image\" \/>\n<script type=\"application\/ld+json\" class=\"yoast-schema-graph\">{\"@context\":\"https:\/\/schema.org\",\"@graph\":[{\"@type\":\"WebPage\",\"@id\":\"https:\/\/dev.borgarbyggd.is\/grunnborg\/\",\"url\":\"https:\/\/dev.borgarbyggd.is\/grunnborg\/\",\"name\":\"Fors\u00ed\u00f0a - Grunnsk\u00f3linn \u00ed Borgarnesi\",\"isPartOf\":{\"@id\":\"https:\/\/dev.borgarbyggd.is\/grunnborg\/#website\"},\"datePublished\":\"2023-07-25T08:57:57+00:00\",\"dateModified\":\"2026-04-07T09:34:34+00:00\",\"breadcrumb\":{\"@id\":\"https:\/\/dev.borgarbyggd.is\/grunnborg\/#breadcrumb\"},\"inLanguage\":\"en-US\",\"potentialAction\":[{\"@type\":\"ReadAction\",\"target\":[\"https:\/\/dev.borgarbyggd.is\/grunnborg\/\"]}]},{\"@type\":\"BreadcrumbList\",\"@id\":\"https:\/\/dev.borgarbyggd.is\/grunnborg\/#breadcrumb\",\"itemListElement\":[{\"@type\":\"ListItem\",\"position\":1,\"name\":\"Home\",\"item\":\"https:\/\/dev.borgarbyggd.is\/grunnborg\/\"},{\"@type\":\"ListItem\",\"position\":2,\"name\":\"Fors\u00ed\u00f0a\"}]},{\"@type\":\"WebSite\",\"@id\":\"https:\/\/dev.borgarbyggd.is\/grunnborg\/#website\",\"url\":\"https:\/\/dev.borgarbyggd.is\/grunnborg\/\",\"name\":\"Grunnsk\u00f3linn \u00ed Borgarnesi\",\"description\":\"\",\"potentialAction\":[{\"@type\":\"SearchAction\",\"target\":{\"@type\":\"EntryPoint\",\"urlTemplate\":\"https:\/\/dev.borgarbyggd.is\/grunnborg\/?s={search_term_string}\"},\"query-input\":{\"@type\":\"PropertyValueSpecification\",\"valueRequired\":true,\"valueName\":\"search_term_string\"}}],\"inLanguage\":\"en-US\"}]}<\/script>\n<!-- \/ Yoast SEO plugin. -->","yoast_head_json":{"title":"Fors\u00ed\u00f0a - Grunnsk\u00f3linn \u00ed Borgarnesi","robots":{"index":"index","follow":"follow","max-snippet":"max-snippet:-1","max-image-preview":"max-image-preview:large","max-video-preview":"max-video-preview:-1"},"canonical":"https:\/\/dev.borgarbyggd.is\/grunnborg\/","og_locale":"en_US","og_type":"article","og_title":"Fors\u00ed\u00f0a - Grunnsk\u00f3linn \u00ed Borgarnesi","og_description":"&nbsp; &nbsp; &nbsp;","og_url":"https:\/\/dev.borgarbyggd.is\/grunnborg\/","og_site_name":"Grunnsk\u00f3linn \u00ed Borgarnesi","article_modified_time":"2026-04-07T09:34:34+00:00","twitter_card":"summary_large_image","schema":{"@context":"https:\/\/schema.org","@graph":[{"@type":"WebPage","@id":"https:\/\/dev.borgarbyggd.is\/grunnborg\/","url":"https:\/\/dev.borgarbyggd.is\/grunnborg\/","name":"Fors\u00ed\u00f0a - Grunnsk\u00f3linn \u00ed Borgarnesi","isPartOf":{"@id":"https:\/\/dev.borgarbyggd.is\/grunnborg\/#website"},"datePublished":"2023-07-25T08:57:57+00:00","dateModified":"2026-04-07T09:34:34+00:00","breadcrumb":{"@id":"https:\/\/dev.borgarbyggd.is\/grunnborg\/#breadcrumb"},"inLanguage":"en-US","potentialAction":[{"@type":"ReadAction","target":["https:\/\/dev.borgarbyggd.is\/grunnborg\/"]}]},{"@type":"BreadcrumbList","@id":"https:\/\/dev.borgarbyggd.is\/grunnborg\/#breadcrumb","itemListElement":[{"@type":"ListItem","position":1,"name":"Home","item":"https:\/\/dev.borgarbyggd.is\/grunnborg\/"},{"@type":"ListItem","position":2,"name":"Fors\u00ed\u00f0a"}]},{"@type":"WebSite","@id":"https:\/\/dev.borgarbyggd.is\/grunnborg\/#website","url":"https:\/\/dev.borgarbyggd.is\/grunnborg\/","name":"Grunnsk\u00f3linn \u00ed Borgarnesi","description":"","potentialAction":[{"@type":"SearchAction","target":{"@type":"EntryPoint","urlTemplate":"https:\/\/dev.borgarbyggd.is\/grunnborg\/?s={search_term_string}"},"query-input":{"@type":"PropertyValueSpecification","valueRequired":true,"valueName":"search_term_string"}}],"inLanguage":"en-US"}]}},"_links":{"self":[{"href":"https:\/\/dev.borgarbyggd.is\/grunnborg\/wp-json\/wp\/v2\/pages\/8","targetHints":{"allow":["GET"]}}],"collection":[{"href":"https:\/\/dev.borgarbyggd.is\/grunnborg\/wp-json\/wp\/v2\/pages"}],"about":[{"href":"https:\/\/dev.borgarbyggd.is\/grunnborg\/wp-json\/wp\/v2\/types\/page"}],"author":[{"embeddable":true,"href":"https:\/\/dev.borgarbyggd.is\/grunnborg\/wp-json\/wp\/v2\/users\/1"}],"replies":[{"embeddable":true,"href":"https:\/\/dev.borgarbyggd.is\/grunnborg\/wp-json\/wp\/v2\/comments?post=8"}],"version-history":[{"count":0,"href":"https:\/\/dev.borgarbyggd.is\/grunnborg\/wp-json\/wp\/v2\/pages\/8\/revisions"}],"wp:attachment":[{"href":"https:\/\/dev.borgarbyggd.is\/grunnborg\/wp-json\/wp\/v2\/media?parent=8"}],"curies":[{"name":"wp","href":"https:\/\/api.w.org\/{rel}","templated":true}]}}