{"id":51,"date":"2023-09-04T14:31:25","date_gmt":"2023-09-04T14:31:25","guid":{"rendered":"https:\/\/dev.borgarbyggd.is\/grunnborg\/?page_id=51"},"modified":"2024-04-04T09:22:51","modified_gmt":"2024-04-04T09:22:51","slug":"nemendur-og-foreldrar","status":"publish","type":"page","link":"https:\/\/dev.borgarbyggd.is\/grunnborg\/nemendur-og-foreldrar\/","title":{"rendered":"Nemendur og foreldrar"},"content":{"rendered":"<header class=\"entry-header\">\n<h2 class=\"entry-title\">Heimili og sk\u00f3li<\/h2>\n<\/header>\n<div class=\"entry-content content\">\n<div class=\"at-above-post-page addthis_tool\" data-url=\"https:\/\/grunnborg.is\/foreldrar\/\"><\/div>\n<div id=\"cs-content\" class=\"cs-content\">\n<div id=\"x-section-1\" class=\"x-section\">\n<div id=\"\" class=\"x-container max width\">\n<div class=\"x-column x-sm x-1-1\">\n<h3 class=\"h-custom-headline h5\">\u00c1byrg\u00f0arsvi\u00f0 foreldra<\/h3>\n<div id=\"\" class=\"x-text\">\n<p>Hlutverk sk\u00f3lans, \u00ed samvinnu vi\u00f0 heimilin, er a\u00f0 b\u00faa nemendur undir l\u00edf og starf \u00ed l\u00fd\u00f0r\u00e6\u00f0is\u00fej\u00f3\u00f0f\u00e9lagi sem er \u00ed s\u00edfelldri \u00fer\u00f3un. \u00dea\u00f0 er sameiginlegt verkefni sk\u00f3lans og foreldra a\u00f0 bj\u00f3\u00f0a nemendum upp \u00e1 sem besta menntun sem stu\u00f0lar a\u00f0 alhli\u00f0a \u00feroska \u00feeirra. Til a\u00f0 svo megi ver\u00f0a er mikilv\u00e6gt a\u00f0 samstarf heimilis og sk\u00f3la s\u00e9 sem fars\u00e6last og einkennist af gagnkv\u00e6mri vir\u00f0ingu, gagnkv\u00e6mu trausti, sam\u00e1byrg\u00f0 og gagnkv\u00e6mri uppl\u00fdsingami\u00f0lun.<\/p>\n<\/div>\n<div id=\"\" class=\"x-text\">\n<ul type=\"disc\">\n<li>Foreldrar bera frum\u00e1byrg\u00f0 \u00e1 uppeldi barna sinna. \u00c1 \u00feeim hv\u00edlir s\u00fa skylda a\u00f0 b\u00f6rnin s\u00e6ki sk\u00f3la og a\u00f0 \u00feau s\u00e9u m\u00f3tt\u00e6kileg fyrir \u00feeirri menntun sem sk\u00f3linn annast.<\/li>\n<li>Meginhlutverk foreldra er a\u00f0 sj\u00e1 til \u00feess a\u00f0 barni\u00f0 f\u00e1i gott atl\u00e6ti (m.a. n\u00e6gan svefn og hollan mat), m\u00e6ti stundv\u00edslega \u00ed sk\u00f3lann me\u00f0 nau\u00f0synleg n\u00e1msg\u00f6gn og undirb\u00fai\u00f0 til a\u00f0 takast \u00e1 vi\u00f0 sk\u00f3laverkefni dagsins.<\/li>\n<li>Foreldrar sj\u00e1i til \u00feess a\u00f0 nemandi stundi ekki vinnu \u00e1 starfst\u00edma sk\u00f3la valdi h\u00fan \u00fev\u00ed a\u00f0 hann geti ekki r\u00e6kt n\u00e1m sitt eins vel og best ver\u00f0ur \u00e1 kosi\u00f0.<\/li>\n<li>Foreldrar skulu fylgjast af \u00e1huga me\u00f0 n\u00e1mi og sk\u00f3lastarfi barns s\u00edns og taka virkan \u00fe\u00e1tt \u00ed starfinu.<\/li>\n<li>Foreldrar skulu leggja \u00e1herslu \u00e1 a\u00f0 barni\u00f0 skili sem bestum \u00e1rangri mi\u00f0a\u00f0 vi\u00f0 h\u00e6fileika og getu, hl\u00faa a\u00f0 og a\u00f0sto\u00f0a barni\u00f0 vi\u00f0 heimaverkefni.<\/li>\n<li>Foreldrar bera \u00e1byrg\u00f0 \u00e1 a\u00f0 b\u00f6rn \u00feeirra fari eftir gildandi l\u00f6gum og reglum, m.a. reglum um \u00fativist.<\/li>\n<li>H\u00f6fum \u00fea\u00f0 a\u00f0 lei\u00f0arlj\u00f3si a\u00f0 \u00e1hugi, a\u00f0hald, j\u00e1kv\u00e6\u00f0 hvatning, g\u00f3\u00f0 lei\u00f0s\u00f6gn og gagnkv\u00e6m vir\u00f0ing eru \u00e1v\u00edsun \u00e1 g\u00f3\u00f0an \u00e1rangur.<\/li>\n<\/ul>\n<\/div>\n<h3 class=\"h-custom-headline h5\">Samvinna heimilis og sk\u00f3la felst m.a. \u00ed \u00fev\u00ed a\u00f0:<\/h3>\n<div id=\"\" class=\"x-text\">\n<ul type=\"disc\">\n<li>Haldnir eru kynningarfundir a\u00f0 hausti fyrir foreldra \u00fear sem fjalla\u00f0 er um vetrarstarfi\u00f0.<\/li>\n<li>Foreldravi\u00f0t\u00f6l eru \u00ferisvar \u00e1 fyrsta vetri en tvisvar eftir \u00fea\u00f0.<\/li>\n<li>Ekki eru lengur t\u00edmasettir vi\u00f0talst\u00edmar kennara \u00ed sk\u00f3lanum. Forr\u00e1\u00f0amenn eru hvattir til a\u00f0 hafa beint samband vi\u00f0 umsj\u00f3narkennara e\u00f0a a\u00f0ra starfsmenn t.d. me\u00f0 t\u00f6lvup\u00f3sti (sj\u00e1 netf\u00f6ng \u00e1\u00a0<a href=\"http:\/\/www.grunnborg.is\/\"><span style=\"color: #0000ff;\">http:\/\/www.grunnborg.is<\/span><\/a>) e\u00f0a \u00ed gegn um skiptibor\u00f0 sk\u00f3lans.<\/li>\n<li>Sk\u00f3linn er \u00e1vallt opinn foreldrum og vi\u00f0 hvetjum foreldra til a\u00f0 heims\u00e6kja barni\u00f0 \u00ed sk\u00f3lann og taka \u00fe\u00e1tt \u00ed \u00fev\u00ed starfi sem fer fram \u00fear.<\/li>\n<li>Vikufr\u00e9ttir koma \u00fat vikulega (oftast \u00e1 f\u00f6stud\u00f6gum), me\u00f0 fr\u00e9ttum af atbur\u00f0um \u00ed komandi viku.<\/li>\n<li>\u00a0Einnig m\u00e1 finna \u00fdmsar uppl\u00fdsingar \u00e1 heimas\u00ed\u00f0u sk\u00f3lans\u00a0<span style=\"color: #0000ff;\"><a style=\"color: #0000ff;\" href=\"http:\/\/www.grunnborg.is\/\">http:\/\/www.grunnborg.is<\/a><\/span><\/li>\n<\/ul>\n<\/div>\n<\/div>\n<\/div>\n<\/div>\n<\/div>\n<\/div>\n","protected":false},"excerpt":{"rendered":"<p>Heimili og sk\u00f3li \u00c1byrg\u00f0arsvi\u00f0 foreldra Hlutverk sk\u00f3lans, \u00ed samvinnu vi\u00f0 heimilin, er a\u00f0 b\u00faa nemendur undir l\u00edf og starf \u00ed l\u00fd\u00f0r\u00e6\u00f0is\u00fej\u00f3\u00f0f\u00e9lagi sem er \u00ed s\u00edfelldri \u00fer\u00f3un. \u00dea\u00f0 er sameiginlegt verkefni sk\u00f3lans og foreldra a\u00f0 bj\u00f3\u00f0a nemendum upp \u00e1 sem besta menntun sem stu\u00f0lar a\u00f0 alhli\u00f0a \u00feroska \u00feeirra. Til a\u00f0 svo megi ver\u00f0a er mikilv\u00e6gt a\u00f0 samstarf heimilis og sk\u00f3la s\u00e9 &#8230; <\/p>\n<div><a href=\"https:\/\/dev.borgarbyggd.is\/grunnborg\/nemendur-og-foreldrar\/\" class=\"more-link\">Read More<\/a><\/div>\n","protected":false},"author":4,"featured_media":0,"parent":0,"menu_order":0,"comment_status":"closed","ping_status":"closed","template":"","meta":{"_acf_changed":false,"footnotes":""},"class_list":["post-51","page","type-page","status-publish","hentry","no-post-thumbnail"],"acf":{"quickaccess":false},"yoast_head":"<!-- This site is optimized with the Yoast SEO plugin v24.0 - https:\/\/yoast.com\/wordpress\/plugins\/seo\/ -->\n<title>Nemendur og foreldrar - Grunnsk\u00f3linn \u00ed Borgarnesi<\/title>\n<meta name=\"robots\" content=\"index, follow, max-snippet:-1, max-image-preview:large, max-video-preview:-1\" \/>\n<link rel=\"canonical\" href=\"https:\/\/dev.borgarbyggd.is\/grunnborg\/nemendur-og-foreldrar\/\" \/>\n<meta property=\"og:locale\" content=\"en_US\" \/>\n<meta property=\"og:type\" content=\"article\" \/>\n<meta property=\"og:title\" content=\"Nemendur og foreldrar - Grunnsk\u00f3linn \u00ed Borgarnesi\" \/>\n<meta property=\"og:description\" content=\"Heimili og sk\u00f3li \u00c1byrg\u00f0arsvi\u00f0 foreldra Hlutverk sk\u00f3lans, \u00ed samvinnu vi\u00f0 heimilin, er a\u00f0 b\u00faa nemendur undir l\u00edf og starf \u00ed l\u00fd\u00f0r\u00e6\u00f0is\u00fej\u00f3\u00f0f\u00e9lagi sem er \u00ed s\u00edfelldri \u00fer\u00f3un. \u00dea\u00f0 er sameiginlegt verkefni sk\u00f3lans og foreldra a\u00f0 bj\u00f3\u00f0a nemendum upp \u00e1 sem besta menntun sem stu\u00f0lar a\u00f0 alhli\u00f0a \u00feroska \u00feeirra. Til a\u00f0 svo megi ver\u00f0a er mikilv\u00e6gt a\u00f0 samstarf heimilis og sk\u00f3la s\u00e9 ... Read More\" \/>\n<meta property=\"og:url\" content=\"https:\/\/dev.borgarbyggd.is\/grunnborg\/nemendur-og-foreldrar\/\" \/>\n<meta property=\"og:site_name\" content=\"Grunnsk\u00f3linn \u00ed Borgarnesi\" \/>\n<meta property=\"article:modified_time\" content=\"2024-04-04T09:22:51+00:00\" \/>\n<meta name=\"twitter:card\" content=\"summary_large_image\" \/>\n<meta name=\"twitter:label1\" content=\"Est. reading time\" \/>\n\t<meta name=\"twitter:data1\" content=\"2 minutes\" \/>\n<script type=\"application\/ld+json\" class=\"yoast-schema-graph\">{\"@context\":\"https:\/\/schema.org\",\"@graph\":[{\"@type\":\"WebPage\",\"@id\":\"https:\/\/dev.borgarbyggd.is\/grunnborg\/nemendur-og-foreldrar\/\",\"url\":\"https:\/\/dev.borgarbyggd.is\/grunnborg\/nemendur-og-foreldrar\/\",\"name\":\"Nemendur og foreldrar - Grunnsk\u00f3linn \u00ed Borgarnesi\",\"isPartOf\":{\"@id\":\"https:\/\/dev.borgarbyggd.is\/grunnborg\/#website\"},\"datePublished\":\"2023-09-04T14:31:25+00:00\",\"dateModified\":\"2024-04-04T09:22:51+00:00\",\"breadcrumb\":{\"@id\":\"https:\/\/dev.borgarbyggd.is\/grunnborg\/nemendur-og-foreldrar\/#breadcrumb\"},\"inLanguage\":\"en-US\",\"potentialAction\":[{\"@type\":\"ReadAction\",\"target\":[\"https:\/\/dev.borgarbyggd.is\/grunnborg\/nemendur-og-foreldrar\/\"]}]},{\"@type\":\"BreadcrumbList\",\"@id\":\"https:\/\/dev.borgarbyggd.is\/grunnborg\/nemendur-og-foreldrar\/#breadcrumb\",\"itemListElement\":[{\"@type\":\"ListItem\",\"position\":1,\"name\":\"Home\",\"item\":\"https:\/\/dev.borgarbyggd.is\/grunnborg\/\"},{\"@type\":\"ListItem\",\"position\":2,\"name\":\"Nemendur og foreldrar\"}]},{\"@type\":\"WebSite\",\"@id\":\"https:\/\/dev.borgarbyggd.is\/grunnborg\/#website\",\"url\":\"https:\/\/dev.borgarbyggd.is\/grunnborg\/\",\"name\":\"Grunnsk\u00f3linn \u00ed Borgarnesi\",\"description\":\"\",\"potentialAction\":[{\"@type\":\"SearchAction\",\"target\":{\"@type\":\"EntryPoint\",\"urlTemplate\":\"https:\/\/dev.borgarbyggd.is\/grunnborg\/?s={search_term_string}\"},\"query-input\":{\"@type\":\"PropertyValueSpecification\",\"valueRequired\":true,\"valueName\":\"search_term_string\"}}],\"inLanguage\":\"en-US\"}]}<\/script>\n<!-- \/ Yoast SEO plugin. -->","yoast_head_json":{"title":"Nemendur og foreldrar - Grunnsk\u00f3linn \u00ed Borgarnesi","robots":{"index":"index","follow":"follow","max-snippet":"max-snippet:-1","max-image-preview":"max-image-preview:large","max-video-preview":"max-video-preview:-1"},"canonical":"https:\/\/dev.borgarbyggd.is\/grunnborg\/nemendur-og-foreldrar\/","og_locale":"en_US","og_type":"article","og_title":"Nemendur og foreldrar - Grunnsk\u00f3linn \u00ed Borgarnesi","og_description":"Heimili og sk\u00f3li \u00c1byrg\u00f0arsvi\u00f0 foreldra Hlutverk sk\u00f3lans, \u00ed samvinnu vi\u00f0 heimilin, er a\u00f0 b\u00faa nemendur undir l\u00edf og starf \u00ed l\u00fd\u00f0r\u00e6\u00f0is\u00fej\u00f3\u00f0f\u00e9lagi sem er \u00ed s\u00edfelldri \u00fer\u00f3un. \u00dea\u00f0 er sameiginlegt verkefni sk\u00f3lans og foreldra a\u00f0 bj\u00f3\u00f0a nemendum upp \u00e1 sem besta menntun sem stu\u00f0lar a\u00f0 alhli\u00f0a \u00feroska \u00feeirra. Til a\u00f0 svo megi ver\u00f0a er mikilv\u00e6gt a\u00f0 samstarf heimilis og sk\u00f3la s\u00e9 ... Read More","og_url":"https:\/\/dev.borgarbyggd.is\/grunnborg\/nemendur-og-foreldrar\/","og_site_name":"Grunnsk\u00f3linn \u00ed Borgarnesi","article_modified_time":"2024-04-04T09:22:51+00:00","twitter_card":"summary_large_image","twitter_misc":{"Est. reading time":"2 minutes"},"schema":{"@context":"https:\/\/schema.org","@graph":[{"@type":"WebPage","@id":"https:\/\/dev.borgarbyggd.is\/grunnborg\/nemendur-og-foreldrar\/","url":"https:\/\/dev.borgarbyggd.is\/grunnborg\/nemendur-og-foreldrar\/","name":"Nemendur og foreldrar - Grunnsk\u00f3linn \u00ed Borgarnesi","isPartOf":{"@id":"https:\/\/dev.borgarbyggd.is\/grunnborg\/#website"},"datePublished":"2023-09-04T14:31:25+00:00","dateModified":"2024-04-04T09:22:51+00:00","breadcrumb":{"@id":"https:\/\/dev.borgarbyggd.is\/grunnborg\/nemendur-og-foreldrar\/#breadcrumb"},"inLanguage":"en-US","potentialAction":[{"@type":"ReadAction","target":["https:\/\/dev.borgarbyggd.is\/grunnborg\/nemendur-og-foreldrar\/"]}]},{"@type":"BreadcrumbList","@id":"https:\/\/dev.borgarbyggd.is\/grunnborg\/nemendur-og-foreldrar\/#breadcrumb","itemListElement":[{"@type":"ListItem","position":1,"name":"Home","item":"https:\/\/dev.borgarbyggd.is\/grunnborg\/"},{"@type":"ListItem","position":2,"name":"Nemendur og foreldrar"}]},{"@type":"WebSite","@id":"https:\/\/dev.borgarbyggd.is\/grunnborg\/#website","url":"https:\/\/dev.borgarbyggd.is\/grunnborg\/","name":"Grunnsk\u00f3linn \u00ed Borgarnesi","description":"","potentialAction":[{"@type":"SearchAction","target":{"@type":"EntryPoint","urlTemplate":"https:\/\/dev.borgarbyggd.is\/grunnborg\/?s={search_term_string}"},"query-input":{"@type":"PropertyValueSpecification","valueRequired":true,"valueName":"search_term_string"}}],"inLanguage":"en-US"}]}},"_links":{"self":[{"href":"https:\/\/dev.borgarbyggd.is\/grunnborg\/wp-json\/wp\/v2\/pages\/51","targetHints":{"allow":["GET"]}}],"collection":[{"href":"https:\/\/dev.borgarbyggd.is\/grunnborg\/wp-json\/wp\/v2\/pages"}],"about":[{"href":"https:\/\/dev.borgarbyggd.is\/grunnborg\/wp-json\/wp\/v2\/types\/page"}],"author":[{"embeddable":true,"href":"https:\/\/dev.borgarbyggd.is\/grunnborg\/wp-json\/wp\/v2\/users\/4"}],"replies":[{"embeddable":true,"href":"https:\/\/dev.borgarbyggd.is\/grunnborg\/wp-json\/wp\/v2\/comments?post=51"}],"version-history":[{"count":0,"href":"https:\/\/dev.borgarbyggd.is\/grunnborg\/wp-json\/wp\/v2\/pages\/51\/revisions"}],"wp:attachment":[{"href":"https:\/\/dev.borgarbyggd.is\/grunnborg\/wp-json\/wp\/v2\/media?parent=51"}],"curies":[{"name":"wp","href":"https:\/\/api.w.org\/{rel}","templated":true}]}}