{"id":469,"date":"2023-10-05T13:11:29","date_gmt":"2023-10-05T13:11:29","guid":{"rendered":"https:\/\/dev.borgarbyggd.is\/grunnborg\/?page_id=469"},"modified":"2023-10-05T13:11:29","modified_gmt":"2023-10-05T13:11:29","slug":"serkennsla","status":"publish","type":"page","link":"https:\/\/dev.borgarbyggd.is\/grunnborg\/stodthjonusta\/serkennsla\/","title":{"rendered":"S\u00e9rkennsla"},"content":{"rendered":"<p><b><span data-contrast=\"none\">Nemendur me\u00f0 anna\u00f0 m\u00f3\u00f0urm\u00e1l en \u00edslensku<\/span><\/b><span data-ccp-props=\"{&quot;134233117&quot;:true,&quot;134233118&quot;:true,&quot;201341983&quot;:0,&quot;335559740&quot;:240}\">\u00a0<\/span><\/p>\n<p><span data-contrast=\"none\">Nemendur \u00ed grunnsk\u00f3la sem hafa anna\u00f0 m\u00f3\u00f0urm\u00e1l en \u00edslensku og hafa fasta b\u00fasetu h\u00e9r \u00e1 landi eiga r\u00e9tt \u00e1 s\u00e9rstakri kennslu \u00ed \u00edslensku. Vi\u00f0mi\u00f0un samkv\u00e6mt regluger\u00f0 nr. 732\/2011 gerir r\u00e1\u00f0 fyrir tveimur kennslustundum \u00e1 viku \u00ed s\u00e9rstakri kennslu \u00ed \u00edslensku \u00e1 me\u00f0an nemandinn er a\u00f0 n\u00e1 t\u00f6kum \u00e1 m\u00e1linu. M\u00f3ttaka erlendra nemenda og skipulag \u00e1 s\u00e9rstakri \u00edslenskukennslu fellur undir starfssvi\u00f0 deildarstj\u00f3ra. M\u00e1l\u00f6rvun tv\u00edtyngdra nemenda og n\u00fdrra \u00cdslendinga \u00ed \u00edslensku m\u00e1lumhverfi er ennfremur \u00e1 \u00e1byrg\u00f0 allra \u00ed sk\u00f3lanum.<\/span><span data-ccp-props=\"{&quot;134233117&quot;:false,&quot;134233118&quot;:false,&quot;201341983&quot;:0,&quot;335559738&quot;:0,&quot;335559739&quot;:315,&quot;335559740&quot;:240}\">\u00a0<\/span><\/p>\n<p><b><span data-contrast=\"none\">Br\u00e1\u00f0ger b\u00f6rn<\/span><\/b><span data-ccp-props=\"{&quot;134233117&quot;:false,&quot;134233118&quot;:false,&quot;201341983&quot;:0,&quot;335559738&quot;:0,&quot;335559739&quot;:0,&quot;335559740&quot;:240}\">\u00a0<\/span><\/p>\n<p><span data-contrast=\"none\">\u00deau b\u00f6rn sem skara fram \u00far \u00e1 einu e\u00f0a fleiri svi\u00f0um n\u00e1mslega f\u00e1 t\u00e6kif\u00e6ri til \u00feess a\u00f0 nota n\u00e1msefni vi\u00f0 h\u00e6fi og \u00fea\u00f0 getur veri\u00f0 anna\u00f0 n\u00e1msefni en bekkjarf\u00e9lagarnir eru me\u00f0. Sl\u00edkt er meti\u00f0 s\u00e9rstaklega fyrir hvern og einn og gert \u00ed samvinnu umsj\u00f3narkennara\/faggreinakennara, foreldra, nemanda og s\u00e9rkennara eftir atvikum. Nemendur \u00ed 10. bekk eiga \u00feess kost a\u00f0 stunda n\u00e1m \u00ed \u00e1f\u00f6ngum \u00e1 framhaldssk\u00f3lastigi n\u00e1i \u00feeir tilskyldum n\u00e1ms\u00e1rangri \u00ed 9. bekk.<\/span><span data-ccp-props=\"{&quot;134233117&quot;:false,&quot;134233118&quot;:false,&quot;201341983&quot;:0,&quot;335559738&quot;:0,&quot;335559739&quot;:315,&quot;335559740&quot;:240}\">\u00a0<\/span><\/p>\n<p><b><span data-contrast=\"none\">Langveik b\u00f6rn<\/span><\/b><span data-ccp-props=\"{&quot;134233117&quot;:false,&quot;134233118&quot;:false,&quot;201341983&quot;:0,&quot;335559738&quot;:0,&quot;335559739&quot;:0,&quot;335559740&quot;:240}\">\u00a0<\/span><\/p>\n<p><span data-contrast=\"none\">Samkv\u00e6mt 23 gr. regluger\u00f0ar um nemendur me\u00f0 s\u00e9r\u00fearfir \u00ed grunnsk\u00f3la 585\/2010 \u00e1 nemandi, sem a\u00f0 mati l\u00e6knis getur ekki s\u00f3tt sk\u00f3la vegna slyss e\u00f0a langvarandi veikinda, r\u00e9tt \u00e1 sj\u00fakrakennslu anna\u00f0hvort \u00e1 heimili s\u00ednu e\u00f0a \u00e1 sj\u00fakrastofnun. Kennslan getur a\u00f0 hluta til fari\u00f0 fram sem fjarkennsla e\u00f0a dreifn\u00e1m undir lei\u00f0s\u00f6gn kennara og eftirliti foreldra e\u00f0a starfsmanna sj\u00fakrastofnana a\u00f0 h\u00f6f\u00f0u samr\u00e1\u00f0i vi\u00f0 grunnsk\u00f3la vi\u00f0komandi nemanda. \u00c1kv\u00e6\u00f0i \u00feetta tekur ekki til tilfallandi veikinda nemenda sem standa skemur en viku.<\/span><span data-ccp-props=\"{&quot;134233117&quot;:false,&quot;134233118&quot;:false,&quot;201341983&quot;:0,&quot;335559738&quot;:0,&quot;335559739&quot;:315,&quot;335559740&quot;:240}\">\u00a0<\/span><\/p>\n<p><span data-contrast=\"none\">Nemandi \u00e1 r\u00e9tt \u00e1 sj\u00fakrakennslu um lei\u00f0 og hann, a\u00f0 mati l\u00e6knis, getur lagt stund \u00e1 n\u00e1m og skal lengd daglegrar e\u00f0a vikulegrar sj\u00fakrakennslu mi\u00f0ast vi\u00f0 \u00e1stand hans og \u00ferek. Markmi\u00f0 sj\u00fakrakennslu er a\u00f0 nemandi missi sem minnst af kennslu og ver\u00f0i ekki af t\u00e6kif\u00e6rum til n\u00e1ms vegna slyss e\u00f0a langvarandi veikinda.<\/span><span data-ccp-props=\"{&quot;134233117&quot;:false,&quot;134233118&quot;:false,&quot;201341983&quot;:0,&quot;335559738&quot;:0,&quot;335559739&quot;:315,&quot;335559740&quot;:240}\">\u00a0<\/span><\/p>\n<p><span data-contrast=\"none\">Sk\u00f3lastj\u00f3ri \u00e1kve\u00f0ur \u00ed samr\u00e1\u00f0i vi\u00f0 l\u00e6kni og foreldra, umfang og n\u00e1nara fyrirkomulag kennslunnar. Hann ber \u00e1byrg\u00f0 \u00e1 \u00fev\u00ed a\u00f0 vi\u00f0eigandi sj\u00fakrakennsla s\u00e9 veitt. Hann ber \u00e1byrg\u00f0 \u00e1 ger\u00f0 einstaklingsn\u00e1mskr\u00e1r til lengri e\u00f0a skemmri t\u00edma \u00fear sem teki\u00f0 er mi\u00f0 af a\u00f0st\u00e6\u00f0um, veikindum og \u00fe\u00f6rfum nemanda.<\/span><span data-ccp-props=\"{&quot;134233117&quot;:false,&quot;134233118&quot;:false,&quot;201341983&quot;:0,&quot;335559738&quot;:0,&quot;335559739&quot;:315,&quot;335559740&quot;:240}\">\u00a0<\/span><\/p>\n<p><span data-contrast=\"none\">N\u00fdta skal uppl\u00fdsinga- og samskiptat\u00e6kni eins og kostur er \u00feegar sj\u00fakrakennsla er skipul\u00f6g\u00f0. \u00de\u00e1 skal nemandi eiga \u00feess kost a\u00f0 tengjast sk\u00f3lanum s\u00ednum og umsj\u00f3narh\u00f3pi sem best eftir \u00fev\u00ed sem a\u00f0st\u00e6\u00f0ur og \u00e1stand hans leyfa.<\/span><span data-ccp-props=\"{&quot;134233117&quot;:false,&quot;134233118&quot;:false,&quot;201341983&quot;:0,&quot;335559738&quot;:0,&quot;335559739&quot;:315,&quot;335559740&quot;:240}\">\u00a0<\/span><\/p>\n<p><span data-contrast=\"none\">Um kostna\u00f0 af sj\u00fakrakennslu nemenda fer samkv\u00e6mt l\u00f6gum um tekjustofna sveitarf\u00e9laga nr. 4\/1995 og samnings sem ger\u00f0ur er \u00e1 grundvelli \u00feeirra.<\/span><span data-ccp-props=\"{&quot;134233117&quot;:false,&quot;134233118&quot;:false,&quot;201341983&quot;:0,&quot;335559738&quot;:0,&quot;335559739&quot;:315,&quot;335559740&quot;:240}\">\u00a0<\/span><\/p>\n<p><span data-ccp-props=\"{&quot;201341983&quot;:0,&quot;335559739&quot;:160,&quot;335559740&quot;:259}\">\u00a0<\/span><\/p>\n<p><b><span data-contrast=\"none\">Stu\u00f0ningsfulltr\u00faar<\/span><\/b><span data-ccp-props=\"{&quot;134233117&quot;:false,&quot;134233118&quot;:false,&quot;201341983&quot;:0,&quot;335559738&quot;:0,&quot;335559739&quot;:0,&quot;335559740&quot;:240}\">\u00a0<\/span><\/p>\n<p><span data-contrast=\"none\">Stu\u00f0ningsfulltr\u00faar starfa undir verkstj\u00f3rn umsj\u00f3narkennara en n\u00e6sti yfirma\u00f0ur stu\u00f0ningsfulltr\u00faa er deildarstj\u00f3ri. Starf stu\u00f0ningsfulltr\u00faa mi\u00f0ar fyrst og fremst a\u00f0 \u00fev\u00ed a\u00f0 auka f\u00e6rni og sj\u00e1lfst\u00e6\u00f0i nemenda sem \u00feurfa s\u00e9rstaka a\u00f0sto\u00f0. Fj\u00f6ldi stu\u00f0ningsfulltr\u00faa er breytilegur milli \u00e1ra og fer eftir \u00fe\u00f6rf og fj\u00e1rveitingu hverju sinni.<\/span><span data-ccp-props=\"{&quot;134233117&quot;:false,&quot;134233118&quot;:false,&quot;201341983&quot;:0,&quot;335559738&quot;:0,&quot;335559739&quot;:315,&quot;335559740&quot;:240}\">\u00a0<\/span><\/p>\n<p><span data-ccp-props=\"{&quot;201341983&quot;:0,&quot;335559739&quot;:160,&quot;335559740&quot;:259}\">\u00a0<\/span><\/p>\n<p><b><span data-contrast=\"none\">\u00deroska\u00fej\u00e1lfar<\/span><\/b><span data-ccp-props=\"{&quot;134233117&quot;:false,&quot;134233118&quot;:false,&quot;201341983&quot;:0,&quot;335559738&quot;:0,&quot;335559739&quot;:0,&quot;335559740&quot;:240}\">\u00a0<\/span><\/p>\n<p><span data-contrast=\"none\">\u00deroska\u00fej\u00e1lfar sinna stu\u00f0ningi og \u00fej\u00e1lfun nemenda me\u00f0 f\u00f6tlun. Me\u00f0 \u00feroska\u00fej\u00e1lfun er \u00e1 fr\u00e6\u00f0ilegan og skipulegan h\u00e1tt stefnt a\u00f0 \u00fev\u00ed a\u00f0 koma f\u00f6tlu\u00f0um til aukins alhli\u00f0a \u00feroska. Gengi\u00f0 er \u00fat fr\u00e1 \u00fev\u00ed a\u00f0 allar manneskjur geti n\u00fdtt s\u00e9r reynslu s\u00edna, l\u00e6rt og \u00feroskast. \u00deroska\u00fej\u00e1lfun felur m.a. \u00ed s\u00e9r a\u00f0 ger\u00f0ar eru markvissar \u00fej\u00e1lfunar\u00e1\u00e6tlanir sem mi\u00f0a a\u00f0 \u00fev\u00ed a\u00f0 auka h\u00e6fni einstaklinga til a\u00f0 takast \u00e1 vi\u00f0 athafnir daglegs l\u00edfs.<\/span><span data-ccp-props=\"{&quot;201341983&quot;:0,&quot;335559739&quot;:160,&quot;335559740&quot;:259}\">\u00a0<\/span><\/p>\n<p><span data-contrast=\"none\">\u00deroska\u00feja\u0301lfi i\u0301 grunnsko\u0301la gerir f\u00e6rni- og\u202f\u00feroskamat og annast upply\u0301singao\u0308flun og upply\u0301singagjo\u0308f vegna se\u0301r\u00fearfa nemanda. Veitir kennurum og forra\u0301\u00f0amo\u0308nnum nemenda ra\u0301\u00f0gjo\u0308f og lei\u00f0beiningar er lu\u0301ta a\u00f0 fo\u0308tlun e\u00f0a \u00feroskafra\u0301vikum. Gerir a\u0301\u00e6tlanir i\u0301 vinnslu ma\u0301la og fylgir \u00feeim eftir. Hann sinnir \u00feverfaglegu samstarfi innan og utan stofnunar vegna eftirfylgni ma\u0301la og vi\u00f0 skipulagningu verkefna.<\/span><span data-ccp-props=\"{&quot;134233117&quot;:false,&quot;134233118&quot;:false,&quot;201341983&quot;:0,&quot;335559738&quot;:0,&quot;335559739&quot;:315,&quot;335559740&quot;:240}\">\u00a0<\/span><\/p>\n<p><span data-contrast=\"none\">\u00deroska\u00fej\u00e1lfar vi\u00f0 Grunnsk\u00f3lann \u00ed Borgarnesi eru El\u00edsabet \u00ddr Bjarnad\u00f3ttir, Sigr\u00ed\u00f0ur Hrund H\u00e1lfd\u00e1nard\u00f3ttir og Fanney \u00deorkelsd\u00f3ttir.<\/span><span data-ccp-props=\"{&quot;134233117&quot;:false,&quot;134233118&quot;:false,&quot;201341983&quot;:0,&quot;335559738&quot;:0,&quot;335559739&quot;:315,&quot;335559740&quot;:240}\">\u00a0<\/span><\/p>\n<p><span data-ccp-props=\"{&quot;201341983&quot;:0,&quot;335559739&quot;:160,&quot;335559740&quot;:259}\">\u00a0<\/span><\/p>\n","protected":false},"excerpt":{"rendered":"<p>Nemendur me\u00f0 anna\u00f0 m\u00f3\u00f0urm\u00e1l en \u00edslensku\u00a0 Nemendur \u00ed grunnsk\u00f3la sem hafa anna\u00f0 m\u00f3\u00f0urm\u00e1l en \u00edslensku og hafa fasta b\u00fasetu h\u00e9r \u00e1 landi eiga r\u00e9tt \u00e1 s\u00e9rstakri kennslu \u00ed \u00edslensku. Vi\u00f0mi\u00f0un samkv\u00e6mt regluger\u00f0 nr. 732\/2011 gerir r\u00e1\u00f0 fyrir tveimur kennslustundum \u00e1 viku \u00ed s\u00e9rstakri kennslu \u00ed \u00edslensku \u00e1 me\u00f0an nemandinn er a\u00f0 n\u00e1 t\u00f6kum \u00e1 m\u00e1linu. M\u00f3ttaka erlendra nemenda og skipulag &#8230; <\/p>\n<div><a href=\"https:\/\/dev.borgarbyggd.is\/grunnborg\/stodthjonusta\/serkennsla\/\" class=\"more-link\">Read More<\/a><\/div>\n","protected":false},"author":4,"featured_media":0,"parent":53,"menu_order":0,"comment_status":"closed","ping_status":"closed","template":"","meta":{"_acf_changed":false,"footnotes":""},"class_list":["post-469","page","type-page","status-publish","hentry","no-post-thumbnail"],"acf":{"quickaccess":false},"yoast_head":"<!-- This site is optimized with the Yoast SEO plugin v24.0 - https:\/\/yoast.com\/wordpress\/plugins\/seo\/ -->\n<title>S\u00e9rkennsla - Grunnsk\u00f3linn \u00ed Borgarnesi<\/title>\n<meta name=\"robots\" content=\"index, follow, max-snippet:-1, max-image-preview:large, max-video-preview:-1\" \/>\n<link rel=\"canonical\" href=\"https:\/\/dev.borgarbyggd.is\/grunnborg\/stodthjonusta\/serkennsla\/\" \/>\n<meta property=\"og:locale\" content=\"en_US\" \/>\n<meta property=\"og:type\" content=\"article\" \/>\n<meta property=\"og:title\" content=\"S\u00e9rkennsla - Grunnsk\u00f3linn \u00ed Borgarnesi\" \/>\n<meta property=\"og:description\" content=\"Nemendur me\u00f0 anna\u00f0 m\u00f3\u00f0urm\u00e1l en \u00edslensku\u00a0 Nemendur \u00ed grunnsk\u00f3la sem hafa anna\u00f0 m\u00f3\u00f0urm\u00e1l en \u00edslensku og hafa fasta b\u00fasetu h\u00e9r \u00e1 landi eiga r\u00e9tt \u00e1 s\u00e9rstakri kennslu \u00ed \u00edslensku. Vi\u00f0mi\u00f0un samkv\u00e6mt regluger\u00f0 nr. 732\/2011 gerir r\u00e1\u00f0 fyrir tveimur kennslustundum \u00e1 viku \u00ed s\u00e9rstakri kennslu \u00ed \u00edslensku \u00e1 me\u00f0an nemandinn er a\u00f0 n\u00e1 t\u00f6kum \u00e1 m\u00e1linu. M\u00f3ttaka erlendra nemenda og skipulag ... Read More\" \/>\n<meta property=\"og:url\" content=\"https:\/\/dev.borgarbyggd.is\/grunnborg\/stodthjonusta\/serkennsla\/\" \/>\n<meta property=\"og:site_name\" content=\"Grunnsk\u00f3linn \u00ed Borgarnesi\" \/>\n<meta name=\"twitter:card\" content=\"summary_large_image\" \/>\n<meta name=\"twitter:label1\" content=\"Est. reading time\" \/>\n\t<meta name=\"twitter:data1\" content=\"4 minutes\" \/>\n<script type=\"application\/ld+json\" class=\"yoast-schema-graph\">{\"@context\":\"https:\/\/schema.org\",\"@graph\":[{\"@type\":\"WebPage\",\"@id\":\"https:\/\/dev.borgarbyggd.is\/grunnborg\/stodthjonusta\/serkennsla\/\",\"url\":\"https:\/\/dev.borgarbyggd.is\/grunnborg\/stodthjonusta\/serkennsla\/\",\"name\":\"S\u00e9rkennsla - Grunnsk\u00f3linn \u00ed Borgarnesi\",\"isPartOf\":{\"@id\":\"https:\/\/dev.borgarbyggd.is\/grunnborg\/#website\"},\"datePublished\":\"2023-10-05T13:11:29+00:00\",\"dateModified\":\"2023-10-05T13:11:29+00:00\",\"breadcrumb\":{\"@id\":\"https:\/\/dev.borgarbyggd.is\/grunnborg\/stodthjonusta\/serkennsla\/#breadcrumb\"},\"inLanguage\":\"en-US\",\"potentialAction\":[{\"@type\":\"ReadAction\",\"target\":[\"https:\/\/dev.borgarbyggd.is\/grunnborg\/stodthjonusta\/serkennsla\/\"]}]},{\"@type\":\"BreadcrumbList\",\"@id\":\"https:\/\/dev.borgarbyggd.is\/grunnborg\/stodthjonusta\/serkennsla\/#breadcrumb\",\"itemListElement\":[{\"@type\":\"ListItem\",\"position\":1,\"name\":\"Home\",\"item\":\"https:\/\/dev.borgarbyggd.is\/grunnborg\/\"},{\"@type\":\"ListItem\",\"position\":2,\"name\":\"Sto\u00f0\u00fej\u00f3nusta\",\"item\":\"https:\/\/dev.borgarbyggd.is\/grunnborg\/stodthjonusta\/\"},{\"@type\":\"ListItem\",\"position\":3,\"name\":\"S\u00e9rkennsla\"}]},{\"@type\":\"WebSite\",\"@id\":\"https:\/\/dev.borgarbyggd.is\/grunnborg\/#website\",\"url\":\"https:\/\/dev.borgarbyggd.is\/grunnborg\/\",\"name\":\"Grunnsk\u00f3linn \u00ed Borgarnesi\",\"description\":\"\",\"potentialAction\":[{\"@type\":\"SearchAction\",\"target\":{\"@type\":\"EntryPoint\",\"urlTemplate\":\"https:\/\/dev.borgarbyggd.is\/grunnborg\/?s={search_term_string}\"},\"query-input\":{\"@type\":\"PropertyValueSpecification\",\"valueRequired\":true,\"valueName\":\"search_term_string\"}}],\"inLanguage\":\"en-US\"}]}<\/script>\n<!-- \/ Yoast SEO plugin. -->","yoast_head_json":{"title":"S\u00e9rkennsla - Grunnsk\u00f3linn \u00ed Borgarnesi","robots":{"index":"index","follow":"follow","max-snippet":"max-snippet:-1","max-image-preview":"max-image-preview:large","max-video-preview":"max-video-preview:-1"},"canonical":"https:\/\/dev.borgarbyggd.is\/grunnborg\/stodthjonusta\/serkennsla\/","og_locale":"en_US","og_type":"article","og_title":"S\u00e9rkennsla - Grunnsk\u00f3linn \u00ed Borgarnesi","og_description":"Nemendur me\u00f0 anna\u00f0 m\u00f3\u00f0urm\u00e1l en \u00edslensku\u00a0 Nemendur \u00ed grunnsk\u00f3la sem hafa anna\u00f0 m\u00f3\u00f0urm\u00e1l en \u00edslensku og hafa fasta b\u00fasetu h\u00e9r \u00e1 landi eiga r\u00e9tt \u00e1 s\u00e9rstakri kennslu \u00ed \u00edslensku. Vi\u00f0mi\u00f0un samkv\u00e6mt regluger\u00f0 nr. 732\/2011 gerir r\u00e1\u00f0 fyrir tveimur kennslustundum \u00e1 viku \u00ed s\u00e9rstakri kennslu \u00ed \u00edslensku \u00e1 me\u00f0an nemandinn er a\u00f0 n\u00e1 t\u00f6kum \u00e1 m\u00e1linu. M\u00f3ttaka erlendra nemenda og skipulag ... Read More","og_url":"https:\/\/dev.borgarbyggd.is\/grunnborg\/stodthjonusta\/serkennsla\/","og_site_name":"Grunnsk\u00f3linn \u00ed Borgarnesi","twitter_card":"summary_large_image","twitter_misc":{"Est. reading time":"4 minutes"},"schema":{"@context":"https:\/\/schema.org","@graph":[{"@type":"WebPage","@id":"https:\/\/dev.borgarbyggd.is\/grunnborg\/stodthjonusta\/serkennsla\/","url":"https:\/\/dev.borgarbyggd.is\/grunnborg\/stodthjonusta\/serkennsla\/","name":"S\u00e9rkennsla - Grunnsk\u00f3linn \u00ed Borgarnesi","isPartOf":{"@id":"https:\/\/dev.borgarbyggd.is\/grunnborg\/#website"},"datePublished":"2023-10-05T13:11:29+00:00","dateModified":"2023-10-05T13:11:29+00:00","breadcrumb":{"@id":"https:\/\/dev.borgarbyggd.is\/grunnborg\/stodthjonusta\/serkennsla\/#breadcrumb"},"inLanguage":"en-US","potentialAction":[{"@type":"ReadAction","target":["https:\/\/dev.borgarbyggd.is\/grunnborg\/stodthjonusta\/serkennsla\/"]}]},{"@type":"BreadcrumbList","@id":"https:\/\/dev.borgarbyggd.is\/grunnborg\/stodthjonusta\/serkennsla\/#breadcrumb","itemListElement":[{"@type":"ListItem","position":1,"name":"Home","item":"https:\/\/dev.borgarbyggd.is\/grunnborg\/"},{"@type":"ListItem","position":2,"name":"Sto\u00f0\u00fej\u00f3nusta","item":"https:\/\/dev.borgarbyggd.is\/grunnborg\/stodthjonusta\/"},{"@type":"ListItem","position":3,"name":"S\u00e9rkennsla"}]},{"@type":"WebSite","@id":"https:\/\/dev.borgarbyggd.is\/grunnborg\/#website","url":"https:\/\/dev.borgarbyggd.is\/grunnborg\/","name":"Grunnsk\u00f3linn \u00ed Borgarnesi","description":"","potentialAction":[{"@type":"SearchAction","target":{"@type":"EntryPoint","urlTemplate":"https:\/\/dev.borgarbyggd.is\/grunnborg\/?s={search_term_string}"},"query-input":{"@type":"PropertyValueSpecification","valueRequired":true,"valueName":"search_term_string"}}],"inLanguage":"en-US"}]}},"_links":{"self":[{"href":"https:\/\/dev.borgarbyggd.is\/grunnborg\/wp-json\/wp\/v2\/pages\/469","targetHints":{"allow":["GET"]}}],"collection":[{"href":"https:\/\/dev.borgarbyggd.is\/grunnborg\/wp-json\/wp\/v2\/pages"}],"about":[{"href":"https:\/\/dev.borgarbyggd.is\/grunnborg\/wp-json\/wp\/v2\/types\/page"}],"author":[{"embeddable":true,"href":"https:\/\/dev.borgarbyggd.is\/grunnborg\/wp-json\/wp\/v2\/users\/4"}],"replies":[{"embeddable":true,"href":"https:\/\/dev.borgarbyggd.is\/grunnborg\/wp-json\/wp\/v2\/comments?post=469"}],"version-history":[{"count":0,"href":"https:\/\/dev.borgarbyggd.is\/grunnborg\/wp-json\/wp\/v2\/pages\/469\/revisions"}],"up":[{"embeddable":true,"href":"https:\/\/dev.borgarbyggd.is\/grunnborg\/wp-json\/wp\/v2\/pages\/53"}],"wp:attachment":[{"href":"https:\/\/dev.borgarbyggd.is\/grunnborg\/wp-json\/wp\/v2\/media?parent=469"}],"curies":[{"name":"wp","href":"https:\/\/api.w.org\/{rel}","templated":true}]}}