{"id":468,"date":"2023-10-05T13:10:22","date_gmt":"2023-10-05T13:10:22","guid":{"rendered":"https:\/\/dev.borgarbyggd.is\/grunnborg\/?page_id=468"},"modified":"2024-04-09T10:58:06","modified_gmt":"2024-04-09T10:58:06","slug":"talmeinafraedingur","status":"publish","type":"page","link":"https:\/\/dev.borgarbyggd.is\/grunnborg\/stodthjonusta\/talmeinafraedingur\/","title":{"rendered":"Talmeinafr\u00e6\u00f0ingur"},"content":{"rendered":"<p><span data-contrast=\"none\">Tveir talmeinafr\u00e6\u00f0ingar starfa hj\u00e1 Borgarbygg\u00f0. N\u00e6sti yfirma\u00f0ur \u00feeirra er svi\u00f0sstj\u00f3ri fj\u00f6lskyldusvi\u00f0s.<\/span><span data-ccp-props=\"{&quot;134233117&quot;:false,&quot;134233118&quot;:false,&quot;201341983&quot;:0,&quot;335559738&quot;:0,&quot;335559739&quot;:315,&quot;335559740&quot;:240}\">\u00a0<\/span><\/p>\n<p><span data-contrast=\"none\">Talmeinafr\u00e6\u00f0ingar leggja fyrir m\u00e1l\u00feroska- og frambur\u00f0arpr\u00f3f, en sinna ekki \u00fej\u00e1lfun. R\u00e1\u00f0gj\u00f6f til foreldra og kennara er veitt \u00e1 skilafundum, \u00feegar ni\u00f0urst\u00f6\u00f0ur greininga liggja fyrir.<\/span><span data-ccp-props=\"{&quot;134233117&quot;:false,&quot;134233118&quot;:false,&quot;201341983&quot;:0,&quot;335559738&quot;:0,&quot;335559739&quot;:315,&quot;335559740&quot;:240}\">\u00a0<\/span><\/p>\n<p><span data-contrast=\"none\">Skrifleg bei\u00f0ni undirritu\u00f0 af foreldrum \u00fearf a\u00f0 liggja fyrir \u00e1\u00f0ur en nemendum er v\u00edsa\u00f0 til talmeinafr\u00e6\u00f0ings. Sl\u00edka bei\u00f0ni, tilv\u00edsunarbla\u00f0, m\u00e1 n\u00e1lgast hj\u00e1 deildarstj\u00f3rum.<\/span><span data-ccp-props=\"{&quot;134233117&quot;:false,&quot;134233118&quot;:false,&quot;201341983&quot;:0,&quot;335559738&quot;:0,&quot;335559739&quot;:315,&quot;335559740&quot;:240}\">\u00a0<\/span><\/p>\n<p style=\"text-align: right\">Uppf\u00e6rt 01\/2020<\/p>\n<p><span data-ccp-props=\"{&quot;201341983&quot;:0,&quot;335559739&quot;:160,&quot;335559740&quot;:259}\">\u00a0<\/span><\/p>\n","protected":false},"excerpt":{"rendered":"<p>Tveir talmeinafr\u00e6\u00f0ingar starfa hj\u00e1 Borgarbygg\u00f0. N\u00e6sti yfirma\u00f0ur \u00feeirra er svi\u00f0sstj\u00f3ri fj\u00f6lskyldusvi\u00f0s.\u00a0 Talmeinafr\u00e6\u00f0ingar leggja fyrir m\u00e1l\u00feroska- og frambur\u00f0arpr\u00f3f, en sinna ekki \u00fej\u00e1lfun. R\u00e1\u00f0gj\u00f6f til foreldra og kennara er veitt \u00e1 skilafundum, \u00feegar ni\u00f0urst\u00f6\u00f0ur greininga liggja fyrir.\u00a0 Skrifleg bei\u00f0ni undirritu\u00f0 af foreldrum \u00fearf a\u00f0 liggja fyrir \u00e1\u00f0ur en nemendum er v\u00edsa\u00f0 til talmeinafr\u00e6\u00f0ings. Sl\u00edka bei\u00f0ni, tilv\u00edsunarbla\u00f0, m\u00e1 n\u00e1lgast hj\u00e1 deildarstj\u00f3rum.\u00a0 Uppf\u00e6rt 01\/2020 &#8230; <\/p>\n<div><a href=\"https:\/\/dev.borgarbyggd.is\/grunnborg\/stodthjonusta\/talmeinafraedingur\/\" class=\"more-link\">Read More<\/a><\/div>\n","protected":false},"author":4,"featured_media":0,"parent":53,"menu_order":0,"comment_status":"closed","ping_status":"closed","template":"","meta":{"_acf_changed":false,"footnotes":""},"class_list":["post-468","page","type-page","status-publish","hentry","no-post-thumbnail"],"acf":{"quickaccess":false},"yoast_head":"<!-- This site is optimized with the Yoast SEO plugin v24.0 - https:\/\/yoast.com\/wordpress\/plugins\/seo\/ -->\n<title>Talmeinafr\u00e6\u00f0ingur - Grunnsk\u00f3linn \u00ed Borgarnesi<\/title>\n<meta name=\"robots\" content=\"index, follow, max-snippet:-1, max-image-preview:large, max-video-preview:-1\" \/>\n<link rel=\"canonical\" href=\"https:\/\/dev.borgarbyggd.is\/grunnborg\/stodthjonusta\/talmeinafraedingur\/\" \/>\n<meta property=\"og:locale\" content=\"en_US\" \/>\n<meta property=\"og:type\" content=\"article\" \/>\n<meta property=\"og:title\" content=\"Talmeinafr\u00e6\u00f0ingur - Grunnsk\u00f3linn \u00ed Borgarnesi\" \/>\n<meta property=\"og:description\" content=\"Tveir talmeinafr\u00e6\u00f0ingar starfa hj\u00e1 Borgarbygg\u00f0. N\u00e6sti yfirma\u00f0ur \u00feeirra er svi\u00f0sstj\u00f3ri fj\u00f6lskyldusvi\u00f0s.\u00a0 Talmeinafr\u00e6\u00f0ingar leggja fyrir m\u00e1l\u00feroska- og frambur\u00f0arpr\u00f3f, en sinna ekki \u00fej\u00e1lfun. R\u00e1\u00f0gj\u00f6f til foreldra og kennara er veitt \u00e1 skilafundum, \u00feegar ni\u00f0urst\u00f6\u00f0ur greininga liggja fyrir.\u00a0 Skrifleg bei\u00f0ni undirritu\u00f0 af foreldrum \u00fearf a\u00f0 liggja fyrir \u00e1\u00f0ur en nemendum er v\u00edsa\u00f0 til talmeinafr\u00e6\u00f0ings. Sl\u00edka bei\u00f0ni, tilv\u00edsunarbla\u00f0, m\u00e1 n\u00e1lgast hj\u00e1 deildarstj\u00f3rum.\u00a0 Uppf\u00e6rt 01\/2020 ... Read More\" \/>\n<meta property=\"og:url\" content=\"https:\/\/dev.borgarbyggd.is\/grunnborg\/stodthjonusta\/talmeinafraedingur\/\" \/>\n<meta property=\"og:site_name\" content=\"Grunnsk\u00f3linn \u00ed Borgarnesi\" \/>\n<meta property=\"article:modified_time\" content=\"2024-04-09T10:58:06+00:00\" \/>\n<meta name=\"twitter:card\" content=\"summary_large_image\" \/>\n<meta name=\"twitter:label1\" content=\"Est. reading time\" \/>\n\t<meta name=\"twitter:data1\" content=\"1 minute\" \/>\n<script type=\"application\/ld+json\" class=\"yoast-schema-graph\">{\"@context\":\"https:\/\/schema.org\",\"@graph\":[{\"@type\":\"WebPage\",\"@id\":\"https:\/\/dev.borgarbyggd.is\/grunnborg\/stodthjonusta\/talmeinafraedingur\/\",\"url\":\"https:\/\/dev.borgarbyggd.is\/grunnborg\/stodthjonusta\/talmeinafraedingur\/\",\"name\":\"Talmeinafr\u00e6\u00f0ingur - Grunnsk\u00f3linn \u00ed Borgarnesi\",\"isPartOf\":{\"@id\":\"https:\/\/dev.borgarbyggd.is\/grunnborg\/#website\"},\"datePublished\":\"2023-10-05T13:10:22+00:00\",\"dateModified\":\"2024-04-09T10:58:06+00:00\",\"breadcrumb\":{\"@id\":\"https:\/\/dev.borgarbyggd.is\/grunnborg\/stodthjonusta\/talmeinafraedingur\/#breadcrumb\"},\"inLanguage\":\"en-US\",\"potentialAction\":[{\"@type\":\"ReadAction\",\"target\":[\"https:\/\/dev.borgarbyggd.is\/grunnborg\/stodthjonusta\/talmeinafraedingur\/\"]}]},{\"@type\":\"BreadcrumbList\",\"@id\":\"https:\/\/dev.borgarbyggd.is\/grunnborg\/stodthjonusta\/talmeinafraedingur\/#breadcrumb\",\"itemListElement\":[{\"@type\":\"ListItem\",\"position\":1,\"name\":\"Home\",\"item\":\"https:\/\/dev.borgarbyggd.is\/grunnborg\/\"},{\"@type\":\"ListItem\",\"position\":2,\"name\":\"Sto\u00f0\u00fej\u00f3nusta\",\"item\":\"https:\/\/dev.borgarbyggd.is\/grunnborg\/stodthjonusta\/\"},{\"@type\":\"ListItem\",\"position\":3,\"name\":\"Talmeinafr\u00e6\u00f0ingur\"}]},{\"@type\":\"WebSite\",\"@id\":\"https:\/\/dev.borgarbyggd.is\/grunnborg\/#website\",\"url\":\"https:\/\/dev.borgarbyggd.is\/grunnborg\/\",\"name\":\"Grunnsk\u00f3linn \u00ed Borgarnesi\",\"description\":\"\",\"potentialAction\":[{\"@type\":\"SearchAction\",\"target\":{\"@type\":\"EntryPoint\",\"urlTemplate\":\"https:\/\/dev.borgarbyggd.is\/grunnborg\/?s={search_term_string}\"},\"query-input\":{\"@type\":\"PropertyValueSpecification\",\"valueRequired\":true,\"valueName\":\"search_term_string\"}}],\"inLanguage\":\"en-US\"}]}<\/script>\n<!-- \/ Yoast SEO plugin. -->","yoast_head_json":{"title":"Talmeinafr\u00e6\u00f0ingur - Grunnsk\u00f3linn \u00ed Borgarnesi","robots":{"index":"index","follow":"follow","max-snippet":"max-snippet:-1","max-image-preview":"max-image-preview:large","max-video-preview":"max-video-preview:-1"},"canonical":"https:\/\/dev.borgarbyggd.is\/grunnborg\/stodthjonusta\/talmeinafraedingur\/","og_locale":"en_US","og_type":"article","og_title":"Talmeinafr\u00e6\u00f0ingur - Grunnsk\u00f3linn \u00ed Borgarnesi","og_description":"Tveir talmeinafr\u00e6\u00f0ingar starfa hj\u00e1 Borgarbygg\u00f0. N\u00e6sti yfirma\u00f0ur \u00feeirra er svi\u00f0sstj\u00f3ri fj\u00f6lskyldusvi\u00f0s.\u00a0 Talmeinafr\u00e6\u00f0ingar leggja fyrir m\u00e1l\u00feroska- og frambur\u00f0arpr\u00f3f, en sinna ekki \u00fej\u00e1lfun. R\u00e1\u00f0gj\u00f6f til foreldra og kennara er veitt \u00e1 skilafundum, \u00feegar ni\u00f0urst\u00f6\u00f0ur greininga liggja fyrir.\u00a0 Skrifleg bei\u00f0ni undirritu\u00f0 af foreldrum \u00fearf a\u00f0 liggja fyrir \u00e1\u00f0ur en nemendum er v\u00edsa\u00f0 til talmeinafr\u00e6\u00f0ings. Sl\u00edka bei\u00f0ni, tilv\u00edsunarbla\u00f0, m\u00e1 n\u00e1lgast hj\u00e1 deildarstj\u00f3rum.\u00a0 Uppf\u00e6rt 01\/2020 ... Read More","og_url":"https:\/\/dev.borgarbyggd.is\/grunnborg\/stodthjonusta\/talmeinafraedingur\/","og_site_name":"Grunnsk\u00f3linn \u00ed Borgarnesi","article_modified_time":"2024-04-09T10:58:06+00:00","twitter_card":"summary_large_image","twitter_misc":{"Est. reading time":"1 minute"},"schema":{"@context":"https:\/\/schema.org","@graph":[{"@type":"WebPage","@id":"https:\/\/dev.borgarbyggd.is\/grunnborg\/stodthjonusta\/talmeinafraedingur\/","url":"https:\/\/dev.borgarbyggd.is\/grunnborg\/stodthjonusta\/talmeinafraedingur\/","name":"Talmeinafr\u00e6\u00f0ingur - Grunnsk\u00f3linn \u00ed Borgarnesi","isPartOf":{"@id":"https:\/\/dev.borgarbyggd.is\/grunnborg\/#website"},"datePublished":"2023-10-05T13:10:22+00:00","dateModified":"2024-04-09T10:58:06+00:00","breadcrumb":{"@id":"https:\/\/dev.borgarbyggd.is\/grunnborg\/stodthjonusta\/talmeinafraedingur\/#breadcrumb"},"inLanguage":"en-US","potentialAction":[{"@type":"ReadAction","target":["https:\/\/dev.borgarbyggd.is\/grunnborg\/stodthjonusta\/talmeinafraedingur\/"]}]},{"@type":"BreadcrumbList","@id":"https:\/\/dev.borgarbyggd.is\/grunnborg\/stodthjonusta\/talmeinafraedingur\/#breadcrumb","itemListElement":[{"@type":"ListItem","position":1,"name":"Home","item":"https:\/\/dev.borgarbyggd.is\/grunnborg\/"},{"@type":"ListItem","position":2,"name":"Sto\u00f0\u00fej\u00f3nusta","item":"https:\/\/dev.borgarbyggd.is\/grunnborg\/stodthjonusta\/"},{"@type":"ListItem","position":3,"name":"Talmeinafr\u00e6\u00f0ingur"}]},{"@type":"WebSite","@id":"https:\/\/dev.borgarbyggd.is\/grunnborg\/#website","url":"https:\/\/dev.borgarbyggd.is\/grunnborg\/","name":"Grunnsk\u00f3linn \u00ed Borgarnesi","description":"","potentialAction":[{"@type":"SearchAction","target":{"@type":"EntryPoint","urlTemplate":"https:\/\/dev.borgarbyggd.is\/grunnborg\/?s={search_term_string}"},"query-input":{"@type":"PropertyValueSpecification","valueRequired":true,"valueName":"search_term_string"}}],"inLanguage":"en-US"}]}},"_links":{"self":[{"href":"https:\/\/dev.borgarbyggd.is\/grunnborg\/wp-json\/wp\/v2\/pages\/468","targetHints":{"allow":["GET"]}}],"collection":[{"href":"https:\/\/dev.borgarbyggd.is\/grunnborg\/wp-json\/wp\/v2\/pages"}],"about":[{"href":"https:\/\/dev.borgarbyggd.is\/grunnborg\/wp-json\/wp\/v2\/types\/page"}],"author":[{"embeddable":true,"href":"https:\/\/dev.borgarbyggd.is\/grunnborg\/wp-json\/wp\/v2\/users\/4"}],"replies":[{"embeddable":true,"href":"https:\/\/dev.borgarbyggd.is\/grunnborg\/wp-json\/wp\/v2\/comments?post=468"}],"version-history":[{"count":0,"href":"https:\/\/dev.borgarbyggd.is\/grunnborg\/wp-json\/wp\/v2\/pages\/468\/revisions"}],"up":[{"embeddable":true,"href":"https:\/\/dev.borgarbyggd.is\/grunnborg\/wp-json\/wp\/v2\/pages\/53"}],"wp:attachment":[{"href":"https:\/\/dev.borgarbyggd.is\/grunnborg\/wp-json\/wp\/v2\/media?parent=468"}],"curies":[{"name":"wp","href":"https:\/\/api.w.org\/{rel}","templated":true}]}}