{"id":466,"date":"2023-10-05T13:09:32","date_gmt":"2023-10-05T13:09:32","guid":{"rendered":"https:\/\/dev.borgarbyggd.is\/grunnborg\/?page_id=466"},"modified":"2024-04-09T10:56:05","modified_gmt":"2024-04-09T10:56:05","slug":"salfraedingur","status":"publish","type":"page","link":"https:\/\/dev.borgarbyggd.is\/grunnborg\/stodthjonusta\/salfraedingur\/","title":{"rendered":"S\u00e1lfr\u00e6\u00f0ingur"},"content":{"rendered":"<p><span data-contrast=\"none\">S\u00e1lfr\u00e6\u00f0ingur sinnir r\u00e1\u00f0gj\u00f6f og stu\u00f0ningi vi\u00f0 starfsf\u00f3lk vegna almenns sk\u00f3lastarfs en einnig vegna n\u00fdbreytni og \u00fer\u00f3unarstarfa innan sk\u00f3lans. Hann veitir einnig forr\u00e1\u00f0am\u00f6nnum nemenda lei\u00f0beiningar um uppeldi eftir \u00fev\u00ed sem a\u00f0st\u00e6\u00f0ur leyfa.<\/span><span data-ccp-props=\"{&quot;134233117&quot;:false,&quot;134233118&quot;:false,&quot;201341983&quot;:0,&quot;335559738&quot;:0,&quot;335559739&quot;:315,&quot;335559740&quot;:240}\">\u00a0<\/span><\/p>\n<p><span data-contrast=\"none\">R\u00e1\u00f0gj\u00f6f s\u00e1lfr\u00e6\u00f0ings l\u00fdtur einkum a\u00f0 l\u00ed\u00f0an og n\u00e1mi. Vandinn getur tengst vitsmunalegum, tilfinningalegum e\u00f0a f\u00e9lagslegum \u00fe\u00e1ttum sem \u00e1 einhvern h\u00e1tt hamla n\u00e1mi og\/e\u00f0a a\u00f0l\u00f6gun a\u00f0 sk\u00f3lastarfi. Vinna s\u00e1lfr\u00e6\u00f0ings felst \u00ed n\u00e1nari greiningu \u00e1 vandanum og r\u00e1\u00f0gj\u00f6f til starfsf\u00f3lks, nemanda e\u00f0a forr\u00e1\u00f0amanna \u00fat fr\u00e1 henni.<\/span><span data-ccp-props=\"{&quot;134233117&quot;:false,&quot;134233118&quot;:false,&quot;201341983&quot;:0,&quot;335559738&quot;:0,&quot;335559739&quot;:315,&quot;335559740&quot;:240}\">\u00a0<\/span><\/p>\n<p><span data-contrast=\"none\">Bei\u00f0nir um a\u00f0sto\u00f0 s\u00e1lfr\u00e6\u00f0ings \u00feurfa a\u00f0 vera \u00e1 undirritu\u00f0u ey\u00f0ubla\u00f0i, tilv\u00edsunarbla\u00f0i, sem m\u00e1 n\u00e1lgast hj\u00e1 deildarstj\u00f3rum.<\/span><span data-ccp-props=\"{&quot;134233117&quot;:false,&quot;134233118&quot;:false,&quot;201341983&quot;:0,&quot;335559738&quot;:0,&quot;335559739&quot;:315,&quot;335559740&quot;:240}\">\u00a0<\/span><\/p>\n<p style=\"text-align: right\">Uppf\u00e6rt 01\/2020<\/p>\n","protected":false},"excerpt":{"rendered":"<p>S\u00e1lfr\u00e6\u00f0ingur sinnir r\u00e1\u00f0gj\u00f6f og stu\u00f0ningi vi\u00f0 starfsf\u00f3lk vegna almenns sk\u00f3lastarfs en einnig vegna n\u00fdbreytni og \u00fer\u00f3unarstarfa innan sk\u00f3lans. Hann veitir einnig forr\u00e1\u00f0am\u00f6nnum nemenda lei\u00f0beiningar um uppeldi eftir \u00fev\u00ed sem a\u00f0st\u00e6\u00f0ur leyfa.\u00a0 R\u00e1\u00f0gj\u00f6f s\u00e1lfr\u00e6\u00f0ings l\u00fdtur einkum a\u00f0 l\u00ed\u00f0an og n\u00e1mi. Vandinn getur tengst vitsmunalegum, tilfinningalegum e\u00f0a f\u00e9lagslegum \u00fe\u00e1ttum sem \u00e1 einhvern h\u00e1tt hamla n\u00e1mi og\/e\u00f0a a\u00f0l\u00f6gun a\u00f0 sk\u00f3lastarfi. Vinna s\u00e1lfr\u00e6\u00f0ings felst &#8230; <\/p>\n<div><a href=\"https:\/\/dev.borgarbyggd.is\/grunnborg\/stodthjonusta\/salfraedingur\/\" class=\"more-link\">Read More<\/a><\/div>\n","protected":false},"author":4,"featured_media":0,"parent":53,"menu_order":0,"comment_status":"closed","ping_status":"closed","template":"","meta":{"_acf_changed":false,"footnotes":""},"class_list":["post-466","page","type-page","status-publish","hentry","no-post-thumbnail"],"acf":{"quickaccess":false},"yoast_head":"<!-- This site is optimized with the Yoast SEO plugin v24.0 - https:\/\/yoast.com\/wordpress\/plugins\/seo\/ -->\n<title>S\u00e1lfr\u00e6\u00f0ingur - Grunnsk\u00f3linn \u00ed Borgarnesi<\/title>\n<meta name=\"robots\" content=\"index, follow, max-snippet:-1, max-image-preview:large, max-video-preview:-1\" \/>\n<link rel=\"canonical\" href=\"https:\/\/dev.borgarbyggd.is\/grunnborg\/stodthjonusta\/salfraedingur\/\" \/>\n<meta property=\"og:locale\" content=\"en_US\" \/>\n<meta property=\"og:type\" content=\"article\" \/>\n<meta property=\"og:title\" content=\"S\u00e1lfr\u00e6\u00f0ingur - Grunnsk\u00f3linn \u00ed Borgarnesi\" \/>\n<meta property=\"og:description\" content=\"S\u00e1lfr\u00e6\u00f0ingur sinnir r\u00e1\u00f0gj\u00f6f og stu\u00f0ningi vi\u00f0 starfsf\u00f3lk vegna almenns sk\u00f3lastarfs en einnig vegna n\u00fdbreytni og \u00fer\u00f3unarstarfa innan sk\u00f3lans. Hann veitir einnig forr\u00e1\u00f0am\u00f6nnum nemenda lei\u00f0beiningar um uppeldi eftir \u00fev\u00ed sem a\u00f0st\u00e6\u00f0ur leyfa.\u00a0 R\u00e1\u00f0gj\u00f6f s\u00e1lfr\u00e6\u00f0ings l\u00fdtur einkum a\u00f0 l\u00ed\u00f0an og n\u00e1mi. Vandinn getur tengst vitsmunalegum, tilfinningalegum e\u00f0a f\u00e9lagslegum \u00fe\u00e1ttum sem \u00e1 einhvern h\u00e1tt hamla n\u00e1mi og\/e\u00f0a a\u00f0l\u00f6gun a\u00f0 sk\u00f3lastarfi. Vinna s\u00e1lfr\u00e6\u00f0ings felst ... Read More\" \/>\n<meta property=\"og:url\" content=\"https:\/\/dev.borgarbyggd.is\/grunnborg\/stodthjonusta\/salfraedingur\/\" \/>\n<meta property=\"og:site_name\" content=\"Grunnsk\u00f3linn \u00ed Borgarnesi\" \/>\n<meta property=\"article:modified_time\" content=\"2024-04-09T10:56:05+00:00\" \/>\n<meta name=\"twitter:card\" content=\"summary_large_image\" \/>\n<meta name=\"twitter:label1\" content=\"Est. reading time\" \/>\n\t<meta name=\"twitter:data1\" content=\"1 minute\" \/>\n<script type=\"application\/ld+json\" class=\"yoast-schema-graph\">{\"@context\":\"https:\/\/schema.org\",\"@graph\":[{\"@type\":\"WebPage\",\"@id\":\"https:\/\/dev.borgarbyggd.is\/grunnborg\/stodthjonusta\/salfraedingur\/\",\"url\":\"https:\/\/dev.borgarbyggd.is\/grunnborg\/stodthjonusta\/salfraedingur\/\",\"name\":\"S\u00e1lfr\u00e6\u00f0ingur - Grunnsk\u00f3linn \u00ed Borgarnesi\",\"isPartOf\":{\"@id\":\"https:\/\/dev.borgarbyggd.is\/grunnborg\/#website\"},\"datePublished\":\"2023-10-05T13:09:32+00:00\",\"dateModified\":\"2024-04-09T10:56:05+00:00\",\"breadcrumb\":{\"@id\":\"https:\/\/dev.borgarbyggd.is\/grunnborg\/stodthjonusta\/salfraedingur\/#breadcrumb\"},\"inLanguage\":\"en-US\",\"potentialAction\":[{\"@type\":\"ReadAction\",\"target\":[\"https:\/\/dev.borgarbyggd.is\/grunnborg\/stodthjonusta\/salfraedingur\/\"]}]},{\"@type\":\"BreadcrumbList\",\"@id\":\"https:\/\/dev.borgarbyggd.is\/grunnborg\/stodthjonusta\/salfraedingur\/#breadcrumb\",\"itemListElement\":[{\"@type\":\"ListItem\",\"position\":1,\"name\":\"Home\",\"item\":\"https:\/\/dev.borgarbyggd.is\/grunnborg\/\"},{\"@type\":\"ListItem\",\"position\":2,\"name\":\"Sto\u00f0\u00fej\u00f3nusta\",\"item\":\"https:\/\/dev.borgarbyggd.is\/grunnborg\/stodthjonusta\/\"},{\"@type\":\"ListItem\",\"position\":3,\"name\":\"S\u00e1lfr\u00e6\u00f0ingur\"}]},{\"@type\":\"WebSite\",\"@id\":\"https:\/\/dev.borgarbyggd.is\/grunnborg\/#website\",\"url\":\"https:\/\/dev.borgarbyggd.is\/grunnborg\/\",\"name\":\"Grunnsk\u00f3linn \u00ed Borgarnesi\",\"description\":\"\",\"potentialAction\":[{\"@type\":\"SearchAction\",\"target\":{\"@type\":\"EntryPoint\",\"urlTemplate\":\"https:\/\/dev.borgarbyggd.is\/grunnborg\/?s={search_term_string}\"},\"query-input\":{\"@type\":\"PropertyValueSpecification\",\"valueRequired\":true,\"valueName\":\"search_term_string\"}}],\"inLanguage\":\"en-US\"}]}<\/script>\n<!-- \/ Yoast SEO plugin. -->","yoast_head_json":{"title":"S\u00e1lfr\u00e6\u00f0ingur - Grunnsk\u00f3linn \u00ed Borgarnesi","robots":{"index":"index","follow":"follow","max-snippet":"max-snippet:-1","max-image-preview":"max-image-preview:large","max-video-preview":"max-video-preview:-1"},"canonical":"https:\/\/dev.borgarbyggd.is\/grunnborg\/stodthjonusta\/salfraedingur\/","og_locale":"en_US","og_type":"article","og_title":"S\u00e1lfr\u00e6\u00f0ingur - Grunnsk\u00f3linn \u00ed Borgarnesi","og_description":"S\u00e1lfr\u00e6\u00f0ingur sinnir r\u00e1\u00f0gj\u00f6f og stu\u00f0ningi vi\u00f0 starfsf\u00f3lk vegna almenns sk\u00f3lastarfs en einnig vegna n\u00fdbreytni og \u00fer\u00f3unarstarfa innan sk\u00f3lans. Hann veitir einnig forr\u00e1\u00f0am\u00f6nnum nemenda lei\u00f0beiningar um uppeldi eftir \u00fev\u00ed sem a\u00f0st\u00e6\u00f0ur leyfa.\u00a0 R\u00e1\u00f0gj\u00f6f s\u00e1lfr\u00e6\u00f0ings l\u00fdtur einkum a\u00f0 l\u00ed\u00f0an og n\u00e1mi. Vandinn getur tengst vitsmunalegum, tilfinningalegum e\u00f0a f\u00e9lagslegum \u00fe\u00e1ttum sem \u00e1 einhvern h\u00e1tt hamla n\u00e1mi og\/e\u00f0a a\u00f0l\u00f6gun a\u00f0 sk\u00f3lastarfi. Vinna s\u00e1lfr\u00e6\u00f0ings felst ... Read More","og_url":"https:\/\/dev.borgarbyggd.is\/grunnborg\/stodthjonusta\/salfraedingur\/","og_site_name":"Grunnsk\u00f3linn \u00ed Borgarnesi","article_modified_time":"2024-04-09T10:56:05+00:00","twitter_card":"summary_large_image","twitter_misc":{"Est. reading time":"1 minute"},"schema":{"@context":"https:\/\/schema.org","@graph":[{"@type":"WebPage","@id":"https:\/\/dev.borgarbyggd.is\/grunnborg\/stodthjonusta\/salfraedingur\/","url":"https:\/\/dev.borgarbyggd.is\/grunnborg\/stodthjonusta\/salfraedingur\/","name":"S\u00e1lfr\u00e6\u00f0ingur - Grunnsk\u00f3linn \u00ed Borgarnesi","isPartOf":{"@id":"https:\/\/dev.borgarbyggd.is\/grunnborg\/#website"},"datePublished":"2023-10-05T13:09:32+00:00","dateModified":"2024-04-09T10:56:05+00:00","breadcrumb":{"@id":"https:\/\/dev.borgarbyggd.is\/grunnborg\/stodthjonusta\/salfraedingur\/#breadcrumb"},"inLanguage":"en-US","potentialAction":[{"@type":"ReadAction","target":["https:\/\/dev.borgarbyggd.is\/grunnborg\/stodthjonusta\/salfraedingur\/"]}]},{"@type":"BreadcrumbList","@id":"https:\/\/dev.borgarbyggd.is\/grunnborg\/stodthjonusta\/salfraedingur\/#breadcrumb","itemListElement":[{"@type":"ListItem","position":1,"name":"Home","item":"https:\/\/dev.borgarbyggd.is\/grunnborg\/"},{"@type":"ListItem","position":2,"name":"Sto\u00f0\u00fej\u00f3nusta","item":"https:\/\/dev.borgarbyggd.is\/grunnborg\/stodthjonusta\/"},{"@type":"ListItem","position":3,"name":"S\u00e1lfr\u00e6\u00f0ingur"}]},{"@type":"WebSite","@id":"https:\/\/dev.borgarbyggd.is\/grunnborg\/#website","url":"https:\/\/dev.borgarbyggd.is\/grunnborg\/","name":"Grunnsk\u00f3linn \u00ed Borgarnesi","description":"","potentialAction":[{"@type":"SearchAction","target":{"@type":"EntryPoint","urlTemplate":"https:\/\/dev.borgarbyggd.is\/grunnborg\/?s={search_term_string}"},"query-input":{"@type":"PropertyValueSpecification","valueRequired":true,"valueName":"search_term_string"}}],"inLanguage":"en-US"}]}},"_links":{"self":[{"href":"https:\/\/dev.borgarbyggd.is\/grunnborg\/wp-json\/wp\/v2\/pages\/466","targetHints":{"allow":["GET"]}}],"collection":[{"href":"https:\/\/dev.borgarbyggd.is\/grunnborg\/wp-json\/wp\/v2\/pages"}],"about":[{"href":"https:\/\/dev.borgarbyggd.is\/grunnborg\/wp-json\/wp\/v2\/types\/page"}],"author":[{"embeddable":true,"href":"https:\/\/dev.borgarbyggd.is\/grunnborg\/wp-json\/wp\/v2\/users\/4"}],"replies":[{"embeddable":true,"href":"https:\/\/dev.borgarbyggd.is\/grunnborg\/wp-json\/wp\/v2\/comments?post=466"}],"version-history":[{"count":0,"href":"https:\/\/dev.borgarbyggd.is\/grunnborg\/wp-json\/wp\/v2\/pages\/466\/revisions"}],"up":[{"embeddable":true,"href":"https:\/\/dev.borgarbyggd.is\/grunnborg\/wp-json\/wp\/v2\/pages\/53"}],"wp:attachment":[{"href":"https:\/\/dev.borgarbyggd.is\/grunnborg\/wp-json\/wp\/v2\/media?parent=466"}],"curies":[{"name":"wp","href":"https:\/\/api.w.org\/{rel}","templated":true}]}}